{"id":19960,"date":"2024-01-31T21:17:28","date_gmt":"2024-01-31T19:17:28","guid":{"rendered":"https:\/\/www.nore.ee\/?page_id=19960"},"modified":"2026-04-13T16:50:53","modified_gmt":"2026-04-13T13:50:53","slug":"19960-2","status":"publish","type":"page","link":"https:\/\/www.nore.ee\/en\/","title":{"rendered":"Unique scent experience in your home!"},"content":{"rendered":"<div class=\"wpb-content-wrapper\"><div class=\"vc-row-container vc-row-container--stretch-content-no-spaces parent--hide_mobile\"><div data-vc-full-width=\"true\" data-vc-full-width-temp=\"true\" data-vc-full-width-init=\"false\" data-vc-stretch-content=\"true\" class=\"vc_row wpb_row vc_row-fluid hide_mobile vc_custom_1706815068230 vc_row-has-fill vc_row-no-padding vc_row-o-full-height vc_row-o-columns-middle vc_row-flex\"><div class=\"wpb_column vc_column_container vc_col-sm-12\"><div class=\"vc_column-inner\"><div class=\"wpb_wrapper\"><\/div><\/div><\/div><\/div><div class=\"vc_row-full-width vc_clearfix\"><\/div><\/div><div class=\"vc-row-container vc-row-container--stretch-content-no-spaces\"><div data-vc-full-width=\"true\" data-vc-full-width-temp=\"true\" data-vc-full-width-init=\"false\" data-vc-stretch-content=\"true\" class=\"vc_row wpb_row vc_row-fluid vc_custom_1706772566964 vc_row-has-fill vc_row-no-padding vc_row-o-content-middle vc_row-flex\"><div class=\"wpb_column vc_column_container vc_col-sm-12\"><div class=\"vc_column-inner\"><div class=\"wpb_wrapper\"><div class=\"vc_row wpb_row vc_inner vc_row-fluid vc_custom_1706772578711 vc_row-has-fill\"><div class=\"wpb_column vc_column_container vc_col-sm-2\"><div class=\"vc_column-inner\"><div class=\"wpb_wrapper\"><\/div><\/div><\/div><div class=\"wpb_column vc_column_container vc_col-sm-8\"><div class=\"vc_column-inner\"><div class=\"wpb_wrapper\">\n\t<div class=\"wpb_text_column wpb_content_element post-formatting\" >\n\t\t<div class=\"wpb_wrapper\">\n\t\t\t<h2 id=\"feature-headline\" class=\"wp-block-heading has-text-align-center has-black-color has-text-color\" style=\"text-align: center;\">Unique scent experience in your home!<\/h2>\n\n\t\t<\/div>\n\t<\/div>\n\n\t<div class=\"wpb_text_column wpb_content_element post-formatting\" >\n\t\t<div class=\"wpb_wrapper\">\n\t\t\t<p class=\"has-text-align-center has-black-color has-text-color\" style=\"text-align: center;\">Nore product selection includes a large variety of handcrafted candles, reed diffusers, room sprays and scented wax melts. Our products are handcrafted in Tartu, Estonia. Nore products are made in small batches to ensure a high level of quality at every stage of production. All our products are made from carefully selected raw materials and packed in environmentally friendly packaging.<\/p>\n\n\t\t<\/div>\n\t<\/div>\n\n\t<div class=\"wpb_text_column wpb_content_element post-formatting\" >\n\t\t<div class=\"wpb_wrapper\">\n\t\t\t<p class=\"has-text-align-center has-black-color has-text-color\" style=\"text-align: center;\">We hope you enjoy our products as much as we enjoy creating them.<\/p>\n\n\t\t<\/div>\n\t<\/div>\n<\/div><\/div><\/div><div class=\"wpb_column vc_column_container vc_col-sm-2\"><div class=\"vc_column-inner\"><div class=\"wpb_wrapper\"><\/div><\/div><\/div><\/div><\/div><\/div><\/div><div class=\"wpb_column vc_column_container vc_col-sm-12\"><div class=\"vc_column-inner\"><div class=\"wpb_wrapper\"><div class=\"vc_empty_space\"   style=\"height: 48px\"><span class=\"vc_empty_space_inner\"><\/span><\/div><\/div><\/div><\/div><\/div><div class=\"vc_row-full-width vc_clearfix\"><\/div><\/div><div class=\"vc-row-container container\"><div data-vc-full-width=\"true\" data-vc-full-width-temp=\"true\" data-vc-full-width-init=\"false\" class=\"vc_row wpb_row vc_row-fluid vc_custom_1706803392242 vc_row-has-fill row-stretch\"><div class=\"wpb_column vc_column_container vc_col-sm-12\"><div class=\"vc_column-inner\"><div class=\"wpb_wrapper\"><div class=\"vc_row wpb_row vc_inner vc_row-fluid\"><div class=\"wpb_column vc_column_container vc_col-sm-4\"><div class=\"vc_column-inner\"><div class=\"wpb_wrapper\">\n\t<div  class=\"wpb_single_image wpb_content_element vc_align_center wpb_content_element vc_custom_1776085184492  minu-umar-pilt\">\n\t\t\n\t\t<figure class=\"wpb_wrapper vc_figure\">\n\t\t\t<a href=\"https:\/\/www.nore.ee\/en\/tooted\/kuunlad\/\" target=\"_self\" class=\"vc_single_image-wrapper   vc_box_border_grey\"><img loading=\"lazy\" decoding=\"async\" width=\"600\" height=\"900\" src=\"https:\/\/www.nore.ee\/wp-content\/uploads\/2026\/04\/AValehe-pildid.png\" class=\"vc_single_image-img attachment-large\" alt=\"\" title=\"Driftwood\u2022sea salt\" srcset=\"https:\/\/www.nore.ee\/wp-content\/uploads\/2026\/04\/AValehe-pildid.png 600w, https:\/\/www.nore.ee\/wp-content\/uploads\/2026\/04\/AValehe-pildid-200x300.png 200w, https:\/\/www.nore.ee\/wp-content\/uploads\/2026\/04\/AValehe-pildid-8x12.png 8w, https:\/\/www.nore.ee\/wp-content\/uploads\/2026\/04\/AValehe-pildid-558x837.png 558w\" sizes=\"auto, (max-width: 600px) 100vw, 600px\" \/><\/a>\n\t\t<\/figure>\n\t<\/div>\n\n\t<div class=\"wpb_text_column wpb_content_element post-formatting\" >\n\t\t<div class=\"wpb_wrapper\">\n\t\t\t<h3 id=\"kasitookuunlad\" class=\"wp-block-heading has-text-align-center\" style=\"text-align: center;\"><a class=\"\" href=\"https:\/\/www.nore.ee\/en\/tooted\/kuunlad\/\">Candles<\/a><\/h3>\n<p class=\"has-text-align-center\" style=\"text-align: center;\">Handcrafted coconut-rapeseed wax candles<\/p>\n\n\t\t<\/div>\n\t<\/div>\n<\/div><\/div><\/div><div class=\"wpb_column vc_column_container vc_col-sm-4\"><div class=\"vc_column-inner\"><div class=\"wpb_wrapper\">\n\t<div  class=\"wpb_single_image wpb_content_element vc_align_center wpb_content_element vc_custom_1776088243507  minu-umar-pilt\">\n\t\t\n\t\t<figure class=\"wpb_wrapper vc_figure\">\n\t\t\t<a href=\"https:\/\/www.nore.ee\/en\/tooted\/kuunlad\/\" target=\"_self\" class=\"vc_single_image-wrapper   vc_box_border_grey\"><img loading=\"lazy\" decoding=\"async\" width=\"600\" height=\"900\" src=\"https:\/\/www.nore.ee\/wp-content\/uploads\/2026\/04\/Kodulohnastaja.png\" class=\"vc_single_image-img attachment-large\" alt=\"\" title=\"Kodulo\u0303hnastaja\" srcset=\"https:\/\/www.nore.ee\/wp-content\/uploads\/2026\/04\/Kodulohnastaja.png 600w, https:\/\/www.nore.ee\/wp-content\/uploads\/2026\/04\/Kodulohnastaja-200x300.png 200w, https:\/\/www.nore.ee\/wp-content\/uploads\/2026\/04\/Kodulohnastaja-8x12.png 8w, https:\/\/www.nore.ee\/wp-content\/uploads\/2026\/04\/Kodulohnastaja-558x837.png 558w\" sizes=\"auto, (max-width: 600px) 100vw, 600px\" \/><\/a>\n\t\t<\/figure>\n\t<\/div>\n\n\t<div class=\"wpb_text_column wpb_content_element post-formatting\" >\n\t\t<div class=\"wpb_wrapper\">\n\t\t\t<h3 id=\"kodulohnastajad\" class=\"wp-block-heading has-text-align-center\" style=\"text-align: center;\"><a class=\"\" href=\"https:\/\/www.nore.ee\/en\/tooted\/kodulohnastajad\/\">Reed diffusers<\/a><\/h3>\n<p class=\"has-text-align-center\" style=\"text-align: center;\">Long-lasting luxury reed diffusers<\/p>\n\n\t\t<\/div>\n\t<\/div>\n<\/div><\/div><\/div><div class=\"wpb_column vc_column_container vc_col-sm-4\"><div class=\"vc_column-inner\"><div class=\"wpb_wrapper\">\n\t<div  class=\"wpb_single_image wpb_content_element vc_align_center wpb_content_element  minu-umar-pilt\">\n\t\t\n\t\t<figure class=\"wpb_wrapper vc_figure\">\n\t\t\t<a href=\"https:\/\/www.nore.ee\/en\/tooted\/kingisoovitused\/\" target=\"_self\" class=\"vc_single_image-wrapper   vc_box_border_grey\"><img loading=\"lazy\" decoding=\"async\" width=\"600\" height=\"900\" src=\"https:\/\/www.nore.ee\/wp-content\/uploads\/2026\/04\/AValehe-pildid2.png\" class=\"vc_single_image-img attachment-large\" alt=\"\" title=\"AValehe pildid(2)\" srcset=\"https:\/\/www.nore.ee\/wp-content\/uploads\/2026\/04\/AValehe-pildid2.png 600w, https:\/\/www.nore.ee\/wp-content\/uploads\/2026\/04\/AValehe-pildid2-200x300.png 200w, https:\/\/www.nore.ee\/wp-content\/uploads\/2026\/04\/AValehe-pildid2-8x12.png 8w, https:\/\/www.nore.ee\/wp-content\/uploads\/2026\/04\/AValehe-pildid2-558x837.png 558w\" sizes=\"auto, (max-width: 600px) 100vw, 600px\" \/><\/a>\n\t\t<\/figure>\n\t<\/div>\n\n\t<div class=\"wpb_text_column wpb_content_element post-formatting\" >\n\t\t<div class=\"wpb_wrapper\">\n\t\t\t<h3 id=\"kasitookuunlad\" class=\"wp-block-heading has-text-align-center\" style=\"text-align: center;\"><a href=\"https:\/\/www.nore.ee\/en\/tooted\/kingisoovitused\/\">Perfect for gifting<\/a><\/h3>\n<p class=\"has-text-align-center\" style=\"text-align: center;\">Carefully selected products<br \/>\nto bring joy for everyone.<\/p>\n\n\t\t<\/div>\n\t<\/div>\n<\/div><\/div><\/div><\/div><div class=\"vc_empty_space\"   style=\"height: 60px\"><span class=\"vc_empty_space_inner\"><\/span><\/div><\/div><\/div><\/div><\/div><div class=\"vc_row-full-width vc_clearfix\"><\/div><\/div><div class=\"vc-row-container vc-row-container--stretch-content-no-spaces\"><div data-vc-full-width=\"true\" data-vc-full-width-temp=\"true\" data-vc-full-width-init=\"false\" data-vc-stretch-content=\"true\" class=\"vc_row wpb_row vc_row-fluid vc_custom_1762612020807 vc_row-has-fill vc_row-no-padding vc_row-o-full-height vc_row-o-columns-middle vc_row-o-equal-height vc_row-flex\"><div class=\"wpb_column vc_column_container vc_col-sm-12\"><div class=\"vc_column-inner\"><div class=\"wpb_wrapper\"><\/div><\/div><\/div><\/div><div class=\"vc_row-full-width vc_clearfix\"><\/div><\/div><div class=\"vc-row-container container\"><div class=\"vc_row wpb_row vc_row-fluid vc_custom_1706783728061 vc_row-has-fill\"><div class=\"wpb_column vc_column_container vc_col-sm-12\"><div class=\"vc_column-inner\"><div class=\"wpb_wrapper\"><div class=\"vc_empty_space\"   style=\"height: 36px\"><span class=\"vc_empty_space_inner\"><\/span><\/div>\n\t<div class=\"wpb_text_column wpb_content_element vc_custom_1762612782110 post-formatting\" >\n\t\t<div class=\"wpb_wrapper\">\n\t\t\t<div class=\"wp-block-column is-layout-flow wp-block-column-is-layout-flow\">\n<div class=\"wp-block-columns is-layout-flex wp-container-core-columns-is-layout-2 wp-block-columns-is-layout-flex\">\n<div class=\"wp-block-column is-layout-flow wp-block-column-is-layout-flow\">\n<h3 class=\"wp-block-heading has-text-align-center has-black-color has-text-color\" style=\"text-align: center;\">Nore Winter Collection for Special Moments!<\/h3>\n<\/div>\n<\/div>\n<\/div>\n\n\t\t<\/div>\n\t<\/div>\n<div class=\"vc_empty_space\"   style=\"height: 36px\"><span class=\"vc_empty_space_inner\"><\/span><\/div>\n\t<div class=\"wpb_text_column wpb_content_element vc_custom_1762613477774 post-formatting\" >\n\t\t<div class=\"wpb_wrapper\">\n\t\t\t<div class=\"wp-block-column is-layout-flow wp-block-column-is-layout-flow\" style=\"text-align: center;\"><span class=\"a_GcMg font-feature-liga-off font-feature-clig-off font-feature-calt-off text-decoration-none text-strikethrough-none\">From Nore\u2019s winter collection, you\u2019ll find a wide selection of handcrafted candles, home fragrances, room perfumes, and wax melts, all inspired by the magic of winter, the silence of snow-covered forests, the harmony of a slower pace of life, and the special moments we share with our loved ones.<\/span><\/div>\n<div class=\"wp-block-column is-layout-flow wp-block-column-is-layout-flow\" style=\"text-align: center;\">\n<article class=\"text-token-text-primary w-full focus:outline-none &#091;--shadow-height:45px&#093; has-data-writing-block:pointer-events-none has-data-writing-block:-mt-(--shadow-height) has-data-writing-block:pt-(--shadow-height) &#091;&amp;:has(&#091;data-writing-block&#093;)&gt;*&#093;:pointer-events-auto &#091;content-visibility:auto&#093; supports-&#091;content-visibility:auto&#093;:&#091;contain-intrinsic-size:auto_100lvh&#093; scroll-mt-&#091;calc(var(--header-height)+min(200px,max(70px,20svh)))&#093;\" dir=\"auto\" tabindex=\"-1\" data-turn-id=\"request-WEB:f3ad78f8-6011-4855-9424-a6f9f6d273b9-8\" data-testid=\"conversation-turn-18\" data-scroll-anchor=\"true\" data-turn=\"assistant\">\n<h6 class=\"sr-only\" style=\"text-align: center;\"><\/h6>\n<\/article>\n<\/div>\n\n\t\t<\/div>\n\t<\/div>\n\n\t<div class=\"wpb_text_column wpb_content_element vc_custom_1762613472950 post-formatting\" >\n\t\t<div class=\"wpb_wrapper\">\n\t\t\t<div class=\"wp-block-column is-layout-flow wp-block-column-is-layout-flow\" style=\"text-align: center;\">Discover your favorites from Nore\u2019s winter collection, bringing cozy light and unique scents to your winter evenings.<\/div>\n<div class=\"wp-block-column is-layout-flow wp-block-column-is-layout-flow\" style=\"text-align: center;\">\n<article class=\"text-token-text-primary w-full focus:outline-none &#091;--shadow-height:45px&#093; has-data-writing-block:pointer-events-none has-data-writing-block:-mt-(--shadow-height) has-data-writing-block:pt-(--shadow-height) &#091;&amp;:has(&#091;data-writing-block&#093;)&gt;*&#093;:pointer-events-auto &#091;content-visibility:auto&#093; supports-&#091;content-visibility:auto&#093;:&#091;contain-intrinsic-size:auto_100lvh&#093; scroll-mt-&#091;calc(var(--header-height)+min(200px,max(70px,20svh)))&#093;\" dir=\"auto\" tabindex=\"-1\" data-turn-id=\"request-WEB:f3ad78f8-6011-4855-9424-a6f9f6d273b9-8\" data-testid=\"conversation-turn-18\" data-scroll-anchor=\"true\" data-turn=\"assistant\">\n<h6 class=\"sr-only\" style=\"text-align: center;\"><\/h6>\n<\/article>\n<\/div>\n\n\t\t<\/div>\n\t<\/div>\n<div class=\"vc_btn3-container vc_btn3-center vc_custom_1762612544119 vc_do_btn\" ><a class=\"vc_general vc_btn3 vc_btn3-size-md vc_btn3-shape-round vc_btn3-style-outline vc_btn3-color-black\" href=\"https:\/\/www.nore.ee\/en\/tooted\/talvekollektsioon\/\" title=\"\">Discover<\/a><\/div><div class=\"vc_empty_space\"   style=\"height: 120px\"><span class=\"vc_empty_space_inner\"><\/span><\/div><\/div><\/div><\/div><\/div><\/div>\n<\/div>","protected":false},"excerpt":{"rendered":"Eriline l\u00f5hnaelamus sinu kodus! Nore tootevalikust leiad laia valiku k\u00e4sit\u00f6\u00f6na valminud k\u00fc\u00fcnlaid, kodul\u00f5hnastajaid, toaparf\u00fc\u00fcme ja vahapalasid. Meie tooted valmivad k\u00e4sit\u00f6\u00f6na heade m\u00f5tete linnas Tartus. Nore tooted valmivad v\u00e4ikestes partiides, et tagada k\u00f5rgetasemeline kvaliteet igas tootmisetapis. K\u00f5ik meie tooted on valmistatud hoolega valitud toorainest ning pakendatud looduss\u00f5bralikesse pakenditesse. Loodame, et naudid meie tooteid sama palju, kui&hellip;","protected":false},"author":1,"featured_media":0,"parent":0,"menu_order":0,"comment_status":"closed","ping_status":"closed","template":"","meta":{"_acf_changed":false,"_crdt_document":"","_uag_custom_page_level_css":"","footnotes":""},"class_list":["post-19960","page","type-page","status-publish","hentry"],"acf":[],"yoast_head":"<!-- This site is optimized with the Yoast SEO plugin v27.4 - https:\/\/yoast.com\/product\/yoast-seo-wordpress\/ -->\n<title>Eriline l\u00f5hnaelamus sinu kodus! - NORE<\/title>\n<meta name=\"robots\" content=\"index, follow, max-snippet:-1, max-image-preview:large, max-video-preview:-1\" \/>\n<link rel=\"canonical\" href=\"https:\/\/www.nore.ee\/en\/\" \/>\n<meta property=\"og:locale\" content=\"en_US\" \/>\n<meta property=\"og:type\" content=\"article\" \/>\n<meta property=\"og:title\" content=\"Eriline l\u00f5hnaelamus sinu kodus! - NORE\" \/>\n<meta property=\"og:url\" content=\"https:\/\/www.nore.ee\/en\/\" \/>\n<meta property=\"og:site_name\" content=\"NORE\" \/>\n<meta property=\"article:modified_time\" content=\"2026-04-13T13:50:53+00:00\" \/>\n<meta name=\"twitter:card\" content=\"summary_large_image\" \/>\n<meta name=\"twitter:label1\" content=\"Est. reading time\" \/>\n\t<meta name=\"twitter:data1\" content=\"3 minutes\" \/>\n<script type=\"application\/ld+json\" class=\"yoast-schema-graph\">{\"@context\":\"https:\\\/\\\/schema.org\",\"@graph\":[{\"@type\":\"WebPage\",\"@id\":\"https:\\\/\\\/www.nore.ee\\\/\",\"url\":\"https:\\\/\\\/www.nore.ee\\\/\",\"name\":\"Eriline l\u00f5hnaelamus sinu kodus! - NORE\",\"isPartOf\":{\"@id\":\"https:\\\/\\\/www.nore.ee\\\/#website\"},\"datePublished\":\"2024-01-31T19:17:28+00:00\",\"dateModified\":\"2026-04-13T13:50:53+00:00\",\"breadcrumb\":{\"@id\":\"https:\\\/\\\/www.nore.ee\\\/#breadcrumb\"},\"inLanguage\":\"en-US\",\"potentialAction\":[{\"@type\":\"ReadAction\",\"target\":[\"https:\\\/\\\/www.nore.ee\\\/\"]}]},{\"@type\":\"BreadcrumbList\",\"@id\":\"https:\\\/\\\/www.nore.ee\\\/#breadcrumb\",\"itemListElement\":[{\"@type\":\"ListItem\",\"position\":1,\"name\":\"Home\",\"item\":\"https:\\\/\\\/www.nore.ee\\\/\"},{\"@type\":\"ListItem\",\"position\":2,\"name\":\"Eriline l\u00f5hnaelamus sinu kodus!\"}]},{\"@type\":\"WebSite\",\"@id\":\"https:\\\/\\\/www.nore.ee\\\/#website\",\"url\":\"https:\\\/\\\/www.nore.ee\\\/\",\"name\":\"NORE\",\"description\":\"Eriline l\u00f5hnaelamus sinu kodus!\",\"potentialAction\":[{\"@type\":\"SearchAction\",\"target\":{\"@type\":\"EntryPoint\",\"urlTemplate\":\"https:\\\/\\\/www.nore.ee\\\/?s={search_term_string}\"},\"query-input\":{\"@type\":\"PropertyValueSpecification\",\"valueRequired\":true,\"valueName\":\"search_term_string\"}}],\"inLanguage\":\"en-US\"}]}<\/script>\n<!-- \/ Yoast SEO plugin. -->","yoast_head_json":{"title":"Eriline l\u00f5hnaelamus sinu kodus! - NORE","robots":{"index":"index","follow":"follow","max-snippet":"max-snippet:-1","max-image-preview":"max-image-preview:large","max-video-preview":"max-video-preview:-1"},"canonical":"https:\/\/www.nore.ee\/en\/","og_locale":"en_US","og_type":"article","og_title":"Eriline l\u00f5hnaelamus sinu kodus! - NORE","og_url":"https:\/\/www.nore.ee\/en\/","og_site_name":"NORE","article_modified_time":"2026-04-13T13:50:53+00:00","twitter_card":"summary_large_image","twitter_misc":{"Est. reading time":"3 minutes"},"schema":{"@context":"https:\/\/schema.org","@graph":[{"@type":"WebPage","@id":"https:\/\/www.nore.ee\/","url":"https:\/\/www.nore.ee\/","name":"Eriline l\u00f5hnaelamus sinu kodus! - NORE","isPartOf":{"@id":"https:\/\/www.nore.ee\/#website"},"datePublished":"2024-01-31T19:17:28+00:00","dateModified":"2026-04-13T13:50:53+00:00","breadcrumb":{"@id":"https:\/\/www.nore.ee\/#breadcrumb"},"inLanguage":"en-US","potentialAction":[{"@type":"ReadAction","target":["https:\/\/www.nore.ee\/"]}]},{"@type":"BreadcrumbList","@id":"https:\/\/www.nore.ee\/#breadcrumb","itemListElement":[{"@type":"ListItem","position":1,"name":"Home","item":"https:\/\/www.nore.ee\/"},{"@type":"ListItem","position":2,"name":"Eriline l\u00f5hnaelamus sinu kodus!"}]},{"@type":"WebSite","@id":"https:\/\/www.nore.ee\/#website","url":"https:\/\/www.nore.ee\/","name":"NORE","description":"Unique scent experience in your home!","potentialAction":[{"@type":"SearchAction","target":{"@type":"EntryPoint","urlTemplate":"https:\/\/www.nore.ee\/?s={search_term_string}"},"query-input":{"@type":"PropertyValueSpecification","valueRequired":true,"valueName":"search_term_string"}}],"inLanguage":"en-US"}]}},"uagb_featured_image_src":{"full":false,"thumbnail":false,"medium":false,"medium_large":false,"large":false,"1536x1536":false,"2048x2048":false,"trp-custom-language-flag":false,"blog-thumb-1":false,"blog-thumb-2":false,"blog-thumb-3":false,"blog-single-1":false,"portfolio-single-img-1":false,"portfolio-single-img-2":false,"portfolio-single-img-3":false,"portfolio-single-img-4":false,"portfolio-img-1":false,"portfolio-img-2":false,"portfolio-img-3":false,"shop-category-thumb":false,"woocommerce_thumbnail":false,"woocommerce_single":false,"woocommerce_gallery_thumbnail":false},"uagb_author_info":{"display_name":"nore","author_link":"https:\/\/www.nore.ee\/en\/author\/nore\/"},"uagb_comment_info":0,"uagb_excerpt":null,"_links":{"self":[{"href":"https:\/\/www.nore.ee\/en\/wp-json\/wp\/v2\/pages\/19960","targetHints":{"allow":["GET"]}}],"collection":[{"href":"https:\/\/www.nore.ee\/en\/wp-json\/wp\/v2\/pages"}],"about":[{"href":"https:\/\/www.nore.ee\/en\/wp-json\/wp\/v2\/types\/page"}],"author":[{"embeddable":true,"href":"https:\/\/www.nore.ee\/en\/wp-json\/wp\/v2\/users\/1"}],"replies":[{"embeddable":true,"href":"https:\/\/www.nore.ee\/en\/wp-json\/wp\/v2\/comments?post=19960"}],"version-history":[{"count":0,"href":"https:\/\/www.nore.ee\/en\/wp-json\/wp\/v2\/pages\/19960\/revisions"}],"wp:attachment":[{"href":"https:\/\/www.nore.ee\/en\/wp-json\/wp\/v2\/media?parent=19960"}],"curies":[{"name":"wp","href":"https:\/\/api.w.org\/{rel}","templated":true}]}}