{"id":20001,"date":"2024-02-08T15:35:45","date_gmt":"2024-02-08T13:35:45","guid":{"rendered":"https:\/\/www.nore.ee\/?page_id=20001"},"modified":"2026-04-05T10:16:56","modified_gmt":"2026-04-05T07:16:56","slug":"edasimuujad","status":"publish","type":"page","link":"https:\/\/www.nore.ee\/en\/edasimuujad\/","title":{"rendered":"Resellers"},"content":{"rendered":"<div class=\"wpb-content-wrapper\"><div class=\"vc-row-container container\"><div class=\"vc_row wpb_row vc_row-fluid\"><div class=\"wpb_column vc_column_container vc_col-sm-12\"><div class=\"vc_column-inner\"><div class=\"wpb_wrapper\"><div class=\"vc_row wpb_row vc_inner vc_row-fluid\"><div class=\"wpb_column vc_column_container vc_col-sm-3\"><div class=\"vc_column-inner\"><div class=\"wpb_wrapper\"><\/div><\/div><\/div><div class=\"wpb_column vc_column_container vc_col-sm-6\"><div class=\"vc_column-inner\"><div class=\"wpb_wrapper\">\n\t<div class=\"wpb_text_column wpb_content_element post-formatting\" >\n\t\t<div class=\"wpb_wrapper\">\n\t\t\t<h2 class=\"has-text-align-center\" style=\"text-align: center;\">RESELLERS<\/h2>\n\n\t\t<\/div>\n\t<\/div>\n\n\t<div class=\"wpb_text_column wpb_content_element post-formatting\" >\n\t\t<div class=\"wpb_wrapper\">\n\t\t\t<p class=\"has-text-align-center\" style=\"text-align: center;\">Nore products can also be purchased in the stores of our resellers:<\/p>\n\n\t\t<\/div>\n\t<\/div>\n<div class=\"vc_empty_space\"   style=\"height: 32px\"><span class=\"vc_empty_space_inner\"><\/span><\/div><\/div><\/div><\/div><div class=\"wpb_column vc_column_container vc_col-sm-3\"><div class=\"vc_column-inner\"><div class=\"wpb_wrapper\"><\/div><\/div><\/div><\/div><\/div><\/div><\/div><\/div><\/div><div class=\"vc-row-container container\"><div class=\"vc_row wpb_row vc_row-fluid\"><div class=\"wpb_column vc_column_container vc_col-sm-12\"><div class=\"vc_column-inner\"><div class=\"wpb_wrapper\"><div class=\"vc_row wpb_row vc_inner vc_row-fluid\"><div class=\"wpb_column vc_column_container vc_col-sm-3\"><div class=\"vc_column-inner\"><div class=\"wpb_wrapper\">\n\t<div  class=\"wpb_single_image wpb_content_element vc_align_center wpb_content_element\">\n\t\t\n\t\t<figure class=\"wpb_wrapper vc_figure\">\n\t\t\t<a href=\"https:\/\/www.erm.ee\/et\/pood\" target=\"_self\" class=\"vc_single_image-wrapper   vc_box_border_grey\"><img loading=\"lazy\" decoding=\"async\" width=\"600\" height=\"900\" src=\"https:\/\/www.nore.ee\/wp-content\/uploads\/2024\/06\/18.png\" class=\"vc_single_image-img attachment-full\" alt=\"\" title=\"\" srcset=\"https:\/\/www.nore.ee\/wp-content\/uploads\/2024\/06\/18.png 600w, https:\/\/www.nore.ee\/wp-content\/uploads\/2024\/06\/18-200x300.png 200w, https:\/\/www.nore.ee\/wp-content\/uploads\/2024\/06\/18-8x12.png 8w, https:\/\/www.nore.ee\/wp-content\/uploads\/2024\/06\/18-558x837.png 558w\" sizes=\"auto, (max-width: 600px) 100vw, 600px\" \/><\/a>\n\t\t<\/figure>\n\t<\/div>\n<\/div><\/div><\/div><div class=\"wpb_column vc_column_container vc_col-sm-3\"><div class=\"vc_column-inner\"><div class=\"wpb_wrapper\">\n\t<div  class=\"wpb_single_image wpb_content_element vc_align_center wpb_content_element\">\n\t\t\n\t\t<figure class=\"wpb_wrapper vc_figure\">\n\t\t\t<a href=\"https:\/\/www.instagram.com\/store.hannesruutel\/\" target=\"_self\" class=\"vc_single_image-wrapper   vc_box_border_grey\"><img loading=\"lazy\" decoding=\"async\" width=\"600\" height=\"900\" src=\"https:\/\/www.nore.ee\/wp-content\/uploads\/2024\/11\/Hannes-Ruutel.png\" class=\"vc_single_image-img attachment-full\" alt=\"\" title=\"\" srcset=\"https:\/\/www.nore.ee\/wp-content\/uploads\/2024\/11\/Hannes-Ruutel.png 600w, https:\/\/www.nore.ee\/wp-content\/uploads\/2024\/11\/Hannes-Ruutel-200x300.png 200w, https:\/\/www.nore.ee\/wp-content\/uploads\/2024\/11\/Hannes-Ruutel-8x12.png 8w, https:\/\/www.nore.ee\/wp-content\/uploads\/2024\/11\/Hannes-Ruutel-558x837.png 558w\" sizes=\"auto, (max-width: 600px) 100vw, 600px\" \/><\/a>\n\t\t<\/figure>\n\t<\/div>\n<\/div><\/div><\/div><div class=\"wpb_column vc_column_container vc_col-sm-3\"><div class=\"vc_column-inner\"><div class=\"wpb_wrapper\">\n\t<div  class=\"wpb_single_image wpb_content_element vc_align_center wpb_content_element\">\n\t\t\n\t\t<figure class=\"wpb_wrapper vc_figure\">\n\t\t\t<a href=\"https:\/\/www.maidlaresort.com\/\" target=\"_self\" class=\"vc_single_image-wrapper   vc_box_border_grey\"><img loading=\"lazy\" decoding=\"async\" width=\"600\" height=\"900\" src=\"https:\/\/www.nore.ee\/wp-content\/uploads\/2024\/06\/20.png\" class=\"vc_single_image-img attachment-full\" alt=\"\" title=\"\" srcset=\"https:\/\/www.nore.ee\/wp-content\/uploads\/2024\/06\/20.png 600w, https:\/\/www.nore.ee\/wp-content\/uploads\/2024\/06\/20-200x300.png 200w, https:\/\/www.nore.ee\/wp-content\/uploads\/2024\/06\/20-8x12.png 8w, https:\/\/www.nore.ee\/wp-content\/uploads\/2024\/06\/20-558x837.png 558w\" sizes=\"auto, (max-width: 600px) 100vw, 600px\" \/><\/a>\n\t\t<\/figure>\n\t<\/div>\n<\/div><\/div><\/div><div class=\"wpb_column vc_column_container vc_col-sm-3\"><div class=\"vc_column-inner\"><div class=\"wpb_wrapper\">\n\t<div  class=\"wpb_single_image wpb_content_element vc_align_center wpb_content_element\">\n\t\t\n\t\t<figure class=\"wpb_wrapper vc_figure\">\n\t\t\t<a href=\"https:\/\/muster.ee\/\" target=\"_self\" class=\"vc_single_image-wrapper   vc_box_border_grey\"><img loading=\"lazy\" decoding=\"async\" width=\"600\" height=\"900\" src=\"https:\/\/www.nore.ee\/wp-content\/uploads\/2024\/06\/21.png\" class=\"vc_single_image-img attachment-full\" alt=\"\" title=\"\" srcset=\"https:\/\/www.nore.ee\/wp-content\/uploads\/2024\/06\/21.png 600w, https:\/\/www.nore.ee\/wp-content\/uploads\/2024\/06\/21-200x300.png 200w, https:\/\/www.nore.ee\/wp-content\/uploads\/2024\/06\/21-8x12.png 8w, https:\/\/www.nore.ee\/wp-content\/uploads\/2024\/06\/21-558x837.png 558w\" sizes=\"auto, (max-width: 600px) 100vw, 600px\" \/><\/a>\n\t\t<\/figure>\n\t<\/div>\n<\/div><\/div><\/div><\/div><div class=\"vc_empty_space\"   style=\"height: 22px\"><span class=\"vc_empty_space_inner\"><\/span><\/div><div class=\"vc_row wpb_row vc_inner vc_row-fluid\"><div class=\"wpb_column vc_column_container vc_col-sm-3\"><div class=\"vc_column-inner\"><div class=\"wpb_wrapper\">\n\t<div  class=\"wpb_single_image wpb_content_element vc_align_center wpb_content_element\">\n\t\t\n\t\t<figure class=\"wpb_wrapper vc_figure\">\n\t\t\t<a href=\"https:\/\/moobliait.ee\/\" target=\"_self\" class=\"vc_single_image-wrapper   vc_box_border_grey\"><img loading=\"lazy\" decoding=\"async\" width=\"600\" height=\"900\" src=\"https:\/\/www.nore.ee\/wp-content\/uploads\/2024\/06\/22.png\" class=\"vc_single_image-img attachment-full\" alt=\"\" title=\"\" srcset=\"https:\/\/www.nore.ee\/wp-content\/uploads\/2024\/06\/22.png 600w, https:\/\/www.nore.ee\/wp-content\/uploads\/2024\/06\/22-200x300.png 200w, https:\/\/www.nore.ee\/wp-content\/uploads\/2024\/06\/22-8x12.png 8w, https:\/\/www.nore.ee\/wp-content\/uploads\/2024\/06\/22-558x837.png 558w\" sizes=\"auto, (max-width: 600px) 100vw, 600px\" \/><\/a>\n\t\t<\/figure>\n\t<\/div>\n<\/div><\/div><\/div><div class=\"wpb_column vc_column_container vc_col-sm-3\"><div class=\"vc_column-inner\"><div class=\"wpb_wrapper\">\n\t<div  class=\"wpb_single_image wpb_content_element vc_align_center wpb_content_element\">\n\t\t\n\t\t<figure class=\"wpb_wrapper vc_figure\">\n\t\t\t<a href=\"https:\/\/moobliait.ee\/\" target=\"_self\" class=\"vc_single_image-wrapper   vc_box_border_grey\"><img loading=\"lazy\" decoding=\"async\" width=\"600\" height=\"900\" src=\"https:\/\/www.nore.ee\/wp-content\/uploads\/2024\/06\/23.png\" class=\"vc_single_image-img attachment-full\" alt=\"\" title=\"\" srcset=\"https:\/\/www.nore.ee\/wp-content\/uploads\/2024\/06\/23.png 600w, https:\/\/www.nore.ee\/wp-content\/uploads\/2024\/06\/23-200x300.png 200w, https:\/\/www.nore.ee\/wp-content\/uploads\/2024\/06\/23-8x12.png 8w, https:\/\/www.nore.ee\/wp-content\/uploads\/2024\/06\/23-558x837.png 558w\" sizes=\"auto, (max-width: 600px) 100vw, 600px\" \/><\/a>\n\t\t<\/figure>\n\t<\/div>\n<\/div><\/div><\/div><div class=\"wpb_column vc_column_container vc_col-sm-3\"><div class=\"vc_column-inner\"><div class=\"wpb_wrapper\">\n\t<div  class=\"wpb_single_image wpb_content_element vc_align_center wpb_content_element\">\n\t\t\n\t\t<figure class=\"wpb_wrapper vc_figure\">\n\t\t\t<a href=\"https:\/\/www.mooblisahver.eu\/\" target=\"_self\" class=\"vc_single_image-wrapper   vc_box_border_grey\"><img loading=\"lazy\" decoding=\"async\" width=\"600\" height=\"900\" src=\"https:\/\/www.nore.ee\/wp-content\/uploads\/2025\/07\/Mooblisahver.png\" class=\"vc_single_image-img attachment-full\" alt=\"\" title=\"\" srcset=\"https:\/\/www.nore.ee\/wp-content\/uploads\/2025\/07\/Mooblisahver.png 600w, https:\/\/www.nore.ee\/wp-content\/uploads\/2025\/07\/Mooblisahver-200x300.png 200w, https:\/\/www.nore.ee\/wp-content\/uploads\/2025\/07\/Mooblisahver-8x12.png 8w, https:\/\/www.nore.ee\/wp-content\/uploads\/2025\/07\/Mooblisahver-558x837.png 558w\" sizes=\"auto, (max-width: 600px) 100vw, 600px\" \/><\/a>\n\t\t<\/figure>\n\t<\/div>\n<\/div><\/div><\/div><div class=\"wpb_column vc_column_container vc_col-sm-3\"><div class=\"vc_column-inner\"><div class=\"wpb_wrapper\">\n\t<div  class=\"wpb_single_image wpb_content_element vc_align_center wpb_content_element\">\n\t\t\n\t\t<figure class=\"wpb_wrapper vc_figure\">\n\t\t\t<a href=\"https:\/\/ruuby.ee\/\" target=\"_self\" class=\"vc_single_image-wrapper   vc_box_border_grey\"><img loading=\"lazy\" decoding=\"async\" width=\"600\" height=\"900\" src=\"https:\/\/www.nore.ee\/wp-content\/uploads\/2025\/07\/Ruuby.png\" class=\"vc_single_image-img attachment-full\" alt=\"\" title=\"\" srcset=\"https:\/\/www.nore.ee\/wp-content\/uploads\/2025\/07\/Ruuby.png 600w, https:\/\/www.nore.ee\/wp-content\/uploads\/2025\/07\/Ruuby-200x300.png 200w, https:\/\/www.nore.ee\/wp-content\/uploads\/2025\/07\/Ruuby-8x12.png 8w, https:\/\/www.nore.ee\/wp-content\/uploads\/2025\/07\/Ruuby-558x837.png 558w\" sizes=\"auto, (max-width: 600px) 100vw, 600px\" \/><\/a>\n\t\t<\/figure>\n\t<\/div>\n<\/div><\/div><\/div><\/div><div class=\"vc_row wpb_row vc_inner vc_row-fluid\"><div class=\"wpb_column vc_column_container vc_col-sm-3\"><div class=\"vc_column-inner\"><div class=\"wpb_wrapper\"><\/div><\/div><\/div><div class=\"wpb_column vc_column_container vc_col-sm-3\"><div class=\"vc_column-inner\"><div class=\"wpb_wrapper\"><\/div><\/div><\/div><div class=\"wpb_column vc_column_container vc_col-sm-3\"><div class=\"vc_column-inner\"><div class=\"wpb_wrapper\"><\/div><\/div><\/div><div class=\"wpb_column vc_column_container vc_col-sm-3\"><div class=\"vc_column-inner\"><div class=\"wpb_wrapper\"><\/div><\/div><\/div><\/div><\/div><\/div><\/div><\/div><\/div><div class=\"vc-row-container container\"><div class=\"vc_row wpb_row vc_row-fluid\"><div class=\"wpb_column vc_column_container vc_col-sm-12\"><div class=\"vc_column-inner\"><div class=\"wpb_wrapper\"><div class=\"vc_row wpb_row vc_inner vc_row-fluid\"><div class=\"wpb_column vc_column_container vc_col-sm-12\"><div class=\"vc_column-inner\"><div class=\"wpb_wrapper\">\n\t<div class=\"wpb_text_column wpb_content_element post-formatting\" >\n\t\t<div class=\"wpb_wrapper\">\n\t\t\t<p class=\"has-text-align-center\" style=\"text-align: center;\">We are happy if we can offer the joy of Nore products to others. If you want to sell our products in your own store, salon or e-shop, write to us at\u00a0<a class=\"\" href=\"mailto:info@nore.ee\">info@nore.ee<\/a>\u00a0and we will find the best solution for you.<\/p>\n\n\t\t<\/div>\n\t<\/div>\n<div class=\"vc_empty_space\"   style=\"height: 80px\"><span class=\"vc_empty_space_inner\"><\/span><\/div><\/div><\/div><\/div><\/div><\/div><\/div><\/div><\/div><\/div>\n<\/div>","protected":false},"excerpt":{"rendered":"EDASIM\u00dc\u00dcJAD Nore tooteid on lisaks meie e-poele v\u00f5imalik soetada ka meie edasim\u00fc\u00fcjate kauplustes ja e-poodides: Meil on hea meel, kui saame pakkuda r\u00f5\u00f5mu Nore toodetest ka teistele. Kui soovid meie tooteid m\u00fc\u00fca enda kaupluses, salongis v\u00f5i e-poes, kirjuta meile\u00a0info@nore.ee\u00a0ja leiame just sinule sobiva lahenduse.","protected":false},"author":1,"featured_media":0,"parent":0,"menu_order":0,"comment_status":"closed","ping_status":"closed","template":"","meta":{"_acf_changed":false,"_crdt_document":"","_uag_custom_page_level_css":"","footnotes":""},"class_list":["post-20001","page","type-page","status-publish","hentry"],"acf":[],"yoast_head":"<!-- This site is optimized with the Yoast SEO plugin v27.5 - https:\/\/yoast.com\/product\/yoast-seo-wordpress\/ -->\n<title>Edasim\u00fc\u00fcjad - NORE<\/title>\n<meta name=\"robots\" content=\"index, follow, max-snippet:-1, max-image-preview:large, max-video-preview:-1\" \/>\n<link rel=\"canonical\" href=\"https:\/\/www.nore.ee\/en\/edasimuujad\/\" \/>\n<meta property=\"og:locale\" content=\"en_US\" \/>\n<meta property=\"og:type\" content=\"article\" \/>\n<meta property=\"og:title\" content=\"Edasim\u00fc\u00fcjad - NORE\" \/>\n<meta property=\"og:url\" content=\"https:\/\/www.nore.ee\/en\/edasimuujad\/\" \/>\n<meta property=\"og:site_name\" content=\"NORE\" \/>\n<meta property=\"article:modified_time\" content=\"2026-04-05T07:16:56+00:00\" \/>\n<meta name=\"twitter:card\" content=\"summary_large_image\" \/>\n<meta name=\"twitter:label1\" content=\"Est. reading time\" \/>\n\t<meta name=\"twitter:data1\" content=\"11 minutes\" \/>\n<script type=\"application\/ld+json\" class=\"yoast-schema-graph\">{\"@context\":\"https:\\\/\\\/schema.org\",\"@graph\":[{\"@type\":\"WebPage\",\"@id\":\"https:\\\/\\\/www.nore.ee\\\/edasimuujad\\\/\",\"url\":\"https:\\\/\\\/www.nore.ee\\\/edasimuujad\\\/\",\"name\":\"Edasim\u00fc\u00fcjad - NORE\",\"isPartOf\":{\"@id\":\"https:\\\/\\\/www.nore.ee\\\/#website\"},\"datePublished\":\"2024-02-08T13:35:45+00:00\",\"dateModified\":\"2026-04-05T07:16:56+00:00\",\"breadcrumb\":{\"@id\":\"https:\\\/\\\/www.nore.ee\\\/edasimuujad\\\/#breadcrumb\"},\"inLanguage\":\"en-US\",\"potentialAction\":[{\"@type\":\"ReadAction\",\"target\":[\"https:\\\/\\\/www.nore.ee\\\/edasimuujad\\\/\"]}]},{\"@type\":\"BreadcrumbList\",\"@id\":\"https:\\\/\\\/www.nore.ee\\\/edasimuujad\\\/#breadcrumb\",\"itemListElement\":[{\"@type\":\"ListItem\",\"position\":1,\"name\":\"Home\",\"item\":\"https:\\\/\\\/www.nore.ee\\\/\"},{\"@type\":\"ListItem\",\"position\":2,\"name\":\"Edasim\u00fc\u00fcjad\"}]},{\"@type\":\"WebSite\",\"@id\":\"https:\\\/\\\/www.nore.ee\\\/#website\",\"url\":\"https:\\\/\\\/www.nore.ee\\\/\",\"name\":\"NORE\",\"description\":\"Eriline l\u00f5hnaelamus sinu kodus!\",\"potentialAction\":[{\"@type\":\"SearchAction\",\"target\":{\"@type\":\"EntryPoint\",\"urlTemplate\":\"https:\\\/\\\/www.nore.ee\\\/?s={search_term_string}\"},\"query-input\":{\"@type\":\"PropertyValueSpecification\",\"valueRequired\":true,\"valueName\":\"search_term_string\"}}],\"inLanguage\":\"en-US\"}]}<\/script>\n<!-- \/ Yoast SEO plugin. -->","yoast_head_json":{"title":"Edasim\u00fc\u00fcjad - NORE","robots":{"index":"index","follow":"follow","max-snippet":"max-snippet:-1","max-image-preview":"max-image-preview:large","max-video-preview":"max-video-preview:-1"},"canonical":"https:\/\/www.nore.ee\/en\/edasimuujad\/","og_locale":"en_US","og_type":"article","og_title":"Edasim\u00fc\u00fcjad - NORE","og_url":"https:\/\/www.nore.ee\/en\/edasimuujad\/","og_site_name":"NORE","article_modified_time":"2026-04-05T07:16:56+00:00","twitter_card":"summary_large_image","twitter_misc":{"Est. reading time":"11 minutes"},"schema":{"@context":"https:\/\/schema.org","@graph":[{"@type":"WebPage","@id":"https:\/\/www.nore.ee\/edasimuujad\/","url":"https:\/\/www.nore.ee\/edasimuujad\/","name":"Edasim\u00fc\u00fcjad - NORE","isPartOf":{"@id":"https:\/\/www.nore.ee\/#website"},"datePublished":"2024-02-08T13:35:45+00:00","dateModified":"2026-04-05T07:16:56+00:00","breadcrumb":{"@id":"https:\/\/www.nore.ee\/edasimuujad\/#breadcrumb"},"inLanguage":"en-US","potentialAction":[{"@type":"ReadAction","target":["https:\/\/www.nore.ee\/edasimuujad\/"]}]},{"@type":"BreadcrumbList","@id":"https:\/\/www.nore.ee\/edasimuujad\/#breadcrumb","itemListElement":[{"@type":"ListItem","position":1,"name":"Home","item":"https:\/\/www.nore.ee\/"},{"@type":"ListItem","position":2,"name":"Edasim\u00fc\u00fcjad"}]},{"@type":"WebSite","@id":"https:\/\/www.nore.ee\/#website","url":"https:\/\/www.nore.ee\/","name":"NORE","description":"Unique scent experience in your home!","potentialAction":[{"@type":"SearchAction","target":{"@type":"EntryPoint","urlTemplate":"https:\/\/www.nore.ee\/?s={search_term_string}"},"query-input":{"@type":"PropertyValueSpecification","valueRequired":true,"valueName":"search_term_string"}}],"inLanguage":"en-US"}]}},"uagb_featured_image_src":{"full":false,"thumbnail":false,"medium":false,"medium_large":false,"large":false,"1536x1536":false,"2048x2048":false,"trp-custom-language-flag":false,"blog-thumb-1":false,"blog-thumb-2":false,"blog-thumb-3":false,"blog-single-1":false,"portfolio-single-img-1":false,"portfolio-single-img-2":false,"portfolio-single-img-3":false,"portfolio-single-img-4":false,"portfolio-img-1":false,"portfolio-img-2":false,"portfolio-img-3":false,"shop-category-thumb":false,"woocommerce_thumbnail":false,"woocommerce_single":false,"woocommerce_gallery_thumbnail":false},"uagb_author_info":{"display_name":"nore","author_link":"https:\/\/www.nore.ee\/en\/author\/nore\/"},"uagb_comment_info":0,"uagb_excerpt":null,"_links":{"self":[{"href":"https:\/\/www.nore.ee\/en\/wp-json\/wp\/v2\/pages\/20001","targetHints":{"allow":["GET"]}}],"collection":[{"href":"https:\/\/www.nore.ee\/en\/wp-json\/wp\/v2\/pages"}],"about":[{"href":"https:\/\/www.nore.ee\/en\/wp-json\/wp\/v2\/types\/page"}],"author":[{"embeddable":true,"href":"https:\/\/www.nore.ee\/en\/wp-json\/wp\/v2\/users\/1"}],"replies":[{"embeddable":true,"href":"https:\/\/www.nore.ee\/en\/wp-json\/wp\/v2\/comments?post=20001"}],"version-history":[{"count":0,"href":"https:\/\/www.nore.ee\/en\/wp-json\/wp\/v2\/pages\/20001\/revisions"}],"wp:attachment":[{"href":"https:\/\/www.nore.ee\/en\/wp-json\/wp\/v2\/media?parent=20001"}],"curies":[{"name":"wp","href":"https:\/\/api.w.org\/{rel}","templated":true}]}}