{"id":20269,"date":"2024-06-05T15:20:26","date_gmt":"2024-06-05T12:20:26","guid":{"rendered":"https:\/\/www.nore.ee\/?page_id=20269"},"modified":"2024-06-05T18:40:47","modified_gmt":"2024-06-05T15:40:47","slug":"meist","status":"publish","type":"page","link":"https:\/\/www.nore.ee\/en\/meist\/","title":{"rendered":"Meist"},"content":{"rendered":"<div class=\"wpb-content-wrapper\"><div class=\"vc-row-container container\"><div data-vc-full-width=\"true\" data-vc-full-width-temp=\"true\" data-vc-full-width-init=\"false\" class=\"vc_row wpb_row vc_row-fluid vc_custom_1706785928019 vc_row-has-fill vc_row-o-full-height vc_row-o-columns-middle vc_row-flex row-stretch\"><div class=\"wpb_column vc_column_container vc_col-sm-12\"><div class=\"vc_column-inner\"><div class=\"wpb_wrapper\"><div class=\"vc_row wpb_row vc_inner vc_row-fluid\"><div class=\"wpb_column vc_column_container vc_col-sm-6 vc_col-has-fill\"><div class=\"vc_column-inner vc_custom_1706785911422\"><div class=\"wpb_wrapper\">\n\t<div class=\"wpb_text_column wpb_content_element vc_custom_1717602002858 post-formatting\" >\n\t\t<div class=\"wpb_wrapper\">\n\t\t\t<h3 style=\"text-align: center;\"><span style=\"font-weight: 400;\">Welcome to the world of Nore fragrances!<\/span><\/h3>\n\n\t\t<\/div>\n\t<\/div>\n\n\t<div class=\"wpb_text_column wpb_content_element post-formatting\" >\n\t\t<div class=\"wpb_wrapper\">\n\t\t\t<p style=\"text-align: center;\">I am Awely, the founder of Nore.<\/p>\n\n\t\t<\/div>\n\t<\/div>\n\n\t<div class=\"wpb_text_column wpb_content_element post-formatting\" >\n\t\t<div class=\"wpb_wrapper\">\n\t\t\t<p style=\"text-align: center;\">My passion for unique scent combinations and beautiful design has been the cornerstone of the Nore brand since the beginning. I always dreamed of creating something special \u2013 something that combines experiences, sustainability, and timeless design. This dream led to the start of Nore in 2020.<\/p>\n\n\t\t<\/div>\n\t<\/div>\n\n\t<div class=\"wpb_text_column wpb_content_element post-formatting\" >\n\t\t<div class=\"wpb_wrapper\">\n\t\t\t<p style=\"text-align: center;\">I believe the beauty of Nore's products lies in the combination of simplicity and highest quality. When creating Nore's products, I find it so fascinating to see how an idea becomes a realization, and how individual components form a product that brings joy and special experiences to our customers. My goal is to design and make beautiful products in a responsible and eco-friendly way.<\/p>\n\n\t\t<\/div>\n\t<\/div>\n\n\t<div class=\"wpb_text_column wpb_content_element post-formatting\" >\n\t\t<div class=\"wpb_wrapper\">\n\t\t\t<p style=\"text-align: center;\">Every product is made from carefully selected materials that respect and preserve our planet. I strive to make as many eco-friendly choices as possible when it comes to production and shipping. For instance, all Nore's products are packaged in glass or metal containers, which are recyclable and can be returned to us for refilling. Additionally, I use materials that are produced nearby to help reduce the transportation footprint.<\/p>\n\n\t\t<\/div>\n\t<\/div>\n\n\t<div class=\"wpb_text_column wpb_content_element post-formatting\" >\n\t\t<div class=\"wpb_wrapper\">\n\t\t\t<p style=\"text-align: center;\">I believe that scents have the ability to create special memories. I hope that Nore's products and scent combinations enrich your special moments and I invite you to discover and share these memories with me!<\/p>\n\n\t\t<\/div>\n\t<\/div>\n<\/div><\/div><\/div><div class=\"wpb_column vc_column_container vc_col-sm-6\"><div class=\"vc_column-inner\"><div class=\"wpb_wrapper\">\n\t<div  class=\"wpb_single_image wpb_content_element vc_align_left wpb_content_element\">\n\t\t\n\t\t<figure class=\"wpb_wrapper vc_figure\">\n\t\t\t<div class=\"vc_single_image-wrapper   vc_box_border_grey\"><img loading=\"lazy\" decoding=\"async\" width=\"750\" height=\"1125\" src=\"https:\/\/www.nore.ee\/wp-content\/uploads\/2024\/06\/Nore-lohnamenuu-1.png\" class=\"vc_single_image-img attachment-full\" alt=\"\" title=\"\" srcset=\"https:\/\/www.nore.ee\/wp-content\/uploads\/2024\/06\/Nore-lohnamenuu-1.png 750w, https:\/\/www.nore.ee\/wp-content\/uploads\/2024\/06\/Nore-lohnamenuu-1-200x300.png 200w, https:\/\/www.nore.ee\/wp-content\/uploads\/2024\/06\/Nore-lohnamenuu-1-683x1024.png 683w, https:\/\/www.nore.ee\/wp-content\/uploads\/2024\/06\/Nore-lohnamenuu-1-8x12.png 8w, https:\/\/www.nore.ee\/wp-content\/uploads\/2024\/06\/Nore-lohnamenuu-1-558x837.png 558w, https:\/\/www.nore.ee\/wp-content\/uploads\/2024\/06\/Nore-lohnamenuu-1-655x983.png 655w\" sizes=\"auto, (max-width: 750px) 100vw, 750px\" \/><\/div>\n\t\t<\/figure>\n\t<\/div>\n<\/div><\/div><\/div><\/div><div class=\"vc_empty_space\"   style=\"height: 30px\"><span class=\"vc_empty_space_inner\"><\/span><\/div><\/div><\/div><\/div><\/div><div class=\"vc_row-full-width vc_clearfix\"><\/div><\/div><div class=\"vc-row-container container\"><div data-vc-full-width=\"true\" data-vc-full-width-temp=\"true\" data-vc-full-width-init=\"false\" class=\"vc_row wpb_row vc_row-fluid vc_custom_1706785928019 vc_row-has-fill vc_row-o-full-height vc_row-o-columns-middle vc_row-flex row-stretch\"><div class=\"wpb_column vc_column_container vc_col-sm-12\"><div class=\"vc_column-inner\"><div class=\"wpb_wrapper\"><div class=\"vc_row wpb_row vc_inner vc_row-fluid\"><div class=\"wpb_column vc_column_container vc_col-sm-6 vc_col-has-fill\"><div class=\"vc_column-inner vc_custom_1706785911422\"><div class=\"wpb_wrapper\">\n\t<div  class=\"wpb_single_image wpb_content_element vc_align_left wpb_content_element\">\n\t\t\n\t\t<figure class=\"wpb_wrapper vc_figure\">\n\t\t\t<div class=\"vc_single_image-wrapper   vc_box_border_grey\"><img loading=\"lazy\" decoding=\"async\" width=\"1200\" height=\"1200\" src=\"https:\/\/www.nore.ee\/wp-content\/uploads\/2024\/06\/Veebruaris-24.png\" class=\"vc_single_image-img attachment-full\" alt=\"\" title=\"\" srcset=\"https:\/\/www.nore.ee\/wp-content\/uploads\/2024\/06\/Veebruaris-24.png 1200w, https:\/\/www.nore.ee\/wp-content\/uploads\/2024\/06\/Veebruaris-24-300x300.png 300w, https:\/\/www.nore.ee\/wp-content\/uploads\/2024\/06\/Veebruaris-24-1024x1024.png 1024w, https:\/\/www.nore.ee\/wp-content\/uploads\/2024\/06\/Veebruaris-24-150x150.png 150w, https:\/\/www.nore.ee\/wp-content\/uploads\/2024\/06\/Veebruaris-24-768x768.png 768w, https:\/\/www.nore.ee\/wp-content\/uploads\/2024\/06\/Veebruaris-24-12x12.png 12w, https:\/\/www.nore.ee\/wp-content\/uploads\/2024\/06\/Veebruaris-24-468x468.png 468w, https:\/\/www.nore.ee\/wp-content\/uploads\/2024\/06\/Veebruaris-24-1116x1116.png 1116w, https:\/\/www.nore.ee\/wp-content\/uploads\/2024\/06\/Veebruaris-24-806x806.png 806w, https:\/\/www.nore.ee\/wp-content\/uploads\/2024\/06\/Veebruaris-24-558x558.png 558w, https:\/\/www.nore.ee\/wp-content\/uploads\/2024\/06\/Veebruaris-24-655x655.png 655w, https:\/\/www.nore.ee\/wp-content\/uploads\/2024\/06\/Veebruaris-24-820x820.png 820w, https:\/\/www.nore.ee\/wp-content\/uploads\/2024\/06\/Veebruaris-24-220x220.png 220w\" sizes=\"auto, (max-width: 1200px) 100vw, 1200px\" \/><\/div>\n\t\t<\/figure>\n\t<\/div>\n<\/div><\/div><\/div><div class=\"wpb_column vc_column_container vc_col-sm-6\"><div class=\"vc_column-inner\"><div class=\"wpb_wrapper\"><div class=\"vc_empty_space\"   style=\"height: 80px\"><span class=\"vc_empty_space_inner\"><\/span><\/div>\n\t<div class=\"wpb_text_column wpb_content_element post-formatting\" >\n\t\t<div class=\"wpb_wrapper\">\n\t\t\t<h3 class=\"wp-block-heading has-text-align-center\" style=\"text-align: center;\">Our contacts<\/h3>\n<p class=\"has-text-align-center\" style=\"text-align: center;\">Nore Home O\u00dc (14981384)<\/p>\n<p class=\"has-text-align-center\" style=\"text-align: center;\">Viljandi mnt 48, Tartu (Purchasing products on site and issuing orders only by prior agreement!)<\/p>\n<p style=\"text-align: center;\">info@nore.ee \u2022 +372 5783 0470 (9-17 on weekdays)<\/p>\n<p class=\"has-text-align-center\" style=\"text-align: center;\">Bank details: EE047700771005055635 (LHV Pank AS)<\/p>\n\n\t\t<\/div>\n\t<\/div>\n<div class=\"vc_empty_space\"   style=\"height: 20px\"><span class=\"vc_empty_space_inner\"><\/span><\/div>\n\t<div class=\"wpb_text_column wpb_content_element post-formatting\" >\n\t\t<div class=\"wpb_wrapper\">\n\t\t\t<p style=\"text-align: center;\">We also accept orders for products with your personal design and corporate gifts, all made according to your specifications. We turn your ideas into beautiful and high-quality products. Contact us, and we will find the perfect solution for your anniversary, wedding, Christmas party, or any other event.<\/p>\n\n\t\t<\/div>\n\t<\/div>\n<\/div><\/div><\/div><\/div><div class=\"vc_empty_space\"   style=\"height: 80px\"><span class=\"vc_empty_space_inner\"><\/span><\/div><\/div><\/div><\/div><\/div><div class=\"vc_row-full-width vc_clearfix\"><\/div><\/div>\n<\/div>","protected":false},"excerpt":{"rendered":"Tere tulemast Nore l\u00f5hnamaailma! Mina olen Awely, Nore looja ja eestvedaja. Minu kirg eriliste l\u00f5hnakoosluste ja kauni disaini vastu on olnud Nore br\u00e4ndi alustalaks asutamisest alates. Unistasin alati luua midagi erilist - midagi, mis \u00fchendab elamused, j\u00e4tkusuutlikkuse ja ajatu disaini. Sellest unistusest s\u00fcndiski 2020. aastal Nore. Ma usun, et Nore toodete v\u00f5lu peitub lihtsuse ja&hellip;","protected":false},"author":1,"featured_media":0,"parent":0,"menu_order":0,"comment_status":"closed","ping_status":"closed","template":"","meta":{"_acf_changed":false,"_crdt_document":"","_uag_custom_page_level_css":"","footnotes":""},"class_list":["post-20269","page","type-page","status-publish","hentry"],"acf":[],"yoast_head":"<!-- This site is optimized with the Yoast SEO plugin v27.3 - https:\/\/yoast.com\/product\/yoast-seo-wordpress\/ -->\n<title>Meist - NORE<\/title>\n<meta name=\"robots\" content=\"index, follow, max-snippet:-1, max-image-preview:large, max-video-preview:-1\" \/>\n<link rel=\"canonical\" href=\"https:\/\/www.nore.ee\/en\/meist\/\" \/>\n<meta property=\"og:locale\" content=\"en_US\" \/>\n<meta property=\"og:type\" content=\"article\" \/>\n<meta property=\"og:title\" content=\"Meist - NORE\" \/>\n<meta property=\"og:url\" content=\"https:\/\/www.nore.ee\/en\/meist\/\" \/>\n<meta property=\"og:site_name\" content=\"NORE\" \/>\n<meta property=\"article:modified_time\" content=\"2024-06-05T15:40:47+00:00\" \/>\n<meta name=\"twitter:card\" content=\"summary_large_image\" \/>\n<meta name=\"twitter:label1\" content=\"Est. reading time\" \/>\n\t<meta name=\"twitter:data1\" content=\"4 minutes\" \/>\n<script type=\"application\/ld+json\" class=\"yoast-schema-graph\">{\"@context\":\"https:\\\/\\\/schema.org\",\"@graph\":[{\"@type\":\"WebPage\",\"@id\":\"https:\\\/\\\/www.nore.ee\\\/meist\\\/\",\"url\":\"https:\\\/\\\/www.nore.ee\\\/meist\\\/\",\"name\":\"Meist - NORE\",\"isPartOf\":{\"@id\":\"https:\\\/\\\/www.nore.ee\\\/#website\"},\"datePublished\":\"2024-06-05T12:20:26+00:00\",\"dateModified\":\"2024-06-05T15:40:47+00:00\",\"breadcrumb\":{\"@id\":\"https:\\\/\\\/www.nore.ee\\\/meist\\\/#breadcrumb\"},\"inLanguage\":\"en-US\",\"potentialAction\":[{\"@type\":\"ReadAction\",\"target\":[\"https:\\\/\\\/www.nore.ee\\\/meist\\\/\"]}]},{\"@type\":\"BreadcrumbList\",\"@id\":\"https:\\\/\\\/www.nore.ee\\\/meist\\\/#breadcrumb\",\"itemListElement\":[{\"@type\":\"ListItem\",\"position\":1,\"name\":\"Home\",\"item\":\"https:\\\/\\\/www.nore.ee\\\/\"},{\"@type\":\"ListItem\",\"position\":2,\"name\":\"Meist\"}]},{\"@type\":\"WebSite\",\"@id\":\"https:\\\/\\\/www.nore.ee\\\/#website\",\"url\":\"https:\\\/\\\/www.nore.ee\\\/\",\"name\":\"NORE\",\"description\":\"Eriline l\u00f5hnaelamus sinu kodus!\",\"potentialAction\":[{\"@type\":\"SearchAction\",\"target\":{\"@type\":\"EntryPoint\",\"urlTemplate\":\"https:\\\/\\\/www.nore.ee\\\/?s={search_term_string}\"},\"query-input\":{\"@type\":\"PropertyValueSpecification\",\"valueRequired\":true,\"valueName\":\"search_term_string\"}}],\"inLanguage\":\"en-US\"}]}<\/script>\n<!-- \/ Yoast SEO plugin. -->","yoast_head_json":{"title":"Meist - NORE","robots":{"index":"index","follow":"follow","max-snippet":"max-snippet:-1","max-image-preview":"max-image-preview:large","max-video-preview":"max-video-preview:-1"},"canonical":"https:\/\/www.nore.ee\/en\/meist\/","og_locale":"en_US","og_type":"article","og_title":"Meist - NORE","og_url":"https:\/\/www.nore.ee\/en\/meist\/","og_site_name":"NORE","article_modified_time":"2024-06-05T15:40:47+00:00","twitter_card":"summary_large_image","twitter_misc":{"Est. reading time":"4 minutes"},"schema":{"@context":"https:\/\/schema.org","@graph":[{"@type":"WebPage","@id":"https:\/\/www.nore.ee\/meist\/","url":"https:\/\/www.nore.ee\/meist\/","name":"Meist - NORE","isPartOf":{"@id":"https:\/\/www.nore.ee\/#website"},"datePublished":"2024-06-05T12:20:26+00:00","dateModified":"2024-06-05T15:40:47+00:00","breadcrumb":{"@id":"https:\/\/www.nore.ee\/meist\/#breadcrumb"},"inLanguage":"en-US","potentialAction":[{"@type":"ReadAction","target":["https:\/\/www.nore.ee\/meist\/"]}]},{"@type":"BreadcrumbList","@id":"https:\/\/www.nore.ee\/meist\/#breadcrumb","itemListElement":[{"@type":"ListItem","position":1,"name":"Home","item":"https:\/\/www.nore.ee\/"},{"@type":"ListItem","position":2,"name":"Meist"}]},{"@type":"WebSite","@id":"https:\/\/www.nore.ee\/#website","url":"https:\/\/www.nore.ee\/","name":"NORE","description":"Unique scent experience in your home!","potentialAction":[{"@type":"SearchAction","target":{"@type":"EntryPoint","urlTemplate":"https:\/\/www.nore.ee\/?s={search_term_string}"},"query-input":{"@type":"PropertyValueSpecification","valueRequired":true,"valueName":"search_term_string"}}],"inLanguage":"en-US"}]}},"uagb_featured_image_src":{"full":false,"thumbnail":false,"medium":false,"medium_large":false,"large":false,"1536x1536":false,"2048x2048":false,"trp-custom-language-flag":false,"blog-thumb-1":false,"blog-thumb-2":false,"blog-thumb-3":false,"blog-single-1":false,"portfolio-single-img-1":false,"portfolio-single-img-2":false,"portfolio-single-img-3":false,"portfolio-single-img-4":false,"portfolio-img-1":false,"portfolio-img-2":false,"portfolio-img-3":false,"shop-category-thumb":false,"woocommerce_thumbnail":false,"woocommerce_single":false,"woocommerce_gallery_thumbnail":false},"uagb_author_info":{"display_name":"nore","author_link":"https:\/\/www.nore.ee\/en\/author\/nore\/"},"uagb_comment_info":0,"uagb_excerpt":null,"_links":{"self":[{"href":"https:\/\/www.nore.ee\/en\/wp-json\/wp\/v2\/pages\/20269","targetHints":{"allow":["GET"]}}],"collection":[{"href":"https:\/\/www.nore.ee\/en\/wp-json\/wp\/v2\/pages"}],"about":[{"href":"https:\/\/www.nore.ee\/en\/wp-json\/wp\/v2\/types\/page"}],"author":[{"embeddable":true,"href":"https:\/\/www.nore.ee\/en\/wp-json\/wp\/v2\/users\/1"}],"replies":[{"embeddable":true,"href":"https:\/\/www.nore.ee\/en\/wp-json\/wp\/v2\/comments?post=20269"}],"version-history":[{"count":0,"href":"https:\/\/www.nore.ee\/en\/wp-json\/wp\/v2\/pages\/20269\/revisions"}],"wp:attachment":[{"href":"https:\/\/www.nore.ee\/en\/wp-json\/wp\/v2\/media?parent=20269"}],"curies":[{"name":"wp","href":"https:\/\/api.w.org\/{rel}","templated":true}]}}