{"id":742,"date":"2020-09-07T20:23:53","date_gmt":"2020-09-07T17:23:53","guid":{"rendered":"https:\/\/www.nore.ee\/?page_id=742"},"modified":"2021-11-20T20:03:28","modified_gmt":"2021-11-20T18:03:28","slug":"muugitingimused","status":"publish","type":"page","link":"https:\/\/www.nore.ee\/en\/muugitingimused\/","title":{"rendered":"Terms of sale"},"content":{"rendered":"<h3>Terms of sale<\/h3>\n<ol>\n<li style=\"list-style-type: none;\">\n<ol>\n<li style=\"list-style-type: none;\">\n<ol>\n<li style=\"list-style-type: none;\">\n<ul>\n<li><strong>General terms<\/strong>\n<ul>\n<li>\u00a0These terms of sale apply to the rights and obligations arising from the purchase of goods (hereinafter Product\/Products) between the customers of the Nore e-store (hereinafter the Buyer) and the owner of the Nore e-store Nore Home O\u00dc (hereinafter Nore).<\/li>\n<li>By accepting the terms, the Buyer confirms that they have familiarized themselves with the terms of sale, agree with them and complies with them.<\/li>\n<li>Nore Home O\u00dc reserves the right to make changes to terms of sale and prices. Changes will be reflected on Nore website www.nore.ee.<\/li>\n<li>The prices of the Products sold in the e-store are indicated next to the Products in euros. A fee for\ndelivery  is added to the price.<\/li>\n<li>Information about the Product is provided in the e-store next to the Product.<\/li>\n<li>Copying and publishing the content and product descriptions available in Nore e-store without the written permission of Nore Home O\u00dc is prohibited.<\/li>\n<\/ul>\n<\/li>\n<\/ul>\n<\/li>\n<\/ol>\n<ol>\n<li style=\"list-style-type: none;\">\n<ul>\n<li><strong>Placing an order<\/strong>\n<ul>\n<li>To order Products, the requested Products should be added to the cart. The Buyer can view the contents of the cart by clicking on the \"cart\" icon in the header of the website.<\/li>\n<li>To finalise the order, the required data fields should be filled in and a suitable means of delivery chosen.<\/li>\n<li>The total price is then displayed on the screen, which can be paid via a bank link or using another payment solution. Our provider supports the following bank links:\n<ul>\n<li>Swedbank, SEB, Luminor, LHV, Coop Pank, Pocopay<\/li>\n<\/ul>\n<\/li>\n<li>Payments are mediated by Montonio Finance O\u00dc. Payment takes place outside of Nore e-store in a secure environment - when paying with a bank link, in the secure environment of the respective bank, and when paying with a credit card, in the secure environment of Montonio Finance O\u00dc. Nore does not have access to the customer's bank and credit card data. The contract enters into force from the receipt of the amount to be paid to the online store's current account.<\/li>\n<li>Nore Home O\u00dc is the responsible processor of personal data and forwards the personal data, that is necessary for making payments, to the authorized processor Montonio Finance O\u00dc.<\/li>\n<li>The contract enters into force after the amount subject to payment has been credited to the bank\naccount of Nore.<\/li>\n<li>If it is not possible to deliver the ordered Products due to lack of stock or another reason, the Buyer\nwill be notified as soon as possible and the cost paid (including delivery fees) will be refunded within 14 days.<\/li>\n<\/ul>\n<\/li>\n<\/ul>\n<\/li>\n<\/ol>\n<ol>\n<li style=\"list-style-type: none;\">\n<ul>\n<li><strong>Delivery<\/strong>\n<ul>\n<li>After the sales contract enters into force, Nore completes the order and forwards it to its logistics partners for delivery.<\/li>\n<li>The fee for Product delivery depends on the location of the Buyer and the method of delivery. The delivery method can be chosen by the Buyer, the fee is displayed at checkout.<\/li>\n<li>When completing the order, the Buyer can choose between the following delivery methods:\n<ul>\n<li>Itella parcel locker<\/li>\n<li>\u00a0SmartKULLER<\/li>\n<\/ul>\n<\/li>\n<li>In Estonia, parcels will normally arrive at the location specified by the Buyer within 2-7 working\ndays of entry into force of the sales contract. Outside of Estonia, the speed of delivery will depend on the courier. Nore ships the parcel within 3 business days. In exceptional cases, the goods may be delivered within a time frame of up to 45 calendar days.<\/li>\n<li>Nore is not responsible for the delay in the delivery of the Products if the Products have been handed over to the logistics partners on time, but the delay in delivery is due to circumstances that Nore could not influence or foresee.<\/li>\n<\/ul>\n<\/li>\n<\/ul>\n<\/li>\n<\/ol>\n<ol>\n<li style=\"list-style-type: none;\">\n<ul>\n<li><strong>Right of withdrawal<\/strong>\n<ul>\n<li>After receiving the order, the Buyer has the right to withdraw from the contract entered into with\nNore within 14 days.<\/li>\n<li>Taganemis\u00f5igus ei kohaldu, kui Tooteks on Ostja esitatud tingimustele vastavalt valmistatud Toode.<\/li>\n<li>The right of withdrawal does not apply if the Buyer is a legal person.<\/li>\n<li>The returned Product(s) must be unused and undamaged. The Buyer must return the Product(s) in its original packaging with all items that were originally in the parcel.<\/li>\n<li>To exercise the 14-day right of withdrawal, the Buyer may not use the ordered Products in any other way than is necessary in order to examine the nature, properties and functioning of the Product in the same way the Buyer would be allowed to test the Product in a physical shop.<\/li>\n<li>In order to return the Products, the Buyer must submit a withdrawal application via to info@nore.ee no later than 14 days of receiving the Products. The application must include the name of Buyer, name of the Product that is returned, order number and order date.<\/li>\n<li>The costs of returning the Product will be borne by the Buyer, unless the reason for return is the fact that the item being returned does not correspond to what was ordered (e.g. an incorrect or defective item).<\/li>\n<li>Having received the returned Product, Nore refunds the Buyer any amounts received from\nthe Buyer on the basis of the contract mmediately but no later than within 14 days of receiving the\napplication for withdrawal.<\/li>\n<li>Nore may refuse to process the refund until it receives the item that is the object of the\ncontract or until the Buyer submits proof that the item has been sent back, whichever happens first.<\/li>\n<\/ul>\n<\/li>\n<\/ul>\n<\/li>\n<\/ol>\n<ol>\n<li style=\"list-style-type: none;\">\n<ul>\n<li><strong>Right to file a complaint<\/strong>\n<ul>\n<li>Nore is liable for the non-compliance of the Products sold to the Buyer with the terms and\nconditions of the contract or for the defects which existed at the time of delivery of the item and which become evident within up to two years of the delivery of the Product to the Buyer. Within the first year after the item was delivered to the Buyer, it is presumed that the defect already existed at the time of delivery. It is the responsibility of Nore to disprove this.<\/li>\n<li>In the event of a defect, the Buyer has the right to contact the online shop no later than within two\nmonths by sending an e-mail to info@nore.ee<\/li>\n<li>Nore is not liable for defects in the Product that have occurred due to the Buyer's fault and for defects that have arisen as a result of improper storage or use of the Product. Defects include defects in the Product, but not defects in the product packaging.<\/li>\n<li>If the Product purchased from Nore has defects for which Nore is liable, Nore will repair or replace the defective Product. If the Product cannot be repaired or replaced, Nore will refund all fees incurred under the sales contract to the Buyer.<\/li>\n<li>Nore will respond to the consumer\u2019s complaint within 15 days in writing or in a format that\ncan be reproduced in writing.<\/li>\n<\/ul>\n<\/li>\n<\/ul>\n<\/li>\n<\/ol>\n<ul>\n<li><strong>Resolution of disputes<\/strong>\n<ul>\n<li>If the Buyer has complaints regarding Nore e-store, they should send them via e-mail to info@nore.ee<\/li>\n<li>If the Buyer and Nore fail to resolve a dispute by reaching an agreement, the Buyer has\nthe right to turn to the Consumer Disputes Committee. The Consumer Disputes Committee is authorised to resolve\ndisputes arising from the contract entered into between the Buyer and Nore.<\/li>\n<\/ul>\n<\/li>\n<\/ul>\n<\/li>\n<\/ol>\n<\/li>\n<\/ol>\n<p>The owner of Nore e-store is Nore Home O\u00dc (registration code <span class=\"reg-code\">14981384<\/span>) located at Viljandi maantee 48, 50412 Tartu (the office does not serve customers).<\/p>","protected":false},"excerpt":{"rendered":"<p>M\u00fc\u00fcgitingimused \u00dcldtingimused \u00a0K\u00e4esolevad m\u00fc\u00fcgitingimused kehtivad Nore veebipoe klientide (edaspidi Ostja) ja Nore veebipoe omaniku Nore Home O\u00dc (edaspidi Nore) vahel kauba (edaspidi Toode\/Tooted) ostmisel tekkivate \u00f5iguste ja kohustuste kohta. Tingimuste aktsepteerimisega kinnitab Ostja, et ta on m\u00fc\u00fcgitingimustega tutvunud, nendega n\u00f5us ja t\u00e4idab neid. Nore Home O\u00dc j\u00e4tab endale \u00f5iguse teha muudatusi m\u00fc\u00fcgitingimustes ja m\u00fc\u00fcgihindades ning&hellip;<\/p>","protected":false},"author":1,"featured_media":0,"parent":0,"menu_order":0,"comment_status":"closed","ping_status":"closed","template":"","meta":{"_acf_changed":false,"_crdt_document":"","_uag_custom_page_level_css":"","footnotes":""},"class_list":["post-742","page","type-page","status-publish","hentry"],"acf":[],"yoast_head":"<!-- This site is optimized with the Yoast SEO plugin v27.5 - https:\/\/yoast.com\/product\/yoast-seo-wordpress\/ -->\n<title>M\u00fc\u00fcgitingimused - NORE<\/title>\n<meta name=\"robots\" content=\"index, follow, max-snippet:-1, max-image-preview:large, max-video-preview:-1\" \/>\n<link rel=\"canonical\" href=\"https:\/\/www.nore.ee\/en\/muugitingimused\/\" \/>\n<meta property=\"og:locale\" content=\"en_US\" \/>\n<meta property=\"og:type\" content=\"article\" \/>\n<meta property=\"og:title\" content=\"M\u00fc\u00fcgitingimused - NORE\" \/>\n<meta property=\"og:description\" content=\"M\u00fc\u00fcgitingimused \u00dcldtingimused \u00a0K\u00e4esolevad m\u00fc\u00fcgitingimused kehtivad Nore veebipoe klientide (edaspidi Ostja) ja Nore veebipoe omaniku Nore Home O\u00dc (edaspidi Nore) vahel kauba (edaspidi Toode\/Tooted) ostmisel tekkivate \u00f5iguste ja kohustuste kohta. Tingimuste aktsepteerimisega kinnitab Ostja, et ta on m\u00fc\u00fcgitingimustega tutvunud, nendega n\u00f5us ja t\u00e4idab neid. Nore Home O\u00dc j\u00e4tab endale \u00f5iguse teha muudatusi m\u00fc\u00fcgitingimustes ja m\u00fc\u00fcgihindades ning&hellip;\" \/>\n<meta property=\"og:url\" content=\"https:\/\/www.nore.ee\/en\/muugitingimused\/\" \/>\n<meta property=\"og:site_name\" content=\"NORE\" \/>\n<meta property=\"article:modified_time\" content=\"2021-11-20T18:03:28+00:00\" \/>\n<meta name=\"twitter:card\" content=\"summary_large_image\" \/>\n<meta name=\"twitter:label1\" content=\"Est. reading time\" \/>\n\t<meta name=\"twitter:data1\" content=\"4 minutes\" \/>\n<script type=\"application\/ld+json\" class=\"yoast-schema-graph\">{\"@context\":\"https:\\\/\\\/schema.org\",\"@graph\":[{\"@type\":\"WebPage\",\"@id\":\"https:\\\/\\\/www.nore.ee\\\/muugitingimused\\\/\",\"url\":\"https:\\\/\\\/www.nore.ee\\\/muugitingimused\\\/\",\"name\":\"M\u00fc\u00fcgitingimused - NORE\",\"isPartOf\":{\"@id\":\"https:\\\/\\\/www.nore.ee\\\/#website\"},\"datePublished\":\"2020-09-07T17:23:53+00:00\",\"dateModified\":\"2021-11-20T18:03:28+00:00\",\"breadcrumb\":{\"@id\":\"https:\\\/\\\/www.nore.ee\\\/muugitingimused\\\/#breadcrumb\"},\"inLanguage\":\"en-US\",\"potentialAction\":[{\"@type\":\"ReadAction\",\"target\":[\"https:\\\/\\\/www.nore.ee\\\/muugitingimused\\\/\"]}]},{\"@type\":\"BreadcrumbList\",\"@id\":\"https:\\\/\\\/www.nore.ee\\\/muugitingimused\\\/#breadcrumb\",\"itemListElement\":[{\"@type\":\"ListItem\",\"position\":1,\"name\":\"Home\",\"item\":\"https:\\\/\\\/www.nore.ee\\\/\"},{\"@type\":\"ListItem\",\"position\":2,\"name\":\"M\u00fc\u00fcgitingimused\"}]},{\"@type\":\"WebSite\",\"@id\":\"https:\\\/\\\/www.nore.ee\\\/#website\",\"url\":\"https:\\\/\\\/www.nore.ee\\\/\",\"name\":\"NORE\",\"description\":\"Eriline l\u00f5hnaelamus sinu kodus!\",\"potentialAction\":[{\"@type\":\"SearchAction\",\"target\":{\"@type\":\"EntryPoint\",\"urlTemplate\":\"https:\\\/\\\/www.nore.ee\\\/?s={search_term_string}\"},\"query-input\":{\"@type\":\"PropertyValueSpecification\",\"valueRequired\":true,\"valueName\":\"search_term_string\"}}],\"inLanguage\":\"en-US\"}]}<\/script>\n<!-- \/ Yoast SEO plugin. -->","yoast_head_json":{"title":"M\u00fc\u00fcgitingimused - NORE","robots":{"index":"index","follow":"follow","max-snippet":"max-snippet:-1","max-image-preview":"max-image-preview:large","max-video-preview":"max-video-preview:-1"},"canonical":"https:\/\/www.nore.ee\/en\/muugitingimused\/","og_locale":"en_US","og_type":"article","og_title":"M\u00fc\u00fcgitingimused - NORE","og_description":"M\u00fc\u00fcgitingimused \u00dcldtingimused \u00a0K\u00e4esolevad m\u00fc\u00fcgitingimused kehtivad Nore veebipoe klientide (edaspidi Ostja) ja Nore veebipoe omaniku Nore Home O\u00dc (edaspidi Nore) vahel kauba (edaspidi Toode\/Tooted) ostmisel tekkivate \u00f5iguste ja kohustuste kohta. Tingimuste aktsepteerimisega kinnitab Ostja, et ta on m\u00fc\u00fcgitingimustega tutvunud, nendega n\u00f5us ja t\u00e4idab neid. Nore Home O\u00dc j\u00e4tab endale \u00f5iguse teha muudatusi m\u00fc\u00fcgitingimustes ja m\u00fc\u00fcgihindades ning&hellip;","og_url":"https:\/\/www.nore.ee\/en\/muugitingimused\/","og_site_name":"NORE","article_modified_time":"2021-11-20T18:03:28+00:00","twitter_card":"summary_large_image","twitter_misc":{"Est. reading time":"4 minutes"},"schema":{"@context":"https:\/\/schema.org","@graph":[{"@type":"WebPage","@id":"https:\/\/www.nore.ee\/muugitingimused\/","url":"https:\/\/www.nore.ee\/muugitingimused\/","name":"M\u00fc\u00fcgitingimused - NORE","isPartOf":{"@id":"https:\/\/www.nore.ee\/#website"},"datePublished":"2020-09-07T17:23:53+00:00","dateModified":"2021-11-20T18:03:28+00:00","breadcrumb":{"@id":"https:\/\/www.nore.ee\/muugitingimused\/#breadcrumb"},"inLanguage":"en-US","potentialAction":[{"@type":"ReadAction","target":["https:\/\/www.nore.ee\/muugitingimused\/"]}]},{"@type":"BreadcrumbList","@id":"https:\/\/www.nore.ee\/muugitingimused\/#breadcrumb","itemListElement":[{"@type":"ListItem","position":1,"name":"Home","item":"https:\/\/www.nore.ee\/"},{"@type":"ListItem","position":2,"name":"M\u00fc\u00fcgitingimused"}]},{"@type":"WebSite","@id":"https:\/\/www.nore.ee\/#website","url":"https:\/\/www.nore.ee\/","name":"NORE","description":"Unique scent experience in your home!","potentialAction":[{"@type":"SearchAction","target":{"@type":"EntryPoint","urlTemplate":"https:\/\/www.nore.ee\/?s={search_term_string}"},"query-input":{"@type":"PropertyValueSpecification","valueRequired":true,"valueName":"search_term_string"}}],"inLanguage":"en-US"}]}},"uagb_featured_image_src":{"full":false,"thumbnail":false,"medium":false,"medium_large":false,"large":false,"1536x1536":false,"2048x2048":false,"trp-custom-language-flag":false,"blog-thumb-1":false,"blog-thumb-2":false,"blog-thumb-3":false,"blog-single-1":false,"portfolio-single-img-1":false,"portfolio-single-img-2":false,"portfolio-single-img-3":false,"portfolio-single-img-4":false,"portfolio-img-1":false,"portfolio-img-2":false,"portfolio-img-3":false,"shop-category-thumb":false,"woocommerce_thumbnail":false,"woocommerce_single":false,"woocommerce_gallery_thumbnail":false},"uagb_author_info":{"display_name":"nore","author_link":"https:\/\/www.nore.ee\/en\/author\/nore\/"},"uagb_comment_info":0,"uagb_excerpt":"M\u00fc\u00fcgitingimused \u00dcldtingimused \u00a0K\u00e4esolevad m\u00fc\u00fcgitingimused kehtivad Nore veebipoe klientide (edaspidi Ostja) ja Nore veebipoe omaniku Nore Home O\u00dc (edaspidi Nore) vahel kauba (edaspidi Toode\/Tooted) ostmisel tekkivate \u00f5iguste ja kohustuste kohta. Tingimuste aktsepteerimisega kinnitab Ostja, et ta on m\u00fc\u00fcgitingimustega tutvunud, nendega n\u00f5us ja t\u00e4idab neid. Nore Home O\u00dc j\u00e4tab endale \u00f5iguse teha muudatusi m\u00fc\u00fcgitingimustes ja m\u00fc\u00fcgihindades ning&hellip;","_links":{"self":[{"href":"https:\/\/www.nore.ee\/en\/wp-json\/wp\/v2\/pages\/742","targetHints":{"allow":["GET"]}}],"collection":[{"href":"https:\/\/www.nore.ee\/en\/wp-json\/wp\/v2\/pages"}],"about":[{"href":"https:\/\/www.nore.ee\/en\/wp-json\/wp\/v2\/types\/page"}],"author":[{"embeddable":true,"href":"https:\/\/www.nore.ee\/en\/wp-json\/wp\/v2\/users\/1"}],"replies":[{"embeddable":true,"href":"https:\/\/www.nore.ee\/en\/wp-json\/wp\/v2\/comments?post=742"}],"version-history":[{"count":0,"href":"https:\/\/www.nore.ee\/en\/wp-json\/wp\/v2\/pages\/742\/revisions"}],"wp:attachment":[{"href":"https:\/\/www.nore.ee\/en\/wp-json\/wp\/v2\/media?parent=742"}],"curies":[{"name":"wp","href":"https:\/\/api.w.org\/{rel}","templated":true}]}}