{"id":1156,"date":"2020-10-04T17:18:08","date_gmt":"2020-10-04T14:18:08","guid":{"rendered":"https:\/\/www.nore.ee\/?post_type=product&#038;p=1156"},"modified":"2025-11-17T10:50:34","modified_gmt":"2025-11-17T08:50:34","slug":"kuunlatahi-kaarid","status":"publish","type":"product","link":"https:\/\/www.nore.ee\/en\/shop\/kuunlatahi-kaarid\/","title":{"rendered":"Candle wick trimmer"},"content":{"rendered":"","protected":false},"excerpt":{"rendered":"<p>&nbsp;<\/p>\n<p>Classic looking candle wick trimmer for a convenient trimming experience.<\/p>","protected":false},"featured_media":14264,"template":"","meta":{"_acf_changed":false,"_crdt_document":"","_uag_custom_page_level_css":""},"product_brand":[],"product_cat":[19],"product_tag":[],"class_list":{"0":"post-1156","1":"product","2":"type-product","3":"status-publish","4":"has-post-thumbnail","6":"product_cat-aksessuaarid","8":"first","9":"instock","10":"taxable","11":"shipping-taxable","12":"purchasable","13":"product-type-simple","15":"catalog-layout-default","16":"columns-xs-1"},"acf":[],"yoast_head":"<!-- This site is optimized with the Yoast SEO plugin v27.4 - https:\/\/yoast.com\/product\/yoast-seo-wordpress\/ -->\n<title>K\u00fc\u00fcnlatahi k\u00e4\u00e4rid - NORE<\/title>\n<meta name=\"description\" content=\"Klassikalise v\u00e4limusega k\u00e4\u00e4rid k\u00fc\u00fcnlatahi mugavaks l\u00f5ikamiseks.\" \/>\n<meta name=\"robots\" content=\"index, follow, max-snippet:-1, max-image-preview:large, max-video-preview:-1\" \/>\n<link rel=\"canonical\" href=\"https:\/\/www.nore.ee\/en\/shop\/kuunlatahi-kaarid\/\" \/>\n<meta property=\"og:locale\" content=\"en_US\" \/>\n<meta property=\"og:type\" content=\"article\" \/>\n<meta property=\"og:title\" content=\"K\u00fc\u00fcnlatahi k\u00e4\u00e4rid - NORE\" \/>\n<meta property=\"og:description\" content=\"Klassikalise v\u00e4limusega k\u00e4\u00e4rid k\u00fc\u00fcnlatahi mugavaks l\u00f5ikamiseks.\" \/>\n<meta property=\"og:url\" content=\"https:\/\/www.nore.ee\/en\/shop\/kuunlatahi-kaarid\/\" \/>\n<meta property=\"og:site_name\" content=\"NORE\" \/>\n<meta property=\"article:modified_time\" content=\"2025-11-17T08:50:34+00:00\" \/>\n<meta property=\"og:image\" content=\"https:\/\/www.nore.ee\/wp-content\/uploads\/2020\/10\/P4250223-scaled.jpg\" \/>\n\t<meta property=\"og:image:width\" content=\"2016\" \/>\n\t<meta property=\"og:image:height\" content=\"2560\" \/>\n\t<meta property=\"og:image:type\" content=\"image\/jpeg\" \/>\n<meta name=\"twitter:card\" content=\"summary_large_image\" \/>\n<meta name=\"twitter:label1\" content=\"Est. reading time\" \/>\n\t<meta name=\"twitter:data1\" content=\"1 minute\" \/>\n<script type=\"application\/ld+json\" class=\"yoast-schema-graph\">{\"@context\":\"https:\\\/\\\/schema.org\",\"@graph\":[{\"@type\":\"WebPage\",\"@id\":\"https:\\\/\\\/www.nore.ee\\\/shop\\\/kuunlatahi-kaarid\\\/\",\"url\":\"https:\\\/\\\/www.nore.ee\\\/shop\\\/kuunlatahi-kaarid\\\/\",\"name\":\"K\u00fc\u00fcnlatahi k\u00e4\u00e4rid - NORE\",\"isPartOf\":{\"@id\":\"https:\\\/\\\/www.nore.ee\\\/#website\"},\"primaryImageOfPage\":{\"@id\":\"https:\\\/\\\/www.nore.ee\\\/shop\\\/kuunlatahi-kaarid\\\/#primaryimage\"},\"image\":{\"@id\":\"https:\\\/\\\/www.nore.ee\\\/shop\\\/kuunlatahi-kaarid\\\/#primaryimage\"},\"thumbnailUrl\":\"https:\\\/\\\/www.nore.ee\\\/wp-content\\\/uploads\\\/2020\\\/10\\\/P4250223-scaled.jpg\",\"datePublished\":\"2020-10-04T14:18:08+00:00\",\"dateModified\":\"2025-11-17T08:50:34+00:00\",\"description\":\"Klassikalise v\u00e4limusega k\u00e4\u00e4rid k\u00fc\u00fcnlatahi mugavaks l\u00f5ikamiseks.\",\"breadcrumb\":{\"@id\":\"https:\\\/\\\/www.nore.ee\\\/shop\\\/kuunlatahi-kaarid\\\/#breadcrumb\"},\"inLanguage\":\"en-US\",\"potentialAction\":[{\"@type\":\"ReadAction\",\"target\":[\"https:\\\/\\\/www.nore.ee\\\/shop\\\/kuunlatahi-kaarid\\\/\"]}]},{\"@type\":\"ImageObject\",\"inLanguage\":\"en-US\",\"@id\":\"https:\\\/\\\/www.nore.ee\\\/shop\\\/kuunlatahi-kaarid\\\/#primaryimage\",\"url\":\"https:\\\/\\\/www.nore.ee\\\/wp-content\\\/uploads\\\/2020\\\/10\\\/P4250223-scaled.jpg\",\"contentUrl\":\"https:\\\/\\\/www.nore.ee\\\/wp-content\\\/uploads\\\/2020\\\/10\\\/P4250223-scaled.jpg\",\"width\":2016,\"height\":2560},{\"@type\":\"BreadcrumbList\",\"@id\":\"https:\\\/\\\/www.nore.ee\\\/shop\\\/kuunlatahi-kaarid\\\/#breadcrumb\",\"itemListElement\":[{\"@type\":\"ListItem\",\"position\":1,\"name\":\"Home\",\"item\":\"https:\\\/\\\/www.nore.ee\\\/\"},{\"@type\":\"ListItem\",\"position\":2,\"name\":\"Tooted\",\"item\":\"https:\\\/\\\/www.nore.ee\\\/en\\\/shop\\\/\"},{\"@type\":\"ListItem\",\"position\":3,\"name\":\"K\u00fc\u00fcnlatahi k\u00e4\u00e4rid\"}]},{\"@type\":\"WebSite\",\"@id\":\"https:\\\/\\\/www.nore.ee\\\/#website\",\"url\":\"https:\\\/\\\/www.nore.ee\\\/\",\"name\":\"NORE\",\"description\":\"Eriline l\u00f5hnaelamus sinu kodus!\",\"potentialAction\":[{\"@type\":\"SearchAction\",\"target\":{\"@type\":\"EntryPoint\",\"urlTemplate\":\"https:\\\/\\\/www.nore.ee\\\/?s={search_term_string}\"},\"query-input\":{\"@type\":\"PropertyValueSpecification\",\"valueRequired\":true,\"valueName\":\"search_term_string\"}}],\"inLanguage\":\"en-US\"}]}<\/script>\n<!-- \/ Yoast SEO plugin. -->","yoast_head_json":{"title":"K\u00fc\u00fcnlatahi k\u00e4\u00e4rid - NORE","description":"Classic looking candle wick trimmer for a convenient trimming experience.","robots":{"index":"index","follow":"follow","max-snippet":"max-snippet:-1","max-image-preview":"max-image-preview:large","max-video-preview":"max-video-preview:-1"},"canonical":"https:\/\/www.nore.ee\/en\/shop\/kuunlatahi-kaarid\/","og_locale":"en_US","og_type":"article","og_title":"K\u00fc\u00fcnlatahi k\u00e4\u00e4rid - NORE","og_description":"Klassikalise v\u00e4limusega k\u00e4\u00e4rid k\u00fc\u00fcnlatahi mugavaks l\u00f5ikamiseks.","og_url":"https:\/\/www.nore.ee\/en\/shop\/kuunlatahi-kaarid\/","og_site_name":"NORE","article_modified_time":"2025-11-17T08:50:34+00:00","og_image":[{"width":2016,"height":2560,"url":"https:\/\/www.nore.ee\/wp-content\/uploads\/2020\/10\/P4250223-scaled.jpg","type":"image\/jpeg"}],"twitter_card":"summary_large_image","twitter_misc":{"Est. reading time":"1 minute"},"schema":{"@context":"https:\/\/schema.org","@graph":[{"@type":"WebPage","@id":"https:\/\/www.nore.ee\/shop\/kuunlatahi-kaarid\/","url":"https:\/\/www.nore.ee\/shop\/kuunlatahi-kaarid\/","name":"K\u00fc\u00fcnlatahi k\u00e4\u00e4rid - NORE","isPartOf":{"@id":"https:\/\/www.nore.ee\/#website"},"primaryImageOfPage":{"@id":"https:\/\/www.nore.ee\/shop\/kuunlatahi-kaarid\/#primaryimage"},"image":{"@id":"https:\/\/www.nore.ee\/shop\/kuunlatahi-kaarid\/#primaryimage"},"thumbnailUrl":"https:\/\/www.nore.ee\/wp-content\/uploads\/2020\/10\/P4250223-scaled.jpg","datePublished":"2020-10-04T14:18:08+00:00","dateModified":"2025-11-17T08:50:34+00:00","description":"Classic looking candle wick trimmer for a convenient trimming experience.","breadcrumb":{"@id":"https:\/\/www.nore.ee\/shop\/kuunlatahi-kaarid\/#breadcrumb"},"inLanguage":"en-US","potentialAction":[{"@type":"ReadAction","target":["https:\/\/www.nore.ee\/shop\/kuunlatahi-kaarid\/"]}]},{"@type":"ImageObject","inLanguage":"en-US","@id":"https:\/\/www.nore.ee\/shop\/kuunlatahi-kaarid\/#primaryimage","url":"https:\/\/www.nore.ee\/wp-content\/uploads\/2020\/10\/P4250223-scaled.jpg","contentUrl":"https:\/\/www.nore.ee\/wp-content\/uploads\/2020\/10\/P4250223-scaled.jpg","width":2016,"height":2560},{"@type":"BreadcrumbList","@id":"https:\/\/www.nore.ee\/shop\/kuunlatahi-kaarid\/#breadcrumb","itemListElement":[{"@type":"ListItem","position":1,"name":"Home","item":"https:\/\/www.nore.ee\/"},{"@type":"ListItem","position":2,"name":"Tooted","item":"https:\/\/www.nore.ee\/en\/shop\/"},{"@type":"ListItem","position":3,"name":"K\u00fc\u00fcnlatahi k\u00e4\u00e4rid"}]},{"@type":"WebSite","@id":"https:\/\/www.nore.ee\/#website","url":"https:\/\/www.nore.ee\/","name":"NORE","description":"Unique scent experience in your home!","potentialAction":[{"@type":"SearchAction","target":{"@type":"EntryPoint","urlTemplate":"https:\/\/www.nore.ee\/?s={search_term_string}"},"query-input":{"@type":"PropertyValueSpecification","valueRequired":true,"valueName":"search_term_string"}}],"inLanguage":"en-US"}]}},"uagb_featured_image_src":{"full":["https:\/\/www.nore.ee\/wp-content\/uploads\/2020\/10\/P4250223-scaled.jpg",2016,2560,false],"thumbnail":["https:\/\/www.nore.ee\/wp-content\/uploads\/2020\/10\/P4250223-150x150.jpg",150,150,true],"medium":["https:\/\/www.nore.ee\/wp-content\/uploads\/2020\/10\/P4250223-236x300.jpg",236,300,true],"medium_large":["https:\/\/www.nore.ee\/wp-content\/uploads\/2020\/10\/P4250223-768x975.jpg",768,975,true],"large":["https:\/\/www.nore.ee\/wp-content\/uploads\/2020\/10\/P4250223-806x1024.jpg",806,1024,true],"1536x1536":["https:\/\/www.nore.ee\/wp-content\/uploads\/2020\/10\/P4250223-1210x1536.jpg",1210,1536,true],"2048x2048":["https:\/\/www.nore.ee\/wp-content\/uploads\/2020\/10\/P4250223-1613x2048.jpg",1613,2048,true],"trp-custom-language-flag":["https:\/\/www.nore.ee\/wp-content\/uploads\/2020\/10\/P4250223-scaled.jpg",9,12,false],"blog-thumb-1":["https:\/\/www.nore.ee\/wp-content\/uploads\/2020\/10\/P4250223-468x328.jpg",468,328,true],"blog-thumb-2":["https:\/\/www.nore.ee\/wp-content\/uploads\/2020\/10\/P4250223-468x468.jpg",468,468,true],"blog-thumb-3":["https:\/\/www.nore.ee\/wp-content\/uploads\/2020\/10\/P4250223-845x592.jpg",845,592,true],"blog-single-1":["https:\/\/www.nore.ee\/wp-content\/uploads\/2020\/10\/P4250223-1482x635.jpg",1482,635,true],"portfolio-single-img-1":["https:\/\/www.nore.ee\/wp-content\/uploads\/2020\/10\/P4250223-1612x2047.jpg",1612,2047,true],"portfolio-single-img-2":["https:\/\/www.nore.ee\/wp-content\/uploads\/2020\/10\/P4250223-1116x1417.jpg",1116,1417,true],"portfolio-single-img-3":["https:\/\/www.nore.ee\/wp-content\/uploads\/2020\/10\/P4250223-806x1023.jpg",806,1023,true],"portfolio-single-img-4":["https:\/\/www.nore.ee\/wp-content\/uploads\/2020\/10\/P4250223-558x709.jpg",558,709,true],"portfolio-img-1":["https:\/\/www.nore.ee\/wp-content\/uploads\/2020\/10\/P4250223-655x545.jpg",655,545,true],"portfolio-img-2":["https:\/\/www.nore.ee\/wp-content\/uploads\/2020\/10\/P4250223-655x545.jpg",655,545,true],"portfolio-img-3":["https:\/\/www.nore.ee\/wp-content\/uploads\/2020\/10\/P4250223-655x832.jpg",655,832,true],"shop-category-thumb":["https:\/\/www.nore.ee\/wp-content\/uploads\/2020\/10\/P4250223-500x290.jpg",500,290,true],"woocommerce_thumbnail":["https:\/\/www.nore.ee\/wp-content\/uploads\/2020\/10\/P4250223-scaled-550x700.jpg",550,700,true],"woocommerce_single":["https:\/\/www.nore.ee\/wp-content\/uploads\/2020\/10\/P4250223-scaled-820x1041.jpg",820,1041,true],"woocommerce_gallery_thumbnail":["https:\/\/www.nore.ee\/wp-content\/uploads\/2020\/10\/P4250223-scaled-220x220.jpg",220,220,true]},"uagb_author_info":{"display_name":"nore","author_link":"https:\/\/www.nore.ee\/en\/author\/"},"uagb_comment_info":0,"uagb_excerpt":"&nbsp; Klassikalise v\u00e4limusega k\u00e4\u00e4rid k\u00fc\u00fcnlatahi mugavaks l\u00f5ikamiseks.","_links":{"self":[{"href":"https:\/\/www.nore.ee\/en\/wp-json\/wp\/v2\/product\/1156","targetHints":{"allow":["GET"]}}],"collection":[{"href":"https:\/\/www.nore.ee\/en\/wp-json\/wp\/v2\/product"}],"about":[{"href":"https:\/\/www.nore.ee\/en\/wp-json\/wp\/v2\/types\/product"}],"wp:featuredmedia":[{"embeddable":true,"href":"https:\/\/www.nore.ee\/en\/wp-json\/wp\/v2\/media\/14264"}],"wp:attachment":[{"href":"https:\/\/www.nore.ee\/en\/wp-json\/wp\/v2\/media?parent=1156"}],"wp:term":[{"taxonomy":"product_brand","embeddable":true,"href":"https:\/\/www.nore.ee\/en\/wp-json\/wp\/v2\/product_brand?post=1156"},{"taxonomy":"product_cat","embeddable":true,"href":"https:\/\/www.nore.ee\/en\/wp-json\/wp\/v2\/product_cat?post=1156"},{"taxonomy":"product_tag","embeddable":true,"href":"https:\/\/www.nore.ee\/en\/wp-json\/wp\/v2\/product_tag?post=1156"}],"curies":[{"name":"wp","href":"https:\/\/api.w.org\/{rel}","templated":true}]}}