{"id":11925,"date":"2021-03-04T10:54:40","date_gmt":"2021-03-04T08:54:40","guid":{"rendered":"https:\/\/www.nore.ee\/?post_type=product&#038;p=11925"},"modified":"2026-01-31T19:24:39","modified_gmt":"2026-01-31T17:24:39","slug":"toaparfuum-laim-basiilik-mandariin","status":"publish","type":"product","link":"https:\/\/www.nore.ee\/en\/shop\/toaparfuum-laim-basiilik-mandariin\/","title":{"rendered":"Lime\u2022basil\u2022mandarin room spray"},"content":{"rendered":"<p><span style=\"font-weight: 400;\">Spray the room spray 2-3 times into the air, repeat for a more intense scent. Avoid spraying directly on objects or materials. Room spray can damage textile, glass, wood or plastic surfaces. Room spray should not be used as a personal perfume. Keep out of the reach of children and pets.<\/span><\/p>","protected":false},"excerpt":{"rendered":"<p>&nbsp;<\/p>\n<p><span style=\"font-weight: 400;\">An enchanting combination of lime, basil and ripe mandarin, balanced by white thyme and patchouli.<\/span><\/p>\n<p><span style=\"font-weight: 400;\">Nore room sprays are handcrafted using the finest fragrance oils and natural base ingredients.<\/span><\/p>","protected":false},"featured_media":15188,"template":"","meta":{"_acf_changed":false,"_crdt_document":"","_uag_custom_page_level_css":""},"product_brand":[],"product_cat":[82,101,70],"product_tag":[],"class_list":{"0":"post-11925","1":"product","2":"type-product","3":"status-publish","4":"has-post-thumbnail","6":"product_cat-allahinnatud-tooted","7":"product_cat-laimbasiilikmandariin","8":"product_cat-toaparfuumid","10":"first","11":"outofstock","12":"sale","13":"taxable","14":"shipping-taxable","15":"purchasable","16":"product-type-simple","18":"catalog-layout-default","19":"columns-xs-1"},"acf":[],"yoast_head":"<!-- This site is optimized with the Yoast SEO plugin v27.4 - https:\/\/yoast.com\/product\/yoast-seo-wordpress\/ -->\n<title>Laim\u2022basiilik\u2022mandariin toaparf\u00fc\u00fcm - NORE<\/title>\n<meta name=\"description\" content=\"Lummav kooslus laimi, basiiliku ja k\u00fcpsete mandariinide aroomidest, mida tasakaalustavad valge t\u00fc\u00fcmian ja pat\u0161uli. Nore toaparf\u00fc\u00fcmid valmivad k\u00e4sit\u00f6\u00f6na looduslikust baasainest ning k\u00f5rgekvaliteedilistest aroomi\u00f5lidest.\" \/>\n<meta name=\"robots\" content=\"index, follow, max-snippet:-1, max-image-preview:large, max-video-preview:-1\" \/>\n<link rel=\"canonical\" href=\"https:\/\/www.nore.ee\/en\/shop\/toaparfuum-laim-basiilik-mandariin\/\" \/>\n<meta property=\"og:locale\" content=\"en_US\" \/>\n<meta property=\"og:type\" content=\"article\" \/>\n<meta property=\"og:title\" content=\"Laim\u2022basiilik\u2022mandariin toaparf\u00fc\u00fcm - NORE\" \/>\n<meta property=\"og:description\" content=\"Lummav kooslus laimi, basiiliku ja k\u00fcpsete mandariinide aroomidest, mida tasakaalustavad valge t\u00fc\u00fcmian ja pat\u0161uli. Nore toaparf\u00fc\u00fcmid valmivad k\u00e4sit\u00f6\u00f6na looduslikust baasainest ning k\u00f5rgekvaliteedilistest aroomi\u00f5lidest.\" \/>\n<meta property=\"og:url\" content=\"https:\/\/www.nore.ee\/en\/shop\/toaparfuum-laim-basiilik-mandariin\/\" \/>\n<meta property=\"og:site_name\" content=\"NORE\" \/>\n<meta property=\"article:modified_time\" content=\"2026-01-31T17:24:39+00:00\" \/>\n<meta property=\"og:image\" content=\"https:\/\/www.nore.ee\/wp-content\/uploads\/2021\/03\/P7180264-scaled.jpg\" \/>\n\t<meta property=\"og:image:width\" content=\"1920\" \/>\n\t<meta property=\"og:image:height\" content=\"2560\" \/>\n\t<meta property=\"og:image:type\" content=\"image\/jpeg\" \/>\n<meta name=\"twitter:card\" content=\"summary_large_image\" \/>\n<meta name=\"twitter:label1\" content=\"Est. reading time\" \/>\n\t<meta name=\"twitter:data1\" content=\"1 minute\" \/>\n<script type=\"application\/ld+json\" class=\"yoast-schema-graph\">{\"@context\":\"https:\\\/\\\/schema.org\",\"@graph\":[{\"@type\":\"WebPage\",\"@id\":\"https:\\\/\\\/www.nore.ee\\\/shop\\\/toaparfuum-laim-basiilik-mandariin\\\/\",\"url\":\"https:\\\/\\\/www.nore.ee\\\/shop\\\/toaparfuum-laim-basiilik-mandariin\\\/\",\"name\":\"Laim\u2022basiilik\u2022mandariin toaparf\u00fc\u00fcm - NORE\",\"isPartOf\":{\"@id\":\"https:\\\/\\\/www.nore.ee\\\/#website\"},\"primaryImageOfPage\":{\"@id\":\"https:\\\/\\\/www.nore.ee\\\/shop\\\/toaparfuum-laim-basiilik-mandariin\\\/#primaryimage\"},\"image\":{\"@id\":\"https:\\\/\\\/www.nore.ee\\\/shop\\\/toaparfuum-laim-basiilik-mandariin\\\/#primaryimage\"},\"thumbnailUrl\":\"https:\\\/\\\/www.nore.ee\\\/wp-content\\\/uploads\\\/2021\\\/03\\\/P7180264-scaled.jpg\",\"datePublished\":\"2021-03-04T08:54:40+00:00\",\"dateModified\":\"2026-01-31T17:24:39+00:00\",\"description\":\"Lummav kooslus laimi, basiiliku ja k\u00fcpsete mandariinide aroomidest, mida tasakaalustavad valge t\u00fc\u00fcmian ja pat\u0161uli. Nore toaparf\u00fc\u00fcmid valmivad k\u00e4sit\u00f6\u00f6na looduslikust baasainest ning k\u00f5rgekvaliteedilistest aroomi\u00f5lidest.\",\"breadcrumb\":{\"@id\":\"https:\\\/\\\/www.nore.ee\\\/shop\\\/toaparfuum-laim-basiilik-mandariin\\\/#breadcrumb\"},\"inLanguage\":\"en-US\",\"potentialAction\":[{\"@type\":\"ReadAction\",\"target\":[\"https:\\\/\\\/www.nore.ee\\\/shop\\\/toaparfuum-laim-basiilik-mandariin\\\/\"]}]},{\"@type\":\"ImageObject\",\"inLanguage\":\"en-US\",\"@id\":\"https:\\\/\\\/www.nore.ee\\\/shop\\\/toaparfuum-laim-basiilik-mandariin\\\/#primaryimage\",\"url\":\"https:\\\/\\\/www.nore.ee\\\/wp-content\\\/uploads\\\/2021\\\/03\\\/P7180264-scaled.jpg\",\"contentUrl\":\"https:\\\/\\\/www.nore.ee\\\/wp-content\\\/uploads\\\/2021\\\/03\\\/P7180264-scaled.jpg\",\"width\":1920,\"height\":2560},{\"@type\":\"BreadcrumbList\",\"@id\":\"https:\\\/\\\/www.nore.ee\\\/shop\\\/toaparfuum-laim-basiilik-mandariin\\\/#breadcrumb\",\"itemListElement\":[{\"@type\":\"ListItem\",\"position\":1,\"name\":\"Home\",\"item\":\"https:\\\/\\\/www.nore.ee\\\/\"},{\"@type\":\"ListItem\",\"position\":2,\"name\":\"Tooted\",\"item\":\"https:\\\/\\\/www.nore.ee\\\/en\\\/shop\\\/\"},{\"@type\":\"ListItem\",\"position\":3,\"name\":\"Laim\u2022basiilik\u2022mandariin toaparf\u00fc\u00fcm\"}]},{\"@type\":\"WebSite\",\"@id\":\"https:\\\/\\\/www.nore.ee\\\/#website\",\"url\":\"https:\\\/\\\/www.nore.ee\\\/\",\"name\":\"NORE\",\"description\":\"Eriline l\u00f5hnaelamus sinu kodus!\",\"potentialAction\":[{\"@type\":\"SearchAction\",\"target\":{\"@type\":\"EntryPoint\",\"urlTemplate\":\"https:\\\/\\\/www.nore.ee\\\/?s={search_term_string}\"},\"query-input\":{\"@type\":\"PropertyValueSpecification\",\"valueRequired\":true,\"valueName\":\"search_term_string\"}}],\"inLanguage\":\"en-US\"}]}<\/script>\n<!-- \/ Yoast SEO plugin. -->","yoast_head_json":{"title":"Laim\u2022basiilik\u2022mandariin toaparf\u00fc\u00fcm - NORE","description":"Lummav kooslus laimi, basiiliku ja k\u00fcpsete mandariinide aroomidest, mida tasakaalustavad valge t\u00fc\u00fcmian ja pat\u0161uli. Nore toaparf\u00fc\u00fcmid valmivad k\u00e4sit\u00f6\u00f6na looduslikust baasainest ning k\u00f5rgekvaliteedilistest aroomi\u00f5lidest.","robots":{"index":"index","follow":"follow","max-snippet":"max-snippet:-1","max-image-preview":"max-image-preview:large","max-video-preview":"max-video-preview:-1"},"canonical":"https:\/\/www.nore.ee\/en\/shop\/toaparfuum-laim-basiilik-mandariin\/","og_locale":"en_US","og_type":"article","og_title":"Laim\u2022basiilik\u2022mandariin toaparf\u00fc\u00fcm - NORE","og_description":"Lummav kooslus laimi, basiiliku ja k\u00fcpsete mandariinide aroomidest, mida tasakaalustavad valge t\u00fc\u00fcmian ja pat\u0161uli. Nore toaparf\u00fc\u00fcmid valmivad k\u00e4sit\u00f6\u00f6na looduslikust baasainest ning k\u00f5rgekvaliteedilistest aroomi\u00f5lidest.","og_url":"https:\/\/www.nore.ee\/en\/shop\/toaparfuum-laim-basiilik-mandariin\/","og_site_name":"NORE","article_modified_time":"2026-01-31T17:24:39+00:00","og_image":[{"width":1920,"height":2560,"url":"https:\/\/www.nore.ee\/wp-content\/uploads\/2021\/03\/P7180264-scaled.jpg","type":"image\/jpeg"}],"twitter_card":"summary_large_image","twitter_misc":{"Est. reading time":"1 minute"},"schema":{"@context":"https:\/\/schema.org","@graph":[{"@type":"WebPage","@id":"https:\/\/www.nore.ee\/shop\/toaparfuum-laim-basiilik-mandariin\/","url":"https:\/\/www.nore.ee\/shop\/toaparfuum-laim-basiilik-mandariin\/","name":"Laim\u2022basiilik\u2022mandariin toaparf\u00fc\u00fcm - NORE","isPartOf":{"@id":"https:\/\/www.nore.ee\/#website"},"primaryImageOfPage":{"@id":"https:\/\/www.nore.ee\/shop\/toaparfuum-laim-basiilik-mandariin\/#primaryimage"},"image":{"@id":"https:\/\/www.nore.ee\/shop\/toaparfuum-laim-basiilik-mandariin\/#primaryimage"},"thumbnailUrl":"https:\/\/www.nore.ee\/wp-content\/uploads\/2021\/03\/P7180264-scaled.jpg","datePublished":"2021-03-04T08:54:40+00:00","dateModified":"2026-01-31T17:24:39+00:00","description":"Lummav kooslus laimi, basiiliku ja k\u00fcpsete mandariinide aroomidest, mida tasakaalustavad valge t\u00fc\u00fcmian ja pat\u0161uli. Nore toaparf\u00fc\u00fcmid valmivad k\u00e4sit\u00f6\u00f6na looduslikust baasainest ning k\u00f5rgekvaliteedilistest aroomi\u00f5lidest.","breadcrumb":{"@id":"https:\/\/www.nore.ee\/shop\/toaparfuum-laim-basiilik-mandariin\/#breadcrumb"},"inLanguage":"en-US","potentialAction":[{"@type":"ReadAction","target":["https:\/\/www.nore.ee\/shop\/toaparfuum-laim-basiilik-mandariin\/"]}]},{"@type":"ImageObject","inLanguage":"en-US","@id":"https:\/\/www.nore.ee\/shop\/toaparfuum-laim-basiilik-mandariin\/#primaryimage","url":"https:\/\/www.nore.ee\/wp-content\/uploads\/2021\/03\/P7180264-scaled.jpg","contentUrl":"https:\/\/www.nore.ee\/wp-content\/uploads\/2021\/03\/P7180264-scaled.jpg","width":1920,"height":2560},{"@type":"BreadcrumbList","@id":"https:\/\/www.nore.ee\/shop\/toaparfuum-laim-basiilik-mandariin\/#breadcrumb","itemListElement":[{"@type":"ListItem","position":1,"name":"Home","item":"https:\/\/www.nore.ee\/"},{"@type":"ListItem","position":2,"name":"Tooted","item":"https:\/\/www.nore.ee\/en\/shop\/"},{"@type":"ListItem","position":3,"name":"Laim\u2022basiilik\u2022mandariin toaparf\u00fc\u00fcm"}]},{"@type":"WebSite","@id":"https:\/\/www.nore.ee\/#website","url":"https:\/\/www.nore.ee\/","name":"NORE","description":"Unique scent experience in your home!","potentialAction":[{"@type":"SearchAction","target":{"@type":"EntryPoint","urlTemplate":"https:\/\/www.nore.ee\/?s={search_term_string}"},"query-input":{"@type":"PropertyValueSpecification","valueRequired":true,"valueName":"search_term_string"}}],"inLanguage":"en-US"}]}},"uagb_featured_image_src":{"full":["https:\/\/www.nore.ee\/wp-content\/uploads\/2021\/03\/P7180264-scaled.jpg",1920,2560,false],"thumbnail":["https:\/\/www.nore.ee\/wp-content\/uploads\/2021\/03\/P7180264-150x150.jpg",150,150,true],"medium":["https:\/\/www.nore.ee\/wp-content\/uploads\/2021\/03\/P7180264-225x300.jpg",225,300,true],"medium_large":["https:\/\/www.nore.ee\/wp-content\/uploads\/2021\/03\/P7180264-768x1024.jpg",768,1024,true],"large":["https:\/\/www.nore.ee\/wp-content\/uploads\/2021\/03\/P7180264-768x1024.jpg",768,1024,true],"1536x1536":["https:\/\/www.nore.ee\/wp-content\/uploads\/2021\/03\/P7180264-1152x1536.jpg",1152,1536,true],"2048x2048":["https:\/\/www.nore.ee\/wp-content\/uploads\/2021\/03\/P7180264-1536x2048.jpg",1536,2048,true],"trp-custom-language-flag":["https:\/\/www.nore.ee\/wp-content\/uploads\/2021\/03\/P7180264-scaled.jpg",9,12,false],"blog-thumb-1":["https:\/\/www.nore.ee\/wp-content\/uploads\/2021\/03\/P7180264-468x328.jpg",468,328,true],"blog-thumb-2":["https:\/\/www.nore.ee\/wp-content\/uploads\/2021\/03\/P7180264-468x468.jpg",468,468,true],"blog-thumb-3":["https:\/\/www.nore.ee\/wp-content\/uploads\/2021\/03\/P7180264-845x592.jpg",845,592,true],"blog-single-1":["https:\/\/www.nore.ee\/wp-content\/uploads\/2021\/03\/P7180264-1482x635.jpg",1482,635,true],"portfolio-single-img-1":["https:\/\/www.nore.ee\/wp-content\/uploads\/2021\/03\/P7180264-1612x2150.jpg",1612,2150,true],"portfolio-single-img-2":["https:\/\/www.nore.ee\/wp-content\/uploads\/2021\/03\/P7180264-1116x1488.jpg",1116,1488,true],"portfolio-single-img-3":["https:\/\/www.nore.ee\/wp-content\/uploads\/2021\/03\/P7180264-806x1075.jpg",806,1075,true],"portfolio-single-img-4":["https:\/\/www.nore.ee\/wp-content\/uploads\/2021\/03\/P7180264-558x744.jpg",558,744,true],"portfolio-img-1":["https:\/\/www.nore.ee\/wp-content\/uploads\/2021\/03\/P7180264-655x545.jpg",655,545,true],"portfolio-img-2":["https:\/\/www.nore.ee\/wp-content\/uploads\/2021\/03\/P7180264-655x545.jpg",655,545,true],"portfolio-img-3":["https:\/\/www.nore.ee\/wp-content\/uploads\/2021\/03\/P7180264-655x873.jpg",655,873,true],"shop-category-thumb":["https:\/\/www.nore.ee\/wp-content\/uploads\/2021\/03\/P7180264-500x290.jpg",500,290,true],"woocommerce_thumbnail":["https:\/\/www.nore.ee\/wp-content\/uploads\/2021\/03\/P7180264-scaled-550x700.jpg",550,700,true],"woocommerce_single":["https:\/\/www.nore.ee\/wp-content\/uploads\/2021\/03\/P7180264-scaled-820x1093.jpg",820,1093,true],"woocommerce_gallery_thumbnail":["https:\/\/www.nore.ee\/wp-content\/uploads\/2021\/03\/P7180264-scaled-220x220.jpg",220,220,true]},"uagb_author_info":{"display_name":"nore","author_link":"https:\/\/www.nore.ee\/en\/author\/"},"uagb_comment_info":0,"uagb_excerpt":"&nbsp; Lummav kooslus laimi, basiiliku ja k\u00fcpsete mandariinide aroomidest, mida tasakaalustavad valge t\u00fc\u00fcmian ja pat\u0161uli. Nore toaparf\u00fc\u00fcmid valmivad k\u00e4sit\u00f6\u00f6na looduslikust baasainest ning k\u00f5rgekvaliteedilistest aroomi\u00f5lidest.","_links":{"self":[{"href":"https:\/\/www.nore.ee\/en\/wp-json\/wp\/v2\/product\/11925","targetHints":{"allow":["GET"]}}],"collection":[{"href":"https:\/\/www.nore.ee\/en\/wp-json\/wp\/v2\/product"}],"about":[{"href":"https:\/\/www.nore.ee\/en\/wp-json\/wp\/v2\/types\/product"}],"wp:featuredmedia":[{"embeddable":true,"href":"https:\/\/www.nore.ee\/en\/wp-json\/wp\/v2\/media\/15188"}],"wp:attachment":[{"href":"https:\/\/www.nore.ee\/en\/wp-json\/wp\/v2\/media?parent=11925"}],"wp:term":[{"taxonomy":"product_brand","embeddable":true,"href":"https:\/\/www.nore.ee\/en\/wp-json\/wp\/v2\/product_brand?post=11925"},{"taxonomy":"product_cat","embeddable":true,"href":"https:\/\/www.nore.ee\/en\/wp-json\/wp\/v2\/product_cat?post=11925"},{"taxonomy":"product_tag","embeddable":true,"href":"https:\/\/www.nore.ee\/en\/wp-json\/wp\/v2\/product_tag?post=11925"}],"curies":[{"name":"wp","href":"https:\/\/api.w.org\/{rel}","templated":true}]}}