{"id":13777,"date":"2021-04-19T13:16:21","date_gmt":"2021-04-19T10:16:21","guid":{"rendered":"https:\/\/www.nore.ee\/?post_type=product&#038;p=13777"},"modified":"2026-04-04T15:02:03","modified_gmt":"2026-04-04T12:02:03","slug":"kodulohnastaja-taide","status":"publish","type":"product","link":"https:\/\/www.nore.ee\/en\/shop\/kodulohnastaja-taide\/","title":{"rendered":"Reed diffuser refill"},"content":{"rendered":"<div class=\"woocommerce-tabs wc-tabs-wrapper\">\n<div id=\"tab-description\" class=\"woocommerce-Tabs-panel woocommerce-Tabs-panel--description panel entry-content wc-tab post-formatting\" role=\"tabpanel\" aria-labelledby=\"tab-title-description\">\n<p>Pour the diffuser refill into the original 100ml reed diffuser container and add a new set of reeds. In a small space, use less reeds and in a larger space, use more. To ensure an intense fragrance throw, flip the reeds once per week (use protective gloves). Place the bottle on a stable surface. The liquid can damage textile, glass, wood or plastic surfaces.<\/p>\n<\/div>\n<\/div>","protected":false},"excerpt":{"rendered":"<p style=\"text-align: left;\">Nore reed diffuser refill contains 250ml of diffuser for refilling the original 100ml container.<\/p>\n<p>Nore reed diffusers are handcrafted using carefully selected base oils and the finest fragrance oils.<\/p>\n<p>The refill is completed with a brand new set of fibre reeds.<\/p>","protected":false},"featured_media":13776,"template":"","meta":{"_acf_changed":false,"_crdt_document":"","_uag_custom_page_level_css":""},"product_brand":[],"product_cat":[95,90,103,33,104,117,121,97,110,109,102,119,107,118],"product_tag":[],"class_list":{"0":"post-13777","1":"product","2":"type-product","3":"status-publish","4":"has-post-thumbnail","6":"product_cat-apelsinjohvikaskadakamari","7":"product_cat-hibiskuskirssroosapipar","8":"product_cat-jasmiiniirisnektariin","9":"product_cat-kodulohnastajad","10":"product_cat-kookosvaniljemandel","11":"product_cat-mandeukaluptvaarikas","12":"product_cat-mandkadakasleedriois","13":"product_cat-pohlvaarikas","14":"product_cat-pojengtuberoos","15":"product_cat-rohelineteesidrunhein","16":"product_cat-sidrunpirnfreesia","17":"product_cat-tonkatuberoosvalgemuskus","18":"product_cat-triivpuumeresool","19":"product_cat-virsikploomrabarber","21":"first","22":"instock","23":"taxable","24":"shipping-taxable","25":"purchasable","26":"product-type-variable","28":"catalog-layout-default","29":"columns-xs-1"},"acf":[],"yoast_head":"<!-- This site is optimized with the Yoast SEO plugin v27.3 - https:\/\/yoast.com\/product\/yoast-seo-wordpress\/ -->\n<title>Kodul\u00f5hnastaja t\u00e4ide - NORE<\/title>\n<meta name=\"description\" content=\"Nore kodul\u00f5hnastaja t\u00e4ited sisaldavad 250ml kodul\u00f5hnastajat, mis on m\u00f5eldud 100ml kodul\u00f5hnastaja t\u00e4itmiseks. \u00dche t\u00e4itepudeli sisust saab kodul\u00f5hnastaja pudelit t\u00e4ita 2,5 korda. Nore kodul\u00f5hnastajad valmivad k\u00e4sit\u00f6\u00f6na looduss\u00f5bralikest baas\u00f5lidest ning k\u00f5rgekvaliteedilistest aroomi\u00f5lidest. Iga t\u00e4itepakend sisaldab kaheksat kodul\u00f5hnastaja pulka.\" \/>\n<meta name=\"robots\" content=\"index, follow, max-snippet:-1, max-image-preview:large, max-video-preview:-1\" \/>\n<link rel=\"canonical\" href=\"https:\/\/www.nore.ee\/en\/shop\/kodulohnastaja-taide\/\" \/>\n<meta property=\"og:locale\" content=\"en_US\" \/>\n<meta property=\"og:type\" content=\"article\" \/>\n<meta property=\"og:title\" content=\"Kodul\u00f5hnastaja t\u00e4ide - NORE\" \/>\n<meta property=\"og:description\" content=\"Nore kodul\u00f5hnastaja t\u00e4ited sisaldavad 250ml kodul\u00f5hnastajat, mis on m\u00f5eldud 100ml kodul\u00f5hnastaja t\u00e4itmiseks. \u00dche t\u00e4itepudeli sisust saab kodul\u00f5hnastaja pudelit t\u00e4ita 2,5 korda. Nore kodul\u00f5hnastajad valmivad k\u00e4sit\u00f6\u00f6na looduss\u00f5bralikest baas\u00f5lidest ning k\u00f5rgekvaliteedilistest aroomi\u00f5lidest. Iga t\u00e4itepakend sisaldab kaheksat kodul\u00f5hnastaja pulka.\" \/>\n<meta property=\"og:url\" content=\"https:\/\/www.nore.ee\/en\/shop\/kodulohnastaja-taide\/\" \/>\n<meta property=\"og:site_name\" content=\"NORE\" \/>\n<meta property=\"article:modified_time\" content=\"2026-04-04T12:02:03+00:00\" \/>\n<meta property=\"og:image\" content=\"https:\/\/www.nore.ee\/wp-content\/uploads\/2021\/04\/P4180181-scaled.jpg\" \/>\n\t<meta property=\"og:image:width\" content=\"1920\" \/>\n\t<meta property=\"og:image:height\" content=\"2560\" \/>\n\t<meta property=\"og:image:type\" content=\"image\/jpeg\" \/>\n<meta name=\"twitter:card\" content=\"summary_large_image\" \/>\n<meta name=\"twitter:label1\" content=\"Est. reading time\" \/>\n\t<meta name=\"twitter:data1\" content=\"1 minute\" \/>\n<script type=\"application\/ld+json\" class=\"yoast-schema-graph\">{\"@context\":\"https:\\\/\\\/schema.org\",\"@graph\":[{\"@type\":\"WebPage\",\"@id\":\"https:\\\/\\\/www.nore.ee\\\/shop\\\/kodulohnastaja-taide\\\/\",\"url\":\"https:\\\/\\\/www.nore.ee\\\/shop\\\/kodulohnastaja-taide\\\/\",\"name\":\"Kodul\u00f5hnastaja t\u00e4ide - NORE\",\"isPartOf\":{\"@id\":\"https:\\\/\\\/www.nore.ee\\\/#website\"},\"primaryImageOfPage\":{\"@id\":\"https:\\\/\\\/www.nore.ee\\\/shop\\\/kodulohnastaja-taide\\\/#primaryimage\"},\"image\":{\"@id\":\"https:\\\/\\\/www.nore.ee\\\/shop\\\/kodulohnastaja-taide\\\/#primaryimage\"},\"thumbnailUrl\":\"https:\\\/\\\/www.nore.ee\\\/wp-content\\\/uploads\\\/2021\\\/04\\\/P4180181-scaled.jpg\",\"datePublished\":\"2021-04-19T10:16:21+00:00\",\"dateModified\":\"2026-04-04T12:02:03+00:00\",\"description\":\"Nore kodul\u00f5hnastaja t\u00e4ited sisaldavad 250ml kodul\u00f5hnastajat, mis on m\u00f5eldud 100ml kodul\u00f5hnastaja t\u00e4itmiseks. \u00dche t\u00e4itepudeli sisust saab kodul\u00f5hnastaja pudelit t\u00e4ita 2,5 korda. Nore kodul\u00f5hnastajad valmivad k\u00e4sit\u00f6\u00f6na looduss\u00f5bralikest baas\u00f5lidest ning k\u00f5rgekvaliteedilistest aroomi\u00f5lidest. Iga t\u00e4itepakend sisaldab kaheksat kodul\u00f5hnastaja pulka.\",\"breadcrumb\":{\"@id\":\"https:\\\/\\\/www.nore.ee\\\/shop\\\/kodulohnastaja-taide\\\/#breadcrumb\"},\"inLanguage\":\"en-US\",\"potentialAction\":[{\"@type\":\"ReadAction\",\"target\":[\"https:\\\/\\\/www.nore.ee\\\/shop\\\/kodulohnastaja-taide\\\/\"]}]},{\"@type\":\"ImageObject\",\"inLanguage\":\"en-US\",\"@id\":\"https:\\\/\\\/www.nore.ee\\\/shop\\\/kodulohnastaja-taide\\\/#primaryimage\",\"url\":\"https:\\\/\\\/www.nore.ee\\\/wp-content\\\/uploads\\\/2021\\\/04\\\/P4180181-scaled.jpg\",\"contentUrl\":\"https:\\\/\\\/www.nore.ee\\\/wp-content\\\/uploads\\\/2021\\\/04\\\/P4180181-scaled.jpg\",\"width\":1920,\"height\":2560},{\"@type\":\"BreadcrumbList\",\"@id\":\"https:\\\/\\\/www.nore.ee\\\/shop\\\/kodulohnastaja-taide\\\/#breadcrumb\",\"itemListElement\":[{\"@type\":\"ListItem\",\"position\":1,\"name\":\"Home\",\"item\":\"https:\\\/\\\/www.nore.ee\\\/\"},{\"@type\":\"ListItem\",\"position\":2,\"name\":\"Tooted\",\"item\":\"https:\\\/\\\/www.nore.ee\\\/en\\\/shop\\\/\"},{\"@type\":\"ListItem\",\"position\":3,\"name\":\"Kodul\u00f5hnastaja t\u00e4ide\"}]},{\"@type\":\"WebSite\",\"@id\":\"https:\\\/\\\/www.nore.ee\\\/#website\",\"url\":\"https:\\\/\\\/www.nore.ee\\\/\",\"name\":\"NORE\",\"description\":\"Eriline l\u00f5hnaelamus sinu kodus!\",\"potentialAction\":[{\"@type\":\"SearchAction\",\"target\":{\"@type\":\"EntryPoint\",\"urlTemplate\":\"https:\\\/\\\/www.nore.ee\\\/?s={search_term_string}\"},\"query-input\":{\"@type\":\"PropertyValueSpecification\",\"valueRequired\":true,\"valueName\":\"search_term_string\"}}],\"inLanguage\":\"en-US\"}]}<\/script>\n<!-- \/ Yoast SEO plugin. -->","yoast_head_json":{"title":"Kodul\u00f5hnastaja t\u00e4ide - NORE","description":"Nore kodul\u00f5hnastaja t\u00e4ited sisaldavad 250ml kodul\u00f5hnastajat, mis on m\u00f5eldud 100ml kodul\u00f5hnastaja t\u00e4itmiseks. \u00dche t\u00e4itepudeli sisust saab kodul\u00f5hnastaja pudelit t\u00e4ita 2,5 korda. Nore kodul\u00f5hnastajad valmivad k\u00e4sit\u00f6\u00f6na looduss\u00f5bralikest baas\u00f5lidest ning k\u00f5rgekvaliteedilistest aroomi\u00f5lidest. Iga t\u00e4itepakend sisaldab kaheksat kodul\u00f5hnastaja pulka.","robots":{"index":"index","follow":"follow","max-snippet":"max-snippet:-1","max-image-preview":"max-image-preview:large","max-video-preview":"max-video-preview:-1"},"canonical":"https:\/\/www.nore.ee\/en\/shop\/kodulohnastaja-taide\/","og_locale":"en_US","og_type":"article","og_title":"Kodul\u00f5hnastaja t\u00e4ide - NORE","og_description":"Nore kodul\u00f5hnastaja t\u00e4ited sisaldavad 250ml kodul\u00f5hnastajat, mis on m\u00f5eldud 100ml kodul\u00f5hnastaja t\u00e4itmiseks. \u00dche t\u00e4itepudeli sisust saab kodul\u00f5hnastaja pudelit t\u00e4ita 2,5 korda. Nore kodul\u00f5hnastajad valmivad k\u00e4sit\u00f6\u00f6na looduss\u00f5bralikest baas\u00f5lidest ning k\u00f5rgekvaliteedilistest aroomi\u00f5lidest. Iga t\u00e4itepakend sisaldab kaheksat kodul\u00f5hnastaja pulka.","og_url":"https:\/\/www.nore.ee\/en\/shop\/kodulohnastaja-taide\/","og_site_name":"NORE","article_modified_time":"2026-04-04T12:02:03+00:00","og_image":[{"width":1920,"height":2560,"url":"https:\/\/www.nore.ee\/wp-content\/uploads\/2021\/04\/P4180181-scaled.jpg","type":"image\/jpeg"}],"twitter_card":"summary_large_image","twitter_misc":{"Est. reading time":"1 minute"},"schema":{"@context":"https:\/\/schema.org","@graph":[{"@type":"WebPage","@id":"https:\/\/www.nore.ee\/shop\/kodulohnastaja-taide\/","url":"https:\/\/www.nore.ee\/shop\/kodulohnastaja-taide\/","name":"Kodul\u00f5hnastaja t\u00e4ide - NORE","isPartOf":{"@id":"https:\/\/www.nore.ee\/#website"},"primaryImageOfPage":{"@id":"https:\/\/www.nore.ee\/shop\/kodulohnastaja-taide\/#primaryimage"},"image":{"@id":"https:\/\/www.nore.ee\/shop\/kodulohnastaja-taide\/#primaryimage"},"thumbnailUrl":"https:\/\/www.nore.ee\/wp-content\/uploads\/2021\/04\/P4180181-scaled.jpg","datePublished":"2021-04-19T10:16:21+00:00","dateModified":"2026-04-04T12:02:03+00:00","description":"Nore kodul\u00f5hnastaja t\u00e4ited sisaldavad 250ml kodul\u00f5hnastajat, mis on m\u00f5eldud 100ml kodul\u00f5hnastaja t\u00e4itmiseks. \u00dche t\u00e4itepudeli sisust saab kodul\u00f5hnastaja pudelit t\u00e4ita 2,5 korda. Nore kodul\u00f5hnastajad valmivad k\u00e4sit\u00f6\u00f6na looduss\u00f5bralikest baas\u00f5lidest ning k\u00f5rgekvaliteedilistest aroomi\u00f5lidest. Iga t\u00e4itepakend sisaldab kaheksat kodul\u00f5hnastaja pulka.","breadcrumb":{"@id":"https:\/\/www.nore.ee\/shop\/kodulohnastaja-taide\/#breadcrumb"},"inLanguage":"en-US","potentialAction":[{"@type":"ReadAction","target":["https:\/\/www.nore.ee\/shop\/kodulohnastaja-taide\/"]}]},{"@type":"ImageObject","inLanguage":"en-US","@id":"https:\/\/www.nore.ee\/shop\/kodulohnastaja-taide\/#primaryimage","url":"https:\/\/www.nore.ee\/wp-content\/uploads\/2021\/04\/P4180181-scaled.jpg","contentUrl":"https:\/\/www.nore.ee\/wp-content\/uploads\/2021\/04\/P4180181-scaled.jpg","width":1920,"height":2560},{"@type":"BreadcrumbList","@id":"https:\/\/www.nore.ee\/shop\/kodulohnastaja-taide\/#breadcrumb","itemListElement":[{"@type":"ListItem","position":1,"name":"Home","item":"https:\/\/www.nore.ee\/"},{"@type":"ListItem","position":2,"name":"Tooted","item":"https:\/\/www.nore.ee\/en\/shop\/"},{"@type":"ListItem","position":3,"name":"Kodul\u00f5hnastaja t\u00e4ide"}]},{"@type":"WebSite","@id":"https:\/\/www.nore.ee\/#website","url":"https:\/\/www.nore.ee\/","name":"NORE","description":"Unique scent experience in your home!","potentialAction":[{"@type":"SearchAction","target":{"@type":"EntryPoint","urlTemplate":"https:\/\/www.nore.ee\/?s={search_term_string}"},"query-input":{"@type":"PropertyValueSpecification","valueRequired":true,"valueName":"search_term_string"}}],"inLanguage":"en-US"}]}},"uagb_featured_image_src":{"full":["https:\/\/www.nore.ee\/wp-content\/uploads\/2021\/04\/P4180181-scaled.jpg",1920,2560,false],"thumbnail":["https:\/\/www.nore.ee\/wp-content\/uploads\/2021\/04\/P4180181-150x150.jpg",150,150,true],"medium":["https:\/\/www.nore.ee\/wp-content\/uploads\/2021\/04\/P4180181-225x300.jpg",225,300,true],"medium_large":["https:\/\/www.nore.ee\/wp-content\/uploads\/2021\/04\/P4180181-768x1024.jpg",768,1024,true],"large":["https:\/\/www.nore.ee\/wp-content\/uploads\/2021\/04\/P4180181-768x1024.jpg",768,1024,true],"1536x1536":["https:\/\/www.nore.ee\/wp-content\/uploads\/2021\/04\/P4180181-1152x1536.jpg",1152,1536,true],"2048x2048":["https:\/\/www.nore.ee\/wp-content\/uploads\/2021\/04\/P4180181-1536x2048.jpg",1536,2048,true],"trp-custom-language-flag":["https:\/\/www.nore.ee\/wp-content\/uploads\/2021\/04\/P4180181-scaled.jpg",9,12,false],"blog-thumb-1":["https:\/\/www.nore.ee\/wp-content\/uploads\/2021\/04\/P4180181-468x328.jpg",468,328,true],"blog-thumb-2":["https:\/\/www.nore.ee\/wp-content\/uploads\/2021\/04\/P4180181-468x468.jpg",468,468,true],"blog-thumb-3":["https:\/\/www.nore.ee\/wp-content\/uploads\/2021\/04\/P4180181-845x592.jpg",845,592,true],"blog-single-1":["https:\/\/www.nore.ee\/wp-content\/uploads\/2021\/04\/P4180181-1482x635.jpg",1482,635,true],"portfolio-single-img-1":["https:\/\/www.nore.ee\/wp-content\/uploads\/2021\/04\/P4180181-1612x2149.jpg",1612,2149,true],"portfolio-single-img-2":["https:\/\/www.nore.ee\/wp-content\/uploads\/2021\/04\/P4180181-1116x1488.jpg",1116,1488,true],"portfolio-single-img-3":["https:\/\/www.nore.ee\/wp-content\/uploads\/2021\/04\/P4180181-806x1075.jpg",806,1075,true],"portfolio-single-img-4":["https:\/\/www.nore.ee\/wp-content\/uploads\/2021\/04\/P4180181-558x744.jpg",558,744,true],"portfolio-img-1":["https:\/\/www.nore.ee\/wp-content\/uploads\/2021\/04\/P4180181-655x545.jpg",655,545,true],"portfolio-img-2":["https:\/\/www.nore.ee\/wp-content\/uploads\/2021\/04\/P4180181-655x545.jpg",655,545,true],"portfolio-img-3":["https:\/\/www.nore.ee\/wp-content\/uploads\/2021\/04\/P4180181-655x873.jpg",655,873,true],"shop-category-thumb":["https:\/\/www.nore.ee\/wp-content\/uploads\/2021\/04\/P4180181-500x290.jpg",500,290,true],"woocommerce_thumbnail":["https:\/\/www.nore.ee\/wp-content\/uploads\/2021\/04\/P4180181-scaled-550x700.jpg",550,700,true],"woocommerce_single":["https:\/\/www.nore.ee\/wp-content\/uploads\/2021\/04\/P4180181-scaled-820x1093.jpg",820,1093,true],"woocommerce_gallery_thumbnail":["https:\/\/www.nore.ee\/wp-content\/uploads\/2021\/04\/P4180181-scaled-220x220.jpg",220,220,true]},"uagb_author_info":{"display_name":"nore","author_link":"https:\/\/www.nore.ee\/en\/author\/"},"uagb_comment_info":0,"uagb_excerpt":"Nore kodul\u00f5hnastaja t\u00e4ited sisaldavad 250ml kodul\u00f5hnastajat, mis on m\u00f5eldud 100ml kodul\u00f5hnastaja t\u00e4itmiseks. \u00dche t\u00e4itepudeli sisust saab kodul\u00f5hnastaja pudelit t\u00e4ita 2,5 korda. Nore kodul\u00f5hnastajad valmivad k\u00e4sit\u00f6\u00f6na looduss\u00f5bralikest baas\u00f5lidest ning k\u00f5rgekvaliteedilistest aroomi\u00f5lidest. Iga t\u00e4itepakend sisaldab kaheksat kodul\u00f5hnastaja pulka.","_links":{"self":[{"href":"https:\/\/www.nore.ee\/en\/wp-json\/wp\/v2\/product\/13777","targetHints":{"allow":["GET"]}}],"collection":[{"href":"https:\/\/www.nore.ee\/en\/wp-json\/wp\/v2\/product"}],"about":[{"href":"https:\/\/www.nore.ee\/en\/wp-json\/wp\/v2\/types\/product"}],"wp:featuredmedia":[{"embeddable":true,"href":"https:\/\/www.nore.ee\/en\/wp-json\/wp\/v2\/media\/13776"}],"wp:attachment":[{"href":"https:\/\/www.nore.ee\/en\/wp-json\/wp\/v2\/media?parent=13777"}],"wp:term":[{"taxonomy":"product_brand","embeddable":true,"href":"https:\/\/www.nore.ee\/en\/wp-json\/wp\/v2\/product_brand?post=13777"},{"taxonomy":"product_cat","embeddable":true,"href":"https:\/\/www.nore.ee\/en\/wp-json\/wp\/v2\/product_cat?post=13777"},{"taxonomy":"product_tag","embeddable":true,"href":"https:\/\/www.nore.ee\/en\/wp-json\/wp\/v2\/product_tag?post=13777"}],"curies":[{"name":"wp","href":"https:\/\/api.w.org\/{rel}","templated":true}]}}