{"id":15173,"date":"2021-07-13T20:18:20","date_gmt":"2021-07-13T17:18:20","guid":{"rendered":"https:\/\/www.nore.ee\/?post_type=product&#038;p=15173"},"modified":"2026-01-03T13:00:53","modified_gmt":"2026-01-03T11:00:53","slug":"keraamiline-aroomilamp","status":"publish","type":"product","link":"https:\/\/www.nore.ee\/en\/shop\/keraamiline-aroomilamp\/","title":{"rendered":"Black ceramic wax melt burner"},"content":{"rendered":"<p><span class=\"JsGRdQ\">Place a scented wax melt in the upper container and light a tealight in the lower opening. Use only a 4 hour tealight (do not use an 8 hour candle that can damage the burner).<\/span> <span class=\"JsGRdQ\">Do not burn the candle unattended or near flammable objects.<\/span><\/p>\n<p>Tealight and wax melts are not included!<\/p>","protected":false},"excerpt":{"rendered":"<p>&nbsp;<\/p>\n<p>Classic looking ceramic wax melt burner for melting scented wax melts. The burner has a beautiful and classic design that fits any decor and creates a warm ambient glow.<\/p>\n<p>The ceramic burner is hand finished. The exact finish of each burner may vary and minor imperfections may occur.<\/p>","protected":false},"featured_media":15179,"template":"","meta":{"_acf_changed":false,"_crdt_document":"","_uag_custom_page_level_css":""},"product_brand":[],"product_cat":[19],"product_tag":[],"class_list":{"0":"post-15173","1":"product","2":"type-product","3":"status-publish","4":"has-post-thumbnail","6":"product_cat-aksessuaarid","8":"first","9":"instock","10":"taxable","11":"shipping-taxable","12":"purchasable","13":"product-type-simple","15":"catalog-layout-default","16":"columns-xs-1"},"acf":[],"yoast_head":"<!-- This site is optimized with the Yoast SEO plugin v27.4 - https:\/\/yoast.com\/product\/yoast-seo-wordpress\/ -->\n<title>Must keraamiline aroomilamp - NORE<\/title>\n<meta name=\"description\" content=\"Keraamiline aroomilamp l\u00f5hnastatud vahapalade sulatamiseks.\" \/>\n<meta name=\"robots\" content=\"index, follow, max-snippet:-1, max-image-preview:large, max-video-preview:-1\" \/>\n<link rel=\"canonical\" href=\"https:\/\/www.nore.ee\/en\/shop\/keraamiline-aroomilamp\/\" \/>\n<meta property=\"og:locale\" content=\"en_US\" \/>\n<meta property=\"og:type\" content=\"article\" \/>\n<meta property=\"og:title\" content=\"Must keraamiline aroomilamp - NORE\" \/>\n<meta property=\"og:description\" content=\"Keraamiline aroomilamp l\u00f5hnastatud vahapalade sulatamiseks.\" \/>\n<meta property=\"og:url\" content=\"https:\/\/www.nore.ee\/en\/shop\/keraamiline-aroomilamp\/\" \/>\n<meta property=\"og:site_name\" content=\"NORE\" \/>\n<meta property=\"article:modified_time\" content=\"2026-01-03T11:00:53+00:00\" \/>\n<meta property=\"og:image\" content=\"https:\/\/www.nore.ee\/wp-content\/uploads\/2021\/07\/P7170255-scaled.jpg\" \/>\n\t<meta property=\"og:image:width\" content=\"1920\" \/>\n\t<meta property=\"og:image:height\" content=\"2560\" \/>\n\t<meta property=\"og:image:type\" content=\"image\/jpeg\" \/>\n<meta name=\"twitter:card\" content=\"summary_large_image\" \/>\n<meta name=\"twitter:label1\" content=\"Est. reading time\" \/>\n\t<meta name=\"twitter:data1\" content=\"1 minute\" \/>\n<script type=\"application\/ld+json\" class=\"yoast-schema-graph\">{\"@context\":\"https:\\\/\\\/schema.org\",\"@graph\":[{\"@type\":\"WebPage\",\"@id\":\"https:\\\/\\\/www.nore.ee\\\/shop\\\/keraamiline-aroomilamp\\\/\",\"url\":\"https:\\\/\\\/www.nore.ee\\\/shop\\\/keraamiline-aroomilamp\\\/\",\"name\":\"Must keraamiline aroomilamp - NORE\",\"isPartOf\":{\"@id\":\"https:\\\/\\\/www.nore.ee\\\/#website\"},\"primaryImageOfPage\":{\"@id\":\"https:\\\/\\\/www.nore.ee\\\/shop\\\/keraamiline-aroomilamp\\\/#primaryimage\"},\"image\":{\"@id\":\"https:\\\/\\\/www.nore.ee\\\/shop\\\/keraamiline-aroomilamp\\\/#primaryimage\"},\"thumbnailUrl\":\"https:\\\/\\\/www.nore.ee\\\/wp-content\\\/uploads\\\/2021\\\/07\\\/P7170255-scaled.jpg\",\"datePublished\":\"2021-07-13T17:18:20+00:00\",\"dateModified\":\"2026-01-03T11:00:53+00:00\",\"description\":\"Keraamiline aroomilamp l\u00f5hnastatud vahapalade sulatamiseks.\",\"breadcrumb\":{\"@id\":\"https:\\\/\\\/www.nore.ee\\\/shop\\\/keraamiline-aroomilamp\\\/#breadcrumb\"},\"inLanguage\":\"en-US\",\"potentialAction\":[{\"@type\":\"ReadAction\",\"target\":[\"https:\\\/\\\/www.nore.ee\\\/shop\\\/keraamiline-aroomilamp\\\/\"]}]},{\"@type\":\"ImageObject\",\"inLanguage\":\"en-US\",\"@id\":\"https:\\\/\\\/www.nore.ee\\\/shop\\\/keraamiline-aroomilamp\\\/#primaryimage\",\"url\":\"https:\\\/\\\/www.nore.ee\\\/wp-content\\\/uploads\\\/2021\\\/07\\\/P7170255-scaled.jpg\",\"contentUrl\":\"https:\\\/\\\/www.nore.ee\\\/wp-content\\\/uploads\\\/2021\\\/07\\\/P7170255-scaled.jpg\",\"width\":1920,\"height\":2560},{\"@type\":\"BreadcrumbList\",\"@id\":\"https:\\\/\\\/www.nore.ee\\\/shop\\\/keraamiline-aroomilamp\\\/#breadcrumb\",\"itemListElement\":[{\"@type\":\"ListItem\",\"position\":1,\"name\":\"Home\",\"item\":\"https:\\\/\\\/www.nore.ee\\\/\"},{\"@type\":\"ListItem\",\"position\":2,\"name\":\"Tooted\",\"item\":\"https:\\\/\\\/www.nore.ee\\\/en\\\/shop\\\/\"},{\"@type\":\"ListItem\",\"position\":3,\"name\":\"Must keraamiline aroomilamp\"}]},{\"@type\":\"WebSite\",\"@id\":\"https:\\\/\\\/www.nore.ee\\\/#website\",\"url\":\"https:\\\/\\\/www.nore.ee\\\/\",\"name\":\"NORE\",\"description\":\"Eriline l\u00f5hnaelamus sinu kodus!\",\"potentialAction\":[{\"@type\":\"SearchAction\",\"target\":{\"@type\":\"EntryPoint\",\"urlTemplate\":\"https:\\\/\\\/www.nore.ee\\\/?s={search_term_string}\"},\"query-input\":{\"@type\":\"PropertyValueSpecification\",\"valueRequired\":true,\"valueName\":\"search_term_string\"}}],\"inLanguage\":\"en-US\"}]}<\/script>\n<!-- \/ Yoast SEO plugin. -->","yoast_head_json":{"title":"Must keraamiline aroomilamp - NORE","description":"Keraamiline aroomilamp l\u00f5hnastatud vahapalade sulatamiseks.","robots":{"index":"index","follow":"follow","max-snippet":"max-snippet:-1","max-image-preview":"max-image-preview:large","max-video-preview":"max-video-preview:-1"},"canonical":"https:\/\/www.nore.ee\/en\/shop\/keraamiline-aroomilamp\/","og_locale":"en_US","og_type":"article","og_title":"Must keraamiline aroomilamp - NORE","og_description":"Keraamiline aroomilamp l\u00f5hnastatud vahapalade sulatamiseks.","og_url":"https:\/\/www.nore.ee\/en\/shop\/keraamiline-aroomilamp\/","og_site_name":"NORE","article_modified_time":"2026-01-03T11:00:53+00:00","og_image":[{"width":1920,"height":2560,"url":"https:\/\/www.nore.ee\/wp-content\/uploads\/2021\/07\/P7170255-scaled.jpg","type":"image\/jpeg"}],"twitter_card":"summary_large_image","twitter_misc":{"Est. reading time":"1 minute"},"schema":{"@context":"https:\/\/schema.org","@graph":[{"@type":"WebPage","@id":"https:\/\/www.nore.ee\/shop\/keraamiline-aroomilamp\/","url":"https:\/\/www.nore.ee\/shop\/keraamiline-aroomilamp\/","name":"Must keraamiline aroomilamp - NORE","isPartOf":{"@id":"https:\/\/www.nore.ee\/#website"},"primaryImageOfPage":{"@id":"https:\/\/www.nore.ee\/shop\/keraamiline-aroomilamp\/#primaryimage"},"image":{"@id":"https:\/\/www.nore.ee\/shop\/keraamiline-aroomilamp\/#primaryimage"},"thumbnailUrl":"https:\/\/www.nore.ee\/wp-content\/uploads\/2021\/07\/P7170255-scaled.jpg","datePublished":"2021-07-13T17:18:20+00:00","dateModified":"2026-01-03T11:00:53+00:00","description":"Keraamiline aroomilamp l\u00f5hnastatud vahapalade sulatamiseks.","breadcrumb":{"@id":"https:\/\/www.nore.ee\/shop\/keraamiline-aroomilamp\/#breadcrumb"},"inLanguage":"en-US","potentialAction":[{"@type":"ReadAction","target":["https:\/\/www.nore.ee\/shop\/keraamiline-aroomilamp\/"]}]},{"@type":"ImageObject","inLanguage":"en-US","@id":"https:\/\/www.nore.ee\/shop\/keraamiline-aroomilamp\/#primaryimage","url":"https:\/\/www.nore.ee\/wp-content\/uploads\/2021\/07\/P7170255-scaled.jpg","contentUrl":"https:\/\/www.nore.ee\/wp-content\/uploads\/2021\/07\/P7170255-scaled.jpg","width":1920,"height":2560},{"@type":"BreadcrumbList","@id":"https:\/\/www.nore.ee\/shop\/keraamiline-aroomilamp\/#breadcrumb","itemListElement":[{"@type":"ListItem","position":1,"name":"Home","item":"https:\/\/www.nore.ee\/"},{"@type":"ListItem","position":2,"name":"Tooted","item":"https:\/\/www.nore.ee\/en\/shop\/"},{"@type":"ListItem","position":3,"name":"Must keraamiline aroomilamp"}]},{"@type":"WebSite","@id":"https:\/\/www.nore.ee\/#website","url":"https:\/\/www.nore.ee\/","name":"NORE","description":"Unique scent experience in your home!","potentialAction":[{"@type":"SearchAction","target":{"@type":"EntryPoint","urlTemplate":"https:\/\/www.nore.ee\/?s={search_term_string}"},"query-input":{"@type":"PropertyValueSpecification","valueRequired":true,"valueName":"search_term_string"}}],"inLanguage":"en-US"}]}},"uagb_featured_image_src":{"full":["https:\/\/www.nore.ee\/wp-content\/uploads\/2021\/07\/P7170255-scaled.jpg",1920,2560,false],"thumbnail":["https:\/\/www.nore.ee\/wp-content\/uploads\/2021\/07\/P7170255-150x150.jpg",150,150,true],"medium":["https:\/\/www.nore.ee\/wp-content\/uploads\/2021\/07\/P7170255-225x300.jpg",225,300,true],"medium_large":["https:\/\/www.nore.ee\/wp-content\/uploads\/2021\/07\/P7170255-768x1024.jpg",768,1024,true],"large":["https:\/\/www.nore.ee\/wp-content\/uploads\/2021\/07\/P7170255-768x1024.jpg",768,1024,true],"1536x1536":["https:\/\/www.nore.ee\/wp-content\/uploads\/2021\/07\/P7170255-1152x1536.jpg",1152,1536,true],"2048x2048":["https:\/\/www.nore.ee\/wp-content\/uploads\/2021\/07\/P7170255-1536x2048.jpg",1536,2048,true],"trp-custom-language-flag":["https:\/\/www.nore.ee\/wp-content\/uploads\/2021\/07\/P7170255-scaled.jpg",9,12,false],"blog-thumb-1":["https:\/\/www.nore.ee\/wp-content\/uploads\/2021\/07\/P7170255-468x328.jpg",468,328,true],"blog-thumb-2":["https:\/\/www.nore.ee\/wp-content\/uploads\/2021\/07\/P7170255-468x468.jpg",468,468,true],"blog-thumb-3":["https:\/\/www.nore.ee\/wp-content\/uploads\/2021\/07\/P7170255-845x592.jpg",845,592,true],"blog-single-1":["https:\/\/www.nore.ee\/wp-content\/uploads\/2021\/07\/P7170255-1482x635.jpg",1482,635,true],"portfolio-single-img-1":["https:\/\/www.nore.ee\/wp-content\/uploads\/2021\/07\/P7170255-1612x2149.jpg",1612,2149,true],"portfolio-single-img-2":["https:\/\/www.nore.ee\/wp-content\/uploads\/2021\/07\/P7170255-1116x1488.jpg",1116,1488,true],"portfolio-single-img-3":["https:\/\/www.nore.ee\/wp-content\/uploads\/2021\/07\/P7170255-806x1075.jpg",806,1075,true],"portfolio-single-img-4":["https:\/\/www.nore.ee\/wp-content\/uploads\/2021\/07\/P7170255-558x744.jpg",558,744,true],"portfolio-img-1":["https:\/\/www.nore.ee\/wp-content\/uploads\/2021\/07\/P7170255-655x545.jpg",655,545,true],"portfolio-img-2":["https:\/\/www.nore.ee\/wp-content\/uploads\/2021\/07\/P7170255-655x545.jpg",655,545,true],"portfolio-img-3":["https:\/\/www.nore.ee\/wp-content\/uploads\/2021\/07\/P7170255-655x873.jpg",655,873,true],"shop-category-thumb":["https:\/\/www.nore.ee\/wp-content\/uploads\/2021\/07\/P7170255-500x290.jpg",500,290,true],"woocommerce_thumbnail":["https:\/\/www.nore.ee\/wp-content\/uploads\/2021\/07\/P7170255-scaled-550x700.jpg",550,700,true],"woocommerce_single":["https:\/\/www.nore.ee\/wp-content\/uploads\/2021\/07\/P7170255-scaled-820x1093.jpg",820,1093,true],"woocommerce_gallery_thumbnail":["https:\/\/www.nore.ee\/wp-content\/uploads\/2021\/07\/P7170255-scaled-220x220.jpg",220,220,true]},"uagb_author_info":{"display_name":"nore","author_link":"https:\/\/www.nore.ee\/en\/author\/"},"uagb_comment_info":0,"uagb_excerpt":"&nbsp; Klassikalise v\u00e4limusega keraamiline aroomilamp l\u00f5hnastatud vahapalade sulatamiseks. Aroomilamp on kauni ja klassikalise disainiga, mis sobib igas stiilis interj\u00f6\u00f6ri ning v\u00f5imaldab teek\u00fc\u00fcnla valgusel kahele poole helkida. Keraamiline aroomilamp on k\u00e4sitsi viimistletud, mis teeb iga lambi eriliseks. Lambil v\u00f5ib esineda v\u00e4iksemaid erisusi, mis on tingitud valmistusprotsessist.","_links":{"self":[{"href":"https:\/\/www.nore.ee\/en\/wp-json\/wp\/v2\/product\/15173","targetHints":{"allow":["GET"]}}],"collection":[{"href":"https:\/\/www.nore.ee\/en\/wp-json\/wp\/v2\/product"}],"about":[{"href":"https:\/\/www.nore.ee\/en\/wp-json\/wp\/v2\/types\/product"}],"wp:featuredmedia":[{"embeddable":true,"href":"https:\/\/www.nore.ee\/en\/wp-json\/wp\/v2\/media\/15179"}],"wp:attachment":[{"href":"https:\/\/www.nore.ee\/en\/wp-json\/wp\/v2\/media?parent=15173"}],"wp:term":[{"taxonomy":"product_brand","embeddable":true,"href":"https:\/\/www.nore.ee\/en\/wp-json\/wp\/v2\/product_brand?post=15173"},{"taxonomy":"product_cat","embeddable":true,"href":"https:\/\/www.nore.ee\/en\/wp-json\/wp\/v2\/product_cat?post=15173"},{"taxonomy":"product_tag","embeddable":true,"href":"https:\/\/www.nore.ee\/en\/wp-json\/wp\/v2\/product_tag?post=15173"}],"curies":[{"name":"wp","href":"https:\/\/api.w.org\/{rel}","templated":true}]}}