{"id":15227,"date":"2021-07-18T22:00:37","date_gmt":"2021-07-18T19:00:37","guid":{"rendered":"https:\/\/www.nore.ee\/?post_type=product&#038;p=15227"},"modified":"2026-01-17T11:00:14","modified_gmt":"2026-01-17T09:00:14","slug":"50e-kinkekaart","status":"publish","type":"product","link":"https:\/\/www.nore.ee\/en\/shop\/50e-kinkekaart\/","title":{"rendered":"50\u20ac gift card"},"content":{"rendered":"<p><span style=\"font-weight: 400;\">Every gift card has its own unique code that distinguishes it from the others. To use the gift card, select the desired products from our e-store, add them to the shopping cart and enter the gift card code in the coupon box when placing the order.<\/span><\/p>","protected":false},"excerpt":{"rendered":"<p>&nbsp;<\/p>\n<p><span style=\"font-weight: 400;\">Nore gift card can be used to purchase all items sold in our e-store. The gift card is available with different designs and is suitable for gifting for different occasions. Nore gift card is available as a physical card and in a virtual form.<\/span><\/p>\n<p><span style=\"font-weight: 400;\">Virtual gift card will be sent to your e-mail within 1 business day after placing the order. <\/span>If you want to order the gift card in a value that is not available in the e-store, contact us at <a href=\"mailto:info@nore.ee\">info@nore.ee<\/a><\/p>\n<p>&nbsp;<\/p>","protected":false},"featured_media":2021,"template":"","meta":{"_acf_changed":false,"_crdt_document":"","_uag_custom_page_level_css":""},"product_brand":[],"product_cat":[60],"product_tag":[],"class_list":{"0":"post-15227","1":"product","2":"type-product","3":"status-publish","4":"has-post-thumbnail","6":"product_cat-kingisoovitused","8":"first","9":"instock","10":"taxable","11":"shipping-taxable","12":"purchasable","13":"product-type-variable","15":"catalog-layout-default","16":"columns-xs-1"},"acf":[],"yoast_head":"<!-- This site is optimized with the Yoast SEO plugin v27.5 - https:\/\/yoast.com\/product\/yoast-seo-wordpress\/ -->\n<title>50\u20ac kinkekaart - NORE<\/title>\n<meta name=\"description\" content=\"Nore kinkekaart on valikus kolmes erinevas v\u00e4\u00e4rtuses ning saadaval virtuaalsena v\u00f5i paberkandjal.\" \/>\n<meta name=\"robots\" content=\"index, follow, max-snippet:-1, max-image-preview:large, max-video-preview:-1\" \/>\n<link rel=\"canonical\" href=\"https:\/\/www.nore.ee\/en\/shop\/50e-kinkekaart\/\" \/>\n<meta property=\"og:locale\" content=\"en_US\" \/>\n<meta property=\"og:type\" content=\"article\" \/>\n<meta property=\"og:title\" content=\"50\u20ac kinkekaart - NORE\" \/>\n<meta property=\"og:description\" content=\"Nore kinkekaart on valikus kolmes erinevas v\u00e4\u00e4rtuses ning saadaval virtuaalsena v\u00f5i paberkandjal.\" \/>\n<meta property=\"og:url\" content=\"https:\/\/www.nore.ee\/en\/shop\/50e-kinkekaart\/\" \/>\n<meta property=\"og:site_name\" content=\"NORE\" \/>\n<meta property=\"article:modified_time\" content=\"2026-01-17T09:00:14+00:00\" \/>\n<meta property=\"og:image\" content=\"https:\/\/www.nore.ee\/wp-content\/uploads\/2020\/11\/Nore_aitah.png\" \/>\n\t<meta property=\"og:image:width\" content=\"1080\" \/>\n\t<meta property=\"og:image:height\" content=\"1080\" \/>\n\t<meta property=\"og:image:type\" content=\"image\/png\" \/>\n<meta name=\"twitter:card\" content=\"summary_large_image\" \/>\n<meta name=\"twitter:label1\" content=\"Est. reading time\" \/>\n\t<meta name=\"twitter:data1\" content=\"1 minute\" \/>\n<script type=\"application\/ld+json\" class=\"yoast-schema-graph\">{\"@context\":\"https:\\\/\\\/schema.org\",\"@graph\":[{\"@type\":\"WebPage\",\"@id\":\"https:\\\/\\\/www.nore.ee\\\/shop\\\/50e-kinkekaart\\\/\",\"url\":\"https:\\\/\\\/www.nore.ee\\\/shop\\\/50e-kinkekaart\\\/\",\"name\":\"50\u20ac kinkekaart - NORE\",\"isPartOf\":{\"@id\":\"https:\\\/\\\/www.nore.ee\\\/#website\"},\"primaryImageOfPage\":{\"@id\":\"https:\\\/\\\/www.nore.ee\\\/shop\\\/50e-kinkekaart\\\/#primaryimage\"},\"image\":{\"@id\":\"https:\\\/\\\/www.nore.ee\\\/shop\\\/50e-kinkekaart\\\/#primaryimage\"},\"thumbnailUrl\":\"https:\\\/\\\/www.nore.ee\\\/wp-content\\\/uploads\\\/2020\\\/11\\\/Nore_aitah.png\",\"datePublished\":\"2021-07-18T19:00:37+00:00\",\"dateModified\":\"2026-01-17T09:00:14+00:00\",\"description\":\"Nore kinkekaart on valikus kolmes erinevas v\u00e4\u00e4rtuses ning saadaval virtuaalsena v\u00f5i paberkandjal.\",\"breadcrumb\":{\"@id\":\"https:\\\/\\\/www.nore.ee\\\/shop\\\/50e-kinkekaart\\\/#breadcrumb\"},\"inLanguage\":\"en-US\",\"potentialAction\":[{\"@type\":\"ReadAction\",\"target\":[\"https:\\\/\\\/www.nore.ee\\\/shop\\\/50e-kinkekaart\\\/\"]}]},{\"@type\":\"ImageObject\",\"inLanguage\":\"en-US\",\"@id\":\"https:\\\/\\\/www.nore.ee\\\/shop\\\/50e-kinkekaart\\\/#primaryimage\",\"url\":\"https:\\\/\\\/www.nore.ee\\\/wp-content\\\/uploads\\\/2020\\\/11\\\/Nore_aitah.png\",\"contentUrl\":\"https:\\\/\\\/www.nore.ee\\\/wp-content\\\/uploads\\\/2020\\\/11\\\/Nore_aitah.png\",\"width\":1080,\"height\":1080},{\"@type\":\"BreadcrumbList\",\"@id\":\"https:\\\/\\\/www.nore.ee\\\/shop\\\/50e-kinkekaart\\\/#breadcrumb\",\"itemListElement\":[{\"@type\":\"ListItem\",\"position\":1,\"name\":\"Home\",\"item\":\"https:\\\/\\\/www.nore.ee\\\/\"},{\"@type\":\"ListItem\",\"position\":2,\"name\":\"Tooted\",\"item\":\"https:\\\/\\\/www.nore.ee\\\/en\\\/shop\\\/\"},{\"@type\":\"ListItem\",\"position\":3,\"name\":\"50\u20ac kinkekaart\"}]},{\"@type\":\"WebSite\",\"@id\":\"https:\\\/\\\/www.nore.ee\\\/#website\",\"url\":\"https:\\\/\\\/www.nore.ee\\\/\",\"name\":\"NORE\",\"description\":\"Eriline l\u00f5hnaelamus sinu kodus!\",\"potentialAction\":[{\"@type\":\"SearchAction\",\"target\":{\"@type\":\"EntryPoint\",\"urlTemplate\":\"https:\\\/\\\/www.nore.ee\\\/?s={search_term_string}\"},\"query-input\":{\"@type\":\"PropertyValueSpecification\",\"valueRequired\":true,\"valueName\":\"search_term_string\"}}],\"inLanguage\":\"en-US\"}]}<\/script>\n<!-- \/ Yoast SEO plugin. -->","yoast_head_json":{"title":"50\u20ac kinkekaart - NORE","description":"Nore kinkekaart on valikus kolmes erinevas v\u00e4\u00e4rtuses ning saadaval virtuaalsena v\u00f5i paberkandjal.","robots":{"index":"index","follow":"follow","max-snippet":"max-snippet:-1","max-image-preview":"max-image-preview:large","max-video-preview":"max-video-preview:-1"},"canonical":"https:\/\/www.nore.ee\/en\/shop\/50e-kinkekaart\/","og_locale":"en_US","og_type":"article","og_title":"50\u20ac kinkekaart - NORE","og_description":"Nore kinkekaart on valikus kolmes erinevas v\u00e4\u00e4rtuses ning saadaval virtuaalsena v\u00f5i paberkandjal.","og_url":"https:\/\/www.nore.ee\/en\/shop\/50e-kinkekaart\/","og_site_name":"NORE","article_modified_time":"2026-01-17T09:00:14+00:00","og_image":[{"width":1080,"height":1080,"url":"https:\/\/www.nore.ee\/wp-content\/uploads\/2020\/11\/Nore_aitah.png","type":"image\/png"}],"twitter_card":"summary_large_image","twitter_misc":{"Est. reading time":"1 minute"},"schema":{"@context":"https:\/\/schema.org","@graph":[{"@type":"WebPage","@id":"https:\/\/www.nore.ee\/shop\/50e-kinkekaart\/","url":"https:\/\/www.nore.ee\/shop\/50e-kinkekaart\/","name":"50\u20ac kinkekaart - NORE","isPartOf":{"@id":"https:\/\/www.nore.ee\/#website"},"primaryImageOfPage":{"@id":"https:\/\/www.nore.ee\/shop\/50e-kinkekaart\/#primaryimage"},"image":{"@id":"https:\/\/www.nore.ee\/shop\/50e-kinkekaart\/#primaryimage"},"thumbnailUrl":"https:\/\/www.nore.ee\/wp-content\/uploads\/2020\/11\/Nore_aitah.png","datePublished":"2021-07-18T19:00:37+00:00","dateModified":"2026-01-17T09:00:14+00:00","description":"Nore kinkekaart on valikus kolmes erinevas v\u00e4\u00e4rtuses ning saadaval virtuaalsena v\u00f5i paberkandjal.","breadcrumb":{"@id":"https:\/\/www.nore.ee\/shop\/50e-kinkekaart\/#breadcrumb"},"inLanguage":"en-US","potentialAction":[{"@type":"ReadAction","target":["https:\/\/www.nore.ee\/shop\/50e-kinkekaart\/"]}]},{"@type":"ImageObject","inLanguage":"en-US","@id":"https:\/\/www.nore.ee\/shop\/50e-kinkekaart\/#primaryimage","url":"https:\/\/www.nore.ee\/wp-content\/uploads\/2020\/11\/Nore_aitah.png","contentUrl":"https:\/\/www.nore.ee\/wp-content\/uploads\/2020\/11\/Nore_aitah.png","width":1080,"height":1080},{"@type":"BreadcrumbList","@id":"https:\/\/www.nore.ee\/shop\/50e-kinkekaart\/#breadcrumb","itemListElement":[{"@type":"ListItem","position":1,"name":"Home","item":"https:\/\/www.nore.ee\/"},{"@type":"ListItem","position":2,"name":"Tooted","item":"https:\/\/www.nore.ee\/en\/shop\/"},{"@type":"ListItem","position":3,"name":"50\u20ac kinkekaart"}]},{"@type":"WebSite","@id":"https:\/\/www.nore.ee\/#website","url":"https:\/\/www.nore.ee\/","name":"NORE","description":"Unique scent experience in your home!","potentialAction":[{"@type":"SearchAction","target":{"@type":"EntryPoint","urlTemplate":"https:\/\/www.nore.ee\/?s={search_term_string}"},"query-input":{"@type":"PropertyValueSpecification","valueRequired":true,"valueName":"search_term_string"}}],"inLanguage":"en-US"}]}},"uagb_featured_image_src":{"full":["https:\/\/www.nore.ee\/wp-content\/uploads\/2020\/11\/Nore_aitah.png",1080,1080,false],"thumbnail":["https:\/\/www.nore.ee\/wp-content\/uploads\/2020\/11\/Nore_aitah-150x150.png",150,150,true],"medium":["https:\/\/www.nore.ee\/wp-content\/uploads\/2020\/11\/Nore_aitah-300x300.png",300,300,true],"medium_large":["https:\/\/www.nore.ee\/wp-content\/uploads\/2020\/11\/Nore_aitah-768x768.png",768,768,true],"large":["https:\/\/www.nore.ee\/wp-content\/uploads\/2020\/11\/Nore_aitah-1024x1024.png",945,945,true],"1536x1536":["https:\/\/www.nore.ee\/wp-content\/uploads\/2020\/11\/Nore_aitah.png",1080,1080,false],"2048x2048":["https:\/\/www.nore.ee\/wp-content\/uploads\/2020\/11\/Nore_aitah.png",1080,1080,false],"trp-custom-language-flag":["https:\/\/www.nore.ee\/wp-content\/uploads\/2020\/11\/Nore_aitah.png",12,12,false],"blog-thumb-1":["https:\/\/www.nore.ee\/wp-content\/uploads\/2020\/11\/Nore_aitah-468x328.png",468,328,true],"blog-thumb-2":["https:\/\/www.nore.ee\/wp-content\/uploads\/2020\/11\/Nore_aitah-468x468.png",468,468,true],"blog-thumb-3":["https:\/\/www.nore.ee\/wp-content\/uploads\/2020\/11\/Nore_aitah-845x592.png",845,592,true],"blog-single-1":["https:\/\/www.nore.ee\/wp-content\/uploads\/2020\/11\/Nore_aitah-1080x635.png",1080,635,true],"portfolio-single-img-1":["https:\/\/www.nore.ee\/wp-content\/uploads\/2020\/11\/Nore_aitah.png",1080,1080,false],"portfolio-single-img-2":["https:\/\/www.nore.ee\/wp-content\/uploads\/2020\/11\/Nore_aitah.png",1080,1080,false],"portfolio-single-img-3":["https:\/\/www.nore.ee\/wp-content\/uploads\/2020\/11\/Nore_aitah-806x806.png",806,806,true],"portfolio-single-img-4":["https:\/\/www.nore.ee\/wp-content\/uploads\/2020\/11\/Nore_aitah-558x558.png",558,558,true],"portfolio-img-1":["https:\/\/www.nore.ee\/wp-content\/uploads\/2020\/11\/Nore_aitah-655x545.png",655,545,true],"portfolio-img-2":["https:\/\/www.nore.ee\/wp-content\/uploads\/2020\/11\/Nore_aitah-655x545.png",655,545,true],"portfolio-img-3":["https:\/\/www.nore.ee\/wp-content\/uploads\/2020\/11\/Nore_aitah-655x655.png",655,655,true],"shop-category-thumb":["https:\/\/www.nore.ee\/wp-content\/uploads\/2020\/11\/Nore_aitah-500x290.png",500,290,true],"woocommerce_thumbnail":["https:\/\/www.nore.ee\/wp-content\/uploads\/2020\/11\/Nore_aitah-550x700.png",550,700,true],"woocommerce_single":["https:\/\/www.nore.ee\/wp-content\/uploads\/2020\/11\/Nore_aitah-820x820.png",820,820,true],"woocommerce_gallery_thumbnail":["https:\/\/www.nore.ee\/wp-content\/uploads\/2020\/11\/Nore_aitah-220x220.png",220,220,true]},"uagb_author_info":{"display_name":"nore","author_link":"https:\/\/www.nore.ee\/en\/author\/"},"uagb_comment_info":0,"uagb_excerpt":"&nbsp; Nore kinkekaardi eest on v\u00f5imalik soetada k\u00f5iki e-poes m\u00fc\u00fcgil olevaid tooteid. Kinkekaart on valikus erinevate kujundustega ning need sobivad kinkimiseks iga elus\u00fcndmuse t\u00e4histamiseks. Kinkekaart on saadaval virtuaalsena v\u00f5i paberkandjal. Virtuaalne kinkekaart saadetakse peale tellimuse vormistamist sinu e-posti aadressile 1 t\u00f6\u00f6p\u00e4eva jooksul. PS. Kui soovid tellida kinkekaarti v\u00e4\u00e4rtuses, mida e-poe valikus ei ole, kirjuta meile&hellip;","_links":{"self":[{"href":"https:\/\/www.nore.ee\/en\/wp-json\/wp\/v2\/product\/15227","targetHints":{"allow":["GET"]}}],"collection":[{"href":"https:\/\/www.nore.ee\/en\/wp-json\/wp\/v2\/product"}],"about":[{"href":"https:\/\/www.nore.ee\/en\/wp-json\/wp\/v2\/types\/product"}],"wp:featuredmedia":[{"embeddable":true,"href":"https:\/\/www.nore.ee\/en\/wp-json\/wp\/v2\/media\/2021"}],"wp:attachment":[{"href":"https:\/\/www.nore.ee\/en\/wp-json\/wp\/v2\/media?parent=15227"}],"wp:term":[{"taxonomy":"product_brand","embeddable":true,"href":"https:\/\/www.nore.ee\/en\/wp-json\/wp\/v2\/product_brand?post=15227"},{"taxonomy":"product_cat","embeddable":true,"href":"https:\/\/www.nore.ee\/en\/wp-json\/wp\/v2\/product_cat?post=15227"},{"taxonomy":"product_tag","embeddable":true,"href":"https:\/\/www.nore.ee\/en\/wp-json\/wp\/v2\/product_tag?post=15227"}],"curies":[{"name":"wp","href":"https:\/\/api.w.org\/{rel}","templated":true}]}}