{"id":17998,"date":"2022-06-17T21:58:24","date_gmt":"2022-06-17T18:58:24","guid":{"rendered":"https:\/\/www.nore.ee\/?post_type=product&#038;p=17998"},"modified":"2025-10-08T19:44:24","modified_gmt":"2025-10-08T16:44:24","slug":"black-fern-klaaspudelis-tikud","status":"publish","type":"product","link":"https:\/\/www.nore.ee\/en\/shop\/black-fern-klaaspudelis-tikud\/","title":{"rendered":"Black Fern matches in glass bottle"},"content":{"rendered":"","protected":false},"excerpt":{"rendered":"<p>&nbsp;<\/p>\n<p>A decorative bottle filled with matches that makes lighting a candle a luxurious experience. The design of the matches is created by the fabulous Daren Thomas Magee. The match bottle makes a beautiful interior design element. The bottle includes 125 matches with a length of 10 cm.<\/p>\n<div class=\"product-block product-block--tab\">\n<div class=\"collapsibles-wrapper collapsibles-wrapper--border-bottom\"><\/div>\n<\/div>","protected":false},"featured_media":17999,"template":"","meta":{"_acf_changed":false,"_crdt_document":"","_uag_custom_page_level_css":""},"product_brand":[],"product_cat":[19,100],"product_tag":[],"class_list":{"0":"post-17998","1":"product","2":"type-product","3":"status-publish","4":"has-post-thumbnail","6":"product_cat-aksessuaarid","7":"product_cat-archivist","9":"first","10":"instock","11":"taxable","12":"shipping-taxable","13":"purchasable","14":"product-type-simple","16":"catalog-layout-default","17":"columns-xs-1"},"acf":[],"yoast_head":"<!-- This site is optimized with the Yoast SEO plugin v27.4 - https:\/\/yoast.com\/product\/yoast-seo-wordpress\/ -->\n<title>Black Fern klaaspudelis tikud - NORE<\/title>\n<meta name=\"description\" content=\"Stiilse v\u00e4limusega klaaspudelis tikud, mis teevad k\u00fc\u00fcnla s\u00fc\u00fctamisest luksusliku elamuse. Tikkude kujunduse on disaininud tuntud illustraator Daren Thomas Magee. Klaaspudeli elegantne v\u00e4limus teeb sellest kauni sisekujunduselemendi. Pudelis on 125 tikku pikkusega 10cm.\" \/>\n<meta name=\"robots\" content=\"index, follow, max-snippet:-1, max-image-preview:large, max-video-preview:-1\" \/>\n<link rel=\"canonical\" href=\"https:\/\/www.nore.ee\/en\/shop\/black-fern-klaaspudelis-tikud\/\" \/>\n<meta property=\"og:locale\" content=\"en_US\" \/>\n<meta property=\"og:type\" content=\"article\" \/>\n<meta property=\"og:title\" content=\"Black Fern klaaspudelis tikud - NORE\" \/>\n<meta property=\"og:description\" content=\"Stiilse v\u00e4limusega klaaspudelis tikud, mis teevad k\u00fc\u00fcnla s\u00fc\u00fctamisest luksusliku elamuse. Tikkude kujunduse on disaininud tuntud illustraator Daren Thomas Magee. Klaaspudeli elegantne v\u00e4limus teeb sellest kauni sisekujunduselemendi. Pudelis on 125 tikku pikkusega 10cm.\" \/>\n<meta property=\"og:url\" content=\"https:\/\/www.nore.ee\/en\/shop\/black-fern-klaaspudelis-tikud\/\" \/>\n<meta property=\"og:site_name\" content=\"NORE\" \/>\n<meta property=\"article:modified_time\" content=\"2025-10-08T16:44:24+00:00\" \/>\n<meta property=\"og:image\" content=\"https:\/\/www.nore.ee\/wp-content\/uploads\/2022\/06\/DSC1333-scaled.jpg\" \/>\n\t<meta property=\"og:image:width\" content=\"2048\" \/>\n\t<meta property=\"og:image:height\" content=\"2560\" \/>\n\t<meta property=\"og:image:type\" content=\"image\/jpeg\" \/>\n<meta name=\"twitter:card\" content=\"summary_large_image\" \/>\n<meta name=\"twitter:label1\" content=\"Est. reading time\" \/>\n\t<meta name=\"twitter:data1\" content=\"1 minute\" \/>\n<script type=\"application\/ld+json\" class=\"yoast-schema-graph\">{\"@context\":\"https:\\\/\\\/schema.org\",\"@graph\":[{\"@type\":\"WebPage\",\"@id\":\"https:\\\/\\\/www.nore.ee\\\/shop\\\/black-fern-klaaspudelis-tikud\\\/\",\"url\":\"https:\\\/\\\/www.nore.ee\\\/shop\\\/black-fern-klaaspudelis-tikud\\\/\",\"name\":\"Black Fern klaaspudelis tikud - NORE\",\"isPartOf\":{\"@id\":\"https:\\\/\\\/www.nore.ee\\\/#website\"},\"primaryImageOfPage\":{\"@id\":\"https:\\\/\\\/www.nore.ee\\\/shop\\\/black-fern-klaaspudelis-tikud\\\/#primaryimage\"},\"image\":{\"@id\":\"https:\\\/\\\/www.nore.ee\\\/shop\\\/black-fern-klaaspudelis-tikud\\\/#primaryimage\"},\"thumbnailUrl\":\"https:\\\/\\\/www.nore.ee\\\/wp-content\\\/uploads\\\/2022\\\/06\\\/DSC1333-scaled.jpg\",\"datePublished\":\"2022-06-17T18:58:24+00:00\",\"dateModified\":\"2025-10-08T16:44:24+00:00\",\"description\":\"Stiilse v\u00e4limusega klaaspudelis tikud, mis teevad k\u00fc\u00fcnla s\u00fc\u00fctamisest luksusliku elamuse. Tikkude kujunduse on disaininud tuntud illustraator Daren Thomas Magee. Klaaspudeli elegantne v\u00e4limus teeb sellest kauni sisekujunduselemendi. Pudelis on 125 tikku pikkusega 10cm.\",\"breadcrumb\":{\"@id\":\"https:\\\/\\\/www.nore.ee\\\/shop\\\/black-fern-klaaspudelis-tikud\\\/#breadcrumb\"},\"inLanguage\":\"en-US\",\"potentialAction\":[{\"@type\":\"ReadAction\",\"target\":[\"https:\\\/\\\/www.nore.ee\\\/shop\\\/black-fern-klaaspudelis-tikud\\\/\"]}]},{\"@type\":\"ImageObject\",\"inLanguage\":\"en-US\",\"@id\":\"https:\\\/\\\/www.nore.ee\\\/shop\\\/black-fern-klaaspudelis-tikud\\\/#primaryimage\",\"url\":\"https:\\\/\\\/www.nore.ee\\\/wp-content\\\/uploads\\\/2022\\\/06\\\/DSC1333-scaled.jpg\",\"contentUrl\":\"https:\\\/\\\/www.nore.ee\\\/wp-content\\\/uploads\\\/2022\\\/06\\\/DSC1333-scaled.jpg\",\"width\":2048,\"height\":2560},{\"@type\":\"BreadcrumbList\",\"@id\":\"https:\\\/\\\/www.nore.ee\\\/shop\\\/black-fern-klaaspudelis-tikud\\\/#breadcrumb\",\"itemListElement\":[{\"@type\":\"ListItem\",\"position\":1,\"name\":\"Home\",\"item\":\"https:\\\/\\\/www.nore.ee\\\/\"},{\"@type\":\"ListItem\",\"position\":2,\"name\":\"Tooted\",\"item\":\"https:\\\/\\\/www.nore.ee\\\/en\\\/shop\\\/\"},{\"@type\":\"ListItem\",\"position\":3,\"name\":\"Black Fern klaaspudelis tikud\"}]},{\"@type\":\"WebSite\",\"@id\":\"https:\\\/\\\/www.nore.ee\\\/#website\",\"url\":\"https:\\\/\\\/www.nore.ee\\\/\",\"name\":\"NORE\",\"description\":\"Eriline l\u00f5hnaelamus sinu kodus!\",\"potentialAction\":[{\"@type\":\"SearchAction\",\"target\":{\"@type\":\"EntryPoint\",\"urlTemplate\":\"https:\\\/\\\/www.nore.ee\\\/?s={search_term_string}\"},\"query-input\":{\"@type\":\"PropertyValueSpecification\",\"valueRequired\":true,\"valueName\":\"search_term_string\"}}],\"inLanguage\":\"en-US\"}]}<\/script>\n<!-- \/ Yoast SEO plugin. -->","yoast_head_json":{"title":"Black Fern klaaspudelis tikud - NORE","description":"A decorative bottle filled with matches that makes lighting a candle a luxurious experience. The design of the matches is created by the fabulous Daren Thomas Magee. The match bottle makes a beautiful interior design element. The bottle includes 125 matches with a length of 10 cm.","robots":{"index":"index","follow":"follow","max-snippet":"max-snippet:-1","max-image-preview":"max-image-preview:large","max-video-preview":"max-video-preview:-1"},"canonical":"https:\/\/www.nore.ee\/en\/shop\/black-fern-klaaspudelis-tikud\/","og_locale":"en_US","og_type":"article","og_title":"Black Fern klaaspudelis tikud - NORE","og_description":"Stiilse v\u00e4limusega klaaspudelis tikud, mis teevad k\u00fc\u00fcnla s\u00fc\u00fctamisest luksusliku elamuse. Tikkude kujunduse on disaininud tuntud illustraator Daren Thomas Magee. Klaaspudeli elegantne v\u00e4limus teeb sellest kauni sisekujunduselemendi. Pudelis on 125 tikku pikkusega 10cm.","og_url":"https:\/\/www.nore.ee\/en\/shop\/black-fern-klaaspudelis-tikud\/","og_site_name":"NORE","article_modified_time":"2025-10-08T16:44:24+00:00","og_image":[{"width":2048,"height":2560,"url":"https:\/\/www.nore.ee\/wp-content\/uploads\/2022\/06\/DSC1333-scaled.jpg","type":"image\/jpeg"}],"twitter_card":"summary_large_image","twitter_misc":{"Est. reading time":"1 minute"},"schema":{"@context":"https:\/\/schema.org","@graph":[{"@type":"WebPage","@id":"https:\/\/www.nore.ee\/shop\/black-fern-klaaspudelis-tikud\/","url":"https:\/\/www.nore.ee\/shop\/black-fern-klaaspudelis-tikud\/","name":"Black Fern klaaspudelis tikud - NORE","isPartOf":{"@id":"https:\/\/www.nore.ee\/#website"},"primaryImageOfPage":{"@id":"https:\/\/www.nore.ee\/shop\/black-fern-klaaspudelis-tikud\/#primaryimage"},"image":{"@id":"https:\/\/www.nore.ee\/shop\/black-fern-klaaspudelis-tikud\/#primaryimage"},"thumbnailUrl":"https:\/\/www.nore.ee\/wp-content\/uploads\/2022\/06\/DSC1333-scaled.jpg","datePublished":"2022-06-17T18:58:24+00:00","dateModified":"2025-10-08T16:44:24+00:00","description":"A decorative bottle filled with matches that makes lighting a candle a luxurious experience. The design of the matches is created by the fabulous Daren Thomas Magee. The match bottle makes a beautiful interior design element. The bottle includes 125 matches with a length of 10 cm.","breadcrumb":{"@id":"https:\/\/www.nore.ee\/shop\/black-fern-klaaspudelis-tikud\/#breadcrumb"},"inLanguage":"en-US","potentialAction":[{"@type":"ReadAction","target":["https:\/\/www.nore.ee\/shop\/black-fern-klaaspudelis-tikud\/"]}]},{"@type":"ImageObject","inLanguage":"en-US","@id":"https:\/\/www.nore.ee\/shop\/black-fern-klaaspudelis-tikud\/#primaryimage","url":"https:\/\/www.nore.ee\/wp-content\/uploads\/2022\/06\/DSC1333-scaled.jpg","contentUrl":"https:\/\/www.nore.ee\/wp-content\/uploads\/2022\/06\/DSC1333-scaled.jpg","width":2048,"height":2560},{"@type":"BreadcrumbList","@id":"https:\/\/www.nore.ee\/shop\/black-fern-klaaspudelis-tikud\/#breadcrumb","itemListElement":[{"@type":"ListItem","position":1,"name":"Home","item":"https:\/\/www.nore.ee\/"},{"@type":"ListItem","position":2,"name":"Tooted","item":"https:\/\/www.nore.ee\/en\/shop\/"},{"@type":"ListItem","position":3,"name":"Black Fern klaaspudelis tikud"}]},{"@type":"WebSite","@id":"https:\/\/www.nore.ee\/#website","url":"https:\/\/www.nore.ee\/","name":"NORE","description":"Unique scent experience in your home!","potentialAction":[{"@type":"SearchAction","target":{"@type":"EntryPoint","urlTemplate":"https:\/\/www.nore.ee\/?s={search_term_string}"},"query-input":{"@type":"PropertyValueSpecification","valueRequired":true,"valueName":"search_term_string"}}],"inLanguage":"en-US"}]}},"uagb_featured_image_src":{"full":["https:\/\/www.nore.ee\/wp-content\/uploads\/2022\/06\/DSC1333-scaled.jpg",2048,2560,false],"thumbnail":["https:\/\/www.nore.ee\/wp-content\/uploads\/2022\/06\/DSC1333-150x150.jpg",150,150,true],"medium":["https:\/\/www.nore.ee\/wp-content\/uploads\/2022\/06\/DSC1333-240x300.jpg",240,300,true],"medium_large":["https:\/\/www.nore.ee\/wp-content\/uploads\/2022\/06\/DSC1333-768x960.jpg",768,960,true],"large":["https:\/\/www.nore.ee\/wp-content\/uploads\/2022\/06\/DSC1333-819x1024.jpg",819,1024,true],"1536x1536":["https:\/\/www.nore.ee\/wp-content\/uploads\/2022\/06\/DSC1333-1229x1536.jpg",1229,1536,true],"2048x2048":["https:\/\/www.nore.ee\/wp-content\/uploads\/2022\/06\/DSC1333-1638x2048.jpg",1638,2048,true],"trp-custom-language-flag":["https:\/\/www.nore.ee\/wp-content\/uploads\/2022\/06\/DSC1333-scaled.jpg",10,12,false],"blog-thumb-1":["https:\/\/www.nore.ee\/wp-content\/uploads\/2022\/06\/DSC1333-468x328.jpg",468,328,true],"blog-thumb-2":["https:\/\/www.nore.ee\/wp-content\/uploads\/2022\/06\/DSC1333-468x468.jpg",468,468,true],"blog-thumb-3":["https:\/\/www.nore.ee\/wp-content\/uploads\/2022\/06\/DSC1333-845x592.jpg",845,592,true],"blog-single-1":["https:\/\/www.nore.ee\/wp-content\/uploads\/2022\/06\/DSC1333-1482x635.jpg",1482,635,true],"portfolio-single-img-1":["https:\/\/www.nore.ee\/wp-content\/uploads\/2022\/06\/DSC1333-1612x2015.jpg",1612,2015,true],"portfolio-single-img-2":["https:\/\/www.nore.ee\/wp-content\/uploads\/2022\/06\/DSC1333-1116x1395.jpg",1116,1395,true],"portfolio-single-img-3":["https:\/\/www.nore.ee\/wp-content\/uploads\/2022\/06\/DSC1333-806x1008.jpg",806,1008,true],"portfolio-single-img-4":["https:\/\/www.nore.ee\/wp-content\/uploads\/2022\/06\/DSC1333-558x698.jpg",558,698,true],"portfolio-img-1":["https:\/\/www.nore.ee\/wp-content\/uploads\/2022\/06\/DSC1333-655x545.jpg",655,545,true],"portfolio-img-2":["https:\/\/www.nore.ee\/wp-content\/uploads\/2022\/06\/DSC1333-655x545.jpg",655,545,true],"portfolio-img-3":["https:\/\/www.nore.ee\/wp-content\/uploads\/2022\/06\/DSC1333-655x819.jpg",655,819,true],"shop-category-thumb":["https:\/\/www.nore.ee\/wp-content\/uploads\/2022\/06\/DSC1333-500x290.jpg",500,290,true],"woocommerce_thumbnail":["https:\/\/www.nore.ee\/wp-content\/uploads\/2022\/06\/DSC1333-scaled-550x700.jpg",550,700,true],"woocommerce_single":["https:\/\/www.nore.ee\/wp-content\/uploads\/2022\/06\/DSC1333-scaled-820x1025.jpg",820,1025,true],"woocommerce_gallery_thumbnail":["https:\/\/www.nore.ee\/wp-content\/uploads\/2022\/06\/DSC1333-scaled-220x220.jpg",220,220,true]},"uagb_author_info":{"display_name":"nore","author_link":"https:\/\/www.nore.ee\/en\/author\/"},"uagb_comment_info":0,"uagb_excerpt":"&nbsp; Stiilse v\u00e4limusega klaaspudelis tikud, mis teevad k\u00fc\u00fcnla s\u00fc\u00fctamisest luksusliku elamuse. Tikkude kujunduse on disaininud tuntud illustraator Daren Thomas Magee. Klaaspudeli elegantne v\u00e4limus teeb sellest kauni sisekujunduselemendi. Pudelis on 125 tikku pikkusega 10cm.","_links":{"self":[{"href":"https:\/\/www.nore.ee\/en\/wp-json\/wp\/v2\/product\/17998","targetHints":{"allow":["GET"]}}],"collection":[{"href":"https:\/\/www.nore.ee\/en\/wp-json\/wp\/v2\/product"}],"about":[{"href":"https:\/\/www.nore.ee\/en\/wp-json\/wp\/v2\/types\/product"}],"wp:featuredmedia":[{"embeddable":true,"href":"https:\/\/www.nore.ee\/en\/wp-json\/wp\/v2\/media\/17999"}],"wp:attachment":[{"href":"https:\/\/www.nore.ee\/en\/wp-json\/wp\/v2\/media?parent=17998"}],"wp:term":[{"taxonomy":"product_brand","embeddable":true,"href":"https:\/\/www.nore.ee\/en\/wp-json\/wp\/v2\/product_brand?post=17998"},{"taxonomy":"product_cat","embeddable":true,"href":"https:\/\/www.nore.ee\/en\/wp-json\/wp\/v2\/product_cat?post=17998"},{"taxonomy":"product_tag","embeddable":true,"href":"https:\/\/www.nore.ee\/en\/wp-json\/wp\/v2\/product_tag?post=17998"}],"curies":[{"name":"wp","href":"https:\/\/api.w.org\/{rel}","templated":true}]}}