{"id":18003,"date":"2022-06-17T22:02:30","date_gmt":"2022-06-17T19:02:30","guid":{"rendered":"https:\/\/www.nore.ee\/?post_type=product&#038;p=18003"},"modified":"2026-02-09T09:49:11","modified_gmt":"2026-02-09T07:49:11","slug":"enchanted-forest-tikud-2","status":"publish","type":"product","link":"https:\/\/www.nore.ee\/en\/shop\/enchanted-forest-tikud-2\/","title":{"rendered":"Enchanted Forest matches"},"content":{"rendered":"","protected":false},"excerpt":{"rendered":"<p>&nbsp;<\/p>\n<p>Beautiful winter-themed matches that turn lighting a candle into a luxurious experience. The matchbox is made using a special letterpress printing technique, giving it a distinctive appearance and making it a lovely decorative element. The box contains 100 matches, each 10 cm long.<\/p>\n<div class=\"product-block product-block--tab\">\n<div class=\"collapsibles-wrapper collapsibles-wrapper--border-bottom\"><\/div>\n<\/div>","protected":false},"featured_media":17983,"template":"","meta":{"_acf_changed":false,"_crdt_document":"","_uag_custom_page_level_css":""},"product_brand":[],"product_cat":[19,100],"product_tag":[],"class_list":{"0":"post-18003","1":"product","2":"type-product","3":"status-publish","4":"has-post-thumbnail","6":"product_cat-aksessuaarid","7":"product_cat-archivist","9":"first","10":"instock","11":"taxable","12":"shipping-taxable","13":"purchasable","14":"product-type-simple","16":"catalog-layout-default","17":"columns-xs-1"},"acf":[],"yoast_head":"<!-- This site is optimized with the Yoast SEO plugin v27.3 - https:\/\/yoast.com\/product\/yoast-seo-wordpress\/ -->\n<title>Enchanted Forest tikud - NORE<\/title>\n<meta name=\"description\" content=\"Elegantse v\u00e4limusega tikud, mis teevad k\u00fc\u00fcnla s\u00fc\u00fctamisest luksusliku elamuse. Tikke \u00fcmbritsev toos on valmistatud erilisel k\u00f5rgtr\u00fcki meetodil, mis annab toosile isikup\u00e4rase v\u00e4limuse ning teeb sellest kauni sisekujunduselemendi. Toosis on 100 tikku pikkusega 10cm.\" \/>\n<meta name=\"robots\" content=\"index, follow, max-snippet:-1, max-image-preview:large, max-video-preview:-1\" \/>\n<link rel=\"canonical\" href=\"https:\/\/www.nore.ee\/en\/shop\/enchanted-forest-tikud-2\/\" \/>\n<meta property=\"og:locale\" content=\"en_US\" \/>\n<meta property=\"og:type\" content=\"article\" \/>\n<meta property=\"og:title\" content=\"Enchanted Forest tikud - NORE\" \/>\n<meta property=\"og:description\" content=\"Elegantse v\u00e4limusega tikud, mis teevad k\u00fc\u00fcnla s\u00fc\u00fctamisest luksusliku elamuse. Tikke \u00fcmbritsev toos on valmistatud erilisel k\u00f5rgtr\u00fcki meetodil, mis annab toosile isikup\u00e4rase v\u00e4limuse ning teeb sellest kauni sisekujunduselemendi. Toosis on 100 tikku pikkusega 10cm.\" \/>\n<meta property=\"og:url\" content=\"https:\/\/www.nore.ee\/en\/shop\/enchanted-forest-tikud-2\/\" \/>\n<meta property=\"og:site_name\" content=\"NORE\" \/>\n<meta property=\"article:modified_time\" content=\"2026-02-09T07:49:11+00:00\" \/>\n<meta property=\"og:image\" content=\"https:\/\/www.nore.ee\/wp-content\/uploads\/2022\/06\/DSC1221-scaled.jpg\" \/>\n\t<meta property=\"og:image:width\" content=\"2048\" \/>\n\t<meta property=\"og:image:height\" content=\"2560\" \/>\n\t<meta property=\"og:image:type\" content=\"image\/jpeg\" \/>\n<meta name=\"twitter:card\" content=\"summary_large_image\" \/>\n<meta name=\"twitter:label1\" content=\"Est. reading time\" \/>\n\t<meta name=\"twitter:data1\" content=\"1 minute\" \/>\n<script type=\"application\/ld+json\" class=\"yoast-schema-graph\">{\"@context\":\"https:\\\/\\\/schema.org\",\"@graph\":[{\"@type\":\"WebPage\",\"@id\":\"https:\\\/\\\/www.nore.ee\\\/shop\\\/enchanted-forest-tikud-2\\\/\",\"url\":\"https:\\\/\\\/www.nore.ee\\\/shop\\\/enchanted-forest-tikud-2\\\/\",\"name\":\"Enchanted Forest tikud - NORE\",\"isPartOf\":{\"@id\":\"https:\\\/\\\/www.nore.ee\\\/#website\"},\"primaryImageOfPage\":{\"@id\":\"https:\\\/\\\/www.nore.ee\\\/shop\\\/enchanted-forest-tikud-2\\\/#primaryimage\"},\"image\":{\"@id\":\"https:\\\/\\\/www.nore.ee\\\/shop\\\/enchanted-forest-tikud-2\\\/#primaryimage\"},\"thumbnailUrl\":\"https:\\\/\\\/www.nore.ee\\\/wp-content\\\/uploads\\\/2022\\\/06\\\/DSC1221-scaled.jpg\",\"datePublished\":\"2022-06-17T19:02:30+00:00\",\"dateModified\":\"2026-02-09T07:49:11+00:00\",\"description\":\"Elegantse v\u00e4limusega tikud, mis teevad k\u00fc\u00fcnla s\u00fc\u00fctamisest luksusliku elamuse. Tikke \u00fcmbritsev toos on valmistatud erilisel k\u00f5rgtr\u00fcki meetodil, mis annab toosile isikup\u00e4rase v\u00e4limuse ning teeb sellest kauni sisekujunduselemendi. Toosis on 100 tikku pikkusega 10cm.\",\"breadcrumb\":{\"@id\":\"https:\\\/\\\/www.nore.ee\\\/shop\\\/enchanted-forest-tikud-2\\\/#breadcrumb\"},\"inLanguage\":\"en-US\",\"potentialAction\":[{\"@type\":\"ReadAction\",\"target\":[\"https:\\\/\\\/www.nore.ee\\\/shop\\\/enchanted-forest-tikud-2\\\/\"]}]},{\"@type\":\"ImageObject\",\"inLanguage\":\"en-US\",\"@id\":\"https:\\\/\\\/www.nore.ee\\\/shop\\\/enchanted-forest-tikud-2\\\/#primaryimage\",\"url\":\"https:\\\/\\\/www.nore.ee\\\/wp-content\\\/uploads\\\/2022\\\/06\\\/DSC1221-scaled.jpg\",\"contentUrl\":\"https:\\\/\\\/www.nore.ee\\\/wp-content\\\/uploads\\\/2022\\\/06\\\/DSC1221-scaled.jpg\",\"width\":2048,\"height\":2560},{\"@type\":\"BreadcrumbList\",\"@id\":\"https:\\\/\\\/www.nore.ee\\\/shop\\\/enchanted-forest-tikud-2\\\/#breadcrumb\",\"itemListElement\":[{\"@type\":\"ListItem\",\"position\":1,\"name\":\"Home\",\"item\":\"https:\\\/\\\/www.nore.ee\\\/\"},{\"@type\":\"ListItem\",\"position\":2,\"name\":\"Tooted\",\"item\":\"https:\\\/\\\/www.nore.ee\\\/en\\\/shop\\\/\"},{\"@type\":\"ListItem\",\"position\":3,\"name\":\"Enchanted Forest tikud\"}]},{\"@type\":\"WebSite\",\"@id\":\"https:\\\/\\\/www.nore.ee\\\/#website\",\"url\":\"https:\\\/\\\/www.nore.ee\\\/\",\"name\":\"NORE\",\"description\":\"Eriline l\u00f5hnaelamus sinu kodus!\",\"potentialAction\":[{\"@type\":\"SearchAction\",\"target\":{\"@type\":\"EntryPoint\",\"urlTemplate\":\"https:\\\/\\\/www.nore.ee\\\/?s={search_term_string}\"},\"query-input\":{\"@type\":\"PropertyValueSpecification\",\"valueRequired\":true,\"valueName\":\"search_term_string\"}}],\"inLanguage\":\"en-US\"}]}<\/script>\n<!-- \/ Yoast SEO plugin. -->","yoast_head_json":{"title":"Enchanted Forest tikud - NORE","description":"Elegant matches that makes lighting a candle a luxurious experience. The match box is made by using a special letterpress printing method, which gives the box a nice look and makes it a beautiful interior design element. The box includes 100 matches with a length of 10 cm.","robots":{"index":"index","follow":"follow","max-snippet":"max-snippet:-1","max-image-preview":"max-image-preview:large","max-video-preview":"max-video-preview:-1"},"canonical":"https:\/\/www.nore.ee\/en\/shop\/enchanted-forest-tikud-2\/","og_locale":"en_US","og_type":"article","og_title":"Enchanted Forest tikud - NORE","og_description":"Elegantse v\u00e4limusega tikud, mis teevad k\u00fc\u00fcnla s\u00fc\u00fctamisest luksusliku elamuse. Tikke \u00fcmbritsev toos on valmistatud erilisel k\u00f5rgtr\u00fcki meetodil, mis annab toosile isikup\u00e4rase v\u00e4limuse ning teeb sellest kauni sisekujunduselemendi. Toosis on 100 tikku pikkusega 10cm.","og_url":"https:\/\/www.nore.ee\/en\/shop\/enchanted-forest-tikud-2\/","og_site_name":"NORE","article_modified_time":"2026-02-09T07:49:11+00:00","og_image":[{"width":2048,"height":2560,"url":"https:\/\/www.nore.ee\/wp-content\/uploads\/2022\/06\/DSC1221-scaled.jpg","type":"image\/jpeg"}],"twitter_card":"summary_large_image","twitter_misc":{"Est. reading time":"1 minute"},"schema":{"@context":"https:\/\/schema.org","@graph":[{"@type":"WebPage","@id":"https:\/\/www.nore.ee\/shop\/enchanted-forest-tikud-2\/","url":"https:\/\/www.nore.ee\/shop\/enchanted-forest-tikud-2\/","name":"Enchanted Forest tikud - NORE","isPartOf":{"@id":"https:\/\/www.nore.ee\/#website"},"primaryImageOfPage":{"@id":"https:\/\/www.nore.ee\/shop\/enchanted-forest-tikud-2\/#primaryimage"},"image":{"@id":"https:\/\/www.nore.ee\/shop\/enchanted-forest-tikud-2\/#primaryimage"},"thumbnailUrl":"https:\/\/www.nore.ee\/wp-content\/uploads\/2022\/06\/DSC1221-scaled.jpg","datePublished":"2022-06-17T19:02:30+00:00","dateModified":"2026-02-09T07:49:11+00:00","description":"Elegant matches that makes lighting a candle a luxurious experience. The match box is made by using a special letterpress printing method, which gives the box a nice look and makes it a beautiful interior design element. The box includes 100 matches with a length of 10 cm.","breadcrumb":{"@id":"https:\/\/www.nore.ee\/shop\/enchanted-forest-tikud-2\/#breadcrumb"},"inLanguage":"en-US","potentialAction":[{"@type":"ReadAction","target":["https:\/\/www.nore.ee\/shop\/enchanted-forest-tikud-2\/"]}]},{"@type":"ImageObject","inLanguage":"en-US","@id":"https:\/\/www.nore.ee\/shop\/enchanted-forest-tikud-2\/#primaryimage","url":"https:\/\/www.nore.ee\/wp-content\/uploads\/2022\/06\/DSC1221-scaled.jpg","contentUrl":"https:\/\/www.nore.ee\/wp-content\/uploads\/2022\/06\/DSC1221-scaled.jpg","width":2048,"height":2560},{"@type":"BreadcrumbList","@id":"https:\/\/www.nore.ee\/shop\/enchanted-forest-tikud-2\/#breadcrumb","itemListElement":[{"@type":"ListItem","position":1,"name":"Home","item":"https:\/\/www.nore.ee\/"},{"@type":"ListItem","position":2,"name":"Tooted","item":"https:\/\/www.nore.ee\/en\/shop\/"},{"@type":"ListItem","position":3,"name":"Enchanted Forest tikud"}]},{"@type":"WebSite","@id":"https:\/\/www.nore.ee\/#website","url":"https:\/\/www.nore.ee\/","name":"NORE","description":"Unique scent experience in your home!","potentialAction":[{"@type":"SearchAction","target":{"@type":"EntryPoint","urlTemplate":"https:\/\/www.nore.ee\/?s={search_term_string}"},"query-input":{"@type":"PropertyValueSpecification","valueRequired":true,"valueName":"search_term_string"}}],"inLanguage":"en-US"}]}},"uagb_featured_image_src":{"full":["https:\/\/www.nore.ee\/wp-content\/uploads\/2022\/06\/DSC1221-scaled.jpg",2048,2560,false],"thumbnail":["https:\/\/www.nore.ee\/wp-content\/uploads\/2022\/06\/DSC1221-150x150.jpg",150,150,true],"medium":["https:\/\/www.nore.ee\/wp-content\/uploads\/2022\/06\/DSC1221-240x300.jpg",240,300,true],"medium_large":["https:\/\/www.nore.ee\/wp-content\/uploads\/2022\/06\/DSC1221-768x960.jpg",768,960,true],"large":["https:\/\/www.nore.ee\/wp-content\/uploads\/2022\/06\/DSC1221-819x1024.jpg",819,1024,true],"1536x1536":["https:\/\/www.nore.ee\/wp-content\/uploads\/2022\/06\/DSC1221-1229x1536.jpg",1229,1536,true],"2048x2048":["https:\/\/www.nore.ee\/wp-content\/uploads\/2022\/06\/DSC1221-1638x2048.jpg",1638,2048,true],"trp-custom-language-flag":["https:\/\/www.nore.ee\/wp-content\/uploads\/2022\/06\/DSC1221-scaled.jpg",10,12,false],"blog-thumb-1":["https:\/\/www.nore.ee\/wp-content\/uploads\/2022\/06\/DSC1221-468x328.jpg",468,328,true],"blog-thumb-2":["https:\/\/www.nore.ee\/wp-content\/uploads\/2022\/06\/DSC1221-468x468.jpg",468,468,true],"blog-thumb-3":["https:\/\/www.nore.ee\/wp-content\/uploads\/2022\/06\/DSC1221-845x592.jpg",845,592,true],"blog-single-1":["https:\/\/www.nore.ee\/wp-content\/uploads\/2022\/06\/DSC1221-1482x635.jpg",1482,635,true],"portfolio-single-img-1":["https:\/\/www.nore.ee\/wp-content\/uploads\/2022\/06\/DSC1221-1612x2015.jpg",1612,2015,true],"portfolio-single-img-2":["https:\/\/www.nore.ee\/wp-content\/uploads\/2022\/06\/DSC1221-1116x1395.jpg",1116,1395,true],"portfolio-single-img-3":["https:\/\/www.nore.ee\/wp-content\/uploads\/2022\/06\/DSC1221-806x1008.jpg",806,1008,true],"portfolio-single-img-4":["https:\/\/www.nore.ee\/wp-content\/uploads\/2022\/06\/DSC1221-558x698.jpg",558,698,true],"portfolio-img-1":["https:\/\/www.nore.ee\/wp-content\/uploads\/2022\/06\/DSC1221-655x545.jpg",655,545,true],"portfolio-img-2":["https:\/\/www.nore.ee\/wp-content\/uploads\/2022\/06\/DSC1221-655x545.jpg",655,545,true],"portfolio-img-3":["https:\/\/www.nore.ee\/wp-content\/uploads\/2022\/06\/DSC1221-655x819.jpg",655,819,true],"shop-category-thumb":["https:\/\/www.nore.ee\/wp-content\/uploads\/2022\/06\/DSC1221-500x290.jpg",500,290,true],"woocommerce_thumbnail":["https:\/\/www.nore.ee\/wp-content\/uploads\/2022\/06\/DSC1221-scaled-550x700.jpg",550,700,true],"woocommerce_single":["https:\/\/www.nore.ee\/wp-content\/uploads\/2022\/06\/DSC1221-scaled-820x1025.jpg",820,1025,true],"woocommerce_gallery_thumbnail":["https:\/\/www.nore.ee\/wp-content\/uploads\/2022\/06\/DSC1221-scaled-220x220.jpg",220,220,true]},"uagb_author_info":{"display_name":"nore","author_link":"https:\/\/www.nore.ee\/en\/author\/"},"uagb_comment_info":0,"uagb_excerpt":"&nbsp; Kauni talvise kujundusega tikud, mis teevad k\u00fc\u00fcnla s\u00fc\u00fctamisest luksusliku elamuse. Tikke \u00fcmbritsev toos on valmistatud erilisel k\u00f5rgtr\u00fcki meetodil, mis annab toosile isikup\u00e4rase v\u00e4limuse ning teeb sellest kauni sisekujunduselemendi. Toosis on 100 tikku pikkusega 10cm.","_links":{"self":[{"href":"https:\/\/www.nore.ee\/en\/wp-json\/wp\/v2\/product\/18003","targetHints":{"allow":["GET"]}}],"collection":[{"href":"https:\/\/www.nore.ee\/en\/wp-json\/wp\/v2\/product"}],"about":[{"href":"https:\/\/www.nore.ee\/en\/wp-json\/wp\/v2\/types\/product"}],"wp:featuredmedia":[{"embeddable":true,"href":"https:\/\/www.nore.ee\/en\/wp-json\/wp\/v2\/media\/17983"}],"wp:attachment":[{"href":"https:\/\/www.nore.ee\/en\/wp-json\/wp\/v2\/media?parent=18003"}],"wp:term":[{"taxonomy":"product_brand","embeddable":true,"href":"https:\/\/www.nore.ee\/en\/wp-json\/wp\/v2\/product_brand?post=18003"},{"taxonomy":"product_cat","embeddable":true,"href":"https:\/\/www.nore.ee\/en\/wp-json\/wp\/v2\/product_cat?post=18003"},{"taxonomy":"product_tag","embeddable":true,"href":"https:\/\/www.nore.ee\/en\/wp-json\/wp\/v2\/product_tag?post=18003"}],"curies":[{"name":"wp","href":"https:\/\/api.w.org\/{rel}","templated":true}]}}