{"id":19301,"date":"2023-05-02T21:16:24","date_gmt":"2023-05-02T18:16:24","guid":{"rendered":"https:\/\/www.nore.ee\/?post_type=product&#038;p=19301"},"modified":"2026-03-15T15:43:05","modified_gmt":"2026-03-15T13:43:05","slug":"toaparfuumi-naidis","status":"publish","type":"product","link":"https:\/\/www.nore.ee\/en\/shop\/toaparfuumi-naidis\/","title":{"rendered":"Room spray sample"},"content":{"rendered":"<p>Spray the room spray 2-3 times into the air, repeat for a more intense scent. Avoid spraying directly on objects or materials. Room spray can damage textile, glass, wood or plastic surfaces. Room spray should not be used as a personal perfume. Keep out of the reach of children and pets.<\/p>","protected":false},"excerpt":{"rendered":"<div class=\"woocommerce-product-details__short-description\">\n<p>Nore room sprays are handcrafted using the finest fragrance oils and natural base ingredients.<\/p>\n<\/div>","protected":false},"featured_media":19314,"template":"","meta":{"_acf_changed":false,"_crdt_document":"","_uag_custom_page_level_css":""},"product_brand":[],"product_cat":[103,92,101,108,109,91,70,119],"product_tag":[],"class_list":{"0":"post-19301","1":"product","2":"type-product","3":"status-publish","4":"has-post-thumbnail","6":"product_cat-jasmiiniirisnektariin","7":"product_cat-johvikasounjouluvurtsid","8":"product_cat-laimbasiilikmandariin","9":"product_cat-liiliajasmiinpuuvill","10":"product_cat-rohelineteesidrunhein","11":"product_cat-talvine-kuusemets","12":"product_cat-toaparfuumid","13":"product_cat-tonkatuberoosvalgemuskus","15":"first","16":"instock","17":"taxable","18":"shipping-taxable","19":"purchasable","20":"product-type-variable","22":"catalog-layout-default","23":"columns-xs-1"},"acf":[],"yoast_head":"<!-- This site is optimized with the Yoast SEO plugin v27.4 - https:\/\/yoast.com\/product\/yoast-seo-wordpress\/ -->\n<title>Toaparf\u00fc\u00fcmi n\u00e4idis - NORE<\/title>\n<meta name=\"description\" content=\"Nore toaparf\u00fc\u00fcmid valmivad k\u00e4sit\u00f6\u00f6na looduslikust baasainest ning k\u00f5rgekvaliteedilistest aroomi\u00f5lidest.\" \/>\n<meta name=\"robots\" content=\"index, follow, max-snippet:-1, max-image-preview:large, max-video-preview:-1\" \/>\n<link rel=\"canonical\" href=\"https:\/\/www.nore.ee\/en\/shop\/toaparfuumi-naidis\/\" \/>\n<meta property=\"og:locale\" content=\"en_US\" \/>\n<meta property=\"og:type\" content=\"article\" \/>\n<meta property=\"og:title\" content=\"Toaparf\u00fc\u00fcmi n\u00e4idis - NORE\" \/>\n<meta property=\"og:description\" content=\"Nore toaparf\u00fc\u00fcmid valmivad k\u00e4sit\u00f6\u00f6na looduslikust baasainest ning k\u00f5rgekvaliteedilistest aroomi\u00f5lidest.\" \/>\n<meta property=\"og:url\" content=\"https:\/\/www.nore.ee\/en\/shop\/toaparfuumi-naidis\/\" \/>\n<meta property=\"og:site_name\" content=\"NORE\" \/>\n<meta property=\"article:modified_time\" content=\"2026-03-15T13:43:05+00:00\" \/>\n<meta property=\"og:image\" content=\"https:\/\/www.nore.ee\/wp-content\/uploads\/2023\/05\/DSC0339-Edit-scaled.jpg\" \/>\n\t<meta property=\"og:image:width\" content=\"2048\" \/>\n\t<meta property=\"og:image:height\" content=\"2560\" \/>\n\t<meta property=\"og:image:type\" content=\"image\/jpeg\" \/>\n<meta name=\"twitter:card\" content=\"summary_large_image\" \/>\n<meta name=\"twitter:label1\" content=\"Est. reading time\" \/>\n\t<meta name=\"twitter:data1\" content=\"1 minute\" \/>\n<script type=\"application\/ld+json\" class=\"yoast-schema-graph\">{\"@context\":\"https:\\\/\\\/schema.org\",\"@graph\":[{\"@type\":\"WebPage\",\"@id\":\"https:\\\/\\\/www.nore.ee\\\/shop\\\/toaparfuumi-naidis\\\/\",\"url\":\"https:\\\/\\\/www.nore.ee\\\/shop\\\/toaparfuumi-naidis\\\/\",\"name\":\"Toaparf\u00fc\u00fcmi n\u00e4idis - NORE\",\"isPartOf\":{\"@id\":\"https:\\\/\\\/www.nore.ee\\\/#website\"},\"primaryImageOfPage\":{\"@id\":\"https:\\\/\\\/www.nore.ee\\\/shop\\\/toaparfuumi-naidis\\\/#primaryimage\"},\"image\":{\"@id\":\"https:\\\/\\\/www.nore.ee\\\/shop\\\/toaparfuumi-naidis\\\/#primaryimage\"},\"thumbnailUrl\":\"https:\\\/\\\/www.nore.ee\\\/wp-content\\\/uploads\\\/2023\\\/05\\\/DSC0339-Edit-scaled.jpg\",\"datePublished\":\"2023-05-02T18:16:24+00:00\",\"dateModified\":\"2026-03-15T13:43:05+00:00\",\"description\":\"Nore toaparf\u00fc\u00fcmid valmivad k\u00e4sit\u00f6\u00f6na looduslikust baasainest ning k\u00f5rgekvaliteedilistest aroomi\u00f5lidest.\",\"breadcrumb\":{\"@id\":\"https:\\\/\\\/www.nore.ee\\\/shop\\\/toaparfuumi-naidis\\\/#breadcrumb\"},\"inLanguage\":\"en-US\",\"potentialAction\":[{\"@type\":\"ReadAction\",\"target\":[\"https:\\\/\\\/www.nore.ee\\\/shop\\\/toaparfuumi-naidis\\\/\"]}]},{\"@type\":\"ImageObject\",\"inLanguage\":\"en-US\",\"@id\":\"https:\\\/\\\/www.nore.ee\\\/shop\\\/toaparfuumi-naidis\\\/#primaryimage\",\"url\":\"https:\\\/\\\/www.nore.ee\\\/wp-content\\\/uploads\\\/2023\\\/05\\\/DSC0339-Edit-scaled.jpg\",\"contentUrl\":\"https:\\\/\\\/www.nore.ee\\\/wp-content\\\/uploads\\\/2023\\\/05\\\/DSC0339-Edit-scaled.jpg\",\"width\":2048,\"height\":2560},{\"@type\":\"BreadcrumbList\",\"@id\":\"https:\\\/\\\/www.nore.ee\\\/shop\\\/toaparfuumi-naidis\\\/#breadcrumb\",\"itemListElement\":[{\"@type\":\"ListItem\",\"position\":1,\"name\":\"Home\",\"item\":\"https:\\\/\\\/www.nore.ee\\\/\"},{\"@type\":\"ListItem\",\"position\":2,\"name\":\"Tooted\",\"item\":\"https:\\\/\\\/www.nore.ee\\\/en\\\/shop\\\/\"},{\"@type\":\"ListItem\",\"position\":3,\"name\":\"Toaparf\u00fc\u00fcmi n\u00e4idis\"}]},{\"@type\":\"WebSite\",\"@id\":\"https:\\\/\\\/www.nore.ee\\\/#website\",\"url\":\"https:\\\/\\\/www.nore.ee\\\/\",\"name\":\"NORE\",\"description\":\"Eriline l\u00f5hnaelamus sinu kodus!\",\"potentialAction\":[{\"@type\":\"SearchAction\",\"target\":{\"@type\":\"EntryPoint\",\"urlTemplate\":\"https:\\\/\\\/www.nore.ee\\\/?s={search_term_string}\"},\"query-input\":{\"@type\":\"PropertyValueSpecification\",\"valueRequired\":true,\"valueName\":\"search_term_string\"}}],\"inLanguage\":\"en-US\"}]}<\/script>\n<!-- \/ Yoast SEO plugin. -->","yoast_head_json":{"title":"Toaparf\u00fc\u00fcmi n\u00e4idis - NORE","description":"Nore room sprays are handcrafted using the finest fragrance oils and natural base ingredients.","robots":{"index":"index","follow":"follow","max-snippet":"max-snippet:-1","max-image-preview":"max-image-preview:large","max-video-preview":"max-video-preview:-1"},"canonical":"https:\/\/www.nore.ee\/en\/shop\/toaparfuumi-naidis\/","og_locale":"en_US","og_type":"article","og_title":"Toaparf\u00fc\u00fcmi n\u00e4idis - NORE","og_description":"Nore toaparf\u00fc\u00fcmid valmivad k\u00e4sit\u00f6\u00f6na looduslikust baasainest ning k\u00f5rgekvaliteedilistest aroomi\u00f5lidest.","og_url":"https:\/\/www.nore.ee\/en\/shop\/toaparfuumi-naidis\/","og_site_name":"NORE","article_modified_time":"2026-03-15T13:43:05+00:00","og_image":[{"width":2048,"height":2560,"url":"https:\/\/www.nore.ee\/wp-content\/uploads\/2023\/05\/DSC0339-Edit-scaled.jpg","type":"image\/jpeg"}],"twitter_card":"summary_large_image","twitter_misc":{"Est. reading time":"1 minute"},"schema":{"@context":"https:\/\/schema.org","@graph":[{"@type":"WebPage","@id":"https:\/\/www.nore.ee\/shop\/toaparfuumi-naidis\/","url":"https:\/\/www.nore.ee\/shop\/toaparfuumi-naidis\/","name":"Toaparf\u00fc\u00fcmi n\u00e4idis - NORE","isPartOf":{"@id":"https:\/\/www.nore.ee\/#website"},"primaryImageOfPage":{"@id":"https:\/\/www.nore.ee\/shop\/toaparfuumi-naidis\/#primaryimage"},"image":{"@id":"https:\/\/www.nore.ee\/shop\/toaparfuumi-naidis\/#primaryimage"},"thumbnailUrl":"https:\/\/www.nore.ee\/wp-content\/uploads\/2023\/05\/DSC0339-Edit-scaled.jpg","datePublished":"2023-05-02T18:16:24+00:00","dateModified":"2026-03-15T13:43:05+00:00","description":"Nore room sprays are handcrafted using the finest fragrance oils and natural base ingredients.","breadcrumb":{"@id":"https:\/\/www.nore.ee\/shop\/toaparfuumi-naidis\/#breadcrumb"},"inLanguage":"en-US","potentialAction":[{"@type":"ReadAction","target":["https:\/\/www.nore.ee\/shop\/toaparfuumi-naidis\/"]}]},{"@type":"ImageObject","inLanguage":"en-US","@id":"https:\/\/www.nore.ee\/shop\/toaparfuumi-naidis\/#primaryimage","url":"https:\/\/www.nore.ee\/wp-content\/uploads\/2023\/05\/DSC0339-Edit-scaled.jpg","contentUrl":"https:\/\/www.nore.ee\/wp-content\/uploads\/2023\/05\/DSC0339-Edit-scaled.jpg","width":2048,"height":2560},{"@type":"BreadcrumbList","@id":"https:\/\/www.nore.ee\/shop\/toaparfuumi-naidis\/#breadcrumb","itemListElement":[{"@type":"ListItem","position":1,"name":"Home","item":"https:\/\/www.nore.ee\/"},{"@type":"ListItem","position":2,"name":"Tooted","item":"https:\/\/www.nore.ee\/en\/shop\/"},{"@type":"ListItem","position":3,"name":"Toaparf\u00fc\u00fcmi n\u00e4idis"}]},{"@type":"WebSite","@id":"https:\/\/www.nore.ee\/#website","url":"https:\/\/www.nore.ee\/","name":"NORE","description":"Unique scent experience in your home!","potentialAction":[{"@type":"SearchAction","target":{"@type":"EntryPoint","urlTemplate":"https:\/\/www.nore.ee\/?s={search_term_string}"},"query-input":{"@type":"PropertyValueSpecification","valueRequired":true,"valueName":"search_term_string"}}],"inLanguage":"en-US"}]}},"uagb_featured_image_src":{"full":["https:\/\/www.nore.ee\/wp-content\/uploads\/2023\/05\/DSC0339-Edit-scaled.jpg",2048,2560,false],"thumbnail":["https:\/\/www.nore.ee\/wp-content\/uploads\/2023\/05\/DSC0339-Edit-150x150.jpg",150,150,true],"medium":["https:\/\/www.nore.ee\/wp-content\/uploads\/2023\/05\/DSC0339-Edit-240x300.jpg",240,300,true],"medium_large":["https:\/\/www.nore.ee\/wp-content\/uploads\/2023\/05\/DSC0339-Edit-768x960.jpg",768,960,true],"large":["https:\/\/www.nore.ee\/wp-content\/uploads\/2023\/05\/DSC0339-Edit-819x1024.jpg",819,1024,true],"1536x1536":["https:\/\/www.nore.ee\/wp-content\/uploads\/2023\/05\/DSC0339-Edit-1229x1536.jpg",1229,1536,true],"2048x2048":["https:\/\/www.nore.ee\/wp-content\/uploads\/2023\/05\/DSC0339-Edit-1639x2048.jpg",1639,2048,true],"trp-custom-language-flag":["https:\/\/www.nore.ee\/wp-content\/uploads\/2023\/05\/DSC0339-Edit-scaled.jpg",10,12,false],"blog-thumb-1":["https:\/\/www.nore.ee\/wp-content\/uploads\/2023\/05\/DSC0339-Edit-468x328.jpg",468,328,true],"blog-thumb-2":["https:\/\/www.nore.ee\/wp-content\/uploads\/2023\/05\/DSC0339-Edit-468x468.jpg",468,468,true],"blog-thumb-3":["https:\/\/www.nore.ee\/wp-content\/uploads\/2023\/05\/DSC0339-Edit-845x592.jpg",845,592,true],"blog-single-1":["https:\/\/www.nore.ee\/wp-content\/uploads\/2023\/05\/DSC0339-Edit-1482x635.jpg",1482,635,true],"portfolio-single-img-1":["https:\/\/www.nore.ee\/wp-content\/uploads\/2023\/05\/DSC0339-Edit-1612x2015.jpg",1612,2015,true],"portfolio-single-img-2":["https:\/\/www.nore.ee\/wp-content\/uploads\/2023\/05\/DSC0339-Edit-1116x1395.jpg",1116,1395,true],"portfolio-single-img-3":["https:\/\/www.nore.ee\/wp-content\/uploads\/2023\/05\/DSC0339-Edit-806x1007.jpg",806,1007,true],"portfolio-single-img-4":["https:\/\/www.nore.ee\/wp-content\/uploads\/2023\/05\/DSC0339-Edit-558x697.jpg",558,697,true],"portfolio-img-1":["https:\/\/www.nore.ee\/wp-content\/uploads\/2023\/05\/DSC0339-Edit-655x545.jpg",655,545,true],"portfolio-img-2":["https:\/\/www.nore.ee\/wp-content\/uploads\/2023\/05\/DSC0339-Edit-655x545.jpg",655,545,true],"portfolio-img-3":["https:\/\/www.nore.ee\/wp-content\/uploads\/2023\/05\/DSC0339-Edit-655x819.jpg",655,819,true],"shop-category-thumb":["https:\/\/www.nore.ee\/wp-content\/uploads\/2023\/05\/DSC0339-Edit-500x290.jpg",500,290,true],"woocommerce_thumbnail":["https:\/\/www.nore.ee\/wp-content\/uploads\/2023\/05\/DSC0339-Edit-scaled-550x700.jpg",550,700,true],"woocommerce_single":["https:\/\/www.nore.ee\/wp-content\/uploads\/2023\/05\/DSC0339-Edit-scaled-820x1025.jpg",820,1025,true],"woocommerce_gallery_thumbnail":["https:\/\/www.nore.ee\/wp-content\/uploads\/2023\/05\/DSC0339-Edit-scaled-220x220.jpg",220,220,true]},"uagb_author_info":{"display_name":"nore","author_link":"https:\/\/www.nore.ee\/en\/author\/"},"uagb_comment_info":0,"uagb_excerpt":"Nore toaparf\u00fc\u00fcmid valmivad k\u00e4sit\u00f6\u00f6na looduslikust baasainest ning k\u00f5rgekvaliteedilistest aroomi\u00f5lidest.","_links":{"self":[{"href":"https:\/\/www.nore.ee\/en\/wp-json\/wp\/v2\/product\/19301","targetHints":{"allow":["GET"]}}],"collection":[{"href":"https:\/\/www.nore.ee\/en\/wp-json\/wp\/v2\/product"}],"about":[{"href":"https:\/\/www.nore.ee\/en\/wp-json\/wp\/v2\/types\/product"}],"wp:featuredmedia":[{"embeddable":true,"href":"https:\/\/www.nore.ee\/en\/wp-json\/wp\/v2\/media\/19314"}],"wp:attachment":[{"href":"https:\/\/www.nore.ee\/en\/wp-json\/wp\/v2\/media?parent=19301"}],"wp:term":[{"taxonomy":"product_brand","embeddable":true,"href":"https:\/\/www.nore.ee\/en\/wp-json\/wp\/v2\/product_brand?post=19301"},{"taxonomy":"product_cat","embeddable":true,"href":"https:\/\/www.nore.ee\/en\/wp-json\/wp\/v2\/product_cat?post=19301"},{"taxonomy":"product_tag","embeddable":true,"href":"https:\/\/www.nore.ee\/en\/wp-json\/wp\/v2\/product_tag?post=19301"}],"curies":[{"name":"wp","href":"https:\/\/api.w.org\/{rel}","templated":true}]}}