{"id":19579,"date":"2023-09-25T17:56:27","date_gmt":"2023-09-25T14:56:27","guid":{"rendered":"https:\/\/www.nore.ee\/?post_type=product&#038;p=19579"},"modified":"2026-03-16T14:49:25","modified_gmt":"2026-03-16T12:49:25","slug":"keraamiline-aroomilamp-vahapaladega","status":"publish","type":"product","link":"https:\/\/www.nore.ee\/en\/shop\/keraamiline-aroomilamp-vahapaladega\/","title":{"rendered":"Ceramic wax melt burner with wax melts"},"content":{"rendered":"<p><span class=\"JsGRdQ\">Place a scented wax melt in the upper container and light a tealight in the lower opening. Use only a 4 hour tealight (do not use an 8 hour candle that can damage the burner).<\/span> <span class=\"JsGRdQ\">Do not burn the candle unattended or near flammable objects.<\/span><\/p>\n<p>Tealight is not included!<\/p>","protected":false},"excerpt":{"rendered":"<p>&nbsp;<\/p>\n<p>Klassikalise v\u00e4limusega valge keraamiline aroomilamp ja 5 Nore populaarsemat l\u00f5hnastatud vahapala. Aroomilamp on kauni ja klassikalise disainiga, mis sobib igas stiilis interj\u00f6\u00f6ri ning v\u00f5imaldab teek\u00fc\u00fcnla valgusel kahele poole helkida.<\/p>\n<p>Included wax melts:<\/p>\n<p><strong>Lemon\u2022pear\u2022freesia<\/strong> - A fresh fragrance combination of zesty lemon, juicy pear and aromatic freesia. Followed by patchouli, musk and orchid in the base notes.<\/p>\n<p><strong>Hibiscus\u2022cherry\u2022pink pepper<\/strong> - A rich fragrance combination of hibiscus, cherry and pink pepper that finishes with notes of jasmine and musk.<\/p>\n<p><strong>Sandalwood\u2022musk\u2022vanilla<\/strong> &#8211; <span class=\"OYPEnA text-decoration-none text-strikethrough-none\">Sensual and rich fragrance combination of woody sandalwood, sensual musk and sweet vanilla. Deeper scent notes reveal the notes of patchouli and tonka beans.<\/span><\/p>\n<p><strong>Apelsin\u2022j\u00f5hvikas\u2022kadakamari &#8211; <\/strong>A juicy blend of oranges, cranberries and juniper berries. The combination is complemented by a hint of elderberries and cedarwood seeds.<\/p>\n<p><strong>Driftwood\u2022sea salt<\/strong> - A mild blend of driftwood and sea salt, accompanied by water lily, patchouli and musk.<\/p>\n<div class=\"woocommerce-product-details__short-description\">\n<div class=\"woocommerce-product-details__short-description\">\n<p>Nore scented wax melts are handcrafted using high-quality soy wax and the finest fragrance oils. Wax melts are decorated with salt crystals. The ceramic burner is hand finished. The exact finish of each burner may vary and minor imperfections may occur.<\/p>\n<\/div>\n<\/div>","protected":false},"featured_media":19583,"template":"","meta":{"_acf_changed":false,"_crdt_document":"","_uag_custom_page_level_css":""},"product_brand":[],"product_cat":[60],"product_tag":[],"class_list":{"0":"post-19579","1":"product","2":"type-product","3":"status-publish","4":"has-post-thumbnail","6":"product_cat-kingisoovitused","8":"first","9":"instock","10":"sale","11":"taxable","12":"shipping-taxable","13":"purchasable","14":"product-type-simple","16":"catalog-layout-default","17":"columns-xs-1"},"acf":[],"yoast_head":"<!-- This site is optimized with the Yoast SEO plugin v27.3 - https:\/\/yoast.com\/product\/yoast-seo-wordpress\/ -->\n<title>Keraamiline aroomilamp vahapaladega - NORE<\/title>\n<meta name=\"description\" content=\"Keraamiline aroomilamp ja 5 Nore l\u00f5hnastatud vahapala.\" \/>\n<meta name=\"robots\" content=\"index, follow, max-snippet:-1, max-image-preview:large, max-video-preview:-1\" \/>\n<link rel=\"canonical\" href=\"https:\/\/www.nore.ee\/en\/shop\/keraamiline-aroomilamp-vahapaladega\/\" \/>\n<meta property=\"og:locale\" content=\"en_US\" \/>\n<meta property=\"og:type\" content=\"article\" \/>\n<meta property=\"og:title\" content=\"Keraamiline aroomilamp vahapaladega - NORE\" \/>\n<meta property=\"og:description\" content=\"Keraamiline aroomilamp ja 5 Nore l\u00f5hnastatud vahapala.\" \/>\n<meta property=\"og:url\" content=\"https:\/\/www.nore.ee\/en\/shop\/keraamiline-aroomilamp-vahapaladega\/\" \/>\n<meta property=\"og:site_name\" content=\"NORE\" \/>\n<meta property=\"article:modified_time\" content=\"2026-03-16T12:49:25+00:00\" \/>\n<meta property=\"og:image\" content=\"https:\/\/www.nore.ee\/wp-content\/uploads\/2023\/09\/nore0400-Edit-scaled.jpg\" \/>\n\t<meta property=\"og:image:width\" content=\"2048\" \/>\n\t<meta property=\"og:image:height\" content=\"2560\" \/>\n\t<meta property=\"og:image:type\" content=\"image\/jpeg\" \/>\n<meta name=\"twitter:card\" content=\"summary_large_image\" \/>\n<meta name=\"twitter:label1\" content=\"Est. reading time\" \/>\n\t<meta name=\"twitter:data1\" content=\"1 minute\" \/>\n<script type=\"application\/ld+json\" class=\"yoast-schema-graph\">{\"@context\":\"https:\\\/\\\/schema.org\",\"@graph\":[{\"@type\":\"WebPage\",\"@id\":\"https:\\\/\\\/www.nore.ee\\\/shop\\\/keraamiline-aroomilamp-vahapaladega\\\/\",\"url\":\"https:\\\/\\\/www.nore.ee\\\/shop\\\/keraamiline-aroomilamp-vahapaladega\\\/\",\"name\":\"Keraamiline aroomilamp vahapaladega - NORE\",\"isPartOf\":{\"@id\":\"https:\\\/\\\/www.nore.ee\\\/#website\"},\"primaryImageOfPage\":{\"@id\":\"https:\\\/\\\/www.nore.ee\\\/shop\\\/keraamiline-aroomilamp-vahapaladega\\\/#primaryimage\"},\"image\":{\"@id\":\"https:\\\/\\\/www.nore.ee\\\/shop\\\/keraamiline-aroomilamp-vahapaladega\\\/#primaryimage\"},\"thumbnailUrl\":\"https:\\\/\\\/www.nore.ee\\\/wp-content\\\/uploads\\\/2023\\\/09\\\/nore0400-Edit-scaled.jpg\",\"datePublished\":\"2023-09-25T14:56:27+00:00\",\"dateModified\":\"2026-03-16T12:49:25+00:00\",\"description\":\"Keraamiline aroomilamp ja 5 Nore l\u00f5hnastatud vahapala.\",\"breadcrumb\":{\"@id\":\"https:\\\/\\\/www.nore.ee\\\/shop\\\/keraamiline-aroomilamp-vahapaladega\\\/#breadcrumb\"},\"inLanguage\":\"en-US\",\"potentialAction\":[{\"@type\":\"ReadAction\",\"target\":[\"https:\\\/\\\/www.nore.ee\\\/shop\\\/keraamiline-aroomilamp-vahapaladega\\\/\"]}]},{\"@type\":\"ImageObject\",\"inLanguage\":\"en-US\",\"@id\":\"https:\\\/\\\/www.nore.ee\\\/shop\\\/keraamiline-aroomilamp-vahapaladega\\\/#primaryimage\",\"url\":\"https:\\\/\\\/www.nore.ee\\\/wp-content\\\/uploads\\\/2023\\\/09\\\/nore0400-Edit-scaled.jpg\",\"contentUrl\":\"https:\\\/\\\/www.nore.ee\\\/wp-content\\\/uploads\\\/2023\\\/09\\\/nore0400-Edit-scaled.jpg\",\"width\":2048,\"height\":2560},{\"@type\":\"BreadcrumbList\",\"@id\":\"https:\\\/\\\/www.nore.ee\\\/shop\\\/keraamiline-aroomilamp-vahapaladega\\\/#breadcrumb\",\"itemListElement\":[{\"@type\":\"ListItem\",\"position\":1,\"name\":\"Home\",\"item\":\"https:\\\/\\\/www.nore.ee\\\/\"},{\"@type\":\"ListItem\",\"position\":2,\"name\":\"Tooted\",\"item\":\"https:\\\/\\\/www.nore.ee\\\/en\\\/shop\\\/\"},{\"@type\":\"ListItem\",\"position\":3,\"name\":\"Keraamiline aroomilamp vahapaladega\"}]},{\"@type\":\"WebSite\",\"@id\":\"https:\\\/\\\/www.nore.ee\\\/#website\",\"url\":\"https:\\\/\\\/www.nore.ee\\\/\",\"name\":\"NORE\",\"description\":\"Eriline l\u00f5hnaelamus sinu kodus!\",\"potentialAction\":[{\"@type\":\"SearchAction\",\"target\":{\"@type\":\"EntryPoint\",\"urlTemplate\":\"https:\\\/\\\/www.nore.ee\\\/?s={search_term_string}\"},\"query-input\":{\"@type\":\"PropertyValueSpecification\",\"valueRequired\":true,\"valueName\":\"search_term_string\"}}],\"inLanguage\":\"en-US\"}]}<\/script>\n<!-- \/ Yoast SEO plugin. -->","yoast_head_json":{"title":"Keraamiline aroomilamp vahapaladega - NORE","description":"Keraamiline aroomilamp ja 5 Nore l\u00f5hnastatud vahapala.","robots":{"index":"index","follow":"follow","max-snippet":"max-snippet:-1","max-image-preview":"max-image-preview:large","max-video-preview":"max-video-preview:-1"},"canonical":"https:\/\/www.nore.ee\/en\/shop\/keraamiline-aroomilamp-vahapaladega\/","og_locale":"en_US","og_type":"article","og_title":"Keraamiline aroomilamp vahapaladega - NORE","og_description":"Keraamiline aroomilamp ja 5 Nore l\u00f5hnastatud vahapala.","og_url":"https:\/\/www.nore.ee\/en\/shop\/keraamiline-aroomilamp-vahapaladega\/","og_site_name":"NORE","article_modified_time":"2026-03-16T12:49:25+00:00","og_image":[{"width":2048,"height":2560,"url":"https:\/\/www.nore.ee\/wp-content\/uploads\/2023\/09\/nore0400-Edit-scaled.jpg","type":"image\/jpeg"}],"twitter_card":"summary_large_image","twitter_misc":{"Est. reading time":"1 minute"},"schema":{"@context":"https:\/\/schema.org","@graph":[{"@type":"WebPage","@id":"https:\/\/www.nore.ee\/shop\/keraamiline-aroomilamp-vahapaladega\/","url":"https:\/\/www.nore.ee\/shop\/keraamiline-aroomilamp-vahapaladega\/","name":"Keraamiline aroomilamp vahapaladega - NORE","isPartOf":{"@id":"https:\/\/www.nore.ee\/#website"},"primaryImageOfPage":{"@id":"https:\/\/www.nore.ee\/shop\/keraamiline-aroomilamp-vahapaladega\/#primaryimage"},"image":{"@id":"https:\/\/www.nore.ee\/shop\/keraamiline-aroomilamp-vahapaladega\/#primaryimage"},"thumbnailUrl":"https:\/\/www.nore.ee\/wp-content\/uploads\/2023\/09\/nore0400-Edit-scaled.jpg","datePublished":"2023-09-25T14:56:27+00:00","dateModified":"2026-03-16T12:49:25+00:00","description":"Keraamiline aroomilamp ja 5 Nore l\u00f5hnastatud vahapala.","breadcrumb":{"@id":"https:\/\/www.nore.ee\/shop\/keraamiline-aroomilamp-vahapaladega\/#breadcrumb"},"inLanguage":"en-US","potentialAction":[{"@type":"ReadAction","target":["https:\/\/www.nore.ee\/shop\/keraamiline-aroomilamp-vahapaladega\/"]}]},{"@type":"ImageObject","inLanguage":"en-US","@id":"https:\/\/www.nore.ee\/shop\/keraamiline-aroomilamp-vahapaladega\/#primaryimage","url":"https:\/\/www.nore.ee\/wp-content\/uploads\/2023\/09\/nore0400-Edit-scaled.jpg","contentUrl":"https:\/\/www.nore.ee\/wp-content\/uploads\/2023\/09\/nore0400-Edit-scaled.jpg","width":2048,"height":2560},{"@type":"BreadcrumbList","@id":"https:\/\/www.nore.ee\/shop\/keraamiline-aroomilamp-vahapaladega\/#breadcrumb","itemListElement":[{"@type":"ListItem","position":1,"name":"Home","item":"https:\/\/www.nore.ee\/"},{"@type":"ListItem","position":2,"name":"Tooted","item":"https:\/\/www.nore.ee\/en\/shop\/"},{"@type":"ListItem","position":3,"name":"Keraamiline aroomilamp vahapaladega"}]},{"@type":"WebSite","@id":"https:\/\/www.nore.ee\/#website","url":"https:\/\/www.nore.ee\/","name":"NORE","description":"Unique scent experience in your home!","potentialAction":[{"@type":"SearchAction","target":{"@type":"EntryPoint","urlTemplate":"https:\/\/www.nore.ee\/?s={search_term_string}"},"query-input":{"@type":"PropertyValueSpecification","valueRequired":true,"valueName":"search_term_string"}}],"inLanguage":"en-US"}]}},"uagb_featured_image_src":{"full":["https:\/\/www.nore.ee\/wp-content\/uploads\/2023\/09\/nore0400-Edit-scaled.jpg",2048,2560,false],"thumbnail":["https:\/\/www.nore.ee\/wp-content\/uploads\/2023\/09\/nore0400-Edit-150x150.jpg",150,150,true],"medium":["https:\/\/www.nore.ee\/wp-content\/uploads\/2023\/09\/nore0400-Edit-240x300.jpg",240,300,true],"medium_large":["https:\/\/www.nore.ee\/wp-content\/uploads\/2023\/09\/nore0400-Edit-768x960.jpg",768,960,true],"large":["https:\/\/www.nore.ee\/wp-content\/uploads\/2023\/09\/nore0400-Edit-819x1024.jpg",819,1024,true],"1536x1536":["https:\/\/www.nore.ee\/wp-content\/uploads\/2023\/09\/nore0400-Edit-1229x1536.jpg",1229,1536,true],"2048x2048":["https:\/\/www.nore.ee\/wp-content\/uploads\/2023\/09\/nore0400-Edit-1639x2048.jpg",1639,2048,true],"trp-custom-language-flag":["https:\/\/www.nore.ee\/wp-content\/uploads\/2023\/09\/nore0400-Edit-10x12.jpg",10,12,true],"blog-thumb-1":["https:\/\/www.nore.ee\/wp-content\/uploads\/2023\/09\/nore0400-Edit-468x328.jpg",468,328,true],"blog-thumb-2":["https:\/\/www.nore.ee\/wp-content\/uploads\/2023\/09\/nore0400-Edit-468x468.jpg",468,468,true],"blog-thumb-3":["https:\/\/www.nore.ee\/wp-content\/uploads\/2023\/09\/nore0400-Edit-845x592.jpg",845,592,true],"blog-single-1":["https:\/\/www.nore.ee\/wp-content\/uploads\/2023\/09\/nore0400-Edit-1482x635.jpg",1482,635,true],"portfolio-single-img-1":["https:\/\/www.nore.ee\/wp-content\/uploads\/2023\/09\/nore0400-Edit-1612x2015.jpg",1612,2015,true],"portfolio-single-img-2":["https:\/\/www.nore.ee\/wp-content\/uploads\/2023\/09\/nore0400-Edit-1116x1395.jpg",1116,1395,true],"portfolio-single-img-3":["https:\/\/www.nore.ee\/wp-content\/uploads\/2023\/09\/nore0400-Edit-806x1007.jpg",806,1007,true],"portfolio-single-img-4":["https:\/\/www.nore.ee\/wp-content\/uploads\/2023\/09\/nore0400-Edit-558x697.jpg",558,697,true],"portfolio-img-1":["https:\/\/www.nore.ee\/wp-content\/uploads\/2023\/09\/nore0400-Edit-655x545.jpg",655,545,true],"portfolio-img-2":["https:\/\/www.nore.ee\/wp-content\/uploads\/2023\/09\/nore0400-Edit-655x545.jpg",655,545,true],"portfolio-img-3":["https:\/\/www.nore.ee\/wp-content\/uploads\/2023\/09\/nore0400-Edit-655x819.jpg",655,819,true],"shop-category-thumb":["https:\/\/www.nore.ee\/wp-content\/uploads\/2023\/09\/nore0400-Edit-500x290.jpg",500,290,true],"woocommerce_thumbnail":["https:\/\/www.nore.ee\/wp-content\/uploads\/2023\/09\/nore0400-Edit-scaled-550x700.jpg",550,700,true],"woocommerce_single":["https:\/\/www.nore.ee\/wp-content\/uploads\/2023\/09\/nore0400-Edit-scaled-820x1025.jpg",820,1025,true],"woocommerce_gallery_thumbnail":["https:\/\/www.nore.ee\/wp-content\/uploads\/2023\/09\/nore0400-Edit-scaled-220x220.jpg",220,220,true]},"uagb_author_info":{"display_name":"nore","author_link":"https:\/\/www.nore.ee\/en\/author\/"},"uagb_comment_info":0,"uagb_excerpt":"&nbsp; Klassikalise v\u00e4limusega valge keraamiline aroomilamp ja 5 Nore populaarsemat l\u00f5hnastatud vahapala. Aroomilamp on kauni ja klassikalise disainiga, mis sobib igas stiilis interj\u00f6\u00f6ri ning v\u00f5imaldab teek\u00fc\u00fcnla valgusel kahele poole helkida. Komplekti kuuluvad vahapalad: Sidrun\u2022pirn\u2022freesia - V\u00e4rske l\u00f5hnakooslus, mille tipunootides p\u00f5imuvad s\u00e4rtsakas sidrun, mahlane pirn ja aromaatne freesia. L\u00f5hnakoosluse s\u00fcgavamates nootides avalduvad pat\u0161uli, muskus ja orhidee.&hellip;","_links":{"self":[{"href":"https:\/\/www.nore.ee\/en\/wp-json\/wp\/v2\/product\/19579","targetHints":{"allow":["GET"]}}],"collection":[{"href":"https:\/\/www.nore.ee\/en\/wp-json\/wp\/v2\/product"}],"about":[{"href":"https:\/\/www.nore.ee\/en\/wp-json\/wp\/v2\/types\/product"}],"wp:featuredmedia":[{"embeddable":true,"href":"https:\/\/www.nore.ee\/en\/wp-json\/wp\/v2\/media\/19583"}],"wp:attachment":[{"href":"https:\/\/www.nore.ee\/en\/wp-json\/wp\/v2\/media?parent=19579"}],"wp:term":[{"taxonomy":"product_brand","embeddable":true,"href":"https:\/\/www.nore.ee\/en\/wp-json\/wp\/v2\/product_brand?post=19579"},{"taxonomy":"product_cat","embeddable":true,"href":"https:\/\/www.nore.ee\/en\/wp-json\/wp\/v2\/product_cat?post=19579"},{"taxonomy":"product_tag","embeddable":true,"href":"https:\/\/www.nore.ee\/en\/wp-json\/wp\/v2\/product_tag?post=19579"}],"curies":[{"name":"wp","href":"https:\/\/api.w.org\/{rel}","templated":true}]}}