{"id":19623,"date":"2023-10-18T18:12:31","date_gmt":"2023-10-18T15:12:31","guid":{"rendered":"https:\/\/www.nore.ee\/?post_type=product&#038;p=19623"},"modified":"2026-04-03T15:04:54","modified_gmt":"2026-04-03T12:04:54","slug":"uus-sandlipuumuskusvanilje-kuunal-vahapalad","status":"publish","type":"product","link":"https:\/\/www.nore.ee\/en\/shop\/uus-sandlipuumuskusvanilje-kuunal-vahapalad\/","title":{"rendered":"Sandalwood\u2022musk\u2022vanilla wax melts"},"content":{"rendered":"<p><span style=\"font-weight: 400;\">Scented wax melts are suitable for use in a ceramic wax melt burner or an electronic wax melter. Place a wax melt into the burner and light a tealight in the burner. Use a 4 hour tealight, not 8 hour light as it can damage your burner. Never leave unattended or near flammable objects. Keep the candle out of reach from children and pets. <\/span><\/p>\n<p><span style=\"font-weight: 400;\">Enjoy your wax melts!<\/span><\/p>","protected":false},"excerpt":{"rendered":"<p>&nbsp;<\/p>\n<p><span class=\"OYPEnA text-decoration-none text-strikethrough-none\">Sensual and rich fragrance combination of woody sandalwood, sensual musk and sweet vanilla. Deeper scent notes reveal the notes of patchouli and tonka beans.<\/span><\/p>\n<p>Nore scented wax melts are handcrafted using high-quality soy wax and the finest fragrance oils.<\/p>","protected":false},"featured_media":19626,"template":"","meta":{"_acf_changed":false,"_crdt_document":"","_uag_custom_page_level_css":""},"product_brand":[],"product_cat":[35,106],"product_tag":[],"class_list":{"0":"post-19623","1":"product","2":"type-product","3":"status-publish","4":"has-post-thumbnail","6":"product_cat-lohnastatud-vahapalad","7":"product_cat-sandlipuumuskusvanilje","9":"first","10":"instock","11":"taxable","12":"shipping-taxable","13":"purchasable","14":"product-type-variable","16":"catalog-layout-default","17":"columns-xs-1"},"acf":[],"yoast_head":"<!-- This site is optimized with the Yoast SEO plugin v27.4 - https:\/\/yoast.com\/product\/yoast-seo-wordpress\/ -->\n<title>Sandlipuu\u2022muskus\u2022vanilje l\u00f5hnastatud vahapalad - NORE<\/title>\n<meta name=\"description\" content=\"Sensuaalne ja rikkalik l\u00f5hnakooslus, mille tipunootides p\u00f5imuvad puidune sandlipuu, sensuaalne muskus ja magus vanilje. L\u00f5hnakoosluse s\u00fcgavamates nootides avalduvad pat\u0161uli ja tonka uba. Nore l\u00f5hnastatud vahapalad valmivad k\u00e4sit\u00f6\u00f6na k\u00f5rge kvaliteediga 100% sojavahast ning k\u00f5rgekvaliteedilistest aroomi\u00f5lidest. Vahapalasid kaunistavad kuivatatud hooajalised lilled.\" \/>\n<meta name=\"robots\" content=\"index, follow, max-snippet:-1, max-image-preview:large, max-video-preview:-1\" \/>\n<link rel=\"canonical\" href=\"https:\/\/www.nore.ee\/en\/shop\/uus-sandlipuumuskusvanilje-kuunal-vahapalad\/\" \/>\n<meta property=\"og:locale\" content=\"en_US\" \/>\n<meta property=\"og:type\" content=\"article\" \/>\n<meta property=\"og:title\" content=\"Sandlipuu\u2022muskus\u2022vanilje l\u00f5hnastatud vahapalad - NORE\" \/>\n<meta property=\"og:description\" content=\"Sensuaalne ja rikkalik l\u00f5hnakooslus, mille tipunootides p\u00f5imuvad puidune sandlipuu, sensuaalne muskus ja magus vanilje. L\u00f5hnakoosluse s\u00fcgavamates nootides avalduvad pat\u0161uli ja tonka uba. Nore l\u00f5hnastatud vahapalad valmivad k\u00e4sit\u00f6\u00f6na k\u00f5rge kvaliteediga 100% sojavahast ning k\u00f5rgekvaliteedilistest aroomi\u00f5lidest. Vahapalasid kaunistavad kuivatatud hooajalised lilled.\" \/>\n<meta property=\"og:url\" content=\"https:\/\/www.nore.ee\/en\/shop\/uus-sandlipuumuskusvanilje-kuunal-vahapalad\/\" \/>\n<meta property=\"og:site_name\" content=\"NORE\" \/>\n<meta property=\"article:modified_time\" content=\"2026-04-03T12:04:54+00:00\" \/>\n<meta property=\"og:image\" content=\"https:\/\/www.nore.ee\/wp-content\/uploads\/2023\/10\/IMG_3977-scaled.jpg\" \/>\n\t<meta property=\"og:image:width\" content=\"2048\" \/>\n\t<meta property=\"og:image:height\" content=\"2560\" \/>\n\t<meta property=\"og:image:type\" content=\"image\/jpeg\" \/>\n<meta name=\"twitter:card\" content=\"summary_large_image\" \/>\n<meta name=\"twitter:label1\" content=\"Est. reading time\" \/>\n\t<meta name=\"twitter:data1\" content=\"1 minute\" \/>\n<script type=\"application\/ld+json\" class=\"yoast-schema-graph\">{\"@context\":\"https:\\\/\\\/schema.org\",\"@graph\":[{\"@type\":\"WebPage\",\"@id\":\"https:\\\/\\\/www.nore.ee\\\/shop\\\/uus-sandlipuumuskusvanilje-kuunal-vahapalad\\\/\",\"url\":\"https:\\\/\\\/www.nore.ee\\\/shop\\\/uus-sandlipuumuskusvanilje-kuunal-vahapalad\\\/\",\"name\":\"Sandlipuu\u2022muskus\u2022vanilje l\u00f5hnastatud vahapalad - NORE\",\"isPartOf\":{\"@id\":\"https:\\\/\\\/www.nore.ee\\\/#website\"},\"primaryImageOfPage\":{\"@id\":\"https:\\\/\\\/www.nore.ee\\\/shop\\\/uus-sandlipuumuskusvanilje-kuunal-vahapalad\\\/#primaryimage\"},\"image\":{\"@id\":\"https:\\\/\\\/www.nore.ee\\\/shop\\\/uus-sandlipuumuskusvanilje-kuunal-vahapalad\\\/#primaryimage\"},\"thumbnailUrl\":\"https:\\\/\\\/www.nore.ee\\\/wp-content\\\/uploads\\\/2023\\\/10\\\/IMG_3977-scaled.jpg\",\"datePublished\":\"2023-10-18T15:12:31+00:00\",\"dateModified\":\"2026-04-03T12:04:54+00:00\",\"description\":\"Sensuaalne ja rikkalik l\u00f5hnakooslus, mille tipunootides p\u00f5imuvad puidune sandlipuu, sensuaalne muskus ja magus vanilje. L\u00f5hnakoosluse s\u00fcgavamates nootides avalduvad pat\u0161uli ja tonka uba. Nore l\u00f5hnastatud vahapalad valmivad k\u00e4sit\u00f6\u00f6na k\u00f5rge kvaliteediga 100% sojavahast ning k\u00f5rgekvaliteedilistest aroomi\u00f5lidest. Vahapalasid kaunistavad kuivatatud hooajalised lilled.\",\"breadcrumb\":{\"@id\":\"https:\\\/\\\/www.nore.ee\\\/shop\\\/uus-sandlipuumuskusvanilje-kuunal-vahapalad\\\/#breadcrumb\"},\"inLanguage\":\"en-US\",\"potentialAction\":[{\"@type\":\"ReadAction\",\"target\":[\"https:\\\/\\\/www.nore.ee\\\/shop\\\/uus-sandlipuumuskusvanilje-kuunal-vahapalad\\\/\"]}]},{\"@type\":\"ImageObject\",\"inLanguage\":\"en-US\",\"@id\":\"https:\\\/\\\/www.nore.ee\\\/shop\\\/uus-sandlipuumuskusvanilje-kuunal-vahapalad\\\/#primaryimage\",\"url\":\"https:\\\/\\\/www.nore.ee\\\/wp-content\\\/uploads\\\/2023\\\/10\\\/IMG_3977-scaled.jpg\",\"contentUrl\":\"https:\\\/\\\/www.nore.ee\\\/wp-content\\\/uploads\\\/2023\\\/10\\\/IMG_3977-scaled.jpg\",\"width\":2048,\"height\":2560},{\"@type\":\"BreadcrumbList\",\"@id\":\"https:\\\/\\\/www.nore.ee\\\/shop\\\/uus-sandlipuumuskusvanilje-kuunal-vahapalad\\\/#breadcrumb\",\"itemListElement\":[{\"@type\":\"ListItem\",\"position\":1,\"name\":\"Home\",\"item\":\"https:\\\/\\\/www.nore.ee\\\/\"},{\"@type\":\"ListItem\",\"position\":2,\"name\":\"Tooted\",\"item\":\"https:\\\/\\\/www.nore.ee\\\/en\\\/shop\\\/\"},{\"@type\":\"ListItem\",\"position\":3,\"name\":\"Sandlipuu\u2022muskus\u2022vanilje l\u00f5hnastatud vahapalad\"}]},{\"@type\":\"WebSite\",\"@id\":\"https:\\\/\\\/www.nore.ee\\\/#website\",\"url\":\"https:\\\/\\\/www.nore.ee\\\/\",\"name\":\"NORE\",\"description\":\"Eriline l\u00f5hnaelamus sinu kodus!\",\"potentialAction\":[{\"@type\":\"SearchAction\",\"target\":{\"@type\":\"EntryPoint\",\"urlTemplate\":\"https:\\\/\\\/www.nore.ee\\\/?s={search_term_string}\"},\"query-input\":{\"@type\":\"PropertyValueSpecification\",\"valueRequired\":true,\"valueName\":\"search_term_string\"}}],\"inLanguage\":\"en-US\"}]}<\/script>\n<!-- \/ Yoast SEO plugin. -->","yoast_head_json":{"title":"Sandlipuu\u2022muskus\u2022vanilje l\u00f5hnastatud vahapalad - NORE","description":"Sensuaalne ja rikkalik l\u00f5hnakooslus, mille tipunootides p\u00f5imuvad puidune sandlipuu, sensuaalne muskus ja magus vanilje. L\u00f5hnakoosluse s\u00fcgavamates nootides avalduvad pat\u0161uli ja tonka uba. Nore l\u00f5hnastatud vahapalad valmivad k\u00e4sit\u00f6\u00f6na k\u00f5rge kvaliteediga 100% sojavahast ning k\u00f5rgekvaliteedilistest aroomi\u00f5lidest. Vahapalasid kaunistavad kuivatatud hooajalised lilled.","robots":{"index":"index","follow":"follow","max-snippet":"max-snippet:-1","max-image-preview":"max-image-preview:large","max-video-preview":"max-video-preview:-1"},"canonical":"https:\/\/www.nore.ee\/en\/shop\/uus-sandlipuumuskusvanilje-kuunal-vahapalad\/","og_locale":"en_US","og_type":"article","og_title":"Sandlipuu\u2022muskus\u2022vanilje l\u00f5hnastatud vahapalad - NORE","og_description":"Sensuaalne ja rikkalik l\u00f5hnakooslus, mille tipunootides p\u00f5imuvad puidune sandlipuu, sensuaalne muskus ja magus vanilje. L\u00f5hnakoosluse s\u00fcgavamates nootides avalduvad pat\u0161uli ja tonka uba. Nore l\u00f5hnastatud vahapalad valmivad k\u00e4sit\u00f6\u00f6na k\u00f5rge kvaliteediga 100% sojavahast ning k\u00f5rgekvaliteedilistest aroomi\u00f5lidest. Vahapalasid kaunistavad kuivatatud hooajalised lilled.","og_url":"https:\/\/www.nore.ee\/en\/shop\/uus-sandlipuumuskusvanilje-kuunal-vahapalad\/","og_site_name":"NORE","article_modified_time":"2026-04-03T12:04:54+00:00","og_image":[{"width":2048,"height":2560,"url":"https:\/\/www.nore.ee\/wp-content\/uploads\/2023\/10\/IMG_3977-scaled.jpg","type":"image\/jpeg"}],"twitter_card":"summary_large_image","twitter_misc":{"Est. reading time":"1 minute"},"schema":{"@context":"https:\/\/schema.org","@graph":[{"@type":"WebPage","@id":"https:\/\/www.nore.ee\/shop\/uus-sandlipuumuskusvanilje-kuunal-vahapalad\/","url":"https:\/\/www.nore.ee\/shop\/uus-sandlipuumuskusvanilje-kuunal-vahapalad\/","name":"Sandlipuu\u2022muskus\u2022vanilje l\u00f5hnastatud vahapalad - NORE","isPartOf":{"@id":"https:\/\/www.nore.ee\/#website"},"primaryImageOfPage":{"@id":"https:\/\/www.nore.ee\/shop\/uus-sandlipuumuskusvanilje-kuunal-vahapalad\/#primaryimage"},"image":{"@id":"https:\/\/www.nore.ee\/shop\/uus-sandlipuumuskusvanilje-kuunal-vahapalad\/#primaryimage"},"thumbnailUrl":"https:\/\/www.nore.ee\/wp-content\/uploads\/2023\/10\/IMG_3977-scaled.jpg","datePublished":"2023-10-18T15:12:31+00:00","dateModified":"2026-04-03T12:04:54+00:00","description":"Sensuaalne ja rikkalik l\u00f5hnakooslus, mille tipunootides p\u00f5imuvad puidune sandlipuu, sensuaalne muskus ja magus vanilje. L\u00f5hnakoosluse s\u00fcgavamates nootides avalduvad pat\u0161uli ja tonka uba. Nore l\u00f5hnastatud vahapalad valmivad k\u00e4sit\u00f6\u00f6na k\u00f5rge kvaliteediga 100% sojavahast ning k\u00f5rgekvaliteedilistest aroomi\u00f5lidest. Vahapalasid kaunistavad kuivatatud hooajalised lilled.","breadcrumb":{"@id":"https:\/\/www.nore.ee\/shop\/uus-sandlipuumuskusvanilje-kuunal-vahapalad\/#breadcrumb"},"inLanguage":"en-US","potentialAction":[{"@type":"ReadAction","target":["https:\/\/www.nore.ee\/shop\/uus-sandlipuumuskusvanilje-kuunal-vahapalad\/"]}]},{"@type":"ImageObject","inLanguage":"en-US","@id":"https:\/\/www.nore.ee\/shop\/uus-sandlipuumuskusvanilje-kuunal-vahapalad\/#primaryimage","url":"https:\/\/www.nore.ee\/wp-content\/uploads\/2023\/10\/IMG_3977-scaled.jpg","contentUrl":"https:\/\/www.nore.ee\/wp-content\/uploads\/2023\/10\/IMG_3977-scaled.jpg","width":2048,"height":2560},{"@type":"BreadcrumbList","@id":"https:\/\/www.nore.ee\/shop\/uus-sandlipuumuskusvanilje-kuunal-vahapalad\/#breadcrumb","itemListElement":[{"@type":"ListItem","position":1,"name":"Home","item":"https:\/\/www.nore.ee\/"},{"@type":"ListItem","position":2,"name":"Tooted","item":"https:\/\/www.nore.ee\/en\/shop\/"},{"@type":"ListItem","position":3,"name":"Sandlipuu\u2022muskus\u2022vanilje l\u00f5hnastatud vahapalad"}]},{"@type":"WebSite","@id":"https:\/\/www.nore.ee\/#website","url":"https:\/\/www.nore.ee\/","name":"NORE","description":"Unique scent experience in your home!","potentialAction":[{"@type":"SearchAction","target":{"@type":"EntryPoint","urlTemplate":"https:\/\/www.nore.ee\/?s={search_term_string}"},"query-input":{"@type":"PropertyValueSpecification","valueRequired":true,"valueName":"search_term_string"}}],"inLanguage":"en-US"}]}},"uagb_featured_image_src":{"full":["https:\/\/www.nore.ee\/wp-content\/uploads\/2023\/10\/IMG_3977-scaled.jpg",2048,2560,false],"thumbnail":["https:\/\/www.nore.ee\/wp-content\/uploads\/2023\/10\/IMG_3977-150x150.jpg",150,150,true],"medium":["https:\/\/www.nore.ee\/wp-content\/uploads\/2023\/10\/IMG_3977-240x300.jpg",240,300,true],"medium_large":["https:\/\/www.nore.ee\/wp-content\/uploads\/2023\/10\/IMG_3977-768x960.jpg",768,960,true],"large":["https:\/\/www.nore.ee\/wp-content\/uploads\/2023\/10\/IMG_3977-819x1024.jpg",819,1024,true],"1536x1536":["https:\/\/www.nore.ee\/wp-content\/uploads\/2023\/10\/IMG_3977-1229x1536.jpg",1229,1536,true],"2048x2048":["https:\/\/www.nore.ee\/wp-content\/uploads\/2023\/10\/IMG_3977-1639x2048.jpg",1639,2048,true],"trp-custom-language-flag":["https:\/\/www.nore.ee\/wp-content\/uploads\/2023\/10\/IMG_3977-10x12.jpg",10,12,true],"blog-thumb-1":["https:\/\/www.nore.ee\/wp-content\/uploads\/2023\/10\/IMG_3977-468x328.jpg",468,328,true],"blog-thumb-2":["https:\/\/www.nore.ee\/wp-content\/uploads\/2023\/10\/IMG_3977-468x468.jpg",468,468,true],"blog-thumb-3":["https:\/\/www.nore.ee\/wp-content\/uploads\/2023\/10\/IMG_3977-845x592.jpg",845,592,true],"blog-single-1":["https:\/\/www.nore.ee\/wp-content\/uploads\/2023\/10\/IMG_3977-1482x635.jpg",1482,635,true],"portfolio-single-img-1":["https:\/\/www.nore.ee\/wp-content\/uploads\/2023\/10\/IMG_3977-1612x2015.jpg",1612,2015,true],"portfolio-single-img-2":["https:\/\/www.nore.ee\/wp-content\/uploads\/2023\/10\/IMG_3977-1116x1395.jpg",1116,1395,true],"portfolio-single-img-3":["https:\/\/www.nore.ee\/wp-content\/uploads\/2023\/10\/IMG_3977-806x1007.jpg",806,1007,true],"portfolio-single-img-4":["https:\/\/www.nore.ee\/wp-content\/uploads\/2023\/10\/IMG_3977-558x697.jpg",558,697,true],"portfolio-img-1":["https:\/\/www.nore.ee\/wp-content\/uploads\/2023\/10\/IMG_3977-655x545.jpg",655,545,true],"portfolio-img-2":["https:\/\/www.nore.ee\/wp-content\/uploads\/2023\/10\/IMG_3977-655x545.jpg",655,545,true],"portfolio-img-3":["https:\/\/www.nore.ee\/wp-content\/uploads\/2023\/10\/IMG_3977-655x819.jpg",655,819,true],"shop-category-thumb":["https:\/\/www.nore.ee\/wp-content\/uploads\/2023\/10\/IMG_3977-500x290.jpg",500,290,true],"woocommerce_thumbnail":["https:\/\/www.nore.ee\/wp-content\/uploads\/2023\/10\/IMG_3977-scaled-550x700.jpg",550,700,true],"woocommerce_single":["https:\/\/www.nore.ee\/wp-content\/uploads\/2023\/10\/IMG_3977-scaled-820x1025.jpg",820,1025,true],"woocommerce_gallery_thumbnail":["https:\/\/www.nore.ee\/wp-content\/uploads\/2023\/10\/IMG_3977-scaled-220x220.jpg",220,220,true]},"uagb_author_info":{"display_name":"nore","author_link":"https:\/\/www.nore.ee\/en\/author\/"},"uagb_comment_info":0,"uagb_excerpt":"&nbsp; Sensuaalne ja rikkalik l\u00f5hnakooslus, mille tipunootides p\u00f5imuvad puidune sandlipuu, sensuaalne muskus ja magus vanilje. L\u00f5hnakoosluse s\u00fcgavamates nootides avalduvad pat\u0161uli ja tonka uba. Nore l\u00f5hnastatud vahapalad valmivad k\u00e4sit\u00f6\u00f6na k\u00f5rge kvaliteediga 100% sojavahast ning k\u00f5rgekvaliteedilistest aroomi\u00f5lidest.","_links":{"self":[{"href":"https:\/\/www.nore.ee\/en\/wp-json\/wp\/v2\/product\/19623","targetHints":{"allow":["GET"]}}],"collection":[{"href":"https:\/\/www.nore.ee\/en\/wp-json\/wp\/v2\/product"}],"about":[{"href":"https:\/\/www.nore.ee\/en\/wp-json\/wp\/v2\/types\/product"}],"wp:featuredmedia":[{"embeddable":true,"href":"https:\/\/www.nore.ee\/en\/wp-json\/wp\/v2\/media\/19626"}],"wp:attachment":[{"href":"https:\/\/www.nore.ee\/en\/wp-json\/wp\/v2\/media?parent=19623"}],"wp:term":[{"taxonomy":"product_brand","embeddable":true,"href":"https:\/\/www.nore.ee\/en\/wp-json\/wp\/v2\/product_brand?post=19623"},{"taxonomy":"product_cat","embeddable":true,"href":"https:\/\/www.nore.ee\/en\/wp-json\/wp\/v2\/product_cat?post=19623"},{"taxonomy":"product_tag","embeddable":true,"href":"https:\/\/www.nore.ee\/en\/wp-json\/wp\/v2\/product_tag?post=19623"}],"curies":[{"name":"wp","href":"https:\/\/api.w.org\/{rel}","templated":true}]}}