{"id":19849,"date":"2023-12-07T08:46:05","date_gmt":"2023-12-07T06:46:05","guid":{"rendered":"https:\/\/www.nore.ee\/?post_type=product&#038;p=19849"},"modified":"2025-02-26T13:13:26","modified_gmt":"2025-02-26T11:13:26","slug":"nore-kinkekarp","status":"publish","type":"product","link":"https:\/\/www.nore.ee\/en\/shop\/nore-kinkekarp\/","title":{"rendered":"Gift box"},"content":{"rendered":"<p>The gift box can hold up to 4 products (candle or reed diffuser). The gift box does not fit ceramic aroma lamps or individually packaged products. The size of the gift box may differ from the one in the picture - we choose a gift box that fits the content of the order the best.<\/p>\n<p>If your order contains products that you would like to exclude from the gift box, please let us know in the order comments.<\/p>","protected":false},"excerpt":{"rendered":"<p>&nbsp;<\/p>\n<p>Add the gift box to your order and we will pack your order into our signature gift box with a festive green ribbon!<\/p>","protected":false},"featured_media":19851,"template":"","meta":{"_acf_changed":false,"_crdt_document":"","_uag_custom_page_level_css":""},"product_brand":[],"product_cat":[60],"product_tag":[],"class_list":{"0":"post-19849","1":"product","2":"type-product","3":"status-publish","4":"has-post-thumbnail","6":"product_cat-kingisoovitused","8":"first","9":"instock","10":"taxable","11":"shipping-taxable","12":"purchasable","13":"product-type-simple","15":"catalog-layout-default","16":"columns-xs-1"},"acf":[],"yoast_head":"<!-- This site is optimized with the Yoast SEO plugin v27.5 - https:\/\/yoast.com\/product\/yoast-seo-wordpress\/ -->\n<title>Nore kinkekarp - NORE<\/title>\n<meta name=\"description\" content=\"Kinkimise r\u00f5\u00f5m on suurim r\u00f5\u00f5m! Lisa oma tellimusele Nore kinkekarp ning pakime tellimuse sisu kaunisse rohelise lindiga kinkekarpi!\" \/>\n<meta name=\"robots\" content=\"index, follow, max-snippet:-1, max-image-preview:large, max-video-preview:-1\" \/>\n<link rel=\"canonical\" href=\"https:\/\/www.nore.ee\/en\/shop\/nore-kinkekarp\/\" \/>\n<meta property=\"og:locale\" content=\"en_US\" \/>\n<meta property=\"og:type\" content=\"article\" \/>\n<meta property=\"og:title\" content=\"Nore kinkekarp - NORE\" \/>\n<meta property=\"og:description\" content=\"Kinkimise r\u00f5\u00f5m on suurim r\u00f5\u00f5m! Lisa oma tellimusele Nore kinkekarp ning pakime tellimuse sisu kaunisse rohelise lindiga kinkekarpi!\" \/>\n<meta property=\"og:url\" content=\"https:\/\/www.nore.ee\/en\/shop\/nore-kinkekarp\/\" \/>\n<meta property=\"og:site_name\" content=\"NORE\" \/>\n<meta property=\"article:modified_time\" content=\"2025-02-26T11:13:26+00:00\" \/>\n<meta property=\"og:image\" content=\"https:\/\/www.nore.ee\/wp-content\/uploads\/2023\/12\/IMG_1006-2-scaled.jpg\" \/>\n\t<meta property=\"og:image:width\" content=\"2048\" \/>\n\t<meta property=\"og:image:height\" content=\"2560\" \/>\n\t<meta property=\"og:image:type\" content=\"image\/jpeg\" \/>\n<meta name=\"twitter:card\" content=\"summary_large_image\" \/>\n<meta name=\"twitter:label1\" content=\"Est. reading time\" \/>\n\t<meta name=\"twitter:data1\" content=\"1 minute\" \/>\n<script type=\"application\/ld+json\" class=\"yoast-schema-graph\">{\"@context\":\"https:\\\/\\\/schema.org\",\"@graph\":[{\"@type\":\"WebPage\",\"@id\":\"https:\\\/\\\/www.nore.ee\\\/shop\\\/nore-kinkekarp\\\/\",\"url\":\"https:\\\/\\\/www.nore.ee\\\/shop\\\/nore-kinkekarp\\\/\",\"name\":\"Nore kinkekarp - NORE\",\"isPartOf\":{\"@id\":\"https:\\\/\\\/www.nore.ee\\\/#website\"},\"primaryImageOfPage\":{\"@id\":\"https:\\\/\\\/www.nore.ee\\\/shop\\\/nore-kinkekarp\\\/#primaryimage\"},\"image\":{\"@id\":\"https:\\\/\\\/www.nore.ee\\\/shop\\\/nore-kinkekarp\\\/#primaryimage\"},\"thumbnailUrl\":\"https:\\\/\\\/www.nore.ee\\\/wp-content\\\/uploads\\\/2023\\\/12\\\/IMG_1006-2-scaled.jpg\",\"datePublished\":\"2023-12-07T06:46:05+00:00\",\"dateModified\":\"2025-02-26T11:13:26+00:00\",\"description\":\"Kinkimise r\u00f5\u00f5m on suurim r\u00f5\u00f5m! Lisa oma tellimusele Nore kinkekarp ning pakime tellimuse sisu kaunisse rohelise lindiga kinkekarpi!\",\"breadcrumb\":{\"@id\":\"https:\\\/\\\/www.nore.ee\\\/shop\\\/nore-kinkekarp\\\/#breadcrumb\"},\"inLanguage\":\"en-US\",\"potentialAction\":[{\"@type\":\"ReadAction\",\"target\":[\"https:\\\/\\\/www.nore.ee\\\/shop\\\/nore-kinkekarp\\\/\"]}]},{\"@type\":\"ImageObject\",\"inLanguage\":\"en-US\",\"@id\":\"https:\\\/\\\/www.nore.ee\\\/shop\\\/nore-kinkekarp\\\/#primaryimage\",\"url\":\"https:\\\/\\\/www.nore.ee\\\/wp-content\\\/uploads\\\/2023\\\/12\\\/IMG_1006-2-scaled.jpg\",\"contentUrl\":\"https:\\\/\\\/www.nore.ee\\\/wp-content\\\/uploads\\\/2023\\\/12\\\/IMG_1006-2-scaled.jpg\",\"width\":2048,\"height\":2560},{\"@type\":\"BreadcrumbList\",\"@id\":\"https:\\\/\\\/www.nore.ee\\\/shop\\\/nore-kinkekarp\\\/#breadcrumb\",\"itemListElement\":[{\"@type\":\"ListItem\",\"position\":1,\"name\":\"Home\",\"item\":\"https:\\\/\\\/www.nore.ee\\\/\"},{\"@type\":\"ListItem\",\"position\":2,\"name\":\"Tooted\",\"item\":\"https:\\\/\\\/www.nore.ee\\\/en\\\/shop\\\/\"},{\"@type\":\"ListItem\",\"position\":3,\"name\":\"Nore kinkekarp\"}]},{\"@type\":\"WebSite\",\"@id\":\"https:\\\/\\\/www.nore.ee\\\/#website\",\"url\":\"https:\\\/\\\/www.nore.ee\\\/\",\"name\":\"NORE\",\"description\":\"Eriline l\u00f5hnaelamus sinu kodus!\",\"potentialAction\":[{\"@type\":\"SearchAction\",\"target\":{\"@type\":\"EntryPoint\",\"urlTemplate\":\"https:\\\/\\\/www.nore.ee\\\/?s={search_term_string}\"},\"query-input\":{\"@type\":\"PropertyValueSpecification\",\"valueRequired\":true,\"valueName\":\"search_term_string\"}}],\"inLanguage\":\"en-US\"}]}<\/script>\n<!-- \/ Yoast SEO plugin. -->","yoast_head_json":{"title":"Nore kinkekarp - NORE","description":"Add the gift box to your order and we will pack your order into our signature gift box with a festive green ribbon!","robots":{"index":"index","follow":"follow","max-snippet":"max-snippet:-1","max-image-preview":"max-image-preview:large","max-video-preview":"max-video-preview:-1"},"canonical":"https:\/\/www.nore.ee\/en\/shop\/nore-kinkekarp\/","og_locale":"en_US","og_type":"article","og_title":"Nore kinkekarp - NORE","og_description":"Kinkimise r\u00f5\u00f5m on suurim r\u00f5\u00f5m! Lisa oma tellimusele Nore kinkekarp ning pakime tellimuse sisu kaunisse rohelise lindiga kinkekarpi!","og_url":"https:\/\/www.nore.ee\/en\/shop\/nore-kinkekarp\/","og_site_name":"NORE","article_modified_time":"2025-02-26T11:13:26+00:00","og_image":[{"width":2048,"height":2560,"url":"https:\/\/www.nore.ee\/wp-content\/uploads\/2023\/12\/IMG_1006-2-scaled.jpg","type":"image\/jpeg"}],"twitter_card":"summary_large_image","twitter_misc":{"Est. reading time":"1 minute"},"schema":{"@context":"https:\/\/schema.org","@graph":[{"@type":"WebPage","@id":"https:\/\/www.nore.ee\/shop\/nore-kinkekarp\/","url":"https:\/\/www.nore.ee\/shop\/nore-kinkekarp\/","name":"Nore kinkekarp - NORE","isPartOf":{"@id":"https:\/\/www.nore.ee\/#website"},"primaryImageOfPage":{"@id":"https:\/\/www.nore.ee\/shop\/nore-kinkekarp\/#primaryimage"},"image":{"@id":"https:\/\/www.nore.ee\/shop\/nore-kinkekarp\/#primaryimage"},"thumbnailUrl":"https:\/\/www.nore.ee\/wp-content\/uploads\/2023\/12\/IMG_1006-2-scaled.jpg","datePublished":"2023-12-07T06:46:05+00:00","dateModified":"2025-02-26T11:13:26+00:00","description":"Add the gift box to your order and we will pack your order into our signature gift box with a festive green ribbon!","breadcrumb":{"@id":"https:\/\/www.nore.ee\/shop\/nore-kinkekarp\/#breadcrumb"},"inLanguage":"en-US","potentialAction":[{"@type":"ReadAction","target":["https:\/\/www.nore.ee\/shop\/nore-kinkekarp\/"]}]},{"@type":"ImageObject","inLanguage":"en-US","@id":"https:\/\/www.nore.ee\/shop\/nore-kinkekarp\/#primaryimage","url":"https:\/\/www.nore.ee\/wp-content\/uploads\/2023\/12\/IMG_1006-2-scaled.jpg","contentUrl":"https:\/\/www.nore.ee\/wp-content\/uploads\/2023\/12\/IMG_1006-2-scaled.jpg","width":2048,"height":2560},{"@type":"BreadcrumbList","@id":"https:\/\/www.nore.ee\/shop\/nore-kinkekarp\/#breadcrumb","itemListElement":[{"@type":"ListItem","position":1,"name":"Home","item":"https:\/\/www.nore.ee\/"},{"@type":"ListItem","position":2,"name":"Tooted","item":"https:\/\/www.nore.ee\/en\/shop\/"},{"@type":"ListItem","position":3,"name":"Nore kinkekarp"}]},{"@type":"WebSite","@id":"https:\/\/www.nore.ee\/#website","url":"https:\/\/www.nore.ee\/","name":"NORE","description":"Unique scent experience in your home!","potentialAction":[{"@type":"SearchAction","target":{"@type":"EntryPoint","urlTemplate":"https:\/\/www.nore.ee\/?s={search_term_string}"},"query-input":{"@type":"PropertyValueSpecification","valueRequired":true,"valueName":"search_term_string"}}],"inLanguage":"en-US"}]}},"uagb_featured_image_src":{"full":["https:\/\/www.nore.ee\/wp-content\/uploads\/2023\/12\/IMG_1006-2-scaled.jpg",2048,2560,false],"thumbnail":["https:\/\/www.nore.ee\/wp-content\/uploads\/2023\/12\/IMG_1006-2-150x150.jpg",150,150,true],"medium":["https:\/\/www.nore.ee\/wp-content\/uploads\/2023\/12\/IMG_1006-2-240x300.jpg",240,300,true],"medium_large":["https:\/\/www.nore.ee\/wp-content\/uploads\/2023\/12\/IMG_1006-2-768x960.jpg",768,960,true],"large":["https:\/\/www.nore.ee\/wp-content\/uploads\/2023\/12\/IMG_1006-2-819x1024.jpg",819,1024,true],"1536x1536":["https:\/\/www.nore.ee\/wp-content\/uploads\/2023\/12\/IMG_1006-2-1229x1536.jpg",1229,1536,true],"2048x2048":["https:\/\/www.nore.ee\/wp-content\/uploads\/2023\/12\/IMG_1006-2-1638x2048.jpg",1638,2048,true],"trp-custom-language-flag":["https:\/\/www.nore.ee\/wp-content\/uploads\/2023\/12\/IMG_1006-2-10x12.jpg",10,12,true],"blog-thumb-1":["https:\/\/www.nore.ee\/wp-content\/uploads\/2023\/12\/IMG_1006-2-468x328.jpg",468,328,true],"blog-thumb-2":["https:\/\/www.nore.ee\/wp-content\/uploads\/2023\/12\/IMG_1006-2-468x468.jpg",468,468,true],"blog-thumb-3":["https:\/\/www.nore.ee\/wp-content\/uploads\/2023\/12\/IMG_1006-2-845x592.jpg",845,592,true],"blog-single-1":["https:\/\/www.nore.ee\/wp-content\/uploads\/2023\/12\/IMG_1006-2-1482x635.jpg",1482,635,true],"portfolio-single-img-1":["https:\/\/www.nore.ee\/wp-content\/uploads\/2023\/12\/IMG_1006-2-1612x2015.jpg",1612,2015,true],"portfolio-single-img-2":["https:\/\/www.nore.ee\/wp-content\/uploads\/2023\/12\/IMG_1006-2-1116x1395.jpg",1116,1395,true],"portfolio-single-img-3":["https:\/\/www.nore.ee\/wp-content\/uploads\/2023\/12\/IMG_1006-2-806x1008.jpg",806,1008,true],"portfolio-single-img-4":["https:\/\/www.nore.ee\/wp-content\/uploads\/2023\/12\/IMG_1006-2-558x698.jpg",558,698,true],"portfolio-img-1":["https:\/\/www.nore.ee\/wp-content\/uploads\/2023\/12\/IMG_1006-2-655x545.jpg",655,545,true],"portfolio-img-2":["https:\/\/www.nore.ee\/wp-content\/uploads\/2023\/12\/IMG_1006-2-655x545.jpg",655,545,true],"portfolio-img-3":["https:\/\/www.nore.ee\/wp-content\/uploads\/2023\/12\/IMG_1006-2-655x819.jpg",655,819,true],"shop-category-thumb":["https:\/\/www.nore.ee\/wp-content\/uploads\/2023\/12\/IMG_1006-2-500x290.jpg",500,290,true],"woocommerce_thumbnail":["https:\/\/www.nore.ee\/wp-content\/uploads\/2023\/12\/IMG_1006-2-550x700.jpg",550,700,true],"woocommerce_single":["https:\/\/www.nore.ee\/wp-content\/uploads\/2023\/12\/IMG_1006-2-820x1025.jpg",820,1025,true],"woocommerce_gallery_thumbnail":["https:\/\/www.nore.ee\/wp-content\/uploads\/2023\/12\/IMG_1006-2-220x220.jpg",220,220,true]},"uagb_author_info":{"display_name":"nore","author_link":"https:\/\/www.nore.ee\/en\/author\/"},"uagb_comment_info":0,"uagb_excerpt":"&nbsp; Kinkimise r\u00f5\u00f5m on suurim r\u00f5\u00f5m! Lisa oma tellimusele Nore kinkekarp ning pakime tellimuse sisu kaunisse rohelise lindiga kinkekarpi!","_links":{"self":[{"href":"https:\/\/www.nore.ee\/en\/wp-json\/wp\/v2\/product\/19849","targetHints":{"allow":["GET"]}}],"collection":[{"href":"https:\/\/www.nore.ee\/en\/wp-json\/wp\/v2\/product"}],"about":[{"href":"https:\/\/www.nore.ee\/en\/wp-json\/wp\/v2\/types\/product"}],"wp:featuredmedia":[{"embeddable":true,"href":"https:\/\/www.nore.ee\/en\/wp-json\/wp\/v2\/media\/19851"}],"wp:attachment":[{"href":"https:\/\/www.nore.ee\/en\/wp-json\/wp\/v2\/media?parent=19849"}],"wp:term":[{"taxonomy":"product_brand","embeddable":true,"href":"https:\/\/www.nore.ee\/en\/wp-json\/wp\/v2\/product_brand?post=19849"},{"taxonomy":"product_cat","embeddable":true,"href":"https:\/\/www.nore.ee\/en\/wp-json\/wp\/v2\/product_cat?post=19849"},{"taxonomy":"product_tag","embeddable":true,"href":"https:\/\/www.nore.ee\/en\/wp-json\/wp\/v2\/product_tag?post=19849"}],"curies":[{"name":"wp","href":"https:\/\/api.w.org\/{rel}","templated":true}]}}