{"id":20329,"date":"2024-06-30T21:15:32","date_gmt":"2024-06-30T18:15:32","guid":{"rendered":"https:\/\/www.nore.ee\/?post_type=product&#038;p=20329"},"modified":"2026-03-27T10:37:33","modified_gmt":"2026-03-27T08:37:33","slug":"rohelineteesidrunhein-toaparfuum","status":"publish","type":"product","link":"https:\/\/www.nore.ee\/en\/shop\/rohelineteesidrunhein-toaparfuum\/","title":{"rendered":"Green tea\u2022lemongrass room spray"},"content":{"rendered":"<p><span style=\"font-weight: 400;\">Spray the room spray 2-3 times into the air, repeat for a more intense scent. Avoid spraying directly on objects or materials. Room spray can damage textile, glass, wood or plastic surfaces. Room spray should not be used as a personal perfume. Keep out of the reach of children and pets.<\/span><\/p>","protected":false},"excerpt":{"rendered":"<p>&nbsp;<\/p>\n<p><span class=\"OYPEnA text-decoration-none text-strikethrough-none\">A refreshing and soothing combination where mild and gently bitter green tea intertwines with zesty and fresh lemongrass. Cedar and white musk are revealed in the deeper layers.<\/span><\/p>\n<p><span style=\"font-weight: 400;\">Nore room sprays are handcrafted using the finest fragrance oils and natural base ingredients.<\/span><\/p>","protected":false},"featured_media":20330,"template":"","meta":{"_acf_changed":false,"_crdt_document":"","_uag_custom_page_level_css":""},"product_brand":[],"product_cat":[109,70],"product_tag":[],"class_list":{"0":"post-20329","1":"product","2":"type-product","3":"status-publish","4":"has-post-thumbnail","6":"product_cat-rohelineteesidrunhein","7":"product_cat-toaparfuumid","9":"first","10":"instock","11":"taxable","12":"shipping-taxable","13":"purchasable","14":"product-type-simple","16":"catalog-layout-default","17":"columns-xs-1"},"acf":[],"yoast_head":"<!-- This site is optimized with the Yoast SEO plugin v27.5 - https:\/\/yoast.com\/product\/yoast-seo-wordpress\/ -->\n<title>Roheline tee\u2022sidrunhein toaparf\u00fc\u00fcm - NORE<\/title>\n<meta name=\"description\" content=\"V\u00e4rskendav ja rahustav kooslus, milles p\u00f5imuvad mahe ja \u00f5rnalt m\u00f5rkjas roheline tee ning s\u00e4rtsakas ja v\u00e4rske sidrunhein. L\u00f5hnakombinatsiooni s\u00fcgavamates kihtides avalduvad seeder ja valge muskus. Nore toaparf\u00fc\u00fcmid valmivad k\u00e4sit\u00f6\u00f6na looduslikust baasainest ning k\u00f5rgekvaliteedilistest aroomi\u00f5lidest.\" \/>\n<meta name=\"robots\" content=\"index, follow, max-snippet:-1, max-image-preview:large, max-video-preview:-1\" \/>\n<link rel=\"canonical\" href=\"https:\/\/www.nore.ee\/en\/shop\/rohelineteesidrunhein-toaparfuum\/\" \/>\n<meta property=\"og:locale\" content=\"en_US\" \/>\n<meta property=\"og:type\" content=\"article\" \/>\n<meta property=\"og:title\" content=\"Roheline tee\u2022sidrunhein toaparf\u00fc\u00fcm - NORE\" \/>\n<meta property=\"og:description\" content=\"V\u00e4rskendav ja rahustav kooslus, milles p\u00f5imuvad mahe ja \u00f5rnalt m\u00f5rkjas roheline tee ning s\u00e4rtsakas ja v\u00e4rske sidrunhein. L\u00f5hnakombinatsiooni s\u00fcgavamates kihtides avalduvad seeder ja valge muskus. Nore toaparf\u00fc\u00fcmid valmivad k\u00e4sit\u00f6\u00f6na looduslikust baasainest ning k\u00f5rgekvaliteedilistest aroomi\u00f5lidest.\" \/>\n<meta property=\"og:url\" content=\"https:\/\/www.nore.ee\/en\/shop\/rohelineteesidrunhein-toaparfuum\/\" \/>\n<meta property=\"og:site_name\" content=\"NORE\" \/>\n<meta property=\"article:modified_time\" content=\"2026-03-27T08:37:33+00:00\" \/>\n<meta property=\"og:image\" content=\"https:\/\/www.nore.ee\/wp-content\/uploads\/2024\/06\/Nore-008-Edit-scaled.jpg\" \/>\n\t<meta property=\"og:image:width\" content=\"2048\" \/>\n\t<meta property=\"og:image:height\" content=\"2560\" \/>\n\t<meta property=\"og:image:type\" content=\"image\/jpeg\" \/>\n<meta name=\"twitter:card\" content=\"summary_large_image\" \/>\n<meta name=\"twitter:label1\" content=\"Est. reading time\" \/>\n\t<meta name=\"twitter:data1\" content=\"1 minute\" \/>\n<script type=\"application\/ld+json\" class=\"yoast-schema-graph\">{\"@context\":\"https:\\\/\\\/schema.org\",\"@graph\":[{\"@type\":\"WebPage\",\"@id\":\"https:\\\/\\\/www.nore.ee\\\/shop\\\/rohelineteesidrunhein-toaparfuum\\\/\",\"url\":\"https:\\\/\\\/www.nore.ee\\\/shop\\\/rohelineteesidrunhein-toaparfuum\\\/\",\"name\":\"Roheline tee\u2022sidrunhein toaparf\u00fc\u00fcm - NORE\",\"isPartOf\":{\"@id\":\"https:\\\/\\\/www.nore.ee\\\/#website\"},\"primaryImageOfPage\":{\"@id\":\"https:\\\/\\\/www.nore.ee\\\/shop\\\/rohelineteesidrunhein-toaparfuum\\\/#primaryimage\"},\"image\":{\"@id\":\"https:\\\/\\\/www.nore.ee\\\/shop\\\/rohelineteesidrunhein-toaparfuum\\\/#primaryimage\"},\"thumbnailUrl\":\"https:\\\/\\\/www.nore.ee\\\/wp-content\\\/uploads\\\/2024\\\/06\\\/Nore-008-Edit-scaled.jpg\",\"datePublished\":\"2024-06-30T18:15:32+00:00\",\"dateModified\":\"2026-03-27T08:37:33+00:00\",\"description\":\"V\u00e4rskendav ja rahustav kooslus, milles p\u00f5imuvad mahe ja \u00f5rnalt m\u00f5rkjas roheline tee ning s\u00e4rtsakas ja v\u00e4rske sidrunhein. L\u00f5hnakombinatsiooni s\u00fcgavamates kihtides avalduvad seeder ja valge muskus. Nore toaparf\u00fc\u00fcmid valmivad k\u00e4sit\u00f6\u00f6na looduslikust baasainest ning k\u00f5rgekvaliteedilistest aroomi\u00f5lidest.\",\"breadcrumb\":{\"@id\":\"https:\\\/\\\/www.nore.ee\\\/shop\\\/rohelineteesidrunhein-toaparfuum\\\/#breadcrumb\"},\"inLanguage\":\"en-US\",\"potentialAction\":[{\"@type\":\"ReadAction\",\"target\":[\"https:\\\/\\\/www.nore.ee\\\/shop\\\/rohelineteesidrunhein-toaparfuum\\\/\"]}]},{\"@type\":\"ImageObject\",\"inLanguage\":\"en-US\",\"@id\":\"https:\\\/\\\/www.nore.ee\\\/shop\\\/rohelineteesidrunhein-toaparfuum\\\/#primaryimage\",\"url\":\"https:\\\/\\\/www.nore.ee\\\/wp-content\\\/uploads\\\/2024\\\/06\\\/Nore-008-Edit-scaled.jpg\",\"contentUrl\":\"https:\\\/\\\/www.nore.ee\\\/wp-content\\\/uploads\\\/2024\\\/06\\\/Nore-008-Edit-scaled.jpg\",\"width\":2048,\"height\":2560},{\"@type\":\"BreadcrumbList\",\"@id\":\"https:\\\/\\\/www.nore.ee\\\/shop\\\/rohelineteesidrunhein-toaparfuum\\\/#breadcrumb\",\"itemListElement\":[{\"@type\":\"ListItem\",\"position\":1,\"name\":\"Home\",\"item\":\"https:\\\/\\\/www.nore.ee\\\/\"},{\"@type\":\"ListItem\",\"position\":2,\"name\":\"Tooted\",\"item\":\"https:\\\/\\\/www.nore.ee\\\/en\\\/shop\\\/\"},{\"@type\":\"ListItem\",\"position\":3,\"name\":\"Roheline tee\u2022sidrunhein toaparf\u00fc\u00fcm\"}]},{\"@type\":\"WebSite\",\"@id\":\"https:\\\/\\\/www.nore.ee\\\/#website\",\"url\":\"https:\\\/\\\/www.nore.ee\\\/\",\"name\":\"NORE\",\"description\":\"Eriline l\u00f5hnaelamus sinu kodus!\",\"potentialAction\":[{\"@type\":\"SearchAction\",\"target\":{\"@type\":\"EntryPoint\",\"urlTemplate\":\"https:\\\/\\\/www.nore.ee\\\/?s={search_term_string}\"},\"query-input\":{\"@type\":\"PropertyValueSpecification\",\"valueRequired\":true,\"valueName\":\"search_term_string\"}}],\"inLanguage\":\"en-US\"}]}<\/script>\n<!-- \/ Yoast SEO plugin. -->","yoast_head_json":{"title":"Roheline tee\u2022sidrunhein toaparf\u00fc\u00fcm - NORE","description":"V\u00e4rskendav ja rahustav kooslus, milles p\u00f5imuvad mahe ja \u00f5rnalt m\u00f5rkjas roheline tee ning s\u00e4rtsakas ja v\u00e4rske sidrunhein. L\u00f5hnakombinatsiooni s\u00fcgavamates kihtides avalduvad seeder ja valge muskus. Nore toaparf\u00fc\u00fcmid valmivad k\u00e4sit\u00f6\u00f6na looduslikust baasainest ning k\u00f5rgekvaliteedilistest aroomi\u00f5lidest.","robots":{"index":"index","follow":"follow","max-snippet":"max-snippet:-1","max-image-preview":"max-image-preview:large","max-video-preview":"max-video-preview:-1"},"canonical":"https:\/\/www.nore.ee\/en\/shop\/rohelineteesidrunhein-toaparfuum\/","og_locale":"en_US","og_type":"article","og_title":"Roheline tee\u2022sidrunhein toaparf\u00fc\u00fcm - NORE","og_description":"V\u00e4rskendav ja rahustav kooslus, milles p\u00f5imuvad mahe ja \u00f5rnalt m\u00f5rkjas roheline tee ning s\u00e4rtsakas ja v\u00e4rske sidrunhein. L\u00f5hnakombinatsiooni s\u00fcgavamates kihtides avalduvad seeder ja valge muskus. Nore toaparf\u00fc\u00fcmid valmivad k\u00e4sit\u00f6\u00f6na looduslikust baasainest ning k\u00f5rgekvaliteedilistest aroomi\u00f5lidest.","og_url":"https:\/\/www.nore.ee\/en\/shop\/rohelineteesidrunhein-toaparfuum\/","og_site_name":"NORE","article_modified_time":"2026-03-27T08:37:33+00:00","og_image":[{"width":2048,"height":2560,"url":"https:\/\/www.nore.ee\/wp-content\/uploads\/2024\/06\/Nore-008-Edit-scaled.jpg","type":"image\/jpeg"}],"twitter_card":"summary_large_image","twitter_misc":{"Est. reading time":"1 minute"},"schema":{"@context":"https:\/\/schema.org","@graph":[{"@type":"WebPage","@id":"https:\/\/www.nore.ee\/shop\/rohelineteesidrunhein-toaparfuum\/","url":"https:\/\/www.nore.ee\/shop\/rohelineteesidrunhein-toaparfuum\/","name":"Roheline tee\u2022sidrunhein toaparf\u00fc\u00fcm - NORE","isPartOf":{"@id":"https:\/\/www.nore.ee\/#website"},"primaryImageOfPage":{"@id":"https:\/\/www.nore.ee\/shop\/rohelineteesidrunhein-toaparfuum\/#primaryimage"},"image":{"@id":"https:\/\/www.nore.ee\/shop\/rohelineteesidrunhein-toaparfuum\/#primaryimage"},"thumbnailUrl":"https:\/\/www.nore.ee\/wp-content\/uploads\/2024\/06\/Nore-008-Edit-scaled.jpg","datePublished":"2024-06-30T18:15:32+00:00","dateModified":"2026-03-27T08:37:33+00:00","description":"V\u00e4rskendav ja rahustav kooslus, milles p\u00f5imuvad mahe ja \u00f5rnalt m\u00f5rkjas roheline tee ning s\u00e4rtsakas ja v\u00e4rske sidrunhein. L\u00f5hnakombinatsiooni s\u00fcgavamates kihtides avalduvad seeder ja valge muskus. Nore toaparf\u00fc\u00fcmid valmivad k\u00e4sit\u00f6\u00f6na looduslikust baasainest ning k\u00f5rgekvaliteedilistest aroomi\u00f5lidest.","breadcrumb":{"@id":"https:\/\/www.nore.ee\/shop\/rohelineteesidrunhein-toaparfuum\/#breadcrumb"},"inLanguage":"en-US","potentialAction":[{"@type":"ReadAction","target":["https:\/\/www.nore.ee\/shop\/rohelineteesidrunhein-toaparfuum\/"]}]},{"@type":"ImageObject","inLanguage":"en-US","@id":"https:\/\/www.nore.ee\/shop\/rohelineteesidrunhein-toaparfuum\/#primaryimage","url":"https:\/\/www.nore.ee\/wp-content\/uploads\/2024\/06\/Nore-008-Edit-scaled.jpg","contentUrl":"https:\/\/www.nore.ee\/wp-content\/uploads\/2024\/06\/Nore-008-Edit-scaled.jpg","width":2048,"height":2560},{"@type":"BreadcrumbList","@id":"https:\/\/www.nore.ee\/shop\/rohelineteesidrunhein-toaparfuum\/#breadcrumb","itemListElement":[{"@type":"ListItem","position":1,"name":"Home","item":"https:\/\/www.nore.ee\/"},{"@type":"ListItem","position":2,"name":"Tooted","item":"https:\/\/www.nore.ee\/en\/shop\/"},{"@type":"ListItem","position":3,"name":"Roheline tee\u2022sidrunhein toaparf\u00fc\u00fcm"}]},{"@type":"WebSite","@id":"https:\/\/www.nore.ee\/#website","url":"https:\/\/www.nore.ee\/","name":"NORE","description":"Unique scent experience in your home!","potentialAction":[{"@type":"SearchAction","target":{"@type":"EntryPoint","urlTemplate":"https:\/\/www.nore.ee\/?s={search_term_string}"},"query-input":{"@type":"PropertyValueSpecification","valueRequired":true,"valueName":"search_term_string"}}],"inLanguage":"en-US"}]}},"uagb_featured_image_src":{"full":["https:\/\/www.nore.ee\/wp-content\/uploads\/2024\/06\/Nore-008-Edit-scaled.jpg",2048,2560,false],"thumbnail":["https:\/\/www.nore.ee\/wp-content\/uploads\/2024\/06\/Nore-008-Edit-150x150.jpg",150,150,true],"medium":["https:\/\/www.nore.ee\/wp-content\/uploads\/2024\/06\/Nore-008-Edit-240x300.jpg",240,300,true],"medium_large":["https:\/\/www.nore.ee\/wp-content\/uploads\/2024\/06\/Nore-008-Edit-768x960.jpg",768,960,true],"large":["https:\/\/www.nore.ee\/wp-content\/uploads\/2024\/06\/Nore-008-Edit-819x1024.jpg",819,1024,true],"1536x1536":["https:\/\/www.nore.ee\/wp-content\/uploads\/2024\/06\/Nore-008-Edit-1229x1536.jpg",1229,1536,true],"2048x2048":["https:\/\/www.nore.ee\/wp-content\/uploads\/2024\/06\/Nore-008-Edit-1638x2048.jpg",1638,2048,true],"trp-custom-language-flag":["https:\/\/www.nore.ee\/wp-content\/uploads\/2024\/06\/Nore-008-Edit-10x12.jpg",10,12,true],"blog-thumb-1":["https:\/\/www.nore.ee\/wp-content\/uploads\/2024\/06\/Nore-008-Edit-468x328.jpg",468,328,true],"blog-thumb-2":["https:\/\/www.nore.ee\/wp-content\/uploads\/2024\/06\/Nore-008-Edit-468x468.jpg",468,468,true],"blog-thumb-3":["https:\/\/www.nore.ee\/wp-content\/uploads\/2024\/06\/Nore-008-Edit-845x592.jpg",845,592,true],"blog-single-1":["https:\/\/www.nore.ee\/wp-content\/uploads\/2024\/06\/Nore-008-Edit-1482x635.jpg",1482,635,true],"portfolio-single-img-1":["https:\/\/www.nore.ee\/wp-content\/uploads\/2024\/06\/Nore-008-Edit-1612x2015.jpg",1612,2015,true],"portfolio-single-img-2":["https:\/\/www.nore.ee\/wp-content\/uploads\/2024\/06\/Nore-008-Edit-1116x1395.jpg",1116,1395,true],"portfolio-single-img-3":["https:\/\/www.nore.ee\/wp-content\/uploads\/2024\/06\/Nore-008-Edit-806x1008.jpg",806,1008,true],"portfolio-single-img-4":["https:\/\/www.nore.ee\/wp-content\/uploads\/2024\/06\/Nore-008-Edit-558x698.jpg",558,698,true],"portfolio-img-1":["https:\/\/www.nore.ee\/wp-content\/uploads\/2024\/06\/Nore-008-Edit-655x545.jpg",655,545,true],"portfolio-img-2":["https:\/\/www.nore.ee\/wp-content\/uploads\/2024\/06\/Nore-008-Edit-655x545.jpg",655,545,true],"portfolio-img-3":["https:\/\/www.nore.ee\/wp-content\/uploads\/2024\/06\/Nore-008-Edit-655x819.jpg",655,819,true],"shop-category-thumb":["https:\/\/www.nore.ee\/wp-content\/uploads\/2024\/06\/Nore-008-Edit-500x290.jpg",500,290,true],"woocommerce_thumbnail":["https:\/\/www.nore.ee\/wp-content\/uploads\/2024\/06\/Nore-008-Edit-550x700.jpg",550,700,true],"woocommerce_single":["https:\/\/www.nore.ee\/wp-content\/uploads\/2024\/06\/Nore-008-Edit-820x1025.jpg",820,1025,true],"woocommerce_gallery_thumbnail":["https:\/\/www.nore.ee\/wp-content\/uploads\/2024\/06\/Nore-008-Edit-220x220.jpg",220,220,true]},"uagb_author_info":{"display_name":"nore","author_link":"https:\/\/www.nore.ee\/en\/author\/"},"uagb_comment_info":0,"uagb_excerpt":"&nbsp; V\u00e4rskendav ja rahustav kooslus, milles p\u00f5imuvad mahe ja \u00f5rnalt m\u00f5rkjas roheline tee ning s\u00e4rtsakas ja v\u00e4rske sidrunhein. L\u00f5hnakombinatsiooni s\u00fcgavamates kihtides avalduvad seeder ja valge muskus. Nore toaparf\u00fc\u00fcmid valmivad k\u00e4sit\u00f6\u00f6na looduslikust baasainest ning k\u00f5rgekvaliteedilistest aroomi\u00f5lidest.","_links":{"self":[{"href":"https:\/\/www.nore.ee\/en\/wp-json\/wp\/v2\/product\/20329","targetHints":{"allow":["GET"]}}],"collection":[{"href":"https:\/\/www.nore.ee\/en\/wp-json\/wp\/v2\/product"}],"about":[{"href":"https:\/\/www.nore.ee\/en\/wp-json\/wp\/v2\/types\/product"}],"wp:featuredmedia":[{"embeddable":true,"href":"https:\/\/www.nore.ee\/en\/wp-json\/wp\/v2\/media\/20330"}],"wp:attachment":[{"href":"https:\/\/www.nore.ee\/en\/wp-json\/wp\/v2\/media?parent=20329"}],"wp:term":[{"taxonomy":"product_brand","embeddable":true,"href":"https:\/\/www.nore.ee\/en\/wp-json\/wp\/v2\/product_brand?post=20329"},{"taxonomy":"product_cat","embeddable":true,"href":"https:\/\/www.nore.ee\/en\/wp-json\/wp\/v2\/product_cat?post=20329"},{"taxonomy":"product_tag","embeddable":true,"href":"https:\/\/www.nore.ee\/en\/wp-json\/wp\/v2\/product_tag?post=20329"}],"curies":[{"name":"wp","href":"https:\/\/api.w.org\/{rel}","templated":true}]}}