{"id":20344,"date":"2024-07-04T16:17:25","date_gmt":"2024-07-04T13:17:25","guid":{"rendered":"https:\/\/www.nore.ee\/?post_type=product&#038;p=20344"},"modified":"2026-04-03T15:04:35","modified_gmt":"2026-04-03T12:04:35","slug":"pojeng-tuberoos-kuunal","status":"publish","type":"product","link":"https:\/\/www.nore.ee\/en\/shop\/pojeng-tuberoos-kuunal\/","title":{"rendered":"Peony\u2022tuberose candle"},"content":{"rendered":"<p>Approximate burn time: 35 hours<\/p>\n<p>Net weight: 150g<\/p>\n<p>Care instructions: <span style=\"font-weight: 400;\">Always allow candle to melt to the edges of the vessel,  this ensures even melting of the candle. To extinguish the candle, gently press the wick into the melted wax or use a candle extinguisher. Do not blow out the flame. Trim the wick to 5mm between every burn to avoid uneven burning of the candle, sooting and overheating of the candle vessel. Avoid burning for more than three hours at a time and never leave unattended or near flammable objects. Keep the candle out of reach from children and pets. <\/span><\/p>\n<p><span style=\"font-weight: 400;\">Enjoy your candle!<\/span><\/p>","protected":false},"excerpt":{"rendered":"<p>&nbsp;<\/p>\n<p><span class=\"OYPEnA text-decoration-none text-strikethrough-none\">A floral fragrance bouquet that takes you on a stroll through a summery flower garden. In this aromatic blend,<\/span> <span class=\"OYPEnA text-decoration-none text-strikethrough-none\">luxurious peony meets rich tuberose. The fragrance notes are enhanced by ylang-ylang, lily of the valley and ivy.<\/span><\/p>\n<p><span style=\"font-weight: 400;\">Nore candles are handcrafted using the finest fragrance oils and high-quality plant-based coconut-rapeseed wax, that does not contain paraffin or synthetic additives. High coconut content in our wax blend extends the burning time and ensures clean burning of the candle.<\/span><\/p>\n<p>The candle comes with a beautiful aluminium lid that protects it from dust and helps to preserve its scent for longer.<\/p>","protected":false},"featured_media":20345,"template":"","meta":{"_acf_changed":false,"_crdt_document":"","_uag_custom_page_level_css":""},"product_brand":[],"product_cat":[82,31,110],"product_tag":[],"class_list":{"0":"post-20344","1":"product","2":"type-product","3":"status-publish","4":"has-post-thumbnail","6":"product_cat-allahinnatud-tooted","7":"product_cat-kuunlad","8":"product_cat-pojengtuberoos","10":"first","11":"instock","12":"sale","13":"taxable","14":"shipping-taxable","15":"purchasable","16":"product-type-simple","18":"catalog-layout-default","19":"columns-xs-1"},"acf":[],"yoast_head":"<!-- This site is optimized with the Yoast SEO plugin v27.4 - https:\/\/yoast.com\/product\/yoast-seo-wordpress\/ -->\n<title>Pojeng\u2022tuberoos k\u00fc\u00fcnal - NORE<\/title>\n<meta name=\"description\" content=\"Lilleline l\u00f5hnabukett, mis viib jalutusk\u00e4igule suvisesse lilleaeda. Aromaatses koosluses kohtuvad luksuslik pojeng ja rikkalik tuberoos. L\u00f5hnanoote t\u00e4iustavad ylang-ylang, piibeleht ja luuderohi. Nore k\u00fc\u00fcnlad valmivad k\u00e4sit\u00f6\u00f6na k\u00f5rgekvaliteedilistest aroomi\u00f5lidest ning 100% taimsest kookos-rapsivahast, mis ei sisalda parafiini ega s\u00fcnteetilisi lisandeid. K\u00f5rge kookose sisaldus k\u00fc\u00fcnlavahas pikendab p\u00f5lemisaega ning tagab k\u00fc\u00fcnla puhta p\u00f5lemise.\" \/>\n<meta name=\"robots\" content=\"index, follow, max-snippet:-1, max-image-preview:large, max-video-preview:-1\" \/>\n<link rel=\"canonical\" href=\"https:\/\/www.nore.ee\/en\/shop\/pojeng-tuberoos-kuunal\/\" \/>\n<meta property=\"og:locale\" content=\"en_US\" \/>\n<meta property=\"og:type\" content=\"article\" \/>\n<meta property=\"og:title\" content=\"Pojeng\u2022tuberoos k\u00fc\u00fcnal - NORE\" \/>\n<meta property=\"og:description\" content=\"Lilleline l\u00f5hnabukett, mis viib jalutusk\u00e4igule suvisesse lilleaeda. Aromaatses koosluses kohtuvad luksuslik pojeng ja rikkalik tuberoos. L\u00f5hnanoote t\u00e4iustavad ylang-ylang, piibeleht ja luuderohi. Nore k\u00fc\u00fcnlad valmivad k\u00e4sit\u00f6\u00f6na k\u00f5rgekvaliteedilistest aroomi\u00f5lidest ning 100% taimsest kookos-rapsivahast, mis ei sisalda parafiini ega s\u00fcnteetilisi lisandeid. K\u00f5rge kookose sisaldus k\u00fc\u00fcnlavahas pikendab p\u00f5lemisaega ning tagab k\u00fc\u00fcnla puhta p\u00f5lemise.\" \/>\n<meta property=\"og:url\" content=\"https:\/\/www.nore.ee\/en\/shop\/pojeng-tuberoos-kuunal\/\" \/>\n<meta property=\"og:site_name\" content=\"NORE\" \/>\n<meta property=\"article:modified_time\" content=\"2026-04-03T12:04:35+00:00\" \/>\n<meta property=\"og:image\" content=\"https:\/\/www.nore.ee\/wp-content\/uploads\/2024\/07\/Nore-013-Edit-scaled.jpg\" \/>\n\t<meta property=\"og:image:width\" content=\"2048\" \/>\n\t<meta property=\"og:image:height\" content=\"2560\" \/>\n\t<meta property=\"og:image:type\" content=\"image\/jpeg\" \/>\n<meta name=\"twitter:card\" content=\"summary_large_image\" \/>\n<meta name=\"twitter:label1\" content=\"Est. reading time\" \/>\n\t<meta name=\"twitter:data1\" content=\"1 minute\" \/>\n<script type=\"application\/ld+json\" class=\"yoast-schema-graph\">{\"@context\":\"https:\\\/\\\/schema.org\",\"@graph\":[{\"@type\":\"WebPage\",\"@id\":\"https:\\\/\\\/www.nore.ee\\\/shop\\\/pojeng-tuberoos-kuunal\\\/\",\"url\":\"https:\\\/\\\/www.nore.ee\\\/shop\\\/pojeng-tuberoos-kuunal\\\/\",\"name\":\"Pojeng\u2022tuberoos k\u00fc\u00fcnal - NORE\",\"isPartOf\":{\"@id\":\"https:\\\/\\\/www.nore.ee\\\/#website\"},\"primaryImageOfPage\":{\"@id\":\"https:\\\/\\\/www.nore.ee\\\/shop\\\/pojeng-tuberoos-kuunal\\\/#primaryimage\"},\"image\":{\"@id\":\"https:\\\/\\\/www.nore.ee\\\/shop\\\/pojeng-tuberoos-kuunal\\\/#primaryimage\"},\"thumbnailUrl\":\"https:\\\/\\\/www.nore.ee\\\/wp-content\\\/uploads\\\/2024\\\/07\\\/Nore-013-Edit-scaled.jpg\",\"datePublished\":\"2024-07-04T13:17:25+00:00\",\"dateModified\":\"2026-04-03T12:04:35+00:00\",\"description\":\"Lilleline l\u00f5hnabukett, mis viib jalutusk\u00e4igule suvisesse lilleaeda. Aromaatses koosluses kohtuvad luksuslik pojeng ja rikkalik tuberoos. L\u00f5hnanoote t\u00e4iustavad ylang-ylang, piibeleht ja luuderohi. Nore k\u00fc\u00fcnlad valmivad k\u00e4sit\u00f6\u00f6na k\u00f5rgekvaliteedilistest aroomi\u00f5lidest ning 100% taimsest kookos-rapsivahast, mis ei sisalda parafiini ega s\u00fcnteetilisi lisandeid. K\u00f5rge kookose sisaldus k\u00fc\u00fcnlavahas pikendab p\u00f5lemisaega ning tagab k\u00fc\u00fcnla puhta p\u00f5lemise.\",\"breadcrumb\":{\"@id\":\"https:\\\/\\\/www.nore.ee\\\/shop\\\/pojeng-tuberoos-kuunal\\\/#breadcrumb\"},\"inLanguage\":\"en-US\",\"potentialAction\":[{\"@type\":\"ReadAction\",\"target\":[\"https:\\\/\\\/www.nore.ee\\\/shop\\\/pojeng-tuberoos-kuunal\\\/\"]}]},{\"@type\":\"ImageObject\",\"inLanguage\":\"en-US\",\"@id\":\"https:\\\/\\\/www.nore.ee\\\/shop\\\/pojeng-tuberoos-kuunal\\\/#primaryimage\",\"url\":\"https:\\\/\\\/www.nore.ee\\\/wp-content\\\/uploads\\\/2024\\\/07\\\/Nore-013-Edit-scaled.jpg\",\"contentUrl\":\"https:\\\/\\\/www.nore.ee\\\/wp-content\\\/uploads\\\/2024\\\/07\\\/Nore-013-Edit-scaled.jpg\",\"width\":2048,\"height\":2560},{\"@type\":\"BreadcrumbList\",\"@id\":\"https:\\\/\\\/www.nore.ee\\\/shop\\\/pojeng-tuberoos-kuunal\\\/#breadcrumb\",\"itemListElement\":[{\"@type\":\"ListItem\",\"position\":1,\"name\":\"Home\",\"item\":\"https:\\\/\\\/www.nore.ee\\\/\"},{\"@type\":\"ListItem\",\"position\":2,\"name\":\"Tooted\",\"item\":\"https:\\\/\\\/www.nore.ee\\\/en\\\/shop\\\/\"},{\"@type\":\"ListItem\",\"position\":3,\"name\":\"Pojeng\u2022tuberoos k\u00fc\u00fcnal\"}]},{\"@type\":\"WebSite\",\"@id\":\"https:\\\/\\\/www.nore.ee\\\/#website\",\"url\":\"https:\\\/\\\/www.nore.ee\\\/\",\"name\":\"NORE\",\"description\":\"Eriline l\u00f5hnaelamus sinu kodus!\",\"potentialAction\":[{\"@type\":\"SearchAction\",\"target\":{\"@type\":\"EntryPoint\",\"urlTemplate\":\"https:\\\/\\\/www.nore.ee\\\/?s={search_term_string}\"},\"query-input\":{\"@type\":\"PropertyValueSpecification\",\"valueRequired\":true,\"valueName\":\"search_term_string\"}}],\"inLanguage\":\"en-US\"}]}<\/script>\n<!-- \/ Yoast SEO plugin. -->","yoast_head_json":{"title":"Pojeng\u2022tuberoos k\u00fc\u00fcnal - NORE","description":"Lilleline l\u00f5hnabukett, mis viib jalutusk\u00e4igule suvisesse lilleaeda. Aromaatses koosluses kohtuvad luksuslik pojeng ja rikkalik tuberoos. L\u00f5hnanoote t\u00e4iustavad ylang-ylang, piibeleht ja luuderohi. Nore k\u00fc\u00fcnlad valmivad k\u00e4sit\u00f6\u00f6na k\u00f5rgekvaliteedilistest aroomi\u00f5lidest ning 100% taimsest kookos-rapsivahast, mis ei sisalda parafiini ega s\u00fcnteetilisi lisandeid. K\u00f5rge kookose sisaldus k\u00fc\u00fcnlavahas pikendab p\u00f5lemisaega ning tagab k\u00fc\u00fcnla puhta p\u00f5lemise.","robots":{"index":"index","follow":"follow","max-snippet":"max-snippet:-1","max-image-preview":"max-image-preview:large","max-video-preview":"max-video-preview:-1"},"canonical":"https:\/\/www.nore.ee\/en\/shop\/pojeng-tuberoos-kuunal\/","og_locale":"en_US","og_type":"article","og_title":"Pojeng\u2022tuberoos k\u00fc\u00fcnal - NORE","og_description":"Lilleline l\u00f5hnabukett, mis viib jalutusk\u00e4igule suvisesse lilleaeda. Aromaatses koosluses kohtuvad luksuslik pojeng ja rikkalik tuberoos. L\u00f5hnanoote t\u00e4iustavad ylang-ylang, piibeleht ja luuderohi. Nore k\u00fc\u00fcnlad valmivad k\u00e4sit\u00f6\u00f6na k\u00f5rgekvaliteedilistest aroomi\u00f5lidest ning 100% taimsest kookos-rapsivahast, mis ei sisalda parafiini ega s\u00fcnteetilisi lisandeid. K\u00f5rge kookose sisaldus k\u00fc\u00fcnlavahas pikendab p\u00f5lemisaega ning tagab k\u00fc\u00fcnla puhta p\u00f5lemise.","og_url":"https:\/\/www.nore.ee\/en\/shop\/pojeng-tuberoos-kuunal\/","og_site_name":"NORE","article_modified_time":"2026-04-03T12:04:35+00:00","og_image":[{"width":2048,"height":2560,"url":"https:\/\/www.nore.ee\/wp-content\/uploads\/2024\/07\/Nore-013-Edit-scaled.jpg","type":"image\/jpeg"}],"twitter_card":"summary_large_image","twitter_misc":{"Est. reading time":"1 minute"},"schema":{"@context":"https:\/\/schema.org","@graph":[{"@type":"WebPage","@id":"https:\/\/www.nore.ee\/shop\/pojeng-tuberoos-kuunal\/","url":"https:\/\/www.nore.ee\/shop\/pojeng-tuberoos-kuunal\/","name":"Pojeng\u2022tuberoos k\u00fc\u00fcnal - NORE","isPartOf":{"@id":"https:\/\/www.nore.ee\/#website"},"primaryImageOfPage":{"@id":"https:\/\/www.nore.ee\/shop\/pojeng-tuberoos-kuunal\/#primaryimage"},"image":{"@id":"https:\/\/www.nore.ee\/shop\/pojeng-tuberoos-kuunal\/#primaryimage"},"thumbnailUrl":"https:\/\/www.nore.ee\/wp-content\/uploads\/2024\/07\/Nore-013-Edit-scaled.jpg","datePublished":"2024-07-04T13:17:25+00:00","dateModified":"2026-04-03T12:04:35+00:00","description":"Lilleline l\u00f5hnabukett, mis viib jalutusk\u00e4igule suvisesse lilleaeda. Aromaatses koosluses kohtuvad luksuslik pojeng ja rikkalik tuberoos. L\u00f5hnanoote t\u00e4iustavad ylang-ylang, piibeleht ja luuderohi. Nore k\u00fc\u00fcnlad valmivad k\u00e4sit\u00f6\u00f6na k\u00f5rgekvaliteedilistest aroomi\u00f5lidest ning 100% taimsest kookos-rapsivahast, mis ei sisalda parafiini ega s\u00fcnteetilisi lisandeid. K\u00f5rge kookose sisaldus k\u00fc\u00fcnlavahas pikendab p\u00f5lemisaega ning tagab k\u00fc\u00fcnla puhta p\u00f5lemise.","breadcrumb":{"@id":"https:\/\/www.nore.ee\/shop\/pojeng-tuberoos-kuunal\/#breadcrumb"},"inLanguage":"en-US","potentialAction":[{"@type":"ReadAction","target":["https:\/\/www.nore.ee\/shop\/pojeng-tuberoos-kuunal\/"]}]},{"@type":"ImageObject","inLanguage":"en-US","@id":"https:\/\/www.nore.ee\/shop\/pojeng-tuberoos-kuunal\/#primaryimage","url":"https:\/\/www.nore.ee\/wp-content\/uploads\/2024\/07\/Nore-013-Edit-scaled.jpg","contentUrl":"https:\/\/www.nore.ee\/wp-content\/uploads\/2024\/07\/Nore-013-Edit-scaled.jpg","width":2048,"height":2560},{"@type":"BreadcrumbList","@id":"https:\/\/www.nore.ee\/shop\/pojeng-tuberoos-kuunal\/#breadcrumb","itemListElement":[{"@type":"ListItem","position":1,"name":"Home","item":"https:\/\/www.nore.ee\/"},{"@type":"ListItem","position":2,"name":"Tooted","item":"https:\/\/www.nore.ee\/en\/shop\/"},{"@type":"ListItem","position":3,"name":"Pojeng\u2022tuberoos k\u00fc\u00fcnal"}]},{"@type":"WebSite","@id":"https:\/\/www.nore.ee\/#website","url":"https:\/\/www.nore.ee\/","name":"NORE","description":"Unique scent experience in your home!","potentialAction":[{"@type":"SearchAction","target":{"@type":"EntryPoint","urlTemplate":"https:\/\/www.nore.ee\/?s={search_term_string}"},"query-input":{"@type":"PropertyValueSpecification","valueRequired":true,"valueName":"search_term_string"}}],"inLanguage":"en-US"}]}},"uagb_featured_image_src":{"full":["https:\/\/www.nore.ee\/wp-content\/uploads\/2024\/07\/Nore-013-Edit-scaled.jpg",2048,2560,false],"thumbnail":["https:\/\/www.nore.ee\/wp-content\/uploads\/2024\/07\/Nore-013-Edit-150x150.jpg",150,150,true],"medium":["https:\/\/www.nore.ee\/wp-content\/uploads\/2024\/07\/Nore-013-Edit-240x300.jpg",240,300,true],"medium_large":["https:\/\/www.nore.ee\/wp-content\/uploads\/2024\/07\/Nore-013-Edit-768x960.jpg",768,960,true],"large":["https:\/\/www.nore.ee\/wp-content\/uploads\/2024\/07\/Nore-013-Edit-819x1024.jpg",819,1024,true],"1536x1536":["https:\/\/www.nore.ee\/wp-content\/uploads\/2024\/07\/Nore-013-Edit-1229x1536.jpg",1229,1536,true],"2048x2048":["https:\/\/www.nore.ee\/wp-content\/uploads\/2024\/07\/Nore-013-Edit-1639x2048.jpg",1639,2048,true],"trp-custom-language-flag":["https:\/\/www.nore.ee\/wp-content\/uploads\/2024\/07\/Nore-013-Edit-10x12.jpg",10,12,true],"blog-thumb-1":["https:\/\/www.nore.ee\/wp-content\/uploads\/2024\/07\/Nore-013-Edit-468x328.jpg",468,328,true],"blog-thumb-2":["https:\/\/www.nore.ee\/wp-content\/uploads\/2024\/07\/Nore-013-Edit-468x468.jpg",468,468,true],"blog-thumb-3":["https:\/\/www.nore.ee\/wp-content\/uploads\/2024\/07\/Nore-013-Edit-845x592.jpg",845,592,true],"blog-single-1":["https:\/\/www.nore.ee\/wp-content\/uploads\/2024\/07\/Nore-013-Edit-1482x635.jpg",1482,635,true],"portfolio-single-img-1":["https:\/\/www.nore.ee\/wp-content\/uploads\/2024\/07\/Nore-013-Edit-1612x2015.jpg",1612,2015,true],"portfolio-single-img-2":["https:\/\/www.nore.ee\/wp-content\/uploads\/2024\/07\/Nore-013-Edit-1116x1395.jpg",1116,1395,true],"portfolio-single-img-3":["https:\/\/www.nore.ee\/wp-content\/uploads\/2024\/07\/Nore-013-Edit-806x1007.jpg",806,1007,true],"portfolio-single-img-4":["https:\/\/www.nore.ee\/wp-content\/uploads\/2024\/07\/Nore-013-Edit-558x697.jpg",558,697,true],"portfolio-img-1":["https:\/\/www.nore.ee\/wp-content\/uploads\/2024\/07\/Nore-013-Edit-655x545.jpg",655,545,true],"portfolio-img-2":["https:\/\/www.nore.ee\/wp-content\/uploads\/2024\/07\/Nore-013-Edit-655x545.jpg",655,545,true],"portfolio-img-3":["https:\/\/www.nore.ee\/wp-content\/uploads\/2024\/07\/Nore-013-Edit-655x819.jpg",655,819,true],"shop-category-thumb":["https:\/\/www.nore.ee\/wp-content\/uploads\/2024\/07\/Nore-013-Edit-500x290.jpg",500,290,true],"woocommerce_thumbnail":["https:\/\/www.nore.ee\/wp-content\/uploads\/2024\/07\/Nore-013-Edit-550x700.jpg",550,700,true],"woocommerce_single":["https:\/\/www.nore.ee\/wp-content\/uploads\/2024\/07\/Nore-013-Edit-820x1025.jpg",820,1025,true],"woocommerce_gallery_thumbnail":["https:\/\/www.nore.ee\/wp-content\/uploads\/2024\/07\/Nore-013-Edit-220x220.jpg",220,220,true]},"uagb_author_info":{"display_name":"nore","author_link":"https:\/\/www.nore.ee\/en\/author\/"},"uagb_comment_info":0,"uagb_excerpt":"&nbsp; Lilleline l\u00f5hnabukett, mis viib jalutusk\u00e4igule suvisesse lilleaeda. Aromaatses koosluses kohtuvad luksuslik pojeng ja rikkalik tuberoos. L\u00f5hnanoote t\u00e4iustavad ylang-ylang, piibeleht ja luuderohi. Nore k\u00fc\u00fcnlad valmivad k\u00e4sit\u00f6\u00f6na k\u00f5rgekvaliteedilistest aroomi\u00f5lidest ning 100% taimsest kookos-rapsivahast, mis ei sisalda parafiini ega s\u00fcnteetilisi lisandeid. K\u00f5rge kookose sisaldus k\u00fc\u00fcnlavahas pikendab p\u00f5lemisaega ning tagab k\u00fc\u00fcnla puhta p\u00f5lemise. K\u00fc\u00fcnlal on kaunis alumiiniumist kaas,&hellip;","_links":{"self":[{"href":"https:\/\/www.nore.ee\/en\/wp-json\/wp\/v2\/product\/20344","targetHints":{"allow":["GET"]}}],"collection":[{"href":"https:\/\/www.nore.ee\/en\/wp-json\/wp\/v2\/product"}],"about":[{"href":"https:\/\/www.nore.ee\/en\/wp-json\/wp\/v2\/types\/product"}],"wp:featuredmedia":[{"embeddable":true,"href":"https:\/\/www.nore.ee\/en\/wp-json\/wp\/v2\/media\/20345"}],"wp:attachment":[{"href":"https:\/\/www.nore.ee\/en\/wp-json\/wp\/v2\/media?parent=20344"}],"wp:term":[{"taxonomy":"product_brand","embeddable":true,"href":"https:\/\/www.nore.ee\/en\/wp-json\/wp\/v2\/product_brand?post=20344"},{"taxonomy":"product_cat","embeddable":true,"href":"https:\/\/www.nore.ee\/en\/wp-json\/wp\/v2\/product_cat?post=20344"},{"taxonomy":"product_tag","embeddable":true,"href":"https:\/\/www.nore.ee\/en\/wp-json\/wp\/v2\/product_tag?post=20344"}],"curies":[{"name":"wp","href":"https:\/\/api.w.org\/{rel}","templated":true}]}}