{"id":20418,"date":"2024-09-17T12:51:32","date_gmt":"2024-09-17T09:51:32","guid":{"rendered":"https:\/\/www.nore.ee\/?post_type=product&#038;p=20418"},"modified":"2026-04-04T13:13:18","modified_gmt":"2026-04-04T10:13:18","slug":"jasmiiniirisnektariin-kuunal-220g","status":"publish","type":"product","link":"https:\/\/www.nore.ee\/en\/shop\/jasmiiniirisnektariin-kuunal-220g\/","title":{"rendered":"Jasmine\u2022iris\u2022nectarine candle 220g"},"content":{"rendered":"<p>Approximate burn time: 50 hours<\/p>\n<p>Net weight: 220g<\/p>\n<p>Care instructions: <span style=\"font-weight: 400;\">Always allow candle to melt to the edges of the vessel,  this ensures even melting of the candle. To extinguish the candle, gently press the wick into the melted wax or use a candle extinguisher. Do not blow out the flame. Trim the wick to 5mm between every burn to avoid uneven burning of the candle, sooting and overheating of the candle vessel. Avoid burning for more than three hours at a time and never leave unattended or near flammable objects. Keep the candle out of reach from children and pets. <\/span><\/p>\n<p><span style=\"font-weight: 400;\">Enjoy your candle!<\/span><\/p>","protected":false},"excerpt":{"rendered":"<p>&nbsp;<\/p>\n<p><span class=\"OYPEnA text-decoration-none text-strikethrough-none\">Rich and juicy scent combination that includes aromatic jasmine, delicate and gentle iris, and succulent and sweet nectarine. The scent combination is enhanced by mellow pear, refreshing orange blossom, and amber.<\/span><\/p>\n<p><span style=\"font-weight: 400;\">Nore candles are handcrafted using the finest fragrance oils and high-quality plant-based coconut-rapeseed wax, that does not contain paraffin or synthetic additives. High coconut content in our wax blend extends the burning time and ensures clean burning of the candle.<\/span><\/p>","protected":false},"featured_media":20419,"template":"","meta":{"_acf_changed":false,"_crdt_document":"","_uag_custom_page_level_css":""},"product_brand":[],"product_cat":[114,103,31],"product_tag":[],"class_list":{"0":"post-20418","1":"product","2":"type-product","3":"status-publish","4":"has-post-thumbnail","6":"product_cat-220g","7":"product_cat-jasmiiniirisnektariin","8":"product_cat-kuunlad","10":"first","11":"instock","12":"taxable","13":"shipping-taxable","14":"purchasable","15":"product-type-simple","17":"catalog-layout-default","18":"columns-xs-1"},"acf":[],"yoast_head":"<!-- This site is optimized with the Yoast SEO plugin v27.3 - https:\/\/yoast.com\/product\/yoast-seo-wordpress\/ -->\n<title>Jasmiin\u2022iiris\u2022nektariin k\u00fc\u00fcnal 220g - NORE<\/title>\n<meta name=\"description\" content=\"K\u00fclluslik ja mahlane l\u00f5hnakombinatsioon, milles p\u00f5imuvad aromaatne jasmiin, delikaatne ja \u00f5rn iiris ning mahlane ja magus nektariin. L\u00f5hnakombinatsiooni t\u00e4iustavad mahe pirn, v\u00e4rskendav apelsini\u00f5is ja merevaik. Nore k\u00fc\u00fcnlad valmivad k\u00e4sit\u00f6\u00f6na k\u00f5rgekvaliteedilistest aroomi\u00f5lidest ning 100% taimsest ckookos-rapsivahast, mis ei sisalda parafiini ega s\u00fcnteetilisi lisandeid. K\u00f5rge kookose sisaldus k\u00fc\u00fcnlavahas pikendab p\u00f5lemisaega ning tagab k\u00fc\u00fcnla puhta p\u00f5lemise.\" \/>\n<meta name=\"robots\" content=\"index, follow, max-snippet:-1, max-image-preview:large, max-video-preview:-1\" \/>\n<link rel=\"canonical\" href=\"https:\/\/www.nore.ee\/en\/shop\/jasmiiniirisnektariin-kuunal-220g\/\" \/>\n<meta property=\"og:locale\" content=\"en_US\" \/>\n<meta property=\"og:type\" content=\"article\" \/>\n<meta property=\"og:title\" content=\"Jasmiin\u2022iiris\u2022nektariin k\u00fc\u00fcnal 220g - NORE\" \/>\n<meta property=\"og:description\" content=\"K\u00fclluslik ja mahlane l\u00f5hnakombinatsioon, milles p\u00f5imuvad aromaatne jasmiin, delikaatne ja \u00f5rn iiris ning mahlane ja magus nektariin. L\u00f5hnakombinatsiooni t\u00e4iustavad mahe pirn, v\u00e4rskendav apelsini\u00f5is ja merevaik. Nore k\u00fc\u00fcnlad valmivad k\u00e4sit\u00f6\u00f6na k\u00f5rgekvaliteedilistest aroomi\u00f5lidest ning 100% taimsest ckookos-rapsivahast, mis ei sisalda parafiini ega s\u00fcnteetilisi lisandeid. K\u00f5rge kookose sisaldus k\u00fc\u00fcnlavahas pikendab p\u00f5lemisaega ning tagab k\u00fc\u00fcnla puhta p\u00f5lemise.\" \/>\n<meta property=\"og:url\" content=\"https:\/\/www.nore.ee\/en\/shop\/jasmiiniirisnektariin-kuunal-220g\/\" \/>\n<meta property=\"og:site_name\" content=\"NORE\" \/>\n<meta property=\"article:modified_time\" content=\"2026-04-04T10:13:18+00:00\" \/>\n<meta property=\"og:image\" content=\"https:\/\/www.nore.ee\/wp-content\/uploads\/2024\/09\/Nore04_1886-Edit-scaled.jpg\" \/>\n\t<meta property=\"og:image:width\" content=\"2048\" \/>\n\t<meta property=\"og:image:height\" content=\"2560\" \/>\n\t<meta property=\"og:image:type\" content=\"image\/jpeg\" \/>\n<meta name=\"twitter:card\" content=\"summary_large_image\" \/>\n<meta name=\"twitter:label1\" content=\"Est. reading time\" \/>\n\t<meta name=\"twitter:data1\" content=\"1 minute\" \/>\n<script type=\"application\/ld+json\" class=\"yoast-schema-graph\">{\"@context\":\"https:\\\/\\\/schema.org\",\"@graph\":[{\"@type\":\"WebPage\",\"@id\":\"https:\\\/\\\/www.nore.ee\\\/shop\\\/jasmiiniirisnektariin-kuunal-220g\\\/\",\"url\":\"https:\\\/\\\/www.nore.ee\\\/shop\\\/jasmiiniirisnektariin-kuunal-220g\\\/\",\"name\":\"Jasmiin\u2022iiris\u2022nektariin k\u00fc\u00fcnal 220g - NORE\",\"isPartOf\":{\"@id\":\"https:\\\/\\\/www.nore.ee\\\/#website\"},\"primaryImageOfPage\":{\"@id\":\"https:\\\/\\\/www.nore.ee\\\/shop\\\/jasmiiniirisnektariin-kuunal-220g\\\/#primaryimage\"},\"image\":{\"@id\":\"https:\\\/\\\/www.nore.ee\\\/shop\\\/jasmiiniirisnektariin-kuunal-220g\\\/#primaryimage\"},\"thumbnailUrl\":\"https:\\\/\\\/www.nore.ee\\\/wp-content\\\/uploads\\\/2024\\\/09\\\/Nore04_1886-Edit-scaled.jpg\",\"datePublished\":\"2024-09-17T09:51:32+00:00\",\"dateModified\":\"2026-04-04T10:13:18+00:00\",\"description\":\"K\u00fclluslik ja mahlane l\u00f5hnakombinatsioon, milles p\u00f5imuvad aromaatne jasmiin, delikaatne ja \u00f5rn iiris ning mahlane ja magus nektariin. L\u00f5hnakombinatsiooni t\u00e4iustavad mahe pirn, v\u00e4rskendav apelsini\u00f5is ja merevaik. Nore k\u00fc\u00fcnlad valmivad k\u00e4sit\u00f6\u00f6na k\u00f5rgekvaliteedilistest aroomi\u00f5lidest ning 100% taimsest ckookos-rapsivahast, mis ei sisalda parafiini ega s\u00fcnteetilisi lisandeid. K\u00f5rge kookose sisaldus k\u00fc\u00fcnlavahas pikendab p\u00f5lemisaega ning tagab k\u00fc\u00fcnla puhta p\u00f5lemise.\",\"breadcrumb\":{\"@id\":\"https:\\\/\\\/www.nore.ee\\\/shop\\\/jasmiiniirisnektariin-kuunal-220g\\\/#breadcrumb\"},\"inLanguage\":\"en-US\",\"potentialAction\":[{\"@type\":\"ReadAction\",\"target\":[\"https:\\\/\\\/www.nore.ee\\\/shop\\\/jasmiiniirisnektariin-kuunal-220g\\\/\"]}]},{\"@type\":\"ImageObject\",\"inLanguage\":\"en-US\",\"@id\":\"https:\\\/\\\/www.nore.ee\\\/shop\\\/jasmiiniirisnektariin-kuunal-220g\\\/#primaryimage\",\"url\":\"https:\\\/\\\/www.nore.ee\\\/wp-content\\\/uploads\\\/2024\\\/09\\\/Nore04_1886-Edit-scaled.jpg\",\"contentUrl\":\"https:\\\/\\\/www.nore.ee\\\/wp-content\\\/uploads\\\/2024\\\/09\\\/Nore04_1886-Edit-scaled.jpg\",\"width\":2048,\"height\":2560},{\"@type\":\"BreadcrumbList\",\"@id\":\"https:\\\/\\\/www.nore.ee\\\/shop\\\/jasmiiniirisnektariin-kuunal-220g\\\/#breadcrumb\",\"itemListElement\":[{\"@type\":\"ListItem\",\"position\":1,\"name\":\"Home\",\"item\":\"https:\\\/\\\/www.nore.ee\\\/\"},{\"@type\":\"ListItem\",\"position\":2,\"name\":\"Tooted\",\"item\":\"https:\\\/\\\/www.nore.ee\\\/en\\\/shop\\\/\"},{\"@type\":\"ListItem\",\"position\":3,\"name\":\"Jasmiin\u2022iiris\u2022nektariin k\u00fc\u00fcnal 220g\"}]},{\"@type\":\"WebSite\",\"@id\":\"https:\\\/\\\/www.nore.ee\\\/#website\",\"url\":\"https:\\\/\\\/www.nore.ee\\\/\",\"name\":\"NORE\",\"description\":\"Eriline l\u00f5hnaelamus sinu kodus!\",\"potentialAction\":[{\"@type\":\"SearchAction\",\"target\":{\"@type\":\"EntryPoint\",\"urlTemplate\":\"https:\\\/\\\/www.nore.ee\\\/?s={search_term_string}\"},\"query-input\":{\"@type\":\"PropertyValueSpecification\",\"valueRequired\":true,\"valueName\":\"search_term_string\"}}],\"inLanguage\":\"en-US\"}]}<\/script>\n<!-- \/ Yoast SEO plugin. -->","yoast_head_json":{"title":"Jasmiin\u2022iiris\u2022nektariin k\u00fc\u00fcnal 220g - NORE","description":"K\u00fclluslik ja mahlane l\u00f5hnakombinatsioon, milles p\u00f5imuvad aromaatne jasmiin, delikaatne ja \u00f5rn iiris ning mahlane ja magus nektariin. L\u00f5hnakombinatsiooni t\u00e4iustavad mahe pirn, v\u00e4rskendav apelsini\u00f5is ja merevaik. Nore k\u00fc\u00fcnlad valmivad k\u00e4sit\u00f6\u00f6na k\u00f5rgekvaliteedilistest aroomi\u00f5lidest ning 100% taimsest ckookos-rapsivahast, mis ei sisalda parafiini ega s\u00fcnteetilisi lisandeid. K\u00f5rge kookose sisaldus k\u00fc\u00fcnlavahas pikendab p\u00f5lemisaega ning tagab k\u00fc\u00fcnla puhta p\u00f5lemise.","robots":{"index":"index","follow":"follow","max-snippet":"max-snippet:-1","max-image-preview":"max-image-preview:large","max-video-preview":"max-video-preview:-1"},"canonical":"https:\/\/www.nore.ee\/en\/shop\/jasmiiniirisnektariin-kuunal-220g\/","og_locale":"en_US","og_type":"article","og_title":"Jasmiin\u2022iiris\u2022nektariin k\u00fc\u00fcnal 220g - NORE","og_description":"K\u00fclluslik ja mahlane l\u00f5hnakombinatsioon, milles p\u00f5imuvad aromaatne jasmiin, delikaatne ja \u00f5rn iiris ning mahlane ja magus nektariin. L\u00f5hnakombinatsiooni t\u00e4iustavad mahe pirn, v\u00e4rskendav apelsini\u00f5is ja merevaik. Nore k\u00fc\u00fcnlad valmivad k\u00e4sit\u00f6\u00f6na k\u00f5rgekvaliteedilistest aroomi\u00f5lidest ning 100% taimsest ckookos-rapsivahast, mis ei sisalda parafiini ega s\u00fcnteetilisi lisandeid. K\u00f5rge kookose sisaldus k\u00fc\u00fcnlavahas pikendab p\u00f5lemisaega ning tagab k\u00fc\u00fcnla puhta p\u00f5lemise.","og_url":"https:\/\/www.nore.ee\/en\/shop\/jasmiiniirisnektariin-kuunal-220g\/","og_site_name":"NORE","article_modified_time":"2026-04-04T10:13:18+00:00","og_image":[{"width":2048,"height":2560,"url":"https:\/\/www.nore.ee\/wp-content\/uploads\/2024\/09\/Nore04_1886-Edit-scaled.jpg","type":"image\/jpeg"}],"twitter_card":"summary_large_image","twitter_misc":{"Est. reading time":"1 minute"},"schema":{"@context":"https:\/\/schema.org","@graph":[{"@type":"WebPage","@id":"https:\/\/www.nore.ee\/shop\/jasmiiniirisnektariin-kuunal-220g\/","url":"https:\/\/www.nore.ee\/shop\/jasmiiniirisnektariin-kuunal-220g\/","name":"Jasmiin\u2022iiris\u2022nektariin k\u00fc\u00fcnal 220g - NORE","isPartOf":{"@id":"https:\/\/www.nore.ee\/#website"},"primaryImageOfPage":{"@id":"https:\/\/www.nore.ee\/shop\/jasmiiniirisnektariin-kuunal-220g\/#primaryimage"},"image":{"@id":"https:\/\/www.nore.ee\/shop\/jasmiiniirisnektariin-kuunal-220g\/#primaryimage"},"thumbnailUrl":"https:\/\/www.nore.ee\/wp-content\/uploads\/2024\/09\/Nore04_1886-Edit-scaled.jpg","datePublished":"2024-09-17T09:51:32+00:00","dateModified":"2026-04-04T10:13:18+00:00","description":"K\u00fclluslik ja mahlane l\u00f5hnakombinatsioon, milles p\u00f5imuvad aromaatne jasmiin, delikaatne ja \u00f5rn iiris ning mahlane ja magus nektariin. L\u00f5hnakombinatsiooni t\u00e4iustavad mahe pirn, v\u00e4rskendav apelsini\u00f5is ja merevaik. Nore k\u00fc\u00fcnlad valmivad k\u00e4sit\u00f6\u00f6na k\u00f5rgekvaliteedilistest aroomi\u00f5lidest ning 100% taimsest ckookos-rapsivahast, mis ei sisalda parafiini ega s\u00fcnteetilisi lisandeid. K\u00f5rge kookose sisaldus k\u00fc\u00fcnlavahas pikendab p\u00f5lemisaega ning tagab k\u00fc\u00fcnla puhta p\u00f5lemise.","breadcrumb":{"@id":"https:\/\/www.nore.ee\/shop\/jasmiiniirisnektariin-kuunal-220g\/#breadcrumb"},"inLanguage":"en-US","potentialAction":[{"@type":"ReadAction","target":["https:\/\/www.nore.ee\/shop\/jasmiiniirisnektariin-kuunal-220g\/"]}]},{"@type":"ImageObject","inLanguage":"en-US","@id":"https:\/\/www.nore.ee\/shop\/jasmiiniirisnektariin-kuunal-220g\/#primaryimage","url":"https:\/\/www.nore.ee\/wp-content\/uploads\/2024\/09\/Nore04_1886-Edit-scaled.jpg","contentUrl":"https:\/\/www.nore.ee\/wp-content\/uploads\/2024\/09\/Nore04_1886-Edit-scaled.jpg","width":2048,"height":2560},{"@type":"BreadcrumbList","@id":"https:\/\/www.nore.ee\/shop\/jasmiiniirisnektariin-kuunal-220g\/#breadcrumb","itemListElement":[{"@type":"ListItem","position":1,"name":"Home","item":"https:\/\/www.nore.ee\/"},{"@type":"ListItem","position":2,"name":"Tooted","item":"https:\/\/www.nore.ee\/en\/shop\/"},{"@type":"ListItem","position":3,"name":"Jasmiin\u2022iiris\u2022nektariin k\u00fc\u00fcnal 220g"}]},{"@type":"WebSite","@id":"https:\/\/www.nore.ee\/#website","url":"https:\/\/www.nore.ee\/","name":"NORE","description":"Unique scent experience in your home!","potentialAction":[{"@type":"SearchAction","target":{"@type":"EntryPoint","urlTemplate":"https:\/\/www.nore.ee\/?s={search_term_string}"},"query-input":{"@type":"PropertyValueSpecification","valueRequired":true,"valueName":"search_term_string"}}],"inLanguage":"en-US"}]}},"uagb_featured_image_src":{"full":["https:\/\/www.nore.ee\/wp-content\/uploads\/2024\/09\/Nore04_1886-Edit-scaled.jpg",2048,2560,false],"thumbnail":["https:\/\/www.nore.ee\/wp-content\/uploads\/2024\/09\/Nore04_1886-Edit-150x150.jpg",150,150,true],"medium":["https:\/\/www.nore.ee\/wp-content\/uploads\/2024\/09\/Nore04_1886-Edit-240x300.jpg",240,300,true],"medium_large":["https:\/\/www.nore.ee\/wp-content\/uploads\/2024\/09\/Nore04_1886-Edit-768x960.jpg",768,960,true],"large":["https:\/\/www.nore.ee\/wp-content\/uploads\/2024\/09\/Nore04_1886-Edit-819x1024.jpg",819,1024,true],"1536x1536":["https:\/\/www.nore.ee\/wp-content\/uploads\/2024\/09\/Nore04_1886-Edit-1229x1536.jpg",1229,1536,true],"2048x2048":["https:\/\/www.nore.ee\/wp-content\/uploads\/2024\/09\/Nore04_1886-Edit-1638x2048.jpg",1638,2048,true],"trp-custom-language-flag":["https:\/\/www.nore.ee\/wp-content\/uploads\/2024\/09\/Nore04_1886-Edit-10x12.jpg",10,12,true],"blog-thumb-1":["https:\/\/www.nore.ee\/wp-content\/uploads\/2024\/09\/Nore04_1886-Edit-468x328.jpg",468,328,true],"blog-thumb-2":["https:\/\/www.nore.ee\/wp-content\/uploads\/2024\/09\/Nore04_1886-Edit-468x468.jpg",468,468,true],"blog-thumb-3":["https:\/\/www.nore.ee\/wp-content\/uploads\/2024\/09\/Nore04_1886-Edit-845x592.jpg",845,592,true],"blog-single-1":["https:\/\/www.nore.ee\/wp-content\/uploads\/2024\/09\/Nore04_1886-Edit-1482x635.jpg",1482,635,true],"portfolio-single-img-1":["https:\/\/www.nore.ee\/wp-content\/uploads\/2024\/09\/Nore04_1886-Edit-1612x2015.jpg",1612,2015,true],"portfolio-single-img-2":["https:\/\/www.nore.ee\/wp-content\/uploads\/2024\/09\/Nore04_1886-Edit-1116x1395.jpg",1116,1395,true],"portfolio-single-img-3":["https:\/\/www.nore.ee\/wp-content\/uploads\/2024\/09\/Nore04_1886-Edit-806x1008.jpg",806,1008,true],"portfolio-single-img-4":["https:\/\/www.nore.ee\/wp-content\/uploads\/2024\/09\/Nore04_1886-Edit-558x698.jpg",558,698,true],"portfolio-img-1":["https:\/\/www.nore.ee\/wp-content\/uploads\/2024\/09\/Nore04_1886-Edit-655x545.jpg",655,545,true],"portfolio-img-2":["https:\/\/www.nore.ee\/wp-content\/uploads\/2024\/09\/Nore04_1886-Edit-655x545.jpg",655,545,true],"portfolio-img-3":["https:\/\/www.nore.ee\/wp-content\/uploads\/2024\/09\/Nore04_1886-Edit-655x819.jpg",655,819,true],"shop-category-thumb":["https:\/\/www.nore.ee\/wp-content\/uploads\/2024\/09\/Nore04_1886-Edit-500x290.jpg",500,290,true],"woocommerce_thumbnail":["https:\/\/www.nore.ee\/wp-content\/uploads\/2024\/09\/Nore04_1886-Edit-550x700.jpg",550,700,true],"woocommerce_single":["https:\/\/www.nore.ee\/wp-content\/uploads\/2024\/09\/Nore04_1886-Edit-820x1025.jpg",820,1025,true],"woocommerce_gallery_thumbnail":["https:\/\/www.nore.ee\/wp-content\/uploads\/2024\/09\/Nore04_1886-Edit-220x220.jpg",220,220,true]},"uagb_author_info":{"display_name":"nore","author_link":"https:\/\/www.nore.ee\/en\/author\/"},"uagb_comment_info":0,"uagb_excerpt":"&nbsp; K\u00fclluslik ja mahlane l\u00f5hnakombinatsioon, milles p\u00f5imuvad aromaatne jasmiin, delikaatne ja \u00f5rn iiris ning mahlane ja magus nektariin. L\u00f5hnakombinatsiooni t\u00e4iustavad mahe pirn, v\u00e4rskendav apelsini\u00f5is ja merevaik. Nore k\u00fc\u00fcnlad valmivad k\u00e4sit\u00f6\u00f6na k\u00f5rgekvaliteedilistest aroomi\u00f5lidest ning 100% taimsest kookos-rapsivahast, mis ei sisalda parafiini ega s\u00fcnteetilisi lisandeid. K\u00f5rge kookose sisaldus k\u00fc\u00fcnlavahas pikendab p\u00f5lemisaega ning tagab k\u00fc\u00fcnla puhta p\u00f5lemise.","_links":{"self":[{"href":"https:\/\/www.nore.ee\/en\/wp-json\/wp\/v2\/product\/20418","targetHints":{"allow":["GET"]}}],"collection":[{"href":"https:\/\/www.nore.ee\/en\/wp-json\/wp\/v2\/product"}],"about":[{"href":"https:\/\/www.nore.ee\/en\/wp-json\/wp\/v2\/types\/product"}],"wp:featuredmedia":[{"embeddable":true,"href":"https:\/\/www.nore.ee\/en\/wp-json\/wp\/v2\/media\/20419"}],"wp:attachment":[{"href":"https:\/\/www.nore.ee\/en\/wp-json\/wp\/v2\/media?parent=20418"}],"wp:term":[{"taxonomy":"product_brand","embeddable":true,"href":"https:\/\/www.nore.ee\/en\/wp-json\/wp\/v2\/product_brand?post=20418"},{"taxonomy":"product_cat","embeddable":true,"href":"https:\/\/www.nore.ee\/en\/wp-json\/wp\/v2\/product_cat?post=20418"},{"taxonomy":"product_tag","embeddable":true,"href":"https:\/\/www.nore.ee\/en\/wp-json\/wp\/v2\/product_tag?post=20418"}],"curies":[{"name":"wp","href":"https:\/\/api.w.org\/{rel}","templated":true}]}}