{"id":20952,"date":"2025-09-16T17:55:36","date_gmt":"2025-09-16T14:55:36","guid":{"rendered":"https:\/\/www.nore.ee\/?post_type=product&#038;p=20952"},"modified":"2026-04-13T15:40:40","modified_gmt":"2026-04-13T12:40:40","slug":"tonkatuberoosvalgemuskus-kodulohnastaja","status":"publish","type":"product","link":"https:\/\/www.nore.ee\/en\/shop\/tonkatuberoosvalgemuskus-kodulohnastaja\/","title":{"rendered":"Tonka bean\u2022tuberose\u2022white musk reed diffuser"},"content":{"rendered":"<p><span style=\"font-weight: 400;\">Remove the cap from the bottle and insert the reeds. In a small space, use less reeds and in a larger space, use more. To ensure an intense fragrance throw, flip the reeds once per week (use protective gloves). Place the bottle on a stable surface. The liquid can damage textile, glass, wood or plastic surfaces. <\/span><\/p>","protected":false},"excerpt":{"rendered":"<p>&nbsp;<\/p>\n<p>Tonka\u2022tuberose\u2022white musk fragrance combination combines warm and sweet tonka, delicate and floral tuberose and silky white musk, creating a feminine and sensual combination. The base notes of the fragrance combination are complemented by aromatic jasmine and soothing lavender, which together create a harmonious combination. Soft woody notes add depth to the fragrance and create a calm and cozy atmosphere.<\/p>\n<p>Nore reed diffusers are handcrafted using carefully selected base oils and the finest fragrance oils. Reed diffuser is carefully wrapped in tissue paper. If you wish to order it in a box, please check <a href=\"https:\/\/www.nore.ee\/en\/shop\/nore-kodulohnastaja-karbis\/\">here<\/a><\/p>","protected":false},"featured_media":20953,"template":"","meta":{"_acf_changed":false,"_crdt_document":"","_uag_custom_page_level_css":""},"product_brand":[],"product_cat":[33,119],"product_tag":[],"class_list":{"0":"post-20952","1":"product","2":"type-product","3":"status-publish","4":"has-post-thumbnail","6":"product_cat-kodulohnastajad","7":"product_cat-tonkatuberoosvalgemuskus","9":"first","10":"instock","11":"taxable","12":"shipping-taxable","13":"purchasable","14":"product-type-simple","16":"catalog-layout-default","17":"columns-xs-1"},"acf":[],"yoast_head":"<!-- This site is optimized with the Yoast SEO plugin v27.4 - https:\/\/yoast.com\/product\/yoast-seo-wordpress\/ -->\n<title>Tonka\u2022tuberoos\u2022valge muskus kodul\u00f5hnastaja - NORE<\/title>\n<meta name=\"description\" content=\"Tonka\u2022tuberoos\u2022valge muskus l\u00f5hnakombinatsioon \u00fchendab sooja ja magusa tonka, \u00f5rna ja lillelise tuberoosi ning siidise valge muskuse, luues naiseliku ja sensuaalse koosluse. L\u00f5hnakombinatsiooni p\u00f5hinoote t\u00e4iustavad aromaatne jasmiin ja rahustav lavendel, mis loovad \u00fcheskoos harmoonilise koosluse. Pehmed puidused noodid lisavad l\u00f5hnale s\u00fcgavust ning loovad rahuliku ja hubase atmosf\u00e4\u00e4ri. Nore kodul\u00f5hnastajad valmivad k\u00e4sit\u00f6\u00f6na looduss\u00f5bralikest baas\u00f5lidest ning k\u00f5rgekvaliteedilistest aroomi\u00f5lidest.\" \/>\n<meta name=\"robots\" content=\"index, follow, max-snippet:-1, max-image-preview:large, max-video-preview:-1\" \/>\n<link rel=\"canonical\" href=\"https:\/\/www.nore.ee\/en\/shop\/tonkatuberoosvalgemuskus-kodulohnastaja\/\" \/>\n<meta property=\"og:locale\" content=\"en_US\" \/>\n<meta property=\"og:type\" content=\"article\" \/>\n<meta property=\"og:title\" content=\"Tonka\u2022tuberoos\u2022valge muskus kodul\u00f5hnastaja - NORE\" \/>\n<meta property=\"og:description\" content=\"Tonka\u2022tuberoos\u2022valge muskus l\u00f5hnakombinatsioon \u00fchendab sooja ja magusa tonka, \u00f5rna ja lillelise tuberoosi ning siidise valge muskuse, luues naiseliku ja sensuaalse koosluse. L\u00f5hnakombinatsiooni p\u00f5hinoote t\u00e4iustavad aromaatne jasmiin ja rahustav lavendel, mis loovad \u00fcheskoos harmoonilise koosluse. Pehmed puidused noodid lisavad l\u00f5hnale s\u00fcgavust ning loovad rahuliku ja hubase atmosf\u00e4\u00e4ri. Nore kodul\u00f5hnastajad valmivad k\u00e4sit\u00f6\u00f6na looduss\u00f5bralikest baas\u00f5lidest ning k\u00f5rgekvaliteedilistest aroomi\u00f5lidest.\" \/>\n<meta property=\"og:url\" content=\"https:\/\/www.nore.ee\/en\/shop\/tonkatuberoosvalgemuskus-kodulohnastaja\/\" \/>\n<meta property=\"og:site_name\" content=\"NORE\" \/>\n<meta property=\"article:modified_time\" content=\"2026-04-13T12:40:40+00:00\" \/>\n<meta property=\"og:image\" content=\"https:\/\/www.nore.ee\/wp-content\/uploads\/2025\/09\/DSC_4161-scaled.jpg\" \/>\n\t<meta property=\"og:image:width\" content=\"2048\" \/>\n\t<meta property=\"og:image:height\" content=\"2560\" \/>\n\t<meta property=\"og:image:type\" content=\"image\/jpeg\" \/>\n<meta name=\"twitter:card\" content=\"summary_large_image\" \/>\n<meta name=\"twitter:label1\" content=\"Est. reading time\" \/>\n\t<meta name=\"twitter:data1\" content=\"1 minute\" \/>\n<script type=\"application\/ld+json\" class=\"yoast-schema-graph\">{\"@context\":\"https:\\\/\\\/schema.org\",\"@graph\":[{\"@type\":\"WebPage\",\"@id\":\"https:\\\/\\\/www.nore.ee\\\/shop\\\/tonkatuberoosvalgemuskus-kodulohnastaja\\\/\",\"url\":\"https:\\\/\\\/www.nore.ee\\\/shop\\\/tonkatuberoosvalgemuskus-kodulohnastaja\\\/\",\"name\":\"Tonka\u2022tuberoos\u2022valge muskus kodul\u00f5hnastaja - NORE\",\"isPartOf\":{\"@id\":\"https:\\\/\\\/www.nore.ee\\\/#website\"},\"primaryImageOfPage\":{\"@id\":\"https:\\\/\\\/www.nore.ee\\\/shop\\\/tonkatuberoosvalgemuskus-kodulohnastaja\\\/#primaryimage\"},\"image\":{\"@id\":\"https:\\\/\\\/www.nore.ee\\\/shop\\\/tonkatuberoosvalgemuskus-kodulohnastaja\\\/#primaryimage\"},\"thumbnailUrl\":\"https:\\\/\\\/www.nore.ee\\\/wp-content\\\/uploads\\\/2025\\\/09\\\/DSC_4161-scaled.jpg\",\"datePublished\":\"2025-09-16T14:55:36+00:00\",\"dateModified\":\"2026-04-13T12:40:40+00:00\",\"description\":\"Tonka\u2022tuberoos\u2022valge muskus l\u00f5hnakombinatsioon \u00fchendab sooja ja magusa tonka, \u00f5rna ja lillelise tuberoosi ning siidise valge muskuse, luues naiseliku ja sensuaalse koosluse. L\u00f5hnakombinatsiooni p\u00f5hinoote t\u00e4iustavad aromaatne jasmiin ja rahustav lavendel, mis loovad \u00fcheskoos harmoonilise koosluse. Pehmed puidused noodid lisavad l\u00f5hnale s\u00fcgavust ning loovad rahuliku ja hubase atmosf\u00e4\u00e4ri. Nore kodul\u00f5hnastajad valmivad k\u00e4sit\u00f6\u00f6na looduss\u00f5bralikest baas\u00f5lidest ning k\u00f5rgekvaliteedilistest aroomi\u00f5lidest.\",\"breadcrumb\":{\"@id\":\"https:\\\/\\\/www.nore.ee\\\/shop\\\/tonkatuberoosvalgemuskus-kodulohnastaja\\\/#breadcrumb\"},\"inLanguage\":\"en-US\",\"potentialAction\":[{\"@type\":\"ReadAction\",\"target\":[\"https:\\\/\\\/www.nore.ee\\\/shop\\\/tonkatuberoosvalgemuskus-kodulohnastaja\\\/\"]}]},{\"@type\":\"ImageObject\",\"inLanguage\":\"en-US\",\"@id\":\"https:\\\/\\\/www.nore.ee\\\/shop\\\/tonkatuberoosvalgemuskus-kodulohnastaja\\\/#primaryimage\",\"url\":\"https:\\\/\\\/www.nore.ee\\\/wp-content\\\/uploads\\\/2025\\\/09\\\/DSC_4161-scaled.jpg\",\"contentUrl\":\"https:\\\/\\\/www.nore.ee\\\/wp-content\\\/uploads\\\/2025\\\/09\\\/DSC_4161-scaled.jpg\",\"width\":2048,\"height\":2560},{\"@type\":\"BreadcrumbList\",\"@id\":\"https:\\\/\\\/www.nore.ee\\\/shop\\\/tonkatuberoosvalgemuskus-kodulohnastaja\\\/#breadcrumb\",\"itemListElement\":[{\"@type\":\"ListItem\",\"position\":1,\"name\":\"Home\",\"item\":\"https:\\\/\\\/www.nore.ee\\\/\"},{\"@type\":\"ListItem\",\"position\":2,\"name\":\"Tooted\",\"item\":\"https:\\\/\\\/www.nore.ee\\\/en\\\/shop\\\/\"},{\"@type\":\"ListItem\",\"position\":3,\"name\":\"Tonka\u2022tuberoos\u2022valge muskus kodul\u00f5hnastaja\"}]},{\"@type\":\"WebSite\",\"@id\":\"https:\\\/\\\/www.nore.ee\\\/#website\",\"url\":\"https:\\\/\\\/www.nore.ee\\\/\",\"name\":\"NORE\",\"description\":\"Eriline l\u00f5hnaelamus sinu kodus!\",\"potentialAction\":[{\"@type\":\"SearchAction\",\"target\":{\"@type\":\"EntryPoint\",\"urlTemplate\":\"https:\\\/\\\/www.nore.ee\\\/?s={search_term_string}\"},\"query-input\":{\"@type\":\"PropertyValueSpecification\",\"valueRequired\":true,\"valueName\":\"search_term_string\"}}],\"inLanguage\":\"en-US\"}]}<\/script>\n<!-- \/ Yoast SEO plugin. -->","yoast_head_json":{"title":"Tonka\u2022tuberoos\u2022valge muskus kodul\u00f5hnastaja - NORE","description":"Tonka\u2022tuberoos\u2022valge muskus l\u00f5hnakombinatsioon \u00fchendab sooja ja magusa tonka, \u00f5rna ja lillelise tuberoosi ning siidise valge muskuse, luues naiseliku ja sensuaalse koosluse. L\u00f5hnakombinatsiooni p\u00f5hinoote t\u00e4iustavad aromaatne jasmiin ja rahustav lavendel, mis loovad \u00fcheskoos harmoonilise koosluse. Pehmed puidused noodid lisavad l\u00f5hnale s\u00fcgavust ning loovad rahuliku ja hubase atmosf\u00e4\u00e4ri. Nore kodul\u00f5hnastajad valmivad k\u00e4sit\u00f6\u00f6na looduss\u00f5bralikest baas\u00f5lidest ning k\u00f5rgekvaliteedilistest aroomi\u00f5lidest.","robots":{"index":"index","follow":"follow","max-snippet":"max-snippet:-1","max-image-preview":"max-image-preview:large","max-video-preview":"max-video-preview:-1"},"canonical":"https:\/\/www.nore.ee\/en\/shop\/tonkatuberoosvalgemuskus-kodulohnastaja\/","og_locale":"en_US","og_type":"article","og_title":"Tonka\u2022tuberoos\u2022valge muskus kodul\u00f5hnastaja - NORE","og_description":"Tonka\u2022tuberoos\u2022valge muskus l\u00f5hnakombinatsioon \u00fchendab sooja ja magusa tonka, \u00f5rna ja lillelise tuberoosi ning siidise valge muskuse, luues naiseliku ja sensuaalse koosluse. L\u00f5hnakombinatsiooni p\u00f5hinoote t\u00e4iustavad aromaatne jasmiin ja rahustav lavendel, mis loovad \u00fcheskoos harmoonilise koosluse. Pehmed puidused noodid lisavad l\u00f5hnale s\u00fcgavust ning loovad rahuliku ja hubase atmosf\u00e4\u00e4ri. Nore kodul\u00f5hnastajad valmivad k\u00e4sit\u00f6\u00f6na looduss\u00f5bralikest baas\u00f5lidest ning k\u00f5rgekvaliteedilistest aroomi\u00f5lidest.","og_url":"https:\/\/www.nore.ee\/en\/shop\/tonkatuberoosvalgemuskus-kodulohnastaja\/","og_site_name":"NORE","article_modified_time":"2026-04-13T12:40:40+00:00","og_image":[{"width":2048,"height":2560,"url":"https:\/\/www.nore.ee\/wp-content\/uploads\/2025\/09\/DSC_4161-scaled.jpg","type":"image\/jpeg"}],"twitter_card":"summary_large_image","twitter_misc":{"Est. reading time":"1 minute"},"schema":{"@context":"https:\/\/schema.org","@graph":[{"@type":"WebPage","@id":"https:\/\/www.nore.ee\/shop\/tonkatuberoosvalgemuskus-kodulohnastaja\/","url":"https:\/\/www.nore.ee\/shop\/tonkatuberoosvalgemuskus-kodulohnastaja\/","name":"Tonka\u2022tuberoos\u2022valge muskus kodul\u00f5hnastaja - NORE","isPartOf":{"@id":"https:\/\/www.nore.ee\/#website"},"primaryImageOfPage":{"@id":"https:\/\/www.nore.ee\/shop\/tonkatuberoosvalgemuskus-kodulohnastaja\/#primaryimage"},"image":{"@id":"https:\/\/www.nore.ee\/shop\/tonkatuberoosvalgemuskus-kodulohnastaja\/#primaryimage"},"thumbnailUrl":"https:\/\/www.nore.ee\/wp-content\/uploads\/2025\/09\/DSC_4161-scaled.jpg","datePublished":"2025-09-16T14:55:36+00:00","dateModified":"2026-04-13T12:40:40+00:00","description":"Tonka\u2022tuberoos\u2022valge muskus l\u00f5hnakombinatsioon \u00fchendab sooja ja magusa tonka, \u00f5rna ja lillelise tuberoosi ning siidise valge muskuse, luues naiseliku ja sensuaalse koosluse. L\u00f5hnakombinatsiooni p\u00f5hinoote t\u00e4iustavad aromaatne jasmiin ja rahustav lavendel, mis loovad \u00fcheskoos harmoonilise koosluse. Pehmed puidused noodid lisavad l\u00f5hnale s\u00fcgavust ning loovad rahuliku ja hubase atmosf\u00e4\u00e4ri. Nore kodul\u00f5hnastajad valmivad k\u00e4sit\u00f6\u00f6na looduss\u00f5bralikest baas\u00f5lidest ning k\u00f5rgekvaliteedilistest aroomi\u00f5lidest.","breadcrumb":{"@id":"https:\/\/www.nore.ee\/shop\/tonkatuberoosvalgemuskus-kodulohnastaja\/#breadcrumb"},"inLanguage":"en-US","potentialAction":[{"@type":"ReadAction","target":["https:\/\/www.nore.ee\/shop\/tonkatuberoosvalgemuskus-kodulohnastaja\/"]}]},{"@type":"ImageObject","inLanguage":"en-US","@id":"https:\/\/www.nore.ee\/shop\/tonkatuberoosvalgemuskus-kodulohnastaja\/#primaryimage","url":"https:\/\/www.nore.ee\/wp-content\/uploads\/2025\/09\/DSC_4161-scaled.jpg","contentUrl":"https:\/\/www.nore.ee\/wp-content\/uploads\/2025\/09\/DSC_4161-scaled.jpg","width":2048,"height":2560},{"@type":"BreadcrumbList","@id":"https:\/\/www.nore.ee\/shop\/tonkatuberoosvalgemuskus-kodulohnastaja\/#breadcrumb","itemListElement":[{"@type":"ListItem","position":1,"name":"Home","item":"https:\/\/www.nore.ee\/"},{"@type":"ListItem","position":2,"name":"Tooted","item":"https:\/\/www.nore.ee\/en\/shop\/"},{"@type":"ListItem","position":3,"name":"Tonka\u2022tuberoos\u2022valge muskus kodul\u00f5hnastaja"}]},{"@type":"WebSite","@id":"https:\/\/www.nore.ee\/#website","url":"https:\/\/www.nore.ee\/","name":"NORE","description":"Unique scent experience in your home!","potentialAction":[{"@type":"SearchAction","target":{"@type":"EntryPoint","urlTemplate":"https:\/\/www.nore.ee\/?s={search_term_string}"},"query-input":{"@type":"PropertyValueSpecification","valueRequired":true,"valueName":"search_term_string"}}],"inLanguage":"en-US"}]}},"uagb_featured_image_src":{"full":["https:\/\/www.nore.ee\/wp-content\/uploads\/2025\/09\/DSC_4161-scaled.jpg",2048,2560,false],"thumbnail":["https:\/\/www.nore.ee\/wp-content\/uploads\/2025\/09\/DSC_4161-150x150.jpg",150,150,true],"medium":["https:\/\/www.nore.ee\/wp-content\/uploads\/2025\/09\/DSC_4161-240x300.jpg",240,300,true],"medium_large":["https:\/\/www.nore.ee\/wp-content\/uploads\/2025\/09\/DSC_4161-768x960.jpg",768,960,true],"large":["https:\/\/www.nore.ee\/wp-content\/uploads\/2025\/09\/DSC_4161-819x1024.jpg",819,1024,true],"1536x1536":["https:\/\/www.nore.ee\/wp-content\/uploads\/2025\/09\/DSC_4161-1229x1536.jpg",1229,1536,true],"2048x2048":["https:\/\/www.nore.ee\/wp-content\/uploads\/2025\/09\/DSC_4161-1639x2048.jpg",1639,2048,true],"trp-custom-language-flag":["https:\/\/www.nore.ee\/wp-content\/uploads\/2025\/09\/DSC_4161-10x12.jpg",10,12,true],"blog-thumb-1":["https:\/\/www.nore.ee\/wp-content\/uploads\/2025\/09\/DSC_4161-468x328.jpg",468,328,true],"blog-thumb-2":["https:\/\/www.nore.ee\/wp-content\/uploads\/2025\/09\/DSC_4161-468x468.jpg",468,468,true],"blog-thumb-3":["https:\/\/www.nore.ee\/wp-content\/uploads\/2025\/09\/DSC_4161-845x592.jpg",845,592,true],"blog-single-1":["https:\/\/www.nore.ee\/wp-content\/uploads\/2025\/09\/DSC_4161-1482x635.jpg",1482,635,true],"portfolio-single-img-1":["https:\/\/www.nore.ee\/wp-content\/uploads\/2025\/09\/DSC_4161-1612x2015.jpg",1612,2015,true],"portfolio-single-img-2":["https:\/\/www.nore.ee\/wp-content\/uploads\/2025\/09\/DSC_4161-1116x1395.jpg",1116,1395,true],"portfolio-single-img-3":["https:\/\/www.nore.ee\/wp-content\/uploads\/2025\/09\/DSC_4161-806x1007.jpg",806,1007,true],"portfolio-single-img-4":["https:\/\/www.nore.ee\/wp-content\/uploads\/2025\/09\/DSC_4161-558x697.jpg",558,697,true],"portfolio-img-1":["https:\/\/www.nore.ee\/wp-content\/uploads\/2025\/09\/DSC_4161-655x545.jpg",655,545,true],"portfolio-img-2":["https:\/\/www.nore.ee\/wp-content\/uploads\/2025\/09\/DSC_4161-655x545.jpg",655,545,true],"portfolio-img-3":["https:\/\/www.nore.ee\/wp-content\/uploads\/2025\/09\/DSC_4161-655x819.jpg",655,819,true],"shop-category-thumb":["https:\/\/www.nore.ee\/wp-content\/uploads\/2025\/09\/DSC_4161-500x290.jpg",500,290,true],"woocommerce_thumbnail":["https:\/\/www.nore.ee\/wp-content\/uploads\/2025\/09\/DSC_4161-550x700.jpg",550,700,true],"woocommerce_single":["https:\/\/www.nore.ee\/wp-content\/uploads\/2025\/09\/DSC_4161-820x1025.jpg",820,1025,true],"woocommerce_gallery_thumbnail":["https:\/\/www.nore.ee\/wp-content\/uploads\/2025\/09\/DSC_4161-220x220.jpg",220,220,true]},"uagb_author_info":{"display_name":"nore","author_link":"https:\/\/www.nore.ee\/en\/author\/"},"uagb_comment_info":0,"uagb_excerpt":"&nbsp; Tonka\u2022tuberoos\u2022valge muskus l\u00f5hnakombinatsioon \u00fchendab sooja ja magusa tonka, \u00f5rna ja lillelise tuberoosi ning siidise valge muskuse, luues naiseliku ja sensuaalse koosluse. L\u00f5hnakombinatsiooni p\u00f5hinoote t\u00e4iustavad aromaatne jasmiin ja rahustav lavendel, mis loovad \u00fcheskoos harmoonilise koosluse. Pehmed puidused noodid lisavad l\u00f5hnale s\u00fcgavust ning loovad rahuliku ja hubase atmosf\u00e4\u00e4ri. Nore kodul\u00f5hnastajad valmivad k\u00e4sit\u00f6\u00f6na looduss\u00f5bralikest baas\u00f5lidest ning k\u00f5rgekvaliteedilistest&hellip;","_links":{"self":[{"href":"https:\/\/www.nore.ee\/en\/wp-json\/wp\/v2\/product\/20952","targetHints":{"allow":["GET"]}}],"collection":[{"href":"https:\/\/www.nore.ee\/en\/wp-json\/wp\/v2\/product"}],"about":[{"href":"https:\/\/www.nore.ee\/en\/wp-json\/wp\/v2\/types\/product"}],"wp:featuredmedia":[{"embeddable":true,"href":"https:\/\/www.nore.ee\/en\/wp-json\/wp\/v2\/media\/20953"}],"wp:attachment":[{"href":"https:\/\/www.nore.ee\/en\/wp-json\/wp\/v2\/media?parent=20952"}],"wp:term":[{"taxonomy":"product_brand","embeddable":true,"href":"https:\/\/www.nore.ee\/en\/wp-json\/wp\/v2\/product_brand?post=20952"},{"taxonomy":"product_cat","embeddable":true,"href":"https:\/\/www.nore.ee\/en\/wp-json\/wp\/v2\/product_cat?post=20952"},{"taxonomy":"product_tag","embeddable":true,"href":"https:\/\/www.nore.ee\/en\/wp-json\/wp\/v2\/product_tag?post=20952"}],"curies":[{"name":"wp","href":"https:\/\/api.w.org\/{rel}","templated":true}]}}