{"id":20961,"date":"2025-09-17T22:58:42","date_gmt":"2025-09-17T19:58:42","guid":{"rendered":"https:\/\/www.nore.ee\/?post_type=product&#038;p=20961"},"modified":"2026-03-27T10:39:21","modified_gmt":"2026-03-27T08:39:21","slug":"tonkatuberoosvalgemuskus-toaparfuum","status":"publish","type":"product","link":"https:\/\/www.nore.ee\/en\/shop\/tonkatuberoosvalgemuskus-toaparfuum\/","title":{"rendered":"Tonka bean\u2022tuberose\u2022white musk room spray"},"content":{"rendered":"<p><span style=\"font-weight: 400;\">Spray the room spray 2-3 times into the air, repeat for a more intense scent. Avoid spraying directly on objects or materials. Room spray can damage textile, glass, wood or plastic surfaces. Room spray should not be used as a personal perfume. Keep out of the reach of children and pets.<\/span><\/p>","protected":false},"excerpt":{"rendered":"<p>Tonka\u2022tuberose\u2022white musk fragrance combination combines warm and sweet tonka, delicate and floral tuberose and silky white musk, creating a feminine and sensual combination. The base notes of the fragrance combination are complemented by aromatic jasmine and soothing lavender, which together create a harmonious combination. Soft woody notes add depth to the fragrance and create a calm and cozy atmosphere.<\/p>\n<p><span style=\"font-weight: 400;\">Nore room sprays are handcrafted using the finest fragrance oils and natural base ingredients.<\/span><\/p>","protected":false},"featured_media":20962,"template":"","meta":{"_acf_changed":false,"_crdt_document":"","_uag_custom_page_level_css":""},"product_brand":[],"product_cat":[70,119],"product_tag":[],"class_list":{"0":"post-20961","1":"product","2":"type-product","3":"status-publish","4":"has-post-thumbnail","6":"product_cat-toaparfuumid","7":"product_cat-tonkatuberoosvalgemuskus","9":"first","10":"instock","11":"taxable","12":"shipping-taxable","13":"purchasable","14":"product-type-simple","16":"catalog-layout-default","17":"columns-xs-1"},"acf":[],"yoast_head":"<!-- This site is optimized with the Yoast SEO plugin v27.4 - https:\/\/yoast.com\/product\/yoast-seo-wordpress\/ -->\n<title>Tonka\u2022tuberoos\u2022valge muskus toaparf\u00fc\u00fcm - NORE<\/title>\n<meta name=\"description\" content=\"Tonka\u2022tuberoos\u2022valge muskus l\u00f5hnakombinatsioon \u00fchendab sooja ja magusa tonka, \u00f5rna ja lillelise tuberoosi ning siidise valge muskuse, luues naiseliku ja sensuaalse koosluse.L\u00f5hnakombinatsiooni p\u00f5hinoote t\u00e4iustavad aromaatne jasmiin ja rahustav lavendel, mis loovad \u00fcheskoos harmoonilise koosluse. Pehmed puidused noodid lisavad l\u00f5hnale s\u00fcgavust ning loovad rahuliku ja hubase atmosf\u00e4\u00e4ri. Nore toaparf\u00fc\u00fcmid valmivad k\u00e4sit\u00f6\u00f6na looduslikust baasainest ning k\u00f5rgekvaliteedilistest aroomi\u00f5lidest.\" \/>\n<meta name=\"robots\" content=\"index, follow, max-snippet:-1, max-image-preview:large, max-video-preview:-1\" \/>\n<link rel=\"canonical\" href=\"https:\/\/www.nore.ee\/en\/shop\/tonkatuberoosvalgemuskus-toaparfuum\/\" \/>\n<meta property=\"og:locale\" content=\"en_US\" \/>\n<meta property=\"og:type\" content=\"article\" \/>\n<meta property=\"og:title\" content=\"Tonka\u2022tuberoos\u2022valge muskus toaparf\u00fc\u00fcm - NORE\" \/>\n<meta property=\"og:description\" content=\"Tonka\u2022tuberoos\u2022valge muskus l\u00f5hnakombinatsioon \u00fchendab sooja ja magusa tonka, \u00f5rna ja lillelise tuberoosi ning siidise valge muskuse, luues naiseliku ja sensuaalse koosluse.L\u00f5hnakombinatsiooni p\u00f5hinoote t\u00e4iustavad aromaatne jasmiin ja rahustav lavendel, mis loovad \u00fcheskoos harmoonilise koosluse. Pehmed puidused noodid lisavad l\u00f5hnale s\u00fcgavust ning loovad rahuliku ja hubase atmosf\u00e4\u00e4ri. Nore toaparf\u00fc\u00fcmid valmivad k\u00e4sit\u00f6\u00f6na looduslikust baasainest ning k\u00f5rgekvaliteedilistest aroomi\u00f5lidest.\" \/>\n<meta property=\"og:url\" content=\"https:\/\/www.nore.ee\/en\/shop\/tonkatuberoosvalgemuskus-toaparfuum\/\" \/>\n<meta property=\"og:site_name\" content=\"NORE\" \/>\n<meta property=\"article:modified_time\" content=\"2026-03-27T08:39:21+00:00\" \/>\n<meta property=\"og:image\" content=\"https:\/\/www.nore.ee\/wp-content\/uploads\/2025\/09\/DSC_4154_2-scaled.jpg\" \/>\n\t<meta property=\"og:image:width\" content=\"2048\" \/>\n\t<meta property=\"og:image:height\" content=\"2560\" \/>\n\t<meta property=\"og:image:type\" content=\"image\/jpeg\" \/>\n<meta name=\"twitter:card\" content=\"summary_large_image\" \/>\n<meta name=\"twitter:label1\" content=\"Est. reading time\" \/>\n\t<meta name=\"twitter:data1\" content=\"1 minute\" \/>\n<script type=\"application\/ld+json\" class=\"yoast-schema-graph\">{\"@context\":\"https:\\\/\\\/schema.org\",\"@graph\":[{\"@type\":\"WebPage\",\"@id\":\"https:\\\/\\\/www.nore.ee\\\/shop\\\/tonkatuberoosvalgemuskus-toaparfuum\\\/\",\"url\":\"https:\\\/\\\/www.nore.ee\\\/shop\\\/tonkatuberoosvalgemuskus-toaparfuum\\\/\",\"name\":\"Tonka\u2022tuberoos\u2022valge muskus toaparf\u00fc\u00fcm - NORE\",\"isPartOf\":{\"@id\":\"https:\\\/\\\/www.nore.ee\\\/#website\"},\"primaryImageOfPage\":{\"@id\":\"https:\\\/\\\/www.nore.ee\\\/shop\\\/tonkatuberoosvalgemuskus-toaparfuum\\\/#primaryimage\"},\"image\":{\"@id\":\"https:\\\/\\\/www.nore.ee\\\/shop\\\/tonkatuberoosvalgemuskus-toaparfuum\\\/#primaryimage\"},\"thumbnailUrl\":\"https:\\\/\\\/www.nore.ee\\\/wp-content\\\/uploads\\\/2025\\\/09\\\/DSC_4154_2-scaled.jpg\",\"datePublished\":\"2025-09-17T19:58:42+00:00\",\"dateModified\":\"2026-03-27T08:39:21+00:00\",\"description\":\"Tonka\u2022tuberoos\u2022valge muskus l\u00f5hnakombinatsioon \u00fchendab sooja ja magusa tonka, \u00f5rna ja lillelise tuberoosi ning siidise valge muskuse, luues naiseliku ja sensuaalse koosluse.L\u00f5hnakombinatsiooni p\u00f5hinoote t\u00e4iustavad aromaatne jasmiin ja rahustav lavendel, mis loovad \u00fcheskoos harmoonilise koosluse. Pehmed puidused noodid lisavad l\u00f5hnale s\u00fcgavust ning loovad rahuliku ja hubase atmosf\u00e4\u00e4ri. Nore toaparf\u00fc\u00fcmid valmivad k\u00e4sit\u00f6\u00f6na looduslikust baasainest ning k\u00f5rgekvaliteedilistest aroomi\u00f5lidest.\",\"breadcrumb\":{\"@id\":\"https:\\\/\\\/www.nore.ee\\\/shop\\\/tonkatuberoosvalgemuskus-toaparfuum\\\/#breadcrumb\"},\"inLanguage\":\"en-US\",\"potentialAction\":[{\"@type\":\"ReadAction\",\"target\":[\"https:\\\/\\\/www.nore.ee\\\/shop\\\/tonkatuberoosvalgemuskus-toaparfuum\\\/\"]}]},{\"@type\":\"ImageObject\",\"inLanguage\":\"en-US\",\"@id\":\"https:\\\/\\\/www.nore.ee\\\/shop\\\/tonkatuberoosvalgemuskus-toaparfuum\\\/#primaryimage\",\"url\":\"https:\\\/\\\/www.nore.ee\\\/wp-content\\\/uploads\\\/2025\\\/09\\\/DSC_4154_2-scaled.jpg\",\"contentUrl\":\"https:\\\/\\\/www.nore.ee\\\/wp-content\\\/uploads\\\/2025\\\/09\\\/DSC_4154_2-scaled.jpg\",\"width\":2048,\"height\":2560},{\"@type\":\"BreadcrumbList\",\"@id\":\"https:\\\/\\\/www.nore.ee\\\/shop\\\/tonkatuberoosvalgemuskus-toaparfuum\\\/#breadcrumb\",\"itemListElement\":[{\"@type\":\"ListItem\",\"position\":1,\"name\":\"Home\",\"item\":\"https:\\\/\\\/www.nore.ee\\\/\"},{\"@type\":\"ListItem\",\"position\":2,\"name\":\"Tooted\",\"item\":\"https:\\\/\\\/www.nore.ee\\\/en\\\/shop\\\/\"},{\"@type\":\"ListItem\",\"position\":3,\"name\":\"Tonka\u2022tuberoos\u2022valge muskus toaparf\u00fc\u00fcm\"}]},{\"@type\":\"WebSite\",\"@id\":\"https:\\\/\\\/www.nore.ee\\\/#website\",\"url\":\"https:\\\/\\\/www.nore.ee\\\/\",\"name\":\"NORE\",\"description\":\"Eriline l\u00f5hnaelamus sinu kodus!\",\"potentialAction\":[{\"@type\":\"SearchAction\",\"target\":{\"@type\":\"EntryPoint\",\"urlTemplate\":\"https:\\\/\\\/www.nore.ee\\\/?s={search_term_string}\"},\"query-input\":{\"@type\":\"PropertyValueSpecification\",\"valueRequired\":true,\"valueName\":\"search_term_string\"}}],\"inLanguage\":\"en-US\"}]}<\/script>\n<!-- \/ Yoast SEO plugin. -->","yoast_head_json":{"title":"Tonka\u2022tuberoos\u2022valge muskus toaparf\u00fc\u00fcm - NORE","description":"Tonka\u2022tuberoos\u2022valge muskus l\u00f5hnakombinatsioon \u00fchendab sooja ja magusa tonka, \u00f5rna ja lillelise tuberoosi ning siidise valge muskuse, luues naiseliku ja sensuaalse koosluse.L\u00f5hnakombinatsiooni p\u00f5hinoote t\u00e4iustavad aromaatne jasmiin ja rahustav lavendel, mis loovad \u00fcheskoos harmoonilise koosluse. Pehmed puidused noodid lisavad l\u00f5hnale s\u00fcgavust ning loovad rahuliku ja hubase atmosf\u00e4\u00e4ri. Nore toaparf\u00fc\u00fcmid valmivad k\u00e4sit\u00f6\u00f6na looduslikust baasainest ning k\u00f5rgekvaliteedilistest aroomi\u00f5lidest.","robots":{"index":"index","follow":"follow","max-snippet":"max-snippet:-1","max-image-preview":"max-image-preview:large","max-video-preview":"max-video-preview:-1"},"canonical":"https:\/\/www.nore.ee\/en\/shop\/tonkatuberoosvalgemuskus-toaparfuum\/","og_locale":"en_US","og_type":"article","og_title":"Tonka\u2022tuberoos\u2022valge muskus toaparf\u00fc\u00fcm - NORE","og_description":"Tonka\u2022tuberoos\u2022valge muskus l\u00f5hnakombinatsioon \u00fchendab sooja ja magusa tonka, \u00f5rna ja lillelise tuberoosi ning siidise valge muskuse, luues naiseliku ja sensuaalse koosluse.L\u00f5hnakombinatsiooni p\u00f5hinoote t\u00e4iustavad aromaatne jasmiin ja rahustav lavendel, mis loovad \u00fcheskoos harmoonilise koosluse. Pehmed puidused noodid lisavad l\u00f5hnale s\u00fcgavust ning loovad rahuliku ja hubase atmosf\u00e4\u00e4ri. Nore toaparf\u00fc\u00fcmid valmivad k\u00e4sit\u00f6\u00f6na looduslikust baasainest ning k\u00f5rgekvaliteedilistest aroomi\u00f5lidest.","og_url":"https:\/\/www.nore.ee\/en\/shop\/tonkatuberoosvalgemuskus-toaparfuum\/","og_site_name":"NORE","article_modified_time":"2026-03-27T08:39:21+00:00","og_image":[{"width":2048,"height":2560,"url":"https:\/\/www.nore.ee\/wp-content\/uploads\/2025\/09\/DSC_4154_2-scaled.jpg","type":"image\/jpeg"}],"twitter_card":"summary_large_image","twitter_misc":{"Est. reading time":"1 minute"},"schema":{"@context":"https:\/\/schema.org","@graph":[{"@type":"WebPage","@id":"https:\/\/www.nore.ee\/shop\/tonkatuberoosvalgemuskus-toaparfuum\/","url":"https:\/\/www.nore.ee\/shop\/tonkatuberoosvalgemuskus-toaparfuum\/","name":"Tonka\u2022tuberoos\u2022valge muskus toaparf\u00fc\u00fcm - NORE","isPartOf":{"@id":"https:\/\/www.nore.ee\/#website"},"primaryImageOfPage":{"@id":"https:\/\/www.nore.ee\/shop\/tonkatuberoosvalgemuskus-toaparfuum\/#primaryimage"},"image":{"@id":"https:\/\/www.nore.ee\/shop\/tonkatuberoosvalgemuskus-toaparfuum\/#primaryimage"},"thumbnailUrl":"https:\/\/www.nore.ee\/wp-content\/uploads\/2025\/09\/DSC_4154_2-scaled.jpg","datePublished":"2025-09-17T19:58:42+00:00","dateModified":"2026-03-27T08:39:21+00:00","description":"Tonka\u2022tuberoos\u2022valge muskus l\u00f5hnakombinatsioon \u00fchendab sooja ja magusa tonka, \u00f5rna ja lillelise tuberoosi ning siidise valge muskuse, luues naiseliku ja sensuaalse koosluse.L\u00f5hnakombinatsiooni p\u00f5hinoote t\u00e4iustavad aromaatne jasmiin ja rahustav lavendel, mis loovad \u00fcheskoos harmoonilise koosluse. Pehmed puidused noodid lisavad l\u00f5hnale s\u00fcgavust ning loovad rahuliku ja hubase atmosf\u00e4\u00e4ri. Nore toaparf\u00fc\u00fcmid valmivad k\u00e4sit\u00f6\u00f6na looduslikust baasainest ning k\u00f5rgekvaliteedilistest aroomi\u00f5lidest.","breadcrumb":{"@id":"https:\/\/www.nore.ee\/shop\/tonkatuberoosvalgemuskus-toaparfuum\/#breadcrumb"},"inLanguage":"en-US","potentialAction":[{"@type":"ReadAction","target":["https:\/\/www.nore.ee\/shop\/tonkatuberoosvalgemuskus-toaparfuum\/"]}]},{"@type":"ImageObject","inLanguage":"en-US","@id":"https:\/\/www.nore.ee\/shop\/tonkatuberoosvalgemuskus-toaparfuum\/#primaryimage","url":"https:\/\/www.nore.ee\/wp-content\/uploads\/2025\/09\/DSC_4154_2-scaled.jpg","contentUrl":"https:\/\/www.nore.ee\/wp-content\/uploads\/2025\/09\/DSC_4154_2-scaled.jpg","width":2048,"height":2560},{"@type":"BreadcrumbList","@id":"https:\/\/www.nore.ee\/shop\/tonkatuberoosvalgemuskus-toaparfuum\/#breadcrumb","itemListElement":[{"@type":"ListItem","position":1,"name":"Home","item":"https:\/\/www.nore.ee\/"},{"@type":"ListItem","position":2,"name":"Tooted","item":"https:\/\/www.nore.ee\/en\/shop\/"},{"@type":"ListItem","position":3,"name":"Tonka\u2022tuberoos\u2022valge muskus toaparf\u00fc\u00fcm"}]},{"@type":"WebSite","@id":"https:\/\/www.nore.ee\/#website","url":"https:\/\/www.nore.ee\/","name":"NORE","description":"Unique scent experience in your home!","potentialAction":[{"@type":"SearchAction","target":{"@type":"EntryPoint","urlTemplate":"https:\/\/www.nore.ee\/?s={search_term_string}"},"query-input":{"@type":"PropertyValueSpecification","valueRequired":true,"valueName":"search_term_string"}}],"inLanguage":"en-US"}]}},"uagb_featured_image_src":{"full":["https:\/\/www.nore.ee\/wp-content\/uploads\/2025\/09\/DSC_4154_2-scaled.jpg",2048,2560,false],"thumbnail":["https:\/\/www.nore.ee\/wp-content\/uploads\/2025\/09\/DSC_4154_2-150x150.jpg",150,150,true],"medium":["https:\/\/www.nore.ee\/wp-content\/uploads\/2025\/09\/DSC_4154_2-240x300.jpg",240,300,true],"medium_large":["https:\/\/www.nore.ee\/wp-content\/uploads\/2025\/09\/DSC_4154_2-768x960.jpg",768,960,true],"large":["https:\/\/www.nore.ee\/wp-content\/uploads\/2025\/09\/DSC_4154_2-819x1024.jpg",819,1024,true],"1536x1536":["https:\/\/www.nore.ee\/wp-content\/uploads\/2025\/09\/DSC_4154_2-1229x1536.jpg",1229,1536,true],"2048x2048":["https:\/\/www.nore.ee\/wp-content\/uploads\/2025\/09\/DSC_4154_2-1638x2048.jpg",1638,2048,true],"trp-custom-language-flag":["https:\/\/www.nore.ee\/wp-content\/uploads\/2025\/09\/DSC_4154_2-10x12.jpg",10,12,true],"blog-thumb-1":["https:\/\/www.nore.ee\/wp-content\/uploads\/2025\/09\/DSC_4154_2-468x328.jpg",468,328,true],"blog-thumb-2":["https:\/\/www.nore.ee\/wp-content\/uploads\/2025\/09\/DSC_4154_2-468x468.jpg",468,468,true],"blog-thumb-3":["https:\/\/www.nore.ee\/wp-content\/uploads\/2025\/09\/DSC_4154_2-845x592.jpg",845,592,true],"blog-single-1":["https:\/\/www.nore.ee\/wp-content\/uploads\/2025\/09\/DSC_4154_2-1482x635.jpg",1482,635,true],"portfolio-single-img-1":["https:\/\/www.nore.ee\/wp-content\/uploads\/2025\/09\/DSC_4154_2-1612x2015.jpg",1612,2015,true],"portfolio-single-img-2":["https:\/\/www.nore.ee\/wp-content\/uploads\/2025\/09\/DSC_4154_2-1116x1395.jpg",1116,1395,true],"portfolio-single-img-3":["https:\/\/www.nore.ee\/wp-content\/uploads\/2025\/09\/DSC_4154_2-806x1008.jpg",806,1008,true],"portfolio-single-img-4":["https:\/\/www.nore.ee\/wp-content\/uploads\/2025\/09\/DSC_4154_2-558x698.jpg",558,698,true],"portfolio-img-1":["https:\/\/www.nore.ee\/wp-content\/uploads\/2025\/09\/DSC_4154_2-655x545.jpg",655,545,true],"portfolio-img-2":["https:\/\/www.nore.ee\/wp-content\/uploads\/2025\/09\/DSC_4154_2-655x545.jpg",655,545,true],"portfolio-img-3":["https:\/\/www.nore.ee\/wp-content\/uploads\/2025\/09\/DSC_4154_2-655x819.jpg",655,819,true],"shop-category-thumb":["https:\/\/www.nore.ee\/wp-content\/uploads\/2025\/09\/DSC_4154_2-500x290.jpg",500,290,true],"woocommerce_thumbnail":["https:\/\/www.nore.ee\/wp-content\/uploads\/2025\/09\/DSC_4154_2-550x700.jpg",550,700,true],"woocommerce_single":["https:\/\/www.nore.ee\/wp-content\/uploads\/2025\/09\/DSC_4154_2-820x1025.jpg",820,1025,true],"woocommerce_gallery_thumbnail":["https:\/\/www.nore.ee\/wp-content\/uploads\/2025\/09\/DSC_4154_2-220x220.jpg",220,220,true]},"uagb_author_info":{"display_name":"nore","author_link":"https:\/\/www.nore.ee\/en\/author\/"},"uagb_comment_info":0,"uagb_excerpt":"Tonka\u2022tuberoos\u2022valge muskus l\u00f5hnakombinatsioon \u00fchendab sooja ja magusa tonka, \u00f5rna ja lillelise tuberoosi ning siidise valge muskuse, luues naiseliku ja sensuaalse koosluse. L\u00f5hnakombinatsiooni p\u00f5hinoote t\u00e4iustavad aromaatne jasmiin ja rahustav lavendel, mis loovad \u00fcheskoos harmoonilise koosluse. Pehmed puidused noodid lisavad l\u00f5hnale s\u00fcgavust ning loovad rahuliku ja hubase atmosf\u00e4\u00e4ri. Nore toaparf\u00fc\u00fcmid valmivad k\u00e4sit\u00f6\u00f6na looduslikust baasainest ning k\u00f5rgekvaliteedilistest aroomi\u00f5lidest.","_links":{"self":[{"href":"https:\/\/www.nore.ee\/en\/wp-json\/wp\/v2\/product\/20961","targetHints":{"allow":["GET"]}}],"collection":[{"href":"https:\/\/www.nore.ee\/en\/wp-json\/wp\/v2\/product"}],"about":[{"href":"https:\/\/www.nore.ee\/en\/wp-json\/wp\/v2\/types\/product"}],"wp:featuredmedia":[{"embeddable":true,"href":"https:\/\/www.nore.ee\/en\/wp-json\/wp\/v2\/media\/20962"}],"wp:attachment":[{"href":"https:\/\/www.nore.ee\/en\/wp-json\/wp\/v2\/media?parent=20961"}],"wp:term":[{"taxonomy":"product_brand","embeddable":true,"href":"https:\/\/www.nore.ee\/en\/wp-json\/wp\/v2\/product_brand?post=20961"},{"taxonomy":"product_cat","embeddable":true,"href":"https:\/\/www.nore.ee\/en\/wp-json\/wp\/v2\/product_cat?post=20961"},{"taxonomy":"product_tag","embeddable":true,"href":"https:\/\/www.nore.ee\/en\/wp-json\/wp\/v2\/product_tag?post=20961"}],"curies":[{"name":"wp","href":"https:\/\/api.w.org\/{rel}","templated":true}]}}