{"id":21022,"date":"2025-10-26T14:10:30","date_gmt":"2025-10-26T12:10:30","guid":{"rendered":"https:\/\/www.nore.ee\/?post_type=product&#038;p=21022"},"modified":"2026-03-31T19:36:03","modified_gmt":"2026-03-31T16:36:03","slug":"ahjuounapelsin-kuunal-220g","status":"publish","type":"product","link":"https:\/\/www.nore.ee\/en\/shop\/ahjuounapelsin-kuunal-220g\/","title":{"rendered":"Baked apple\u2022orange candle 220g"},"content":{"rendered":"<p><span style=\"font-weight: 400;\"><strong>Approximate burning time<\/strong> 50 hours<\/span><\/p>\n<p><span style=\"font-weight: 400;\">Care instructions: <\/span><span style=\"font-weight: 400;\">Always allow candle to melt to the edges of the vessel,  this ensures even melting of the candle. To extinguish the candle, gently press the wick into the melted wax or use a candle extinguisher. Do not blow out the flame. Trim the wick to 5mm between every burn to avoid uneven burning of the candle, sooting and overheating of the candle vessel. Avoid burning for more than three hours at a time and never leave unattended or near flammable objects. Keep the candle out of reach from children and pets. <\/span><\/p>\n<p><span style=\"font-weight: 400;\">Enjoy your candle!<\/span><\/p>","protected":false},"excerpt":{"rendered":"<p>&nbsp;<\/p>\n<p><span class=\"a_GcMg font-feature-liga-off font-feature-clig-off font-feature-calt-off text-decoration-none text-strikethrough-none\">A delicate and juicy aroma that captures the charm of a winter evening! The scent blend brings together fresh orange and cinnamon-spiced baked apple.<\/span><\/p>\n<p><span style=\"font-weight: 400;\">Nore candles are handcrafted using the finest fragrance oils and high-quality plant-based coconut-rapeseed wax, that does not contain paraffin or synthetic additives. High coconut content in our wax blend extends the burning time and ensures clean burning of the candle.<\/span><\/p>","protected":false},"featured_media":20531,"template":"","meta":{"_acf_changed":false,"_crdt_document":"","_uag_custom_page_level_css":""},"product_brand":[],"product_cat":[114,94,82,31,116],"product_tag":[],"class_list":{"0":"post-21022","1":"product","2":"type-product","3":"status-publish","4":"has-post-thumbnail","6":"product_cat-220g","7":"product_cat-ahjuounapelsin","8":"product_cat-allahinnatud-tooted","9":"product_cat-kuunlad","10":"product_cat-talvekollektsioon","12":"first","13":"instock","14":"sale","15":"taxable","16":"shipping-taxable","17":"purchasable","18":"product-type-simple","20":"catalog-layout-default","21":"columns-xs-1"},"acf":[],"yoast_head":"<!-- This site is optimized with the Yoast SEO plugin v27.5 - https:\/\/yoast.com\/product\/yoast-seo-wordpress\/ -->\n<title>Ahju\u00f5un\u2022apelsin k\u00fc\u00fcnal 220g - NORE<\/title>\n<meta name=\"description\" content=\"H\u00f5rk ja mahlane aroom, mis toob esile talve\u00f5htu v\u00f5lu. L\u00f5hnakoosluses kohtuvad v\u00e4rske apelsin ja lahkelt kaneeline ahju\u00f5un. Nore k\u00fc\u00fcnlad valmivad k\u00e4sit\u00f6\u00f6na k\u00f5rgekvaliteedilistest aroomi\u00f5lidest ning 100% taimsest kookos-rapsivahast, mis ei sisalda parafiini ega s\u00fcnteetilisi lisandeid. K\u00f5rge kookose sisaldus k\u00fc\u00fcnlavahas pikendab p\u00f5lemisaega ning tagab k\u00fc\u00fcnla puhta p\u00f5lemise.\" \/>\n<meta name=\"robots\" content=\"index, follow, max-snippet:-1, max-image-preview:large, max-video-preview:-1\" \/>\n<link rel=\"canonical\" href=\"https:\/\/www.nore.ee\/en\/shop\/ahjuounapelsin-kuunal-220g\/\" \/>\n<meta property=\"og:locale\" content=\"en_US\" \/>\n<meta property=\"og:type\" content=\"article\" \/>\n<meta property=\"og:title\" content=\"Ahju\u00f5un\u2022apelsin k\u00fc\u00fcnal 220g - NORE\" \/>\n<meta property=\"og:description\" content=\"H\u00f5rk ja mahlane aroom, mis toob esile talve\u00f5htu v\u00f5lu. L\u00f5hnakoosluses kohtuvad v\u00e4rske apelsin ja lahkelt kaneeline ahju\u00f5un. Nore k\u00fc\u00fcnlad valmivad k\u00e4sit\u00f6\u00f6na k\u00f5rgekvaliteedilistest aroomi\u00f5lidest ning 100% taimsest kookos-rapsivahast, mis ei sisalda parafiini ega s\u00fcnteetilisi lisandeid. K\u00f5rge kookose sisaldus k\u00fc\u00fcnlavahas pikendab p\u00f5lemisaega ning tagab k\u00fc\u00fcnla puhta p\u00f5lemise.\" \/>\n<meta property=\"og:url\" content=\"https:\/\/www.nore.ee\/en\/shop\/ahjuounapelsin-kuunal-220g\/\" \/>\n<meta property=\"og:site_name\" content=\"NORE\" \/>\n<meta property=\"article:modified_time\" content=\"2026-03-31T16:36:03+00:00\" \/>\n<meta property=\"og:image\" content=\"https:\/\/www.nore.ee\/wp-content\/uploads\/2024\/10\/Nore_winter_0016-scaled.jpg\" \/>\n\t<meta property=\"og:image:width\" content=\"2104\" \/>\n\t<meta property=\"og:image:height\" content=\"2560\" \/>\n\t<meta property=\"og:image:type\" content=\"image\/jpeg\" \/>\n<meta name=\"twitter:card\" content=\"summary_large_image\" \/>\n<meta name=\"twitter:label1\" content=\"Est. reading time\" \/>\n\t<meta name=\"twitter:data1\" content=\"1 minute\" \/>\n<script type=\"application\/ld+json\" class=\"yoast-schema-graph\">{\"@context\":\"https:\\\/\\\/schema.org\",\"@graph\":[{\"@type\":\"WebPage\",\"@id\":\"https:\\\/\\\/www.nore.ee\\\/shop\\\/ahjuounapelsin-kuunal-220g\\\/\",\"url\":\"https:\\\/\\\/www.nore.ee\\\/shop\\\/ahjuounapelsin-kuunal-220g\\\/\",\"name\":\"Ahju\u00f5un\u2022apelsin k\u00fc\u00fcnal 220g - NORE\",\"isPartOf\":{\"@id\":\"https:\\\/\\\/www.nore.ee\\\/#website\"},\"primaryImageOfPage\":{\"@id\":\"https:\\\/\\\/www.nore.ee\\\/shop\\\/ahjuounapelsin-kuunal-220g\\\/#primaryimage\"},\"image\":{\"@id\":\"https:\\\/\\\/www.nore.ee\\\/shop\\\/ahjuounapelsin-kuunal-220g\\\/#primaryimage\"},\"thumbnailUrl\":\"https:\\\/\\\/www.nore.ee\\\/wp-content\\\/uploads\\\/2024\\\/10\\\/Nore_winter_0016-scaled.jpg\",\"datePublished\":\"2025-10-26T12:10:30+00:00\",\"dateModified\":\"2026-03-31T16:36:03+00:00\",\"description\":\"H\u00f5rk ja mahlane aroom, mis toob esile talve\u00f5htu v\u00f5lu. L\u00f5hnakoosluses kohtuvad v\u00e4rske apelsin ja lahkelt kaneeline ahju\u00f5un. Nore k\u00fc\u00fcnlad valmivad k\u00e4sit\u00f6\u00f6na k\u00f5rgekvaliteedilistest aroomi\u00f5lidest ning 100% taimsest kookos-rapsivahast, mis ei sisalda parafiini ega s\u00fcnteetilisi lisandeid. K\u00f5rge kookose sisaldus k\u00fc\u00fcnlavahas pikendab p\u00f5lemisaega ning tagab k\u00fc\u00fcnla puhta p\u00f5lemise.\",\"breadcrumb\":{\"@id\":\"https:\\\/\\\/www.nore.ee\\\/shop\\\/ahjuounapelsin-kuunal-220g\\\/#breadcrumb\"},\"inLanguage\":\"en-US\",\"potentialAction\":[{\"@type\":\"ReadAction\",\"target\":[\"https:\\\/\\\/www.nore.ee\\\/shop\\\/ahjuounapelsin-kuunal-220g\\\/\"]}]},{\"@type\":\"ImageObject\",\"inLanguage\":\"en-US\",\"@id\":\"https:\\\/\\\/www.nore.ee\\\/shop\\\/ahjuounapelsin-kuunal-220g\\\/#primaryimage\",\"url\":\"https:\\\/\\\/www.nore.ee\\\/wp-content\\\/uploads\\\/2024\\\/10\\\/Nore_winter_0016-scaled.jpg\",\"contentUrl\":\"https:\\\/\\\/www.nore.ee\\\/wp-content\\\/uploads\\\/2024\\\/10\\\/Nore_winter_0016-scaled.jpg\",\"width\":2104,\"height\":2560},{\"@type\":\"BreadcrumbList\",\"@id\":\"https:\\\/\\\/www.nore.ee\\\/shop\\\/ahjuounapelsin-kuunal-220g\\\/#breadcrumb\",\"itemListElement\":[{\"@type\":\"ListItem\",\"position\":1,\"name\":\"Home\",\"item\":\"https:\\\/\\\/www.nore.ee\\\/\"},{\"@type\":\"ListItem\",\"position\":2,\"name\":\"Tooted\",\"item\":\"https:\\\/\\\/www.nore.ee\\\/en\\\/shop\\\/\"},{\"@type\":\"ListItem\",\"position\":3,\"name\":\"Ahju\u00f5un\u2022apelsin k\u00fc\u00fcnal 220g\"}]},{\"@type\":\"WebSite\",\"@id\":\"https:\\\/\\\/www.nore.ee\\\/#website\",\"url\":\"https:\\\/\\\/www.nore.ee\\\/\",\"name\":\"NORE\",\"description\":\"Eriline l\u00f5hnaelamus sinu kodus!\",\"potentialAction\":[{\"@type\":\"SearchAction\",\"target\":{\"@type\":\"EntryPoint\",\"urlTemplate\":\"https:\\\/\\\/www.nore.ee\\\/?s={search_term_string}\"},\"query-input\":{\"@type\":\"PropertyValueSpecification\",\"valueRequired\":true,\"valueName\":\"search_term_string\"}}],\"inLanguage\":\"en-US\"}]}<\/script>\n<!-- \/ Yoast SEO plugin. -->","yoast_head_json":{"title":"Ahju\u00f5un\u2022apelsin k\u00fc\u00fcnal 220g - NORE","description":"H\u00f5rk ja mahlane aroom, mis toob esile talve\u00f5htu v\u00f5lu. L\u00f5hnakoosluses kohtuvad v\u00e4rske apelsin ja lahkelt kaneeline ahju\u00f5un. Nore k\u00fc\u00fcnlad valmivad k\u00e4sit\u00f6\u00f6na k\u00f5rgekvaliteedilistest aroomi\u00f5lidest ning 100% taimsest kookos-rapsivahast, mis ei sisalda parafiini ega s\u00fcnteetilisi lisandeid. K\u00f5rge kookose sisaldus k\u00fc\u00fcnlavahas pikendab p\u00f5lemisaega ning tagab k\u00fc\u00fcnla puhta p\u00f5lemise.","robots":{"index":"index","follow":"follow","max-snippet":"max-snippet:-1","max-image-preview":"max-image-preview:large","max-video-preview":"max-video-preview:-1"},"canonical":"https:\/\/www.nore.ee\/en\/shop\/ahjuounapelsin-kuunal-220g\/","og_locale":"en_US","og_type":"article","og_title":"Ahju\u00f5un\u2022apelsin k\u00fc\u00fcnal 220g - NORE","og_description":"H\u00f5rk ja mahlane aroom, mis toob esile talve\u00f5htu v\u00f5lu. L\u00f5hnakoosluses kohtuvad v\u00e4rske apelsin ja lahkelt kaneeline ahju\u00f5un. Nore k\u00fc\u00fcnlad valmivad k\u00e4sit\u00f6\u00f6na k\u00f5rgekvaliteedilistest aroomi\u00f5lidest ning 100% taimsest kookos-rapsivahast, mis ei sisalda parafiini ega s\u00fcnteetilisi lisandeid. K\u00f5rge kookose sisaldus k\u00fc\u00fcnlavahas pikendab p\u00f5lemisaega ning tagab k\u00fc\u00fcnla puhta p\u00f5lemise.","og_url":"https:\/\/www.nore.ee\/en\/shop\/ahjuounapelsin-kuunal-220g\/","og_site_name":"NORE","article_modified_time":"2026-03-31T16:36:03+00:00","og_image":[{"width":2104,"height":2560,"url":"https:\/\/www.nore.ee\/wp-content\/uploads\/2024\/10\/Nore_winter_0016-scaled.jpg","type":"image\/jpeg"}],"twitter_card":"summary_large_image","twitter_misc":{"Est. reading time":"1 minute"},"schema":{"@context":"https:\/\/schema.org","@graph":[{"@type":"WebPage","@id":"https:\/\/www.nore.ee\/shop\/ahjuounapelsin-kuunal-220g\/","url":"https:\/\/www.nore.ee\/shop\/ahjuounapelsin-kuunal-220g\/","name":"Ahju\u00f5un\u2022apelsin k\u00fc\u00fcnal 220g - NORE","isPartOf":{"@id":"https:\/\/www.nore.ee\/#website"},"primaryImageOfPage":{"@id":"https:\/\/www.nore.ee\/shop\/ahjuounapelsin-kuunal-220g\/#primaryimage"},"image":{"@id":"https:\/\/www.nore.ee\/shop\/ahjuounapelsin-kuunal-220g\/#primaryimage"},"thumbnailUrl":"https:\/\/www.nore.ee\/wp-content\/uploads\/2024\/10\/Nore_winter_0016-scaled.jpg","datePublished":"2025-10-26T12:10:30+00:00","dateModified":"2026-03-31T16:36:03+00:00","description":"H\u00f5rk ja mahlane aroom, mis toob esile talve\u00f5htu v\u00f5lu. L\u00f5hnakoosluses kohtuvad v\u00e4rske apelsin ja lahkelt kaneeline ahju\u00f5un. Nore k\u00fc\u00fcnlad valmivad k\u00e4sit\u00f6\u00f6na k\u00f5rgekvaliteedilistest aroomi\u00f5lidest ning 100% taimsest kookos-rapsivahast, mis ei sisalda parafiini ega s\u00fcnteetilisi lisandeid. K\u00f5rge kookose sisaldus k\u00fc\u00fcnlavahas pikendab p\u00f5lemisaega ning tagab k\u00fc\u00fcnla puhta p\u00f5lemise.","breadcrumb":{"@id":"https:\/\/www.nore.ee\/shop\/ahjuounapelsin-kuunal-220g\/#breadcrumb"},"inLanguage":"en-US","potentialAction":[{"@type":"ReadAction","target":["https:\/\/www.nore.ee\/shop\/ahjuounapelsin-kuunal-220g\/"]}]},{"@type":"ImageObject","inLanguage":"en-US","@id":"https:\/\/www.nore.ee\/shop\/ahjuounapelsin-kuunal-220g\/#primaryimage","url":"https:\/\/www.nore.ee\/wp-content\/uploads\/2024\/10\/Nore_winter_0016-scaled.jpg","contentUrl":"https:\/\/www.nore.ee\/wp-content\/uploads\/2024\/10\/Nore_winter_0016-scaled.jpg","width":2104,"height":2560},{"@type":"BreadcrumbList","@id":"https:\/\/www.nore.ee\/shop\/ahjuounapelsin-kuunal-220g\/#breadcrumb","itemListElement":[{"@type":"ListItem","position":1,"name":"Home","item":"https:\/\/www.nore.ee\/"},{"@type":"ListItem","position":2,"name":"Tooted","item":"https:\/\/www.nore.ee\/en\/shop\/"},{"@type":"ListItem","position":3,"name":"Ahju\u00f5un\u2022apelsin k\u00fc\u00fcnal 220g"}]},{"@type":"WebSite","@id":"https:\/\/www.nore.ee\/#website","url":"https:\/\/www.nore.ee\/","name":"NORE","description":"Unique scent experience in your home!","potentialAction":[{"@type":"SearchAction","target":{"@type":"EntryPoint","urlTemplate":"https:\/\/www.nore.ee\/?s={search_term_string}"},"query-input":{"@type":"PropertyValueSpecification","valueRequired":true,"valueName":"search_term_string"}}],"inLanguage":"en-US"}]}},"uagb_featured_image_src":{"full":["https:\/\/www.nore.ee\/wp-content\/uploads\/2024\/10\/Nore_winter_0016-scaled.jpg",2104,2560,false],"thumbnail":["https:\/\/www.nore.ee\/wp-content\/uploads\/2024\/10\/Nore_winter_0016-150x150.jpg",150,150,true],"medium":["https:\/\/www.nore.ee\/wp-content\/uploads\/2024\/10\/Nore_winter_0016-247x300.jpg",247,300,true],"medium_large":["https:\/\/www.nore.ee\/wp-content\/uploads\/2024\/10\/Nore_winter_0016-768x934.jpg",768,934,true],"large":["https:\/\/www.nore.ee\/wp-content\/uploads\/2024\/10\/Nore_winter_0016-842x1024.jpg",842,1024,true],"1536x1536":["https:\/\/www.nore.ee\/wp-content\/uploads\/2024\/10\/Nore_winter_0016-1263x1536.jpg",1263,1536,true],"2048x2048":["https:\/\/www.nore.ee\/wp-content\/uploads\/2024\/10\/Nore_winter_0016-1683x2048.jpg",1683,2048,true],"trp-custom-language-flag":["https:\/\/www.nore.ee\/wp-content\/uploads\/2024\/10\/Nore_winter_0016-10x12.jpg",10,12,true],"blog-thumb-1":["https:\/\/www.nore.ee\/wp-content\/uploads\/2024\/10\/Nore_winter_0016-468x328.jpg",468,328,true],"blog-thumb-2":["https:\/\/www.nore.ee\/wp-content\/uploads\/2024\/10\/Nore_winter_0016-468x468.jpg",468,468,true],"blog-thumb-3":["https:\/\/www.nore.ee\/wp-content\/uploads\/2024\/10\/Nore_winter_0016-845x592.jpg",845,592,true],"blog-single-1":["https:\/\/www.nore.ee\/wp-content\/uploads\/2024\/10\/Nore_winter_0016-1482x635.jpg",1482,635,true],"portfolio-single-img-1":["https:\/\/www.nore.ee\/wp-content\/uploads\/2024\/10\/Nore_winter_0016-1612x1961.jpg",1612,1961,true],"portfolio-single-img-2":["https:\/\/www.nore.ee\/wp-content\/uploads\/2024\/10\/Nore_winter_0016-1116x1358.jpg",1116,1358,true],"portfolio-single-img-3":["https:\/\/www.nore.ee\/wp-content\/uploads\/2024\/10\/Nore_winter_0016-806x981.jpg",806,981,true],"portfolio-single-img-4":["https:\/\/www.nore.ee\/wp-content\/uploads\/2024\/10\/Nore_winter_0016-558x679.jpg",558,679,true],"portfolio-img-1":["https:\/\/www.nore.ee\/wp-content\/uploads\/2024\/10\/Nore_winter_0016-655x545.jpg",655,545,true],"portfolio-img-2":["https:\/\/www.nore.ee\/wp-content\/uploads\/2024\/10\/Nore_winter_0016-655x545.jpg",655,545,true],"portfolio-img-3":["https:\/\/www.nore.ee\/wp-content\/uploads\/2024\/10\/Nore_winter_0016-655x797.jpg",655,797,true],"shop-category-thumb":["https:\/\/www.nore.ee\/wp-content\/uploads\/2024\/10\/Nore_winter_0016-500x290.jpg",500,290,true],"woocommerce_thumbnail":["https:\/\/www.nore.ee\/wp-content\/uploads\/2024\/10\/Nore_winter_0016-550x700.jpg",550,700,true],"woocommerce_single":["https:\/\/www.nore.ee\/wp-content\/uploads\/2024\/10\/Nore_winter_0016-820x998.jpg",820,998,true],"woocommerce_gallery_thumbnail":["https:\/\/www.nore.ee\/wp-content\/uploads\/2024\/10\/Nore_winter_0016-220x220.jpg",220,220,true]},"uagb_author_info":{"display_name":"nore","author_link":"https:\/\/www.nore.ee\/en\/author\/"},"uagb_comment_info":0,"uagb_excerpt":"&nbsp; H\u00f5rk ja mahlane aroom, mis toob esile talve\u00f5htu v\u00f5lu. L\u00f5hnakoosluses kohtuvad v\u00e4rske apelsin ja lahkelt kaneeline ahju\u00f5un. Nore k\u00fc\u00fcnlad valmivad k\u00e4sit\u00f6\u00f6na k\u00f5rgekvaliteedilistest aroomi\u00f5lidest ning 100% taimsest kookos-rapsivahast, mis ei sisalda parafiini ega s\u00fcnteetilisi lisandeid. K\u00f5rge kookose sisaldus k\u00fc\u00fcnlavahas pikendab p\u00f5lemisaega ning tagab k\u00fc\u00fcnla puhta p\u00f5lemise.","_links":{"self":[{"href":"https:\/\/www.nore.ee\/en\/wp-json\/wp\/v2\/product\/21022","targetHints":{"allow":["GET"]}}],"collection":[{"href":"https:\/\/www.nore.ee\/en\/wp-json\/wp\/v2\/product"}],"about":[{"href":"https:\/\/www.nore.ee\/en\/wp-json\/wp\/v2\/types\/product"}],"wp:featuredmedia":[{"embeddable":true,"href":"https:\/\/www.nore.ee\/en\/wp-json\/wp\/v2\/media\/20531"}],"wp:attachment":[{"href":"https:\/\/www.nore.ee\/en\/wp-json\/wp\/v2\/media?parent=21022"}],"wp:term":[{"taxonomy":"product_brand","embeddable":true,"href":"https:\/\/www.nore.ee\/en\/wp-json\/wp\/v2\/product_brand?post=21022"},{"taxonomy":"product_cat","embeddable":true,"href":"https:\/\/www.nore.ee\/en\/wp-json\/wp\/v2\/product_cat?post=21022"},{"taxonomy":"product_tag","embeddable":true,"href":"https:\/\/www.nore.ee\/en\/wp-json\/wp\/v2\/product_tag?post=21022"}],"curies":[{"name":"wp","href":"https:\/\/api.w.org\/{rel}","templated":true}]}}