{"id":21039,"date":"2025-10-26T14:38:24","date_gmt":"2025-10-26T12:38:24","guid":{"rendered":"https:\/\/www.nore.ee\/?post_type=product&#038;p=21039"},"modified":"2026-03-31T19:25:53","modified_gmt":"2026-03-31T16:25:53","slug":"talvelohnade-komplekt","status":"publish","type":"product","link":"https:\/\/www.nore.ee\/en\/shop\/talvelohnade-komplekt\/","title":{"rendered":"Winter Fragrance Set"},"content":{"rendered":"<p><span style=\"font-weight: 400;\">Candle care: <\/span><span style=\"font-weight: 400;\">Always allow candle to melt to the edges of the vessel,  this ensures even melting of the candle. To extinguish the candle, gently press the wick into the melted wax or use a candle extinguisher. Do not blow out the flame. Trim the wick to 5mm between every burn to avoid uneven burning of the candle, sooting and overheating of the candle vessel. Avoid burning for more than three hours at a time and never leave unattended or near flammable objects. Keep the candle out of reach from children and pets. <\/span><\/p>\n<p><span style=\"font-weight: 400;\">Enjoy your candle!<\/span><\/p>","protected":false},"excerpt":{"rendered":"<p>&nbsp;<\/p>\n<p><span class=\"a_GcMg font-feature-liga-off font-feature-clig-off font-feature-calt-off text-decoration-none text-strikethrough-none\">The Nore Winter Collection is inspired by the magic of winter, the silence of snowy forests, the harmony of a slow-paced life, and the special moments we share with our loved ones.<\/span><\/p>\n<p>&nbsp;<\/p>\n<p class=\"cvGsUA direction-ltr align-justify para-style-body\"><span class=\"a_GcMg font-feature-liga-off font-feature-clig-off font-feature-calt-off text-decoration-none text-strikethrough-none\">Winter Fragrance Set contains:<\/span><\/p>\n<p><strong><span class=\"a_GcMg font-feature-liga-off font-feature-clig-off font-feature-calt-off text-decoration-none text-strikethrough-none\">Baked apple\u2022orange handcrafted coconut-rapeseed candle (220g) -<\/span><\/strong><span class=\"a_GcMg font-feature-liga-off font-feature-clig-off font-feature-calt-off text-decoration-none text-strikethrough-none\"> A delicate and juicy aroma that captures the charm of a winter evening! The scent blend brings together fresh orange and cinnamon-spiced baked apple.<\/span><\/p>\n<p><span class=\"a_GcMg font-feature-liga-off font-feature-clig-off font-feature-calt-off text-decoration-none text-strikethrough-none\"><strong>Winter forest handcrafted reed diffuser (100ml)<\/strong> &#8211; <\/span><span class=\"a_GcMg font-feature-liga-off font-feature-clig-off font-feature-calt-off text-decoration-none text-strikethrough-none\">Winter forest scent is inspired by a winter stroll in a forest as wide snowflakes fall from the sky, tree tops are covered by snow caps and the senses are captivated by the invigorating scent of nordic spruce.<\/span><\/p>\n<p>&nbsp;<\/p>\n<p><span style=\"font-weight: 400;\">Nore candles are handcrafted using the finest fragrance oils and high-quality plant-based coconut-rapeseed wax, that does not contain paraffin or synthetic additives. High coconut content in our wax blend extends the burning time and ensures clean burning of the candle. <\/span>Nore reed diffusers are handcrafted using carefully selected base oils and the finest fragrance oils.<\/p>","protected":false},"featured_media":21057,"template":"","meta":{"_acf_changed":false,"_crdt_document":"","_uag_custom_page_level_css":""},"product_brand":[],"product_cat":[82,60,116],"product_tag":[],"class_list":{"0":"post-21039","1":"product","2":"type-product","3":"status-publish","4":"has-post-thumbnail","6":"product_cat-allahinnatud-tooted","7":"product_cat-kingisoovitused","8":"product_cat-talvekollektsioon","10":"first","11":"instock","12":"sale","13":"taxable","14":"shipping-taxable","15":"purchasable","16":"product-type-simple","18":"catalog-layout-default","19":"columns-xs-1"},"acf":[],"yoast_head":"<!-- This site is optimized with the Yoast SEO plugin v27.5 - https:\/\/yoast.com\/product\/yoast-seo-wordpress\/ -->\n<title>Talvel\u00f5hnade komplekt - NORE<\/title>\n<meta name=\"description\" content=\"Nore talvekollektsioon on inspireeritud talvemaagiast, lumiste metsade vaikusest, aeglase eluviisi harmooniast ning erilistest hetkest, mida jagame koos oma l\u00e4hedastega.\" \/>\n<meta name=\"robots\" content=\"index, follow, max-snippet:-1, max-image-preview:large, max-video-preview:-1\" \/>\n<link rel=\"canonical\" href=\"https:\/\/www.nore.ee\/en\/shop\/talvelohnade-komplekt\/\" \/>\n<meta property=\"og:locale\" content=\"en_US\" \/>\n<meta property=\"og:type\" content=\"article\" \/>\n<meta property=\"og:title\" content=\"Talvel\u00f5hnade komplekt - NORE\" \/>\n<meta property=\"og:description\" content=\"Nore talvekollektsioon on inspireeritud talvemaagiast, lumiste metsade vaikusest, aeglase eluviisi harmooniast ning erilistest hetkest, mida jagame koos oma l\u00e4hedastega.\" \/>\n<meta property=\"og:url\" content=\"https:\/\/www.nore.ee\/en\/shop\/talvelohnade-komplekt\/\" \/>\n<meta property=\"og:site_name\" content=\"NORE\" \/>\n<meta property=\"article:modified_time\" content=\"2026-03-31T16:25:53+00:00\" \/>\n<meta property=\"og:image\" content=\"https:\/\/www.nore.ee\/wp-content\/uploads\/2025\/10\/DSC_4895-scaled.jpg\" \/>\n\t<meta property=\"og:image:width\" content=\"2048\" \/>\n\t<meta property=\"og:image:height\" content=\"2560\" \/>\n\t<meta property=\"og:image:type\" content=\"image\/jpeg\" \/>\n<meta name=\"twitter:card\" content=\"summary_large_image\" \/>\n<meta name=\"twitter:label1\" content=\"Est. reading time\" \/>\n\t<meta name=\"twitter:data1\" content=\"1 minute\" \/>\n<script type=\"application\/ld+json\" class=\"yoast-schema-graph\">{\"@context\":\"https:\\\/\\\/schema.org\",\"@graph\":[{\"@type\":\"WebPage\",\"@id\":\"https:\\\/\\\/www.nore.ee\\\/shop\\\/talvelohnade-komplekt\\\/\",\"url\":\"https:\\\/\\\/www.nore.ee\\\/shop\\\/talvelohnade-komplekt\\\/\",\"name\":\"Talvel\u00f5hnade komplekt - NORE\",\"isPartOf\":{\"@id\":\"https:\\\/\\\/www.nore.ee\\\/#website\"},\"primaryImageOfPage\":{\"@id\":\"https:\\\/\\\/www.nore.ee\\\/shop\\\/talvelohnade-komplekt\\\/#primaryimage\"},\"image\":{\"@id\":\"https:\\\/\\\/www.nore.ee\\\/shop\\\/talvelohnade-komplekt\\\/#primaryimage\"},\"thumbnailUrl\":\"https:\\\/\\\/www.nore.ee\\\/wp-content\\\/uploads\\\/2025\\\/10\\\/DSC_4895-scaled.jpg\",\"datePublished\":\"2025-10-26T12:38:24+00:00\",\"dateModified\":\"2026-03-31T16:25:53+00:00\",\"description\":\"Nore talvekollektsioon on inspireeritud talvemaagiast, lumiste metsade vaikusest, aeglase eluviisi harmooniast ning erilistest hetkest, mida jagame koos oma l\u00e4hedastega.\",\"breadcrumb\":{\"@id\":\"https:\\\/\\\/www.nore.ee\\\/shop\\\/talvelohnade-komplekt\\\/#breadcrumb\"},\"inLanguage\":\"en-US\",\"potentialAction\":[{\"@type\":\"ReadAction\",\"target\":[\"https:\\\/\\\/www.nore.ee\\\/shop\\\/talvelohnade-komplekt\\\/\"]}]},{\"@type\":\"ImageObject\",\"inLanguage\":\"en-US\",\"@id\":\"https:\\\/\\\/www.nore.ee\\\/shop\\\/talvelohnade-komplekt\\\/#primaryimage\",\"url\":\"https:\\\/\\\/www.nore.ee\\\/wp-content\\\/uploads\\\/2025\\\/10\\\/DSC_4895-scaled.jpg\",\"contentUrl\":\"https:\\\/\\\/www.nore.ee\\\/wp-content\\\/uploads\\\/2025\\\/10\\\/DSC_4895-scaled.jpg\",\"width\":2048,\"height\":2560},{\"@type\":\"BreadcrumbList\",\"@id\":\"https:\\\/\\\/www.nore.ee\\\/shop\\\/talvelohnade-komplekt\\\/#breadcrumb\",\"itemListElement\":[{\"@type\":\"ListItem\",\"position\":1,\"name\":\"Home\",\"item\":\"https:\\\/\\\/www.nore.ee\\\/\"},{\"@type\":\"ListItem\",\"position\":2,\"name\":\"Tooted\",\"item\":\"https:\\\/\\\/www.nore.ee\\\/en\\\/shop\\\/\"},{\"@type\":\"ListItem\",\"position\":3,\"name\":\"Talvel\u00f5hnade komplekt\"}]},{\"@type\":\"WebSite\",\"@id\":\"https:\\\/\\\/www.nore.ee\\\/#website\",\"url\":\"https:\\\/\\\/www.nore.ee\\\/\",\"name\":\"NORE\",\"description\":\"Eriline l\u00f5hnaelamus sinu kodus!\",\"potentialAction\":[{\"@type\":\"SearchAction\",\"target\":{\"@type\":\"EntryPoint\",\"urlTemplate\":\"https:\\\/\\\/www.nore.ee\\\/?s={search_term_string}\"},\"query-input\":{\"@type\":\"PropertyValueSpecification\",\"valueRequired\":true,\"valueName\":\"search_term_string\"}}],\"inLanguage\":\"en-US\"}]}<\/script>\n<!-- \/ Yoast SEO plugin. -->","yoast_head_json":{"title":"Talvel\u00f5hnade komplekt - NORE","description":"The Nore Winter Collection is inspired by the magic of winter, the silence of snowy forests, the harmony of a slow-paced life, and the special moments we share with our loved ones.","robots":{"index":"index","follow":"follow","max-snippet":"max-snippet:-1","max-image-preview":"max-image-preview:large","max-video-preview":"max-video-preview:-1"},"canonical":"https:\/\/www.nore.ee\/en\/shop\/talvelohnade-komplekt\/","og_locale":"en_US","og_type":"article","og_title":"Talvel\u00f5hnade komplekt - NORE","og_description":"Nore talvekollektsioon on inspireeritud talvemaagiast, lumiste metsade vaikusest, aeglase eluviisi harmooniast ning erilistest hetkest, mida jagame koos oma l\u00e4hedastega.","og_url":"https:\/\/www.nore.ee\/en\/shop\/talvelohnade-komplekt\/","og_site_name":"NORE","article_modified_time":"2026-03-31T16:25:53+00:00","og_image":[{"width":2048,"height":2560,"url":"https:\/\/www.nore.ee\/wp-content\/uploads\/2025\/10\/DSC_4895-scaled.jpg","type":"image\/jpeg"}],"twitter_card":"summary_large_image","twitter_misc":{"Est. reading time":"1 minute"},"schema":{"@context":"https:\/\/schema.org","@graph":[{"@type":"WebPage","@id":"https:\/\/www.nore.ee\/shop\/talvelohnade-komplekt\/","url":"https:\/\/www.nore.ee\/shop\/talvelohnade-komplekt\/","name":"Talvel\u00f5hnade komplekt - NORE","isPartOf":{"@id":"https:\/\/www.nore.ee\/#website"},"primaryImageOfPage":{"@id":"https:\/\/www.nore.ee\/shop\/talvelohnade-komplekt\/#primaryimage"},"image":{"@id":"https:\/\/www.nore.ee\/shop\/talvelohnade-komplekt\/#primaryimage"},"thumbnailUrl":"https:\/\/www.nore.ee\/wp-content\/uploads\/2025\/10\/DSC_4895-scaled.jpg","datePublished":"2025-10-26T12:38:24+00:00","dateModified":"2026-03-31T16:25:53+00:00","description":"The Nore Winter Collection is inspired by the magic of winter, the silence of snowy forests, the harmony of a slow-paced life, and the special moments we share with our loved ones.","breadcrumb":{"@id":"https:\/\/www.nore.ee\/shop\/talvelohnade-komplekt\/#breadcrumb"},"inLanguage":"en-US","potentialAction":[{"@type":"ReadAction","target":["https:\/\/www.nore.ee\/shop\/talvelohnade-komplekt\/"]}]},{"@type":"ImageObject","inLanguage":"en-US","@id":"https:\/\/www.nore.ee\/shop\/talvelohnade-komplekt\/#primaryimage","url":"https:\/\/www.nore.ee\/wp-content\/uploads\/2025\/10\/DSC_4895-scaled.jpg","contentUrl":"https:\/\/www.nore.ee\/wp-content\/uploads\/2025\/10\/DSC_4895-scaled.jpg","width":2048,"height":2560},{"@type":"BreadcrumbList","@id":"https:\/\/www.nore.ee\/shop\/talvelohnade-komplekt\/#breadcrumb","itemListElement":[{"@type":"ListItem","position":1,"name":"Home","item":"https:\/\/www.nore.ee\/"},{"@type":"ListItem","position":2,"name":"Tooted","item":"https:\/\/www.nore.ee\/en\/shop\/"},{"@type":"ListItem","position":3,"name":"Talvel\u00f5hnade komplekt"}]},{"@type":"WebSite","@id":"https:\/\/www.nore.ee\/#website","url":"https:\/\/www.nore.ee\/","name":"NORE","description":"Unique scent experience in your home!","potentialAction":[{"@type":"SearchAction","target":{"@type":"EntryPoint","urlTemplate":"https:\/\/www.nore.ee\/?s={search_term_string}"},"query-input":{"@type":"PropertyValueSpecification","valueRequired":true,"valueName":"search_term_string"}}],"inLanguage":"en-US"}]}},"uagb_featured_image_src":{"full":["https:\/\/www.nore.ee\/wp-content\/uploads\/2025\/10\/DSC_4895-scaled.jpg",2048,2560,false],"thumbnail":["https:\/\/www.nore.ee\/wp-content\/uploads\/2025\/10\/DSC_4895-150x150.jpg",150,150,true],"medium":["https:\/\/www.nore.ee\/wp-content\/uploads\/2025\/10\/DSC_4895-240x300.jpg",240,300,true],"medium_large":["https:\/\/www.nore.ee\/wp-content\/uploads\/2025\/10\/DSC_4895-768x960.jpg",768,960,true],"large":["https:\/\/www.nore.ee\/wp-content\/uploads\/2025\/10\/DSC_4895-819x1024.jpg",819,1024,true],"1536x1536":["https:\/\/www.nore.ee\/wp-content\/uploads\/2025\/10\/DSC_4895-1229x1536.jpg",1229,1536,true],"2048x2048":["https:\/\/www.nore.ee\/wp-content\/uploads\/2025\/10\/DSC_4895-1639x2048.jpg",1639,2048,true],"trp-custom-language-flag":["https:\/\/www.nore.ee\/wp-content\/uploads\/2025\/10\/DSC_4895-10x12.jpg",10,12,true],"blog-thumb-1":["https:\/\/www.nore.ee\/wp-content\/uploads\/2025\/10\/DSC_4895-468x328.jpg",468,328,true],"blog-thumb-2":["https:\/\/www.nore.ee\/wp-content\/uploads\/2025\/10\/DSC_4895-468x468.jpg",468,468,true],"blog-thumb-3":["https:\/\/www.nore.ee\/wp-content\/uploads\/2025\/10\/DSC_4895-845x592.jpg",845,592,true],"blog-single-1":["https:\/\/www.nore.ee\/wp-content\/uploads\/2025\/10\/DSC_4895-1482x635.jpg",1482,635,true],"portfolio-single-img-1":["https:\/\/www.nore.ee\/wp-content\/uploads\/2025\/10\/DSC_4895-1612x2015.jpg",1612,2015,true],"portfolio-single-img-2":["https:\/\/www.nore.ee\/wp-content\/uploads\/2025\/10\/DSC_4895-1116x1395.jpg",1116,1395,true],"portfolio-single-img-3":["https:\/\/www.nore.ee\/wp-content\/uploads\/2025\/10\/DSC_4895-806x1007.jpg",806,1007,true],"portfolio-single-img-4":["https:\/\/www.nore.ee\/wp-content\/uploads\/2025\/10\/DSC_4895-558x697.jpg",558,697,true],"portfolio-img-1":["https:\/\/www.nore.ee\/wp-content\/uploads\/2025\/10\/DSC_4895-655x545.jpg",655,545,true],"portfolio-img-2":["https:\/\/www.nore.ee\/wp-content\/uploads\/2025\/10\/DSC_4895-655x545.jpg",655,545,true],"portfolio-img-3":["https:\/\/www.nore.ee\/wp-content\/uploads\/2025\/10\/DSC_4895-655x819.jpg",655,819,true],"shop-category-thumb":["https:\/\/www.nore.ee\/wp-content\/uploads\/2025\/10\/DSC_4895-500x290.jpg",500,290,true],"woocommerce_thumbnail":["https:\/\/www.nore.ee\/wp-content\/uploads\/2025\/10\/DSC_4895-550x700.jpg",550,700,true],"woocommerce_single":["https:\/\/www.nore.ee\/wp-content\/uploads\/2025\/10\/DSC_4895-820x1025.jpg",820,1025,true],"woocommerce_gallery_thumbnail":["https:\/\/www.nore.ee\/wp-content\/uploads\/2025\/10\/DSC_4895-220x220.jpg",220,220,true]},"uagb_author_info":{"display_name":"nore","author_link":"https:\/\/www.nore.ee\/en\/author\/"},"uagb_comment_info":0,"uagb_excerpt":"&nbsp; Nore talvekollektsioon on inspireeritud talvemaagiast, lumiste metsade vaikusest, aeglase eluviisi harmooniast ning erilistest hetkest, mida jagame koos oma l\u00e4hedastega. &nbsp; Talvel\u00f5hnade komplekt sisaldab: Ahju\u00f5un\u2022apelsin kookos-rapsivahast k\u00e4sit\u00f6\u00f6k\u00fc\u00fcnal (220g) - H\u00f5rk ja mahlane aroom, mis toob esile talve\u00f5htu v\u00f5lu. L\u00f5hnakoosluses kohtuvad v\u00e4rske apelsin ja lahkelt kaneeline ahju\u00f5un. Talvine kuusemets k\u00e4sit\u00f6\u00f6na valminud kodul\u00f5hnastaja (100ml) - Inspireeritud talvisest&hellip;","_links":{"self":[{"href":"https:\/\/www.nore.ee\/en\/wp-json\/wp\/v2\/product\/21039","targetHints":{"allow":["GET"]}}],"collection":[{"href":"https:\/\/www.nore.ee\/en\/wp-json\/wp\/v2\/product"}],"about":[{"href":"https:\/\/www.nore.ee\/en\/wp-json\/wp\/v2\/types\/product"}],"wp:featuredmedia":[{"embeddable":true,"href":"https:\/\/www.nore.ee\/en\/wp-json\/wp\/v2\/media\/21057"}],"wp:attachment":[{"href":"https:\/\/www.nore.ee\/en\/wp-json\/wp\/v2\/media?parent=21039"}],"wp:term":[{"taxonomy":"product_brand","embeddable":true,"href":"https:\/\/www.nore.ee\/en\/wp-json\/wp\/v2\/product_brand?post=21039"},{"taxonomy":"product_cat","embeddable":true,"href":"https:\/\/www.nore.ee\/en\/wp-json\/wp\/v2\/product_cat?post=21039"},{"taxonomy":"product_tag","embeddable":true,"href":"https:\/\/www.nore.ee\/en\/wp-json\/wp\/v2\/product_tag?post=21039"}],"curies":[{"name":"wp","href":"https:\/\/api.w.org\/{rel}","templated":true}]}}