{"id":21288,"date":"2026-03-03T10:17:59","date_gmt":"2026-03-03T08:17:59","guid":{"rendered":"https:\/\/www.nore.ee\/?post_type=product&#038;p=21288"},"modified":"2026-04-07T16:09:52","modified_gmt":"2026-04-07T13:09:52","slug":"220g-kuunal-kinkekarbis","status":"publish","type":"product","link":"https:\/\/www.nore.ee\/en\/shop\/220g-kuunal-kinkekarbis\/","title":{"rendered":"220g k\u00fc\u00fcnal kinkekarbis"},"content":{"rendered":"<p><strong>Approximate burning time<\/strong> 50 hours<\/p>\n<p><strong>Net weight<\/strong>: 220g<\/p>\n<p><span style=\"font-weight: 400;\">Care instructions: <\/span><span style=\"font-weight: 400;\">Always allow candle to melt to the edges of the vessel,  this ensures even melting of the candle. To extinguish the candle, gently press the wick into the melted wax or use a candle extinguisher. Do not blow out the flame. Trim the wick to 5mm between every burn to avoid uneven burning of the candle, sooting and overheating of the candle vessel. Avoid burning for more than three hours at a time and never leave unattended or near flammable objects. Keep the candle out of reach from children and pets. <\/span><\/p>\n<p><span style=\"font-weight: 400;\">Enjoy your candle!<\/span><\/p>","protected":false},"excerpt":{"rendered":"<p>&nbsp;<\/p>\n<p>220g kookos-rapsivahast k\u00fc\u00fcnal, mis on pakendatud kaunisse tekstuurse viimistlusega kinkekarpi, mida kaunistab roosa kinkepael.<\/p>\n<p><span style=\"font-weight: 400;\">Nore candles are handcrafted using the finest fragrance oils and high-quality plant-based coconut-rapeseed wax, that does not contain paraffin or synthetic additives. High coconut content in our wax blend extends the burning time and ensures clean burning of the candle.<\/span><\/p>","protected":false},"featured_media":20692,"template":"","meta":{"_acf_changed":false,"_crdt_document":"","_uag_custom_page_level_css":""},"product_brand":[],"product_cat":[114,103,60,104,31,110,119,118],"product_tag":[],"class_list":{"0":"post-21288","1":"product","2":"type-product","3":"status-publish","4":"has-post-thumbnail","6":"product_cat-220g","7":"product_cat-jasmiiniirisnektariin","8":"product_cat-kingisoovitused","9":"product_cat-kookosvaniljemandel","10":"product_cat-kuunlad","11":"product_cat-pojengtuberoos","12":"product_cat-tonkatuberoosvalgemuskus","13":"product_cat-virsikploomrabarber","15":"first","16":"instock","17":"taxable","18":"shipping-taxable","19":"purchasable","20":"product-type-variable","22":"catalog-layout-default","23":"columns-xs-1"},"acf":[],"yoast_head":"<!-- This site is optimized with the Yoast SEO plugin v27.4 - https:\/\/yoast.com\/product\/yoast-seo-wordpress\/ -->\n<title>220g k\u00fc\u00fcnal kinkekarbis - NORE<\/title>\n<meta name=\"description\" content=\"Nore k\u00fc\u00fcnlad valmivad k\u00e4sit\u00f6\u00f6na k\u00f5rgekvaliteedilistest aroomi\u00f5lidest ning 100% taimsest kookos-rapsivahast, mis ei sisalda parafiini ega s\u00fcnteetilisi lisandeid. K\u00f5rge kookose sisaldus k\u00fc\u00fcnlavahas pikendab p\u00f5lemisaega ning tagab k\u00fc\u00fcnla puhta p\u00f5lemise.\" \/>\n<meta name=\"robots\" content=\"index, follow, max-snippet:-1, max-image-preview:large, max-video-preview:-1\" \/>\n<link rel=\"canonical\" href=\"https:\/\/www.nore.ee\/en\/shop\/220g-kuunal-kinkekarbis\/\" \/>\n<meta property=\"og:locale\" content=\"en_US\" \/>\n<meta property=\"og:type\" content=\"article\" \/>\n<meta property=\"og:title\" content=\"220g k\u00fc\u00fcnal kinkekarbis - NORE\" \/>\n<meta property=\"og:description\" content=\"Nore k\u00fc\u00fcnlad valmivad k\u00e4sit\u00f6\u00f6na k\u00f5rgekvaliteedilistest aroomi\u00f5lidest ning 100% taimsest kookos-rapsivahast, mis ei sisalda parafiini ega s\u00fcnteetilisi lisandeid. K\u00f5rge kookose sisaldus k\u00fc\u00fcnlavahas pikendab p\u00f5lemisaega ning tagab k\u00fc\u00fcnla puhta p\u00f5lemise.\" \/>\n<meta property=\"og:url\" content=\"https:\/\/www.nore.ee\/en\/shop\/220g-kuunal-kinkekarbis\/\" \/>\n<meta property=\"og:site_name\" content=\"NORE\" \/>\n<meta property=\"article:modified_time\" content=\"2026-04-07T13:09:52+00:00\" \/>\n<meta property=\"og:image\" content=\"https:\/\/www.nore.ee\/wp-content\/uploads\/2025\/01\/IMG_0047-scaled.jpg\" \/>\n\t<meta property=\"og:image:width\" content=\"2048\" \/>\n\t<meta property=\"og:image:height\" content=\"2560\" \/>\n\t<meta property=\"og:image:type\" content=\"image\/jpeg\" \/>\n<meta name=\"twitter:card\" content=\"summary_large_image\" \/>\n<meta name=\"twitter:label1\" content=\"Est. reading time\" \/>\n\t<meta name=\"twitter:data1\" content=\"1 minute\" \/>\n<script type=\"application\/ld+json\" class=\"yoast-schema-graph\">{\"@context\":\"https:\\\/\\\/schema.org\",\"@graph\":[{\"@type\":\"WebPage\",\"@id\":\"https:\\\/\\\/www.nore.ee\\\/shop\\\/220g-kuunal-kinkekarbis\\\/\",\"url\":\"https:\\\/\\\/www.nore.ee\\\/shop\\\/220g-kuunal-kinkekarbis\\\/\",\"name\":\"220g k\u00fc\u00fcnal kinkekarbis - NORE\",\"isPartOf\":{\"@id\":\"https:\\\/\\\/www.nore.ee\\\/#website\"},\"primaryImageOfPage\":{\"@id\":\"https:\\\/\\\/www.nore.ee\\\/shop\\\/220g-kuunal-kinkekarbis\\\/#primaryimage\"},\"image\":{\"@id\":\"https:\\\/\\\/www.nore.ee\\\/shop\\\/220g-kuunal-kinkekarbis\\\/#primaryimage\"},\"thumbnailUrl\":\"https:\\\/\\\/www.nore.ee\\\/wp-content\\\/uploads\\\/2025\\\/01\\\/IMG_0047-scaled.jpg\",\"datePublished\":\"2026-03-03T08:17:59+00:00\",\"dateModified\":\"2026-04-07T13:09:52+00:00\",\"description\":\"Nore k\u00fc\u00fcnlad valmivad k\u00e4sit\u00f6\u00f6na k\u00f5rgekvaliteedilistest aroomi\u00f5lidest ning 100% taimsest kookos-rapsivahast, mis ei sisalda parafiini ega s\u00fcnteetilisi lisandeid. K\u00f5rge kookose sisaldus k\u00fc\u00fcnlavahas pikendab p\u00f5lemisaega ning tagab k\u00fc\u00fcnla puhta p\u00f5lemise.\",\"breadcrumb\":{\"@id\":\"https:\\\/\\\/www.nore.ee\\\/shop\\\/220g-kuunal-kinkekarbis\\\/#breadcrumb\"},\"inLanguage\":\"en-US\",\"potentialAction\":[{\"@type\":\"ReadAction\",\"target\":[\"https:\\\/\\\/www.nore.ee\\\/shop\\\/220g-kuunal-kinkekarbis\\\/\"]}]},{\"@type\":\"ImageObject\",\"inLanguage\":\"en-US\",\"@id\":\"https:\\\/\\\/www.nore.ee\\\/shop\\\/220g-kuunal-kinkekarbis\\\/#primaryimage\",\"url\":\"https:\\\/\\\/www.nore.ee\\\/wp-content\\\/uploads\\\/2025\\\/01\\\/IMG_0047-scaled.jpg\",\"contentUrl\":\"https:\\\/\\\/www.nore.ee\\\/wp-content\\\/uploads\\\/2025\\\/01\\\/IMG_0047-scaled.jpg\",\"width\":2048,\"height\":2560},{\"@type\":\"BreadcrumbList\",\"@id\":\"https:\\\/\\\/www.nore.ee\\\/shop\\\/220g-kuunal-kinkekarbis\\\/#breadcrumb\",\"itemListElement\":[{\"@type\":\"ListItem\",\"position\":1,\"name\":\"Home\",\"item\":\"https:\\\/\\\/www.nore.ee\\\/\"},{\"@type\":\"ListItem\",\"position\":2,\"name\":\"Tooted\",\"item\":\"https:\\\/\\\/www.nore.ee\\\/en\\\/shop\\\/\"},{\"@type\":\"ListItem\",\"position\":3,\"name\":\"220g k\u00fc\u00fcnal kinkekarbis\"}]},{\"@type\":\"WebSite\",\"@id\":\"https:\\\/\\\/www.nore.ee\\\/#website\",\"url\":\"https:\\\/\\\/www.nore.ee\\\/\",\"name\":\"NORE\",\"description\":\"Eriline l\u00f5hnaelamus sinu kodus!\",\"potentialAction\":[{\"@type\":\"SearchAction\",\"target\":{\"@type\":\"EntryPoint\",\"urlTemplate\":\"https:\\\/\\\/www.nore.ee\\\/?s={search_term_string}\"},\"query-input\":{\"@type\":\"PropertyValueSpecification\",\"valueRequired\":true,\"valueName\":\"search_term_string\"}}],\"inLanguage\":\"en-US\"}]}<\/script>\n<!-- \/ Yoast SEO plugin. -->","yoast_head_json":{"title":"220g k\u00fc\u00fcnal kinkekarbis - NORE","description":"Nore candles are handcrafted using the finest fragrance oils and high-quality plant-based coconut-rapeseed wax, that does not contain paraffin or synthetic additives. High coconut content in our wax blend extends the burning time and ensures clean burning of the candle.","robots":{"index":"index","follow":"follow","max-snippet":"max-snippet:-1","max-image-preview":"max-image-preview:large","max-video-preview":"max-video-preview:-1"},"canonical":"https:\/\/www.nore.ee\/en\/shop\/220g-kuunal-kinkekarbis\/","og_locale":"en_US","og_type":"article","og_title":"220g k\u00fc\u00fcnal kinkekarbis - NORE","og_description":"Nore k\u00fc\u00fcnlad valmivad k\u00e4sit\u00f6\u00f6na k\u00f5rgekvaliteedilistest aroomi\u00f5lidest ning 100% taimsest kookos-rapsivahast, mis ei sisalda parafiini ega s\u00fcnteetilisi lisandeid. K\u00f5rge kookose sisaldus k\u00fc\u00fcnlavahas pikendab p\u00f5lemisaega ning tagab k\u00fc\u00fcnla puhta p\u00f5lemise.","og_url":"https:\/\/www.nore.ee\/en\/shop\/220g-kuunal-kinkekarbis\/","og_site_name":"NORE","article_modified_time":"2026-04-07T13:09:52+00:00","og_image":[{"width":2048,"height":2560,"url":"https:\/\/www.nore.ee\/wp-content\/uploads\/2025\/01\/IMG_0047-scaled.jpg","type":"image\/jpeg"}],"twitter_card":"summary_large_image","twitter_misc":{"Est. reading time":"1 minute"},"schema":{"@context":"https:\/\/schema.org","@graph":[{"@type":"WebPage","@id":"https:\/\/www.nore.ee\/shop\/220g-kuunal-kinkekarbis\/","url":"https:\/\/www.nore.ee\/shop\/220g-kuunal-kinkekarbis\/","name":"220g k\u00fc\u00fcnal kinkekarbis - NORE","isPartOf":{"@id":"https:\/\/www.nore.ee\/#website"},"primaryImageOfPage":{"@id":"https:\/\/www.nore.ee\/shop\/220g-kuunal-kinkekarbis\/#primaryimage"},"image":{"@id":"https:\/\/www.nore.ee\/shop\/220g-kuunal-kinkekarbis\/#primaryimage"},"thumbnailUrl":"https:\/\/www.nore.ee\/wp-content\/uploads\/2025\/01\/IMG_0047-scaled.jpg","datePublished":"2026-03-03T08:17:59+00:00","dateModified":"2026-04-07T13:09:52+00:00","description":"Nore candles are handcrafted using the finest fragrance oils and high-quality plant-based coconut-rapeseed wax, that does not contain paraffin or synthetic additives. High coconut content in our wax blend extends the burning time and ensures clean burning of the candle.","breadcrumb":{"@id":"https:\/\/www.nore.ee\/shop\/220g-kuunal-kinkekarbis\/#breadcrumb"},"inLanguage":"en-US","potentialAction":[{"@type":"ReadAction","target":["https:\/\/www.nore.ee\/shop\/220g-kuunal-kinkekarbis\/"]}]},{"@type":"ImageObject","inLanguage":"en-US","@id":"https:\/\/www.nore.ee\/shop\/220g-kuunal-kinkekarbis\/#primaryimage","url":"https:\/\/www.nore.ee\/wp-content\/uploads\/2025\/01\/IMG_0047-scaled.jpg","contentUrl":"https:\/\/www.nore.ee\/wp-content\/uploads\/2025\/01\/IMG_0047-scaled.jpg","width":2048,"height":2560},{"@type":"BreadcrumbList","@id":"https:\/\/www.nore.ee\/shop\/220g-kuunal-kinkekarbis\/#breadcrumb","itemListElement":[{"@type":"ListItem","position":1,"name":"Home","item":"https:\/\/www.nore.ee\/"},{"@type":"ListItem","position":2,"name":"Tooted","item":"https:\/\/www.nore.ee\/en\/shop\/"},{"@type":"ListItem","position":3,"name":"220g k\u00fc\u00fcnal kinkekarbis"}]},{"@type":"WebSite","@id":"https:\/\/www.nore.ee\/#website","url":"https:\/\/www.nore.ee\/","name":"NORE","description":"Unique scent experience in your home!","potentialAction":[{"@type":"SearchAction","target":{"@type":"EntryPoint","urlTemplate":"https:\/\/www.nore.ee\/?s={search_term_string}"},"query-input":{"@type":"PropertyValueSpecification","valueRequired":true,"valueName":"search_term_string"}}],"inLanguage":"en-US"}]}},"uagb_featured_image_src":{"full":["https:\/\/www.nore.ee\/wp-content\/uploads\/2025\/01\/IMG_0047-scaled.jpg",2048,2560,false],"thumbnail":["https:\/\/www.nore.ee\/wp-content\/uploads\/2025\/01\/IMG_0047-150x150.jpg",150,150,true],"medium":["https:\/\/www.nore.ee\/wp-content\/uploads\/2025\/01\/IMG_0047-240x300.jpg",240,300,true],"medium_large":["https:\/\/www.nore.ee\/wp-content\/uploads\/2025\/01\/IMG_0047-768x960.jpg",768,960,true],"large":["https:\/\/www.nore.ee\/wp-content\/uploads\/2025\/01\/IMG_0047-819x1024.jpg",819,1024,true],"1536x1536":["https:\/\/www.nore.ee\/wp-content\/uploads\/2025\/01\/IMG_0047-1229x1536.jpg",1229,1536,true],"2048x2048":["https:\/\/www.nore.ee\/wp-content\/uploads\/2025\/01\/IMG_0047-1638x2048.jpg",1638,2048,true],"trp-custom-language-flag":["https:\/\/www.nore.ee\/wp-content\/uploads\/2025\/01\/IMG_0047-10x12.jpg",10,12,true],"blog-thumb-1":["https:\/\/www.nore.ee\/wp-content\/uploads\/2025\/01\/IMG_0047-468x328.jpg",468,328,true],"blog-thumb-2":["https:\/\/www.nore.ee\/wp-content\/uploads\/2025\/01\/IMG_0047-468x468.jpg",468,468,true],"blog-thumb-3":["https:\/\/www.nore.ee\/wp-content\/uploads\/2025\/01\/IMG_0047-845x592.jpg",845,592,true],"blog-single-1":["https:\/\/www.nore.ee\/wp-content\/uploads\/2025\/01\/IMG_0047-1482x635.jpg",1482,635,true],"portfolio-single-img-1":["https:\/\/www.nore.ee\/wp-content\/uploads\/2025\/01\/IMG_0047-1612x2015.jpg",1612,2015,true],"portfolio-single-img-2":["https:\/\/www.nore.ee\/wp-content\/uploads\/2025\/01\/IMG_0047-1116x1395.jpg",1116,1395,true],"portfolio-single-img-3":["https:\/\/www.nore.ee\/wp-content\/uploads\/2025\/01\/IMG_0047-806x1007.jpg",806,1007,true],"portfolio-single-img-4":["https:\/\/www.nore.ee\/wp-content\/uploads\/2025\/01\/IMG_0047-558x697.jpg",558,697,true],"portfolio-img-1":["https:\/\/www.nore.ee\/wp-content\/uploads\/2025\/01\/IMG_0047-655x545.jpg",655,545,true],"portfolio-img-2":["https:\/\/www.nore.ee\/wp-content\/uploads\/2025\/01\/IMG_0047-655x545.jpg",655,545,true],"portfolio-img-3":["https:\/\/www.nore.ee\/wp-content\/uploads\/2025\/01\/IMG_0047-655x819.jpg",655,819,true],"shop-category-thumb":["https:\/\/www.nore.ee\/wp-content\/uploads\/2025\/01\/IMG_0047-500x290.jpg",500,290,true],"woocommerce_thumbnail":["https:\/\/www.nore.ee\/wp-content\/uploads\/2025\/01\/IMG_0047-550x700.jpg",550,700,true],"woocommerce_single":["https:\/\/www.nore.ee\/wp-content\/uploads\/2025\/01\/IMG_0047-820x1025.jpg",820,1025,true],"woocommerce_gallery_thumbnail":["https:\/\/www.nore.ee\/wp-content\/uploads\/2025\/01\/IMG_0047-220x220.jpg",220,220,true]},"uagb_author_info":{"display_name":"nore","author_link":"https:\/\/www.nore.ee\/en\/author\/"},"uagb_comment_info":0,"uagb_excerpt":"&nbsp; 220g kookos-rapsivahast k\u00fc\u00fcnal, mis on pakendatud kaunisse tekstuurse viimistlusega kinkekarpi, mida kaunistab roosa kinkepael. Nore k\u00fc\u00fcnlad valmivad k\u00e4sit\u00f6\u00f6na k\u00f5rgekvaliteedilistest aroomi\u00f5lidest ning 100% taimsest kookos-rapsivahast, mis ei sisalda parafiini ega s\u00fcnteetilisi lisandeid. K\u00f5rge kookose sisaldus k\u00fc\u00fcnlavahas pikendab p\u00f5lemisaega ning tagab k\u00fc\u00fcnla puhta p\u00f5lemise.","_links":{"self":[{"href":"https:\/\/www.nore.ee\/en\/wp-json\/wp\/v2\/product\/21288","targetHints":{"allow":["GET"]}}],"collection":[{"href":"https:\/\/www.nore.ee\/en\/wp-json\/wp\/v2\/product"}],"about":[{"href":"https:\/\/www.nore.ee\/en\/wp-json\/wp\/v2\/types\/product"}],"wp:featuredmedia":[{"embeddable":true,"href":"https:\/\/www.nore.ee\/en\/wp-json\/wp\/v2\/media\/20692"}],"wp:attachment":[{"href":"https:\/\/www.nore.ee\/en\/wp-json\/wp\/v2\/media?parent=21288"}],"wp:term":[{"taxonomy":"product_brand","embeddable":true,"href":"https:\/\/www.nore.ee\/en\/wp-json\/wp\/v2\/product_brand?post=21288"},{"taxonomy":"product_cat","embeddable":true,"href":"https:\/\/www.nore.ee\/en\/wp-json\/wp\/v2\/product_cat?post=21288"},{"taxonomy":"product_tag","embeddable":true,"href":"https:\/\/www.nore.ee\/en\/wp-json\/wp\/v2\/product_tag?post=21288"}],"curies":[{"name":"wp","href":"https:\/\/api.w.org\/{rel}","templated":true}]}}